{"id":2675,"date":"2021-07-08T10:47:29","date_gmt":"2021-07-08T10:47:29","guid":{"rendered":"https:\/\/urolaturismoa.eus\/cookien-politika\/"},"modified":"2024-03-05T12:36:59","modified_gmt":"2024-03-05T12:36:59","slug":"cookies-policy","status":"publish","type":"page","link":"https:\/\/urolaturismoa.eus\/fr\/cookies-policy\/","title":{"rendered":"Cookies Policy"},"content":{"rendered":"<div class=\"flex-1 overflow-hidden\">\n<div class=\"react-scroll-to-bottom--css-zrdiz-79elbk h-full\">\n<div class=\"react-scroll-to-bottom--css-zrdiz-1n7m0yu\">\n<div class=\"flex flex-col text-sm pb-9\">\n<div class=\"w-full text-token-text-primary\" data-testid=\"conversation-turn-6\">\n<div class=\"px-4 py-2 justify-center text-base md:gap-6 m-auto\">\n<div class=\"flex flex-1 text-base mx-auto gap-3 md:px-5 lg:px-1 xl:px-5 md:max-w-3xl lg:max-w-[40rem] xl:max-w-[48rem] group final-completion\">\n<div class=\"relative flex w-full flex-col agent-turn\">\n<div class=\"flex-col gap-1 md:gap-3\">\n<div class=\"flex flex-grow flex-col max-w-full\">\n<div class=\"min-h-[20px] text-message flex flex-col items-start gap-3 whitespace-pre-wrap break-words [.text-message+&amp;]:mt-5 overflow-x-auto\" data-message-author-role=\"assistant\" data-message-id=\"a293e3ed-bb7b-44fa-b844-1b14a34e567e\">\n<div class=\"markdown prose w-full break-words dark:prose-invert light\">\n<p>IRAURGI LANTZEN SA informe sur l&rsquo;utilisation des cookies sur son site web : <a href=\"http:\/\/www.iraurgiberritzen.eus\/\" target=\"_new\" rel=\"noopener\">www.iraurgiberritzen.eus<\/a><\/p>\n<p>1- D\u00c9FINITION ET FONCTION G\u00c9N\u00c9RIQUE DES COOKIES<\/p>\n<p>Qu&rsquo;est-ce que sont les cookies ?<\/p>\n<p>Ce site web utilise des cookies et\/ou des technologies similaires qui stockent et r\u00e9cup\u00e8rent des informations de ceux qui naviguent sur notre site. Un cookie est un petit fichier texte qui est stock\u00e9 dans le navigateur utilis\u00e9 et dont le but principal est de se souvenir de ceux qui ont d\u00e9j\u00e0 visit\u00e9 la page, de permettre ou de faciliter la navigation, de sauvegarder des informations sur leurs pr\u00e9f\u00e9rences, d&rsquo;analyser comment l&rsquo;utilisateur interagit ou mesure l&rsquo;utilisation des services fournis depuis le site web afin de les am\u00e9liorer. Parfois, ils peuvent \u00e9galement \u00eatre utilis\u00e9s pour afficher de la publicit\u00e9 en fonction des habitudes et du profil de navigation de l&rsquo;utilisateur.<\/p>\n<p>En g\u00e9n\u00e9ral, les cookies peuvent servir \u00e0 diverses fins, telles que la reconnaissance de l&rsquo;utilisateur, l&rsquo;obtention d&rsquo;informations sur les habitudes de navigation ou la personnalisation de la mani\u00e8re dont le contenu est affich\u00e9.<\/p>\n<p>Pourquoi les cookies ne sont-ils pas utilis\u00e9s sur ce site web ?<\/p>\n<p>Nous ne stockons pas d&rsquo;informations sensibles permettant une identification personnelle directe, telles que votre adresse, votre mot de passe, les donn\u00e9es de votre carte de cr\u00e9dit ou de d\u00e9bit, etc., dans les cookies que nous utilisons.<\/p>\n<p>Les utilisations sp\u00e9cifiques que nous faisons de ces technologies sont d\u00e9crites ci-dessous.<\/p>\n<p>2- INFORMATIONS SUR LE TYPE DE COOKIES UTILIS\u00c9ES ET LEUR FINALIT\u00c9<\/p>\n<p>Conform\u00e9ment aux dispositions de la loi sur les services de la soci\u00e9t\u00e9 de l&rsquo;information et du commerce \u00e9lectronique et aux directives \u00e9tablies par l&rsquo;Agence espagnole de protection des donn\u00e9es, nous vous informons dans la section suivante des cookies existants sur notre site web.<\/p>\n<p>3- IDENTIFICATION DE L&rsquo;UTILISATEUR DES COOKIES<\/p>\n<p>Selon qui utilise les cookies, ils peuvent \u00eatre propres ou de tiers.<\/p>\n<p>Propres : Ceux qui sont envoy\u00e9s \u00e0 l&rsquo;\u00e9quipement terminal de l&rsquo;utilisateur \u00e0 partir d&rsquo;un \u00e9quipement ou d&rsquo;un domaine g\u00e9r\u00e9 par l&rsquo;\u00e9diteur lui-m\u00eame et \u00e0 partir duquel le service demand\u00e9 par l&rsquo;utilisateur est fourni.<\/p>\n<p>De tiers : Ceux qui sont envoy\u00e9s \u00e0 l&rsquo;\u00e9quipement terminal de l&rsquo;utilisateur \u00e0 partir d&rsquo;un \u00e9quipement ou d&rsquo;un domaine qui n&rsquo;est pas g\u00e9r\u00e9 par l&rsquo;\u00e9diteur, mais par une autre entit\u00e9 qui traite les donn\u00e9es obtenues par le biais des cookies.<\/p>\n<p>4- TYPES DE COOKIES<\/p>\n<p>Cookies techniques : Permettent \u00e0 l&rsquo;utilisateur de naviguer sur un site web, une plateforme ou une application et d&rsquo;utiliser les diff\u00e9rentes options ou services disponibles, y compris la gestion et le fonctionnement du site web et l&rsquo;activation de ses fonctions et services, comme par exemple l&rsquo;identification de la session, l&rsquo;acc\u00e8s \u00e0 des parties \u00e0 acc\u00e8s restreint, le rappel des \u00e9l\u00e9ments qui composent une commande, la r\u00e9alisation du processus d&rsquo;achat d&rsquo;une commande, la gestion du paiement, etc. Le site web ne peut pas fonctionner correctement sans ces cookies, ils sont donc consid\u00e9r\u00e9s comme n\u00e9cessaires et ne n\u00e9cessitent pas votre consentement.<\/p>\n<p>Cookies de pr\u00e9f\u00e9rences ou de personnalisation : Permettent au site web de se souvenir d&rsquo;informations qui modifient le comportement ou l&rsquo;apparence de la page, afin que l&rsquo;utilisateur acc\u00e8de au service avec certaines caract\u00e9ristiques qui peuvent diff\u00e9rencier ses options d&rsquo;utilisation du site web de celles des autres utilisateurs, telles que la langue, le nombre de r\u00e9sultats \u00e0 afficher lorsqu&rsquo;un utilisateur effectue une recherche ou la r\u00e9gion dans laquelle se trouve l&rsquo;utilisateur. Si c&rsquo;est l&rsquo;utilisateur lui-m\u00eame qui choisit ces caract\u00e9ristiques, par exemple, en s\u00e9lectionnant le drapeau de la langue, cela est consid\u00e9r\u00e9 comme un service express\u00e9ment demand\u00e9 \u00e0 condition que les cookies servent exclusivement \u00e0 la finalit\u00e9 choisie de personnalisation. Comme dans le cas pr\u00e9c\u00e9dent, ces cookies ne n\u00e9cessitent pas votre consentement.<\/p>\n<p>Cookies d&rsquo;analyse ou de mesure : Ce sont ceux qui permettent de comprendre comment les visiteurs interagissent avec les pages web et ainsi de r\u00e9aliser une analyse statistique de l&rsquo;utilisation que les utilisateurs font des services fournis sur le site web. Les informations collect\u00e9es sont utilis\u00e9es pour mesurer l&rsquo;activit\u00e9 des sites web ou applications afin d&rsquo;introduire des am\u00e9liorations dans les produits et services offerts par le responsable.<\/p>\n<p>Cookies de marketing ou de publicit\u00e9 comportementale : Stockent des informations sur le comportement des utilisateurs obtenues par l&rsquo;observation continue de leurs habitudes de navigation, ce qui permet de d\u00e9velopper un profil sp\u00e9cifique pour afficher des annonces pertinentes et attrayantes pour l&rsquo;utilisateur individuel, et par cons\u00e9quent, plus pr\u00e9cieuses pour les annonceurs tiers.<\/p>\n<\/div>\n<\/div>\n<\/div>\n<\/div>\n<\/div>\n<\/div>\n<\/div>\n<\/div>\n<\/div>\n<\/div>\n<\/div>\n<\/div>\n","protected":false},"excerpt":{"rendered":"<p>IRAURGI LANTZEN SA informe sur l&rsquo;utilisation des cookies sur son site web : www.iraurgiberritzen.eus 1- D\u00c9FINITION ET FONCTION G\u00c9N\u00c9RIQUE DES COOKIES Qu&rsquo;est-ce que sont les cookies ? Ce site web utilise des cookies et\/ou des technologies similaires qui stockent et r\u00e9cup\u00e8rent des informations de ceux qui naviguent sur notre site. Un cookie est un petit [&hellip;]<\/p>\n","protected":false},"author":1,"featured_media":0,"parent":0,"menu_order":0,"comment_status":"closed","ping_status":"closed","template":"","meta":{"_acf_changed":false,"footnotes":""},"class_list":["post-2675","page","type-page","status-publish","hentry"],"acf":[],"yoast_head":"<!-- This site is optimized with the Yoast SEO plugin v26.7 - https:\/\/yoast.com\/wordpress\/plugins\/seo\/ -->\n<title>Cookies Policy | Urola Turismoa<\/title>\n<meta name=\"robots\" content=\"noindex, nofollow\" \/>\n<meta property=\"og:locale\" content=\"fr_FR\" \/>\n<meta property=\"og:type\" content=\"article\" \/>\n<meta property=\"og:title\" content=\"Cookies Policy | Urola Turismoa\" \/>\n<meta property=\"og:description\" content=\"IRAURGI LANTZEN SA informe sur l&rsquo;utilisation des cookies sur son site web : www.iraurgiberritzen.eus 1- D\u00c9FINITION ET FONCTION G\u00c9N\u00c9RIQUE DES COOKIES Qu&rsquo;est-ce que sont les cookies ? Ce site web utilise des cookies et\/ou des technologies similaires qui stockent et r\u00e9cup\u00e8rent des informations de ceux qui naviguent sur notre site. Un cookie est un petit [&hellip;]\" \/>\n<meta property=\"og:url\" content=\"https:\/\/urolaturismoa.eus\/fr\/cookies-policy\/\" \/>\n<meta property=\"og:site_name\" content=\"Urola Turismoa\" \/>\n<meta property=\"article:modified_time\" content=\"2024-03-05T12:36:59+00:00\" \/>\n<meta name=\"twitter:card\" content=\"summary_large_image\" \/>\n<meta name=\"twitter:label1\" content=\"Dur\u00e9e de lecture estim\u00e9e\" \/>\n\t<meta name=\"twitter:data1\" content=\"4 minutes\" \/>\n<script type=\"application\/ld+json\" class=\"yoast-schema-graph\">{\"@context\":\"https:\/\/schema.org\",\"@graph\":[{\"@type\":\"WebPage\",\"@id\":\"https:\/\/urolaturismoa.eus\/fr\/cookies-policy\/\",\"url\":\"https:\/\/urolaturismoa.eus\/fr\/cookies-policy\/\",\"name\":\"Cookies Policy | Urola Turismoa\",\"isPartOf\":{\"@id\":\"https:\/\/urolaturismoa.eus\/fr\/#website\"},\"datePublished\":\"2021-07-08T10:47:29+00:00\",\"dateModified\":\"2024-03-05T12:36:59+00:00\",\"breadcrumb\":{\"@id\":\"https:\/\/urolaturismoa.eus\/fr\/cookies-policy\/#breadcrumb\"},\"inLanguage\":\"fr-FR\",\"potentialAction\":[{\"@type\":\"ReadAction\",\"target\":[\"https:\/\/urolaturismoa.eus\/fr\/cookies-policy\/\"]}]},{\"@type\":\"BreadcrumbList\",\"@id\":\"https:\/\/urolaturismoa.eus\/fr\/cookies-policy\/#breadcrumb\",\"itemListElement\":[{\"@type\":\"ListItem\",\"position\":1,\"name\":\"Home\",\"item\":\"https:\/\/urolaturismoa.eus\/fr\/\"},{\"@type\":\"ListItem\",\"position\":2,\"name\":\"Cookies Policy\"}]},{\"@type\":\"WebSite\",\"@id\":\"https:\/\/urolaturismoa.eus\/fr\/#website\",\"url\":\"https:\/\/urolaturismoa.eus\/fr\/\",\"name\":\"Urola Turismoa\",\"description\":\"Basque Country\",\"potentialAction\":[{\"@type\":\"SearchAction\",\"target\":{\"@type\":\"EntryPoint\",\"urlTemplate\":\"https:\/\/urolaturismoa.eus\/fr\/?s={search_term_string}\"},\"query-input\":{\"@type\":\"PropertyValueSpecification\",\"valueRequired\":true,\"valueName\":\"search_term_string\"}}],\"inLanguage\":\"fr-FR\"}]}<\/script>\n<!-- \/ Yoast SEO plugin. -->","yoast_head_json":{"title":"Cookies Policy | Urola Turismoa","robots":{"index":"noindex","follow":"nofollow"},"og_locale":"fr_FR","og_type":"article","og_title":"Cookies Policy | Urola Turismoa","og_description":"IRAURGI LANTZEN SA informe sur l&rsquo;utilisation des cookies sur son site web : www.iraurgiberritzen.eus 1- D\u00c9FINITION ET FONCTION G\u00c9N\u00c9RIQUE DES COOKIES Qu&rsquo;est-ce que sont les cookies ? Ce site web utilise des cookies et\/ou des technologies similaires qui stockent et r\u00e9cup\u00e8rent des informations de ceux qui naviguent sur notre site. Un cookie est un petit [&hellip;]","og_url":"https:\/\/urolaturismoa.eus\/fr\/cookies-policy\/","og_site_name":"Urola Turismoa","article_modified_time":"2024-03-05T12:36:59+00:00","twitter_card":"summary_large_image","twitter_misc":{"Dur\u00e9e de lecture estim\u00e9e":"4 minutes"},"schema":{"@context":"https:\/\/schema.org","@graph":[{"@type":"WebPage","@id":"https:\/\/urolaturismoa.eus\/fr\/cookies-policy\/","url":"https:\/\/urolaturismoa.eus\/fr\/cookies-policy\/","name":"Cookies Policy | Urola Turismoa","isPartOf":{"@id":"https:\/\/urolaturismoa.eus\/fr\/#website"},"datePublished":"2021-07-08T10:47:29+00:00","dateModified":"2024-03-05T12:36:59+00:00","breadcrumb":{"@id":"https:\/\/urolaturismoa.eus\/fr\/cookies-policy\/#breadcrumb"},"inLanguage":"fr-FR","potentialAction":[{"@type":"ReadAction","target":["https:\/\/urolaturismoa.eus\/fr\/cookies-policy\/"]}]},{"@type":"BreadcrumbList","@id":"https:\/\/urolaturismoa.eus\/fr\/cookies-policy\/#breadcrumb","itemListElement":[{"@type":"ListItem","position":1,"name":"Home","item":"https:\/\/urolaturismoa.eus\/fr\/"},{"@type":"ListItem","position":2,"name":"Cookies Policy"}]},{"@type":"WebSite","@id":"https:\/\/urolaturismoa.eus\/fr\/#website","url":"https:\/\/urolaturismoa.eus\/fr\/","name":"Urola Turismoa","description":"Basque Country","potentialAction":[{"@type":"SearchAction","target":{"@type":"EntryPoint","urlTemplate":"https:\/\/urolaturismoa.eus\/fr\/?s={search_term_string}"},"query-input":{"@type":"PropertyValueSpecification","valueRequired":true,"valueName":"search_term_string"}}],"inLanguage":"fr-FR"}]}},"_links":{"self":[{"href":"https:\/\/urolaturismoa.eus\/fr\/wp-json\/wp\/v2\/pages\/2675","targetHints":{"allow":["GET"]}}],"collection":[{"href":"https:\/\/urolaturismoa.eus\/fr\/wp-json\/wp\/v2\/pages"}],"about":[{"href":"https:\/\/urolaturismoa.eus\/fr\/wp-json\/wp\/v2\/types\/page"}],"author":[{"embeddable":true,"href":"https:\/\/urolaturismoa.eus\/fr\/wp-json\/wp\/v2\/users\/1"}],"replies":[{"embeddable":true,"href":"https:\/\/urolaturismoa.eus\/fr\/wp-json\/wp\/v2\/comments?post=2675"}],"version-history":[{"count":4,"href":"https:\/\/urolaturismoa.eus\/fr\/wp-json\/wp\/v2\/pages\/2675\/revisions"}],"predecessor-version":[{"id":3863,"href":"https:\/\/urolaturismoa.eus\/fr\/wp-json\/wp\/v2\/pages\/2675\/revisions\/3863"}],"wp:attachment":[{"href":"https:\/\/urolaturismoa.eus\/fr\/wp-json\/wp\/v2\/media?parent=2675"}],"curies":[{"name":"wp","href":"https:\/\/api.w.org\/{rel}","templated":true}]}}