{"id":2666,"date":"2021-03-23T11:36:14","date_gmt":"2021-03-23T11:36:14","guid":{"rendered":"https:\/\/urolaturismoa.eus\/policy-privacy\/"},"modified":"2024-03-05T12:12:01","modified_gmt":"2024-03-05T12:12:01","slug":"privacy-policy","status":"publish","type":"page","link":"https:\/\/urolaturismoa.eus\/fr\/privacy-policy\/","title":{"rendered":"Politique de Confidentialit\u00e9"},"content":{"rendered":"<p><strong>QUI EST RESPONSABLE DU TRAITEMENT DE VOS DONN\u00c9ES ?<\/strong><\/p>\n<p>D\u00e9nomination : <strong>IRAURGI LANTZEN SA<\/strong><br \/>\nNIF : <strong>A20180485<\/strong><br \/>\nSi\u00e8ge social : <strong>Insausti Jauregia, Julio Urkijo Etorbidea 25, 20720 Azkoitia (Gipuzkoa)<\/strong><br \/>\nInscrite au <strong>Registre du commerce de Gipuzkoa, Feuille -SS 5208, Volume -1260, Section -8.<\/strong><br \/>\nT\u00e9l\u00e9phone : <strong>943851100<\/strong><br \/>\nAdresse \u00e9lectronique : <strong>info@iraurgiberritzen.eus<\/strong><\/p>\n<p><strong>\u00c0 QUELLE FIN TRAITONS-NOUS VOS DONN\u00c9ES PERSONNELLES ?<\/strong><\/p>\n<p>Conform\u00e9ment au R\u00e8glement (UE) 679\/2016 et \u00e0 la Loi organique 3\/2018 du 5 d\u00e9cembre sur la protection des donn\u00e9es personnelles et la garantie des droits num\u00e9riques, nous vous informons que les donn\u00e9es personnelles que vous nous fournissez ainsi que celles g\u00e9n\u00e9r\u00e9es lors du d\u00e9veloppement de la relation avec vous sont trait\u00e9es dans les buts suivants :<\/p>\n<ul>\n<li>R\u00e9pondre aux demandes que vous nous soumettez.<\/li>\n<li>Vous fournir des informations sur les services fournis par IRAURGI LANTZEN SA, en consentant ainsi \u00e0 l&rsquo;envoi de communications ou bulletins, par courrier \u00e9lectronique ou tout autre moyen de communication \u00e9lectronique \u00e9quivalent.<\/li>\n<li>La gestion de diff\u00e9rents programmes d&rsquo;insertion professionnelle (inscription, stockage de curriculum vitae, transfert de donn\u00e9es \u00e0 des entit\u00e9s participantes, etc., participation de la personne int\u00e9ress\u00e9e \u00e0 des processus de s\u00e9lection de personnel, de stages, de formation ou autres).<\/li>\n<li>La mise en \u0153uvre du plan de viabilit\u00e9 et d&rsquo;autres \u00e9tudes (d\u00e9finition du mod\u00e8le commercial, \u00e9tude de viabilit\u00e9 \u00e9conomique, etc.) li\u00e9es \u00e0 l&rsquo;initiative.<\/li>\n<li>Service de tutorat pour les initiatives r\u00e9cemment cr\u00e9\u00e9es ou celles qui le souhaitent.<\/li>\n<li>R\u00e9pondre aux demandes, r\u00e9clamations et suggestions, et effectuer toutes sortes d&rsquo;actions de communication.<\/li>\n<li>La gestion comptable, fiscale et administrative de l&rsquo;entit\u00e9.<\/li>\n<\/ul>\n<p><strong>PENDANT COMBIEN DE TEMPS CONSERVERONS-NOUS VOS DONN\u00c9ES ?<\/strong><\/p>\n<p>Les donn\u00e9es personnelles fournies seront conserv\u00e9es jusqu&rsquo;\u00e0 ce que leur suppression soit demand\u00e9e par la personne int\u00e9ress\u00e9e, ou par son repr\u00e9sentant l\u00e9gal agissant l\u00e9galement, et aussi longtemps qu&rsquo;elles seront n\u00e9cessaires &#8211; y compris la n\u00e9cessit\u00e9 de les conserver pendant les d\u00e9lais de prescription applicables ou pertinents &#8211; pour la finalit\u00e9 pour laquelle elles ont \u00e9t\u00e9 collect\u00e9es ou enregistr\u00e9es.<\/p>\n<p>La conservation des donn\u00e9es sera conditionn\u00e9e \u00e0 l&rsquo;obligation l\u00e9gale d&rsquo;IRAURGI LANTZEN SA de les conserver. Une fois ces d\u00e9lais d\u00e9pass\u00e9s, les donn\u00e9es seront d\u00e9truites ou supprim\u00e9es, avec une suppression, une \u00e9limination ou une destruction de mani\u00e8re \u00e0 ce que l&rsquo;information contenue dans les supports ne puisse pas \u00eatre r\u00e9cup\u00e9r\u00e9e.<\/p>\n<p><strong>L\u00c9GITIMATION<\/strong><\/p>\n<p>La base juridique du traitement de vos donn\u00e9es est le consentement donn\u00e9 par la personne int\u00e9ress\u00e9e. Celui-ci est obtenu de mani\u00e8re explicite et non \u00e9quivoque par le biais du remplissage et, le cas \u00e9ch\u00e9ant, de l&rsquo;envoi de documents et de formulaires &#8211; que ce soit sur support papier ou \u00e9lectronique &#8211; dans lesquels vos donn\u00e9es sont collect\u00e9es. Dans tous les documents de l&rsquo;entit\u00e9 utilis\u00e9s pour collecter des donn\u00e9es \u00e0 diff\u00e9rentes fins, des clauses informatives conformes \u00e0 la r\u00e9glementation sur la protection des donn\u00e9es sont pr\u00e9sentes, et le consentement est manifest\u00e9 de mani\u00e8re explicite par la signature de la personne int\u00e9ress\u00e9e, ou l&rsquo;envoi des formulaires disponibles sur le site web.<\/p>\n<p>Il est \u00e9galement une cause de l\u00e9gitimation que le traitement soit n\u00e9cessaire \u00e0 l&rsquo;ex\u00e9cution d&rsquo;un contrat ou \u00e0 la fourniture d&rsquo;un service aux personnes int\u00e9ress\u00e9es ou pour l&rsquo;application de mesures pr\u00e9contractuelles (Art. 6.1.a et b du RGPD).<\/p>\n<p>IRAURGI LANTZEN SA est \u00e9galement l\u00e9gitim\u00e9e \u00e0 traiter vos donn\u00e9es pour respecter les obligations l\u00e9gales auxquelles elle est soumise et pour la satisfaction d&rsquo;int\u00e9r\u00eats l\u00e9gitimes, \u00e0 condition que ces int\u00e9r\u00eats ne pr\u00e9valent pas sur les int\u00e9r\u00eats ou les droits fondamentaux des personnes int\u00e9ress\u00e9es.<\/p>\n<p>IRAURGI LANTZEN SA r\u00e9alise des traitements dans lesquels la cause de la l\u00e9gitimation est le d\u00e9veloppement de fonctions publiques.<\/p>\n<p><strong>\u00c0 QUELS DESTINATAIRES VOS DONN\u00c9ES SERONT-ELLES COMMUNIQU\u00c9ES ?<\/strong><\/p>\n<p>Vos donn\u00e9es ne seront pas c\u00e9d\u00e9es \u00e0 aucune entit\u00e9 sans votre consentement, sauf les cessions l\u00e9galement pr\u00e9vues, \u00e0 cet \u00e9gard, votre consentement expr\u00e8s sera demand\u00e9 pour la cession de vos donn\u00e9es \u00e0 toute autre entit\u00e9.<\/p>\n<p>En raison de la gestion des finalit\u00e9s autoris\u00e9es, vos donn\u00e9es peuvent \u00eatre communiqu\u00e9es \u00e0 des entit\u00e9s ou personnes directement li\u00e9es \u00e0 IRAURGI LANTZEN SA et aux services fournis par celle-ci. De m\u00eame, vos informations personnelles seront mises \u00e0 la disposition des administrations publiques, des juges et des tribunaux, pour la prise en charge des \u00e9ventuelles responsabilit\u00e9s d\u00e9coulant du traitement et \u00e0 condition que ces cessions soient couvertes par la loi.<\/p>\n<p>Vos donn\u00e9es peuvent \u00e9galement \u00eatre c\u00e9d\u00e9es \u00e0 des entreprises qui nous fournissent certains types de services de conseil, de maintenance informatique, de marketing, de formation ou d&rsquo;audit. Ces entit\u00e9s n&rsquo;ont acc\u00e8s qu&rsquo;aux informations personnelles n\u00e9cessaires \u00e0 la r\u00e9alisation de ces services, en les exigeant par le biais d&rsquo;un contrat de \u00ab\u00a0traitement de donn\u00e9es\u00a0\u00bb maintenant la confidentialit\u00e9, ne pouvant pas utiliser les informations \u00e0 d&rsquo;autres fins et prenant des mesures pour garantir leur int\u00e9grit\u00e9 et leur disponibilit\u00e9.<\/p>\n<p>Aucun transfert international de donn\u00e9es en dehors de l&rsquo;espace de l&rsquo;Union europ\u00e9enne ou \u00e0 des entit\u00e9s ne respectant pas les normes de protection des donn\u00e9es \u00e9tablies par le R\u00e8glement (UE) 679\/2016 n&rsquo;est pr\u00e9vu.<\/p>\n<p><strong>QUELLE EST L&rsquo;ORIGINE DE VOS DONN\u00c9ES ?<\/strong><\/p>\n<p>Les donn\u00e9es personnelles trait\u00e9es par IRAURGI LANTZEN SA sont fournies par la personne int\u00e9ress\u00e9e, une autre entit\u00e9 ou personne, ou obtenues \u00e0 partir de sources accessibles au public.<\/p>\n<p><strong>QUELLES CAT\u00c9GORIES DE DONN\u00c9ES IRAURGI LANTZEN SA TRAITE-T-ELLE ?<\/strong><\/p>\n<p>IRAURGI LANTZEN SA traitera les donn\u00e9es que vous fournissez, qui peuvent appartenir aux cat\u00e9gories suivantes :<\/p>\n<ul>\n<li>Donn\u00e9es d&rsquo;identification et de contact ;<\/li>\n<li>Donn\u00e9es acad\u00e9miques et professionnelles ;<\/li>\n<li>D\u00e9tails de l&#8217;emploi ;<\/li>\n<li>Donn\u00e9es \u00e9conomiques, financi\u00e8res et d&rsquo;assurance ;<\/li>\n<li>Informations commerciales.<\/li>\n<\/ul>\n<p><strong>QUELS SONT VOS DROITS ?<\/strong><\/p>\n<p>Toute personne a le droit d&rsquo;obtenir la confirmation que IRAURGI LANTZEN SA traite des donn\u00e9es personnelles la concernant, ou non.<\/p>\n<p>Les personnes int\u00e9ress\u00e9es ont le droit d&rsquo;acc\u00e9der \u00e0 leurs donn\u00e9es personnelles et d&rsquo;obtenir une copie des donn\u00e9es personnelles faisant l&rsquo;objet du traitement, de les mettre \u00e0 jour, ainsi que de demander la rectification des donn\u00e9es inexactes ou, le cas \u00e9ch\u00e9ant, de demander leur suppression lorsque, entre autres raisons, les donn\u00e9es ne sont plus n\u00e9cessaires aux fins pour lesquelles elles ont \u00e9t\u00e9 collect\u00e9es.<\/p>\n<p>Dans certaines circonstances et pour des raisons li\u00e9es \u00e0 leur situation particuli\u00e8re, les personnes concern\u00e9es peuvent s&rsquo;opposer au traitement de leurs donn\u00e9es. IRAURGI LANTZEN SA cessera de traiter les donn\u00e9es, sauf pour des motifs l\u00e9gitimes imp\u00e9rieux, ou l&rsquo;exercice ou la d\u00e9fense de r\u00e9clamations \u00e9ventuelles.<\/p>\n<p>\u00c9galement dans certaines circonstances, pr\u00e9vues \u00e0 l&rsquo;article 18 du RGPD, les personnes concern\u00e9es peuvent demander la limitation du traitement de leurs donn\u00e9es, auquel cas IRAURGI LANTZEN SA les traitera, \u00e0 l&rsquo;exception de leur conservation, avec le consentement de la personne concern\u00e9e ou pour la formulation, l&rsquo;exercice ou la d\u00e9fense de r\u00e9clamations, ou en vue de la protection des droits d&rsquo;une autre personne physique ou morale ou pour des raisons d&rsquo;int\u00e9r\u00eat public important de l&rsquo;Union ou d&rsquo;un \u00c9tat membre particulier.<\/p>\n<p>Dans le cas o\u00f9 le droit \u00e0 la suppression ou \u00e0 l&rsquo;opposition au traitement des donn\u00e9es personnelles dans l&rsquo;environnement en ligne est applicable, les personnes concern\u00e9es ont droit \u00e0 l&rsquo;oubli conform\u00e9ment \u00e0 la jurisprudence de la Cour de justice de l&rsquo;Union europ\u00e9enne.<\/p>\n<p>En vertu du droit \u00e0 la portabilit\u00e9, les personnes concern\u00e9es ont le droit d&rsquo;obtenir les donn\u00e9es personnelles les concernant dans un format structur\u00e9, couramment utilis\u00e9 et lisible par machine, et de les transmettre \u00e0 un autre responsable.<\/p>\n<p>Toute personne int\u00e9ress\u00e9e a le droit de ne pas faire l&rsquo;objet d&rsquo;une d\u00e9cision bas\u00e9e uniquement sur un traitement automatis\u00e9, y compris le profilage, produisant des effets juridiques \u00e0 son encontre ou l&rsquo;affectant de mani\u00e8re significative, sauf les exceptions pr\u00e9vues \u00e0 l&rsquo;article 22.1 du RGPD.<\/p>\n<p>La personne concern\u00e9e a le droit \u00e0 la suppression de ses donn\u00e9es, en raison de la disparition de la finalit\u00e9 qui a motiv\u00e9 le traitement ou la collecte, par r\u00e9vocation du consentement lorsque celui-ci l\u00e9gitime le traitement, ou pour le reste des raisons contenues \u00e0 l&rsquo;article 17 du RGPD. La suppression se fera par une suppression de haut niveau des donn\u00e9es stock\u00e9es dans des supports automatis\u00e9s et par la destruction physique des supports non automatis\u00e9s.<\/p>\n<p><strong>COMMENT EXERCER SES DROITS ?<\/strong><\/p>\n<p>Par le biais d&rsquo;une demande \u00e9crite, toujours accompagn\u00e9e d&rsquo;une copie de la carte d&rsquo;identit\u00e9 ou d&rsquo;un autre document prouvant l&rsquo;identit\u00e9 de la personne int\u00e9ress\u00e9e, adress\u00e9e aux adresses indiqu\u00e9es en en-t\u00eate.<\/p>\n<p><strong>QUELLES VOIES DE R\u00c9CLAMATION EXISTENT-ILS ?<\/strong><\/p>\n<p>Si vous estimez que vos droits n&rsquo;ont pas \u00e9t\u00e9 correctement pris en compte, vous avez le droit de d\u00e9poser une r\u00e9clamation aupr\u00e8s de l&rsquo;Agence espagnole de protection des donn\u00e9es, dont les coordonn\u00e9es sont les suivantes : T\u00e9l\u00e9phones : 901 100 099 \/ 912 663 517. Adresse postale : C\/ Jorge Juan, 6 Madrid.<\/p>\n","protected":false},"excerpt":{"rendered":"<p>QUI EST RESPONSABLE DU TRAITEMENT DE VOS DONN\u00c9ES ? D\u00e9nomination : IRAURGI LANTZEN SA NIF : A20180485 Si\u00e8ge social : Insausti Jauregia, Julio Urkijo Etorbidea 25, 20720 Azkoitia (Gipuzkoa) Inscrite au Registre du commerce de Gipuzkoa, Feuille -SS 5208, Volume -1260, Section -8. T\u00e9l\u00e9phone : 943851100 Adresse \u00e9lectronique : info@iraurgiberritzen.eus \u00c0 QUELLE FIN TRAITONS-NOUS VOS [&hellip;]<\/p>\n","protected":false},"author":1,"featured_media":0,"parent":0,"menu_order":0,"comment_status":"closed","ping_status":"closed","template":"","meta":{"_acf_changed":false,"footnotes":""},"class_list":["post-2666","page","type-page","status-publish","hentry"],"acf":[],"yoast_head":"<!-- This site is optimized with the Yoast SEO plugin v27.4 - https:\/\/yoast.com\/product\/yoast-seo-wordpress\/ -->\n<title>Politique de Confidentialit\u00e9 | Urola Turismoa<\/title>\n<meta name=\"robots\" content=\"noindex, nofollow\" \/>\n<meta property=\"og:locale\" content=\"fr_FR\" \/>\n<meta property=\"og:type\" content=\"article\" \/>\n<meta property=\"og:title\" content=\"Politique de Confidentialit\u00e9 | Urola Turismoa\" \/>\n<meta property=\"og:description\" content=\"QUI EST RESPONSABLE DU TRAITEMENT DE VOS DONN\u00c9ES ? D\u00e9nomination : IRAURGI LANTZEN SA NIF : A20180485 Si\u00e8ge social : Insausti Jauregia, Julio Urkijo Etorbidea 25, 20720 Azkoitia (Gipuzkoa) Inscrite au Registre du commerce de Gipuzkoa, Feuille -SS 5208, Volume -1260, Section -8. T\u00e9l\u00e9phone : 943851100 Adresse \u00e9lectronique : info@iraurgiberritzen.eus \u00c0 QUELLE FIN TRAITONS-NOUS VOS [&hellip;]\" \/>\n<meta property=\"og:url\" content=\"https:\/\/urolaturismoa.eus\/fr\/privacy-policy\/\" \/>\n<meta property=\"og:site_name\" content=\"Urola Turismoa\" \/>\n<meta property=\"article:modified_time\" content=\"2024-03-05T12:12:01+00:00\" \/>\n<meta name=\"twitter:card\" content=\"summary_large_image\" \/>\n<meta name=\"twitter:label1\" content=\"Dur\u00e9e de lecture estim\u00e9e\" \/>\n\t<meta name=\"twitter:data1\" content=\"8 minutes\" \/>\n<script type=\"application\/ld+json\" class=\"yoast-schema-graph\">{\"@context\":\"https:\\\/\\\/schema.org\",\"@graph\":[{\"@type\":\"WebPage\",\"@id\":\"https:\\\/\\\/urolaturismoa.eus\\\/fr\\\/privacy-policy\\\/\",\"url\":\"https:\\\/\\\/urolaturismoa.eus\\\/fr\\\/privacy-policy\\\/\",\"name\":\"Politique de Confidentialit\u00e9 | Urola Turismoa\",\"isPartOf\":{\"@id\":\"https:\\\/\\\/urolaturismoa.eus\\\/fr\\\/#website\"},\"datePublished\":\"2021-03-23T11:36:14+00:00\",\"dateModified\":\"2024-03-05T12:12:01+00:00\",\"breadcrumb\":{\"@id\":\"https:\\\/\\\/urolaturismoa.eus\\\/fr\\\/privacy-policy\\\/#breadcrumb\"},\"inLanguage\":\"fr-FR\",\"potentialAction\":[{\"@type\":\"ReadAction\",\"target\":[\"https:\\\/\\\/urolaturismoa.eus\\\/fr\\\/privacy-policy\\\/\"]}]},{\"@type\":\"BreadcrumbList\",\"@id\":\"https:\\\/\\\/urolaturismoa.eus\\\/fr\\\/privacy-policy\\\/#breadcrumb\",\"itemListElement\":[{\"@type\":\"ListItem\",\"position\":1,\"name\":\"Home\",\"item\":\"https:\\\/\\\/urolaturismoa.eus\\\/fr\\\/\"},{\"@type\":\"ListItem\",\"position\":2,\"name\":\"Politique de Confidentialit\u00e9\"}]},{\"@type\":\"WebSite\",\"@id\":\"https:\\\/\\\/urolaturismoa.eus\\\/fr\\\/#website\",\"url\":\"https:\\\/\\\/urolaturismoa.eus\\\/fr\\\/\",\"name\":\"Urola Turismoa\",\"description\":\"Basque Country\",\"potentialAction\":[{\"@type\":\"SearchAction\",\"target\":{\"@type\":\"EntryPoint\",\"urlTemplate\":\"https:\\\/\\\/urolaturismoa.eus\\\/fr\\\/?s={search_term_string}\"},\"query-input\":{\"@type\":\"PropertyValueSpecification\",\"valueRequired\":true,\"valueName\":\"search_term_string\"}}],\"inLanguage\":\"fr-FR\"}]}<\/script>\n<!-- \/ Yoast SEO plugin. -->","yoast_head_json":{"title":"Politique de Confidentialit\u00e9 | Urola Turismoa","robots":{"index":"noindex","follow":"nofollow"},"og_locale":"fr_FR","og_type":"article","og_title":"Politique de Confidentialit\u00e9 | Urola Turismoa","og_description":"QUI EST RESPONSABLE DU TRAITEMENT DE VOS DONN\u00c9ES ? D\u00e9nomination : IRAURGI LANTZEN SA NIF : A20180485 Si\u00e8ge social : Insausti Jauregia, Julio Urkijo Etorbidea 25, 20720 Azkoitia (Gipuzkoa) Inscrite au Registre du commerce de Gipuzkoa, Feuille -SS 5208, Volume -1260, Section -8. T\u00e9l\u00e9phone : 943851100 Adresse \u00e9lectronique : info@iraurgiberritzen.eus \u00c0 QUELLE FIN TRAITONS-NOUS VOS [&hellip;]","og_url":"https:\/\/urolaturismoa.eus\/fr\/privacy-policy\/","og_site_name":"Urola Turismoa","article_modified_time":"2024-03-05T12:12:01+00:00","twitter_card":"summary_large_image","twitter_misc":{"Dur\u00e9e de lecture estim\u00e9e":"8 minutes"},"schema":{"@context":"https:\/\/schema.org","@graph":[{"@type":"WebPage","@id":"https:\/\/urolaturismoa.eus\/fr\/privacy-policy\/","url":"https:\/\/urolaturismoa.eus\/fr\/privacy-policy\/","name":"Politique de Confidentialit\u00e9 | Urola Turismoa","isPartOf":{"@id":"https:\/\/urolaturismoa.eus\/fr\/#website"},"datePublished":"2021-03-23T11:36:14+00:00","dateModified":"2024-03-05T12:12:01+00:00","breadcrumb":{"@id":"https:\/\/urolaturismoa.eus\/fr\/privacy-policy\/#breadcrumb"},"inLanguage":"fr-FR","potentialAction":[{"@type":"ReadAction","target":["https:\/\/urolaturismoa.eus\/fr\/privacy-policy\/"]}]},{"@type":"BreadcrumbList","@id":"https:\/\/urolaturismoa.eus\/fr\/privacy-policy\/#breadcrumb","itemListElement":[{"@type":"ListItem","position":1,"name":"Home","item":"https:\/\/urolaturismoa.eus\/fr\/"},{"@type":"ListItem","position":2,"name":"Politique de Confidentialit\u00e9"}]},{"@type":"WebSite","@id":"https:\/\/urolaturismoa.eus\/fr\/#website","url":"https:\/\/urolaturismoa.eus\/fr\/","name":"Urola Turismoa","description":"Basque Country","potentialAction":[{"@type":"SearchAction","target":{"@type":"EntryPoint","urlTemplate":"https:\/\/urolaturismoa.eus\/fr\/?s={search_term_string}"},"query-input":{"@type":"PropertyValueSpecification","valueRequired":true,"valueName":"search_term_string"}}],"inLanguage":"fr-FR"}]}},"_links":{"self":[{"href":"https:\/\/urolaturismoa.eus\/fr\/wp-json\/wp\/v2\/pages\/2666","targetHints":{"allow":["GET"]}}],"collection":[{"href":"https:\/\/urolaturismoa.eus\/fr\/wp-json\/wp\/v2\/pages"}],"about":[{"href":"https:\/\/urolaturismoa.eus\/fr\/wp-json\/wp\/v2\/types\/page"}],"author":[{"embeddable":true,"href":"https:\/\/urolaturismoa.eus\/fr\/wp-json\/wp\/v2\/users\/1"}],"replies":[{"embeddable":true,"href":"https:\/\/urolaturismoa.eus\/fr\/wp-json\/wp\/v2\/comments?post=2666"}],"version-history":[{"count":5,"href":"https:\/\/urolaturismoa.eus\/fr\/wp-json\/wp\/v2\/pages\/2666\/revisions"}],"predecessor-version":[{"id":3858,"href":"https:\/\/urolaturismoa.eus\/fr\/wp-json\/wp\/v2\/pages\/2666\/revisions\/3858"}],"wp:attachment":[{"href":"https:\/\/urolaturismoa.eus\/fr\/wp-json\/wp\/v2\/media?parent=2666"}],"curies":[{"name":"wp","href":"https:\/\/api.w.org\/{rel}","templated":true}]}}