{"id":2662,"date":"2021-06-24T10:23:45","date_gmt":"2021-06-24T10:23:45","guid":{"rendered":"https:\/\/urolaturismoa.eus\/conditions-of-use\/"},"modified":"2024-03-05T12:44:34","modified_gmt":"2024-03-05T12:44:34","slug":"conditions-of-use","status":"publish","type":"page","link":"https:\/\/urolaturismoa.eus\/fr\/conditions-of-use\/","title":{"rendered":"Conditions d&rsquo;utilisation"},"content":{"rendered":"<div class=\"flex-1 overflow-hidden\">\n<div class=\"react-scroll-to-bottom--css-zrdiz-79elbk h-full\">\n<div class=\"react-scroll-to-bottom--css-zrdiz-1n7m0yu\">\n<div class=\"flex flex-col text-sm pb-9\">\n<div class=\"w-full text-token-text-primary\" data-testid=\"conversation-turn-4\">\n<div class=\"px-4 py-2 justify-center text-base md:gap-6 m-auto\">\n<div class=\"flex flex-1 text-base mx-auto gap-3 md:px-5 lg:px-1 xl:px-5 md:max-w-3xl lg:max-w-[40rem] xl:max-w-[48rem] group final-completion\">\n<div class=\"relative flex w-full flex-col agent-turn\">\n<div class=\"flex-col gap-1 md:gap-3\">\n<div class=\"flex flex-grow flex-col max-w-full\">\n<div class=\"min-h-[20px] text-message flex flex-col items-start gap-3 whitespace-pre-wrap break-words [.text-message+&amp;]:mt-5 overflow-x-auto\" data-message-author-role=\"assistant\" data-message-id=\"bc0c6dd1-0245-4897-b03f-04733bdb302a\">\n<div class=\"markdown prose w-full break-words dark:prose-invert light\">\n<p><strong>Responsibility Data<\/strong><\/p>\n<\/div>\n<\/div>\n<\/div>\n<div class=\"mt-1 flex justify-start gap-3 empty:hidden\">\n<div class=\"text-gray-400 flex self-end lg:self-center justify-center lg:justify-start mt-0 -ml-1 h-7 visible\">\n<p>Conform\u00e9ment \u00e0 l&rsquo;article 10 de la Loi 34\/2002 du 11 juillet sur les services de la soci\u00e9t\u00e9 de l&rsquo;information et du commerce \u00e9lectronique, les donn\u00e9es d&rsquo;identification du responsable sont pr\u00e9sent\u00e9es ci-dessous.<\/p>\n<ul>\n<li>Raison sociale : IRAURGI LANTZEN SA<\/li>\n<li>NIF : A20180485<\/li>\n<li>Si\u00e8ge social : Insausti Jauregia, Julio Urkijo Etorbidea 25, 20720 Azkoitia (Gipuzkoa)<\/li>\n<li>Inscrite au Registre du commerce de Gipuzkoa, Feuille -SS 5208, Volume -1260, Section -8.<\/li>\n<li>T\u00e9l\u00e9phone : 943851100<\/li>\n<li>Courriel : <a target=\"_new\" rel=\"noopener\">info@iraurgiberritzen.eus<\/a><\/li>\n<\/ul>\n<p><strong>Propri\u00e9t\u00e9 intellectuelle<\/strong><\/p>\n<p>Le code source, les conceptions graphiques, les images, les photographies, les sons, les animations, les logiciels, les textes, ainsi que les informations et les contenus recueillis sur ce site web sont prot\u00e9g\u00e9s par la l\u00e9gislation espagnole sur les droits de propri\u00e9t\u00e9 intellectuelle et industrielle en faveur d&rsquo;IRAURGI LANTZEN SA. La reproduction et\/ou la publication, totale ou partielle, du site web, son traitement informatique, sa distribution, sa diffusion, sa modification, transformation ou d\u00e9compilation, et d&rsquo;autres droits reconnus l\u00e9galement \u00e0 son propri\u00e9taire, ne sont pas autoris\u00e9es sans l&rsquo;autorisation pr\u00e9alable et \u00e9crite d&rsquo;IRAURGI LANTZEN SA.<\/p>\n<p>L&rsquo;utilisateur peut uniquement et exclusivement utiliser le mat\u00e9riel figurant sur ce site web \u00e0 des fins personnelles et priv\u00e9es, et son utilisation \u00e0 des fins commerciales ou pour des activit\u00e9s ill\u00e9gales est interdite. Tous les droits d\u00e9coulant de la propri\u00e9t\u00e9 intellectuelle sont express\u00e9ment r\u00e9serv\u00e9s par IRAURGI LANTZEN SA. IRAURGI LANTZEN SA veillera au respect des conditions susmentionn\u00e9es et \u00e0 l&rsquo;utilisation correcte du contenu pr\u00e9sent\u00e9 sur ses pages web, en exer\u00e7ant toutes les actions civiles et p\u00e9nales qui lui correspondent en cas d&rsquo;infraction ou de non-respect de ces droits par l&rsquo;utilisateur.<\/p>\n<p><strong>Protection des donn\u00e9es personnelles<\/strong><\/p>\n<p>Vous trouverez des informations d\u00e9taill\u00e9es sur le traitement de vos donn\u00e9es dans la section \u00ab\u00a0D\u00e9claration de confidentialit\u00e9 \u00e9tendue\u00a0\u00bb sur ce m\u00eame site web.<\/p>\n<p><strong>Divers<\/strong><\/p>\n<p>A. IRAURGI LANTZEN SA peut modifier, sans pr\u00e9avis, les informations contenues sur son site web, ainsi que sa configuration et sa pr\u00e9sentation.<\/p>\n<p>B. IRAURGI LANTZEN SA s&rsquo;engage \u00e0 NE PAS FAIRE DE PUBLICIT\u00c9 MENSONG\u00c8RE. \u00c0 ces fins, les erreurs formelles ou num\u00e9riques trouv\u00e9es dans le contenu des diff\u00e9rentes sections du site web d&rsquo;IRAURGI LANTZEN SA, r\u00e9sultant d&rsquo;une maintenance incompl\u00e8te ou d\u00e9fectueuse et\/ou d&rsquo;une mise \u00e0 jour de l&rsquo;information, ne seront pas consid\u00e9r\u00e9es comme une publicit\u00e9 mensong\u00e8re. IRAURGI LANTZEN SA s&rsquo;engage \u00e0 corriger ces erreurs d\u00e8s qu&rsquo;elle en a connaissance.<\/p>\n<p>C. IRAURGI LANTZEN SA s&rsquo;engage \u00e0 NE PAS ENVOYER DE COMMUNICATIONS COMMERCIALES SANS LES IDENTIFIER COMME TELLES, conform\u00e9ment \u00e0 la Loi 34\/2002 sur les services de la soci\u00e9t\u00e9 de l&rsquo;information et du commerce \u00e9lectronique. \u00c0 ces fins, toute information envoy\u00e9e aux personnes int\u00e9ress\u00e9es ne sera pas consid\u00e9r\u00e9e comme une communication commerciale si elle a pour but de maintenir la relation existante et d&rsquo;accomplir les t\u00e2ches d&rsquo;information et autres activit\u00e9s inh\u00e9rentes \u00e0 l&rsquo;entit\u00e9.<\/p>\n<p>D. IRAURGI LANTZEN SA n&rsquo;est pas responsable du non-respect par l&rsquo;utilisateur de toute r\u00e8gle applicable lors de l&rsquo;acc\u00e8s \u00e0 ce site web et\/ou de l&rsquo;utilisation des informations qu&rsquo;il contient.<\/p>\n<p>E. IRAURGI LANTZEN SA ne sera pas responsable des dommages pouvant r\u00e9sulter de l&rsquo;utilisation des informations, des mati\u00e8res contenues sur ce site web et des programmes qu&rsquo;il int\u00e8gre, quel que soit leur nature. Les liens et l&rsquo;hypertexte permettant \u00e0 l&rsquo;utilisateur d&rsquo;acc\u00e9der \u00e0 des services offerts par des tiers via le site web n&rsquo;appartiennent pas \u00e0 IRAURGI LANTZEN SA et ne sont pas sous son contr\u00f4le. L&rsquo;entit\u00e9 n&rsquo;est pas responsable des informations qu&rsquo;ils contiennent ni des effets qui pourraient d\u00e9couler de ces informations.<\/p>\n<p>F. IRAURGI LANTZEN SA n&rsquo;est pas responsable de l&rsquo;utilisation ill\u00e9gitime que des tiers peuvent faire des marques, noms de produit et marques commerciales qui, n&rsquo;appartenant pas \u00e0 l&rsquo;entit\u00e9, apparaissent sur ce site web. Elle ne prend pas non plus la responsabilit\u00e9 de l&rsquo;int\u00e9grit\u00e9, de l&rsquo;exactitude et de la l\u00e9galit\u00e9 du contenu des liens vers des sites web accessibles depuis ce site.<\/p>\n<p>G. En fin de compte, l&rsquo;utilisateur est seul responsable de l&rsquo;utilisation des services, contenus, liens et hypertexte inclus sur ce site web.<\/p>\n<\/div>\n<\/div>\n<\/div>\n<\/div>\n<\/div>\n<\/div>\n<\/div>\n<\/div>\n<\/div>\n<\/div>\n<\/div>\n","protected":false},"excerpt":{"rendered":"<p>Responsibility Data Conform\u00e9ment \u00e0 l&rsquo;article 10 de la Loi 34\/2002 du 11 juillet sur les services de la soci\u00e9t\u00e9 de l&rsquo;information et du commerce \u00e9lectronique, les donn\u00e9es d&rsquo;identification du responsable sont pr\u00e9sent\u00e9es ci-dessous. Raison sociale : IRAURGI LANTZEN SA NIF : A20180485 Si\u00e8ge social : Insausti Jauregia, Julio Urkijo Etorbidea 25, 20720 Azkoitia (Gipuzkoa) Inscrite [&hellip;]<\/p>\n","protected":false},"author":1,"featured_media":0,"parent":0,"menu_order":0,"comment_status":"closed","ping_status":"closed","template":"","meta":{"_acf_changed":false,"footnotes":""},"class_list":["post-2662","page","type-page","status-publish","hentry"],"acf":[],"yoast_head":"<!-- This site is optimized with the Yoast SEO plugin v26.7 - https:\/\/yoast.com\/wordpress\/plugins\/seo\/ -->\n<title>Conditions d&#039;utilisation | Urola Turismoa<\/title>\n<meta name=\"robots\" content=\"noindex, nofollow\" \/>\n<meta property=\"og:locale\" content=\"fr_FR\" \/>\n<meta property=\"og:type\" content=\"article\" \/>\n<meta property=\"og:title\" content=\"Conditions d&#039;utilisation | Urola Turismoa\" \/>\n<meta property=\"og:description\" content=\"Responsibility Data Conform\u00e9ment \u00e0 l&rsquo;article 10 de la Loi 34\/2002 du 11 juillet sur les services de la soci\u00e9t\u00e9 de l&rsquo;information et du commerce \u00e9lectronique, les donn\u00e9es d&rsquo;identification du responsable sont pr\u00e9sent\u00e9es ci-dessous. Raison sociale : IRAURGI LANTZEN SA NIF : A20180485 Si\u00e8ge social : Insausti Jauregia, Julio Urkijo Etorbidea 25, 20720 Azkoitia (Gipuzkoa) Inscrite [&hellip;]\" \/>\n<meta property=\"og:url\" content=\"https:\/\/urolaturismoa.eus\/fr\/conditions-of-use\/\" \/>\n<meta property=\"og:site_name\" content=\"Urola Turismoa\" \/>\n<meta property=\"article:modified_time\" content=\"2024-03-05T12:44:34+00:00\" \/>\n<meta name=\"twitter:card\" content=\"summary_large_image\" \/>\n<meta name=\"twitter:label1\" content=\"Dur\u00e9e de lecture estim\u00e9e\" \/>\n\t<meta name=\"twitter:data1\" content=\"4 minutes\" \/>\n<script type=\"application\/ld+json\" class=\"yoast-schema-graph\">{\"@context\":\"https:\/\/schema.org\",\"@graph\":[{\"@type\":\"WebPage\",\"@id\":\"https:\/\/urolaturismoa.eus\/fr\/conditions-of-use\/\",\"url\":\"https:\/\/urolaturismoa.eus\/fr\/conditions-of-use\/\",\"name\":\"Conditions d'utilisation | Urola Turismoa\",\"isPartOf\":{\"@id\":\"https:\/\/urolaturismoa.eus\/fr\/#website\"},\"datePublished\":\"2021-06-24T10:23:45+00:00\",\"dateModified\":\"2024-03-05T12:44:34+00:00\",\"breadcrumb\":{\"@id\":\"https:\/\/urolaturismoa.eus\/fr\/conditions-of-use\/#breadcrumb\"},\"inLanguage\":\"fr-FR\",\"potentialAction\":[{\"@type\":\"ReadAction\",\"target\":[\"https:\/\/urolaturismoa.eus\/fr\/conditions-of-use\/\"]}]},{\"@type\":\"BreadcrumbList\",\"@id\":\"https:\/\/urolaturismoa.eus\/fr\/conditions-of-use\/#breadcrumb\",\"itemListElement\":[{\"@type\":\"ListItem\",\"position\":1,\"name\":\"Home\",\"item\":\"https:\/\/urolaturismoa.eus\/fr\/\"},{\"@type\":\"ListItem\",\"position\":2,\"name\":\"Conditions d&#8217;utilisation\"}]},{\"@type\":\"WebSite\",\"@id\":\"https:\/\/urolaturismoa.eus\/fr\/#website\",\"url\":\"https:\/\/urolaturismoa.eus\/fr\/\",\"name\":\"Urola Turismoa\",\"description\":\"Basque Country\",\"potentialAction\":[{\"@type\":\"SearchAction\",\"target\":{\"@type\":\"EntryPoint\",\"urlTemplate\":\"https:\/\/urolaturismoa.eus\/fr\/?s={search_term_string}\"},\"query-input\":{\"@type\":\"PropertyValueSpecification\",\"valueRequired\":true,\"valueName\":\"search_term_string\"}}],\"inLanguage\":\"fr-FR\"}]}<\/script>\n<!-- \/ Yoast SEO plugin. -->","yoast_head_json":{"title":"Conditions d'utilisation | Urola Turismoa","robots":{"index":"noindex","follow":"nofollow"},"og_locale":"fr_FR","og_type":"article","og_title":"Conditions d'utilisation | Urola Turismoa","og_description":"Responsibility Data Conform\u00e9ment \u00e0 l&rsquo;article 10 de la Loi 34\/2002 du 11 juillet sur les services de la soci\u00e9t\u00e9 de l&rsquo;information et du commerce \u00e9lectronique, les donn\u00e9es d&rsquo;identification du responsable sont pr\u00e9sent\u00e9es ci-dessous. Raison sociale : IRAURGI LANTZEN SA NIF : A20180485 Si\u00e8ge social : Insausti Jauregia, Julio Urkijo Etorbidea 25, 20720 Azkoitia (Gipuzkoa) Inscrite [&hellip;]","og_url":"https:\/\/urolaturismoa.eus\/fr\/conditions-of-use\/","og_site_name":"Urola Turismoa","article_modified_time":"2024-03-05T12:44:34+00:00","twitter_card":"summary_large_image","twitter_misc":{"Dur\u00e9e de lecture estim\u00e9e":"4 minutes"},"schema":{"@context":"https:\/\/schema.org","@graph":[{"@type":"WebPage","@id":"https:\/\/urolaturismoa.eus\/fr\/conditions-of-use\/","url":"https:\/\/urolaturismoa.eus\/fr\/conditions-of-use\/","name":"Conditions d'utilisation | Urola Turismoa","isPartOf":{"@id":"https:\/\/urolaturismoa.eus\/fr\/#website"},"datePublished":"2021-06-24T10:23:45+00:00","dateModified":"2024-03-05T12:44:34+00:00","breadcrumb":{"@id":"https:\/\/urolaturismoa.eus\/fr\/conditions-of-use\/#breadcrumb"},"inLanguage":"fr-FR","potentialAction":[{"@type":"ReadAction","target":["https:\/\/urolaturismoa.eus\/fr\/conditions-of-use\/"]}]},{"@type":"BreadcrumbList","@id":"https:\/\/urolaturismoa.eus\/fr\/conditions-of-use\/#breadcrumb","itemListElement":[{"@type":"ListItem","position":1,"name":"Home","item":"https:\/\/urolaturismoa.eus\/fr\/"},{"@type":"ListItem","position":2,"name":"Conditions d&#8217;utilisation"}]},{"@type":"WebSite","@id":"https:\/\/urolaturismoa.eus\/fr\/#website","url":"https:\/\/urolaturismoa.eus\/fr\/","name":"Urola Turismoa","description":"Basque Country","potentialAction":[{"@type":"SearchAction","target":{"@type":"EntryPoint","urlTemplate":"https:\/\/urolaturismoa.eus\/fr\/?s={search_term_string}"},"query-input":{"@type":"PropertyValueSpecification","valueRequired":true,"valueName":"search_term_string"}}],"inLanguage":"fr-FR"}]}},"_links":{"self":[{"href":"https:\/\/urolaturismoa.eus\/fr\/wp-json\/wp\/v2\/pages\/2662","targetHints":{"allow":["GET"]}}],"collection":[{"href":"https:\/\/urolaturismoa.eus\/fr\/wp-json\/wp\/v2\/pages"}],"about":[{"href":"https:\/\/urolaturismoa.eus\/fr\/wp-json\/wp\/v2\/types\/page"}],"author":[{"embeddable":true,"href":"https:\/\/urolaturismoa.eus\/fr\/wp-json\/wp\/v2\/users\/1"}],"replies":[{"embeddable":true,"href":"https:\/\/urolaturismoa.eus\/fr\/wp-json\/wp\/v2\/comments?post=2662"}],"version-history":[{"count":4,"href":"https:\/\/urolaturismoa.eus\/fr\/wp-json\/wp\/v2\/pages\/2662\/revisions"}],"predecessor-version":[{"id":3866,"href":"https:\/\/urolaturismoa.eus\/fr\/wp-json\/wp\/v2\/pages\/2662\/revisions\/3866"}],"wp:attachment":[{"href":"https:\/\/urolaturismoa.eus\/fr\/wp-json\/wp\/v2\/media?parent=2662"}],"curies":[{"name":"wp","href":"https:\/\/api.w.org\/{rel}","templated":true}]}}