{"id":2550,"date":"2021-06-10T13:04:47","date_gmt":"2021-06-10T13:04:47","guid":{"rendered":"https:\/\/urolaturismoa.eus\/nature\/geoparkea\/"},"modified":"2021-07-06T09:21:59","modified_gmt":"2021-07-06T09:21:59","slug":"le-geoparc","status":"publish","type":"page","link":"https:\/\/urolaturismoa.eus\/fr\/nature\/le-geoparc\/","title":{"rendered":"Le G\u00e9oparc"},"content":{"rendered":"<p>Le G\u00e9oparc du Guip\u00fazcoa occidental englobe une falaise spectaculaire et offre un riche patrimoine g\u00e9ologique, paysager et culturel. La zone constitu\u00e9e par Zumaia, Deba et Mutriku fait partie du R\u00e9seau europ\u00e9en des G\u00e9oparcs. Le G\u00e9oparc de la C\u00f4te Basque est un tr\u00e9sor accumul\u00e9 au fil du temps et sculpt\u00e9 sous l\u2019influence de la mer, qui nous raconte des millions d\u2019ann\u00e9es d\u2019histoire \u00e9crite en couches rocheuses. La s\u00e9quence de couches de cette structure, connue sous le nom de flysch, est comme un livre ouvert sur quelque 60 millions d\u2019ann\u00e9es. On peut y voir la trace d\u2019\u00e9v\u00e9nements majeurs de l\u2019histoire de la Terre, c\u2019est pourquoi il est devenu une r\u00e9f\u00e9rence internationale du temps g\u00e9ologique.<\/p>\n<blockquote><p>Plus d&rsquo;infos : <a href=\"https:\/\/geoparkea.eus\/\" rel=\"noopener\" target=\"_blank\">www.geoparkea.eus<\/a><\/p><\/blockquote>\n","protected":false},"excerpt":{"rendered":"<p>Le G\u00e9oparc du Guip\u00fazcoa occidental englobe une falaise spectaculaire et offre un riche patrimoine g\u00e9ologique, paysager et culturel. La zone constitu\u00e9e par Zumaia, Deba et Mutriku fait partie du R\u00e9seau europ\u00e9en des G\u00e9oparcs. Le G\u00e9oparc de la C\u00f4te Basque est un tr\u00e9sor accumul\u00e9 au fil du temps et sculpt\u00e9 sous l\u2019influence de la mer, qui [&hellip;]<\/p>\n","protected":false},"author":1,"featured_media":2339,"parent":2507,"menu_order":7,"comment_status":"closed","ping_status":"closed","template":"template-gurasoa.php","meta":{"_acf_changed":false,"footnotes":""},"class_list":["post-2550","page","type-page","status-publish","has-post-thumbnail","hentry"],"acf":[],"yoast_head":"<!-- This site is optimized with the Yoast SEO plugin v27.4 - https:\/\/yoast.com\/product\/yoast-seo-wordpress\/ -->\n<title>Le G\u00e9oparc, Flysch une falaise spectaculaire | Guip\u00fazcoa | Urola Turismoa<\/title>\n<meta name=\"robots\" content=\"index, follow, max-snippet:-1, max-image-preview:large, max-video-preview:-1\" \/>\n<link rel=\"canonical\" href=\"https:\/\/urolaturismoa.eus\/fr\/nature\/le-geoparc\/\" \/>\n<meta property=\"og:locale\" content=\"fr_FR\" \/>\n<meta property=\"og:type\" content=\"article\" \/>\n<meta property=\"og:title\" content=\"Le G\u00e9oparc, Flysch une falaise spectaculaire | Guip\u00fazcoa | Urola Turismoa\" \/>\n<meta property=\"og:description\" content=\"Le G\u00e9oparc du Guip\u00fazcoa occidental englobe une falaise spectaculaire et offre un riche patrimoine g\u00e9ologique, paysager et culturel. La zone constitu\u00e9e par Zumaia, Deba et Mutriku fait partie du R\u00e9seau europ\u00e9en des G\u00e9oparcs. Le G\u00e9oparc de la C\u00f4te Basque est un tr\u00e9sor accumul\u00e9 au fil du temps et sculpt\u00e9 sous l\u2019influence de la mer, qui [&hellip;]\" \/>\n<meta property=\"og:url\" content=\"https:\/\/urolaturismoa.eus\/fr\/nature\/le-geoparc\/\" \/>\n<meta property=\"og:site_name\" content=\"Urola Turismoa\" \/>\n<meta property=\"article:modified_time\" content=\"2021-07-06T09:21:59+00:00\" \/>\n<meta property=\"og:image\" content=\"https:\/\/urolaturismoa.eus\/wp-content\/uploads\/2021\/06\/Zumaia-herriko-argazkia-2-urolaturismoa.jpg\" \/>\n\t<meta property=\"og:image:width\" content=\"2000\" \/>\n\t<meta property=\"og:image:height\" content=\"1333\" \/>\n\t<meta property=\"og:image:type\" content=\"image\/jpeg\" \/>\n<meta name=\"twitter:card\" content=\"summary_large_image\" \/>\n<meta name=\"twitter:label1\" content=\"Dur\u00e9e de lecture estim\u00e9e\" \/>\n\t<meta name=\"twitter:data1\" content=\"1 minute\" \/>\n<script type=\"application\/ld+json\" class=\"yoast-schema-graph\">{\"@context\":\"https:\\\/\\\/schema.org\",\"@graph\":[{\"@type\":\"WebPage\",\"@id\":\"https:\\\/\\\/urolaturismoa.eus\\\/fr\\\/nature\\\/le-geoparc\\\/\",\"url\":\"https:\\\/\\\/urolaturismoa.eus\\\/fr\\\/nature\\\/le-geoparc\\\/\",\"name\":\"Le G\u00e9oparc, Flysch une falaise spectaculaire | Guip\u00fazcoa | Urola Turismoa\",\"isPartOf\":{\"@id\":\"https:\\\/\\\/urolaturismoa.eus\\\/fr\\\/#website\"},\"primaryImageOfPage\":{\"@id\":\"https:\\\/\\\/urolaturismoa.eus\\\/fr\\\/nature\\\/le-geoparc\\\/#primaryimage\"},\"image\":{\"@id\":\"https:\\\/\\\/urolaturismoa.eus\\\/fr\\\/nature\\\/le-geoparc\\\/#primaryimage\"},\"thumbnailUrl\":\"https:\\\/\\\/urolaturismoa.eus\\\/wp-content\\\/uploads\\\/2021\\\/06\\\/Zumaia-herriko-argazkia-2-urolaturismoa.jpg\",\"datePublished\":\"2021-06-10T13:04:47+00:00\",\"dateModified\":\"2021-07-06T09:21:59+00:00\",\"breadcrumb\":{\"@id\":\"https:\\\/\\\/urolaturismoa.eus\\\/fr\\\/nature\\\/le-geoparc\\\/#breadcrumb\"},\"inLanguage\":\"fr-FR\",\"potentialAction\":[{\"@type\":\"ReadAction\",\"target\":[\"https:\\\/\\\/urolaturismoa.eus\\\/fr\\\/nature\\\/le-geoparc\\\/\"]}]},{\"@type\":\"ImageObject\",\"inLanguage\":\"fr-FR\",\"@id\":\"https:\\\/\\\/urolaturismoa.eus\\\/fr\\\/nature\\\/le-geoparc\\\/#primaryimage\",\"url\":\"https:\\\/\\\/urolaturismoa.eus\\\/wp-content\\\/uploads\\\/2021\\\/06\\\/Zumaia-herriko-argazkia-2-urolaturismoa.jpg\",\"contentUrl\":\"https:\\\/\\\/urolaturismoa.eus\\\/wp-content\\\/uploads\\\/2021\\\/06\\\/Zumaia-herriko-argazkia-2-urolaturismoa.jpg\",\"width\":2000,\"height\":1333},{\"@type\":\"BreadcrumbList\",\"@id\":\"https:\\\/\\\/urolaturismoa.eus\\\/fr\\\/nature\\\/le-geoparc\\\/#breadcrumb\",\"itemListElement\":[{\"@type\":\"ListItem\",\"position\":1,\"name\":\"Home\",\"item\":\"https:\\\/\\\/urolaturismoa.eus\\\/fr\\\/\"},{\"@type\":\"ListItem\",\"position\":2,\"name\":\"Nature\",\"item\":\"https:\\\/\\\/urolaturismoa.eus\\\/fr\\\/nature\\\/\"},{\"@type\":\"ListItem\",\"position\":3,\"name\":\"Le G\u00e9oparc\"}]},{\"@type\":\"WebSite\",\"@id\":\"https:\\\/\\\/urolaturismoa.eus\\\/fr\\\/#website\",\"url\":\"https:\\\/\\\/urolaturismoa.eus\\\/fr\\\/\",\"name\":\"Urola Turismoa\",\"description\":\"Basque Country\",\"potentialAction\":[{\"@type\":\"SearchAction\",\"target\":{\"@type\":\"EntryPoint\",\"urlTemplate\":\"https:\\\/\\\/urolaturismoa.eus\\\/fr\\\/?s={search_term_string}\"},\"query-input\":{\"@type\":\"PropertyValueSpecification\",\"valueRequired\":true,\"valueName\":\"search_term_string\"}}],\"inLanguage\":\"fr-FR\"}]}<\/script>\n<!-- \/ Yoast SEO plugin. -->","yoast_head_json":{"title":"Le G\u00e9oparc, Flysch une falaise spectaculaire | Guip\u00fazcoa | Urola Turismoa","robots":{"index":"index","follow":"follow","max-snippet":"max-snippet:-1","max-image-preview":"max-image-preview:large","max-video-preview":"max-video-preview:-1"},"canonical":"https:\/\/urolaturismoa.eus\/fr\/nature\/le-geoparc\/","og_locale":"fr_FR","og_type":"article","og_title":"Le G\u00e9oparc, Flysch une falaise spectaculaire | Guip\u00fazcoa | Urola Turismoa","og_description":"Le G\u00e9oparc du Guip\u00fazcoa occidental englobe une falaise spectaculaire et offre un riche patrimoine g\u00e9ologique, paysager et culturel. La zone constitu\u00e9e par Zumaia, Deba et Mutriku fait partie du R\u00e9seau europ\u00e9en des G\u00e9oparcs. Le G\u00e9oparc de la C\u00f4te Basque est un tr\u00e9sor accumul\u00e9 au fil du temps et sculpt\u00e9 sous l\u2019influence de la mer, qui [&hellip;]","og_url":"https:\/\/urolaturismoa.eus\/fr\/nature\/le-geoparc\/","og_site_name":"Urola Turismoa","article_modified_time":"2021-07-06T09:21:59+00:00","og_image":[{"width":2000,"height":1333,"url":"https:\/\/urolaturismoa.eus\/wp-content\/uploads\/2021\/06\/Zumaia-herriko-argazkia-2-urolaturismoa.jpg","type":"image\/jpeg"}],"twitter_card":"summary_large_image","twitter_misc":{"Dur\u00e9e de lecture estim\u00e9e":"1 minute"},"schema":{"@context":"https:\/\/schema.org","@graph":[{"@type":"WebPage","@id":"https:\/\/urolaturismoa.eus\/fr\/nature\/le-geoparc\/","url":"https:\/\/urolaturismoa.eus\/fr\/nature\/le-geoparc\/","name":"Le G\u00e9oparc, Flysch une falaise spectaculaire | Guip\u00fazcoa | Urola Turismoa","isPartOf":{"@id":"https:\/\/urolaturismoa.eus\/fr\/#website"},"primaryImageOfPage":{"@id":"https:\/\/urolaturismoa.eus\/fr\/nature\/le-geoparc\/#primaryimage"},"image":{"@id":"https:\/\/urolaturismoa.eus\/fr\/nature\/le-geoparc\/#primaryimage"},"thumbnailUrl":"https:\/\/urolaturismoa.eus\/wp-content\/uploads\/2021\/06\/Zumaia-herriko-argazkia-2-urolaturismoa.jpg","datePublished":"2021-06-10T13:04:47+00:00","dateModified":"2021-07-06T09:21:59+00:00","breadcrumb":{"@id":"https:\/\/urolaturismoa.eus\/fr\/nature\/le-geoparc\/#breadcrumb"},"inLanguage":"fr-FR","potentialAction":[{"@type":"ReadAction","target":["https:\/\/urolaturismoa.eus\/fr\/nature\/le-geoparc\/"]}]},{"@type":"ImageObject","inLanguage":"fr-FR","@id":"https:\/\/urolaturismoa.eus\/fr\/nature\/le-geoparc\/#primaryimage","url":"https:\/\/urolaturismoa.eus\/wp-content\/uploads\/2021\/06\/Zumaia-herriko-argazkia-2-urolaturismoa.jpg","contentUrl":"https:\/\/urolaturismoa.eus\/wp-content\/uploads\/2021\/06\/Zumaia-herriko-argazkia-2-urolaturismoa.jpg","width":2000,"height":1333},{"@type":"BreadcrumbList","@id":"https:\/\/urolaturismoa.eus\/fr\/nature\/le-geoparc\/#breadcrumb","itemListElement":[{"@type":"ListItem","position":1,"name":"Home","item":"https:\/\/urolaturismoa.eus\/fr\/"},{"@type":"ListItem","position":2,"name":"Nature","item":"https:\/\/urolaturismoa.eus\/fr\/nature\/"},{"@type":"ListItem","position":3,"name":"Le G\u00e9oparc"}]},{"@type":"WebSite","@id":"https:\/\/urolaturismoa.eus\/fr\/#website","url":"https:\/\/urolaturismoa.eus\/fr\/","name":"Urola Turismoa","description":"Basque Country","potentialAction":[{"@type":"SearchAction","target":{"@type":"EntryPoint","urlTemplate":"https:\/\/urolaturismoa.eus\/fr\/?s={search_term_string}"},"query-input":{"@type":"PropertyValueSpecification","valueRequired":true,"valueName":"search_term_string"}}],"inLanguage":"fr-FR"}]}},"_links":{"self":[{"href":"https:\/\/urolaturismoa.eus\/fr\/wp-json\/wp\/v2\/pages\/2550","targetHints":{"allow":["GET"]}}],"collection":[{"href":"https:\/\/urolaturismoa.eus\/fr\/wp-json\/wp\/v2\/pages"}],"about":[{"href":"https:\/\/urolaturismoa.eus\/fr\/wp-json\/wp\/v2\/types\/page"}],"author":[{"embeddable":true,"href":"https:\/\/urolaturismoa.eus\/fr\/wp-json\/wp\/v2\/users\/1"}],"replies":[{"embeddable":true,"href":"https:\/\/urolaturismoa.eus\/fr\/wp-json\/wp\/v2\/comments?post=2550"}],"version-history":[{"count":2,"href":"https:\/\/urolaturismoa.eus\/fr\/wp-json\/wp\/v2\/pages\/2550\/revisions"}],"predecessor-version":[{"id":2552,"href":"https:\/\/urolaturismoa.eus\/fr\/wp-json\/wp\/v2\/pages\/2550\/revisions\/2552"}],"up":[{"embeddable":true,"href":"https:\/\/urolaturismoa.eus\/fr\/wp-json\/wp\/v2\/pages\/2507"}],"wp:featuredmedia":[{"embeddable":true,"href":"https:\/\/urolaturismoa.eus\/fr\/wp-json\/wp\/v2\/media\/2339"}],"wp:attachment":[{"href":"https:\/\/urolaturismoa.eus\/fr\/wp-json\/wp\/v2\/media?parent=2550"}],"curies":[{"name":"wp","href":"https:\/\/api.w.org\/{rel}","templated":true}]}}