{"id":2543,"date":"2021-06-10T12:56:51","date_gmt":"2021-06-10T12:56:51","guid":{"rendered":"https:\/\/urolaturismoa.eus\/nature\/urolako-bide-berdea\/"},"modified":"2021-07-09T12:43:39","modified_gmt":"2021-07-09T12:43:39","slug":"le-chemin-vert-de-lurola","status":"publish","type":"page","link":"https:\/\/urolaturismoa.eus\/fr\/nature\/le-chemin-vert-de-lurola\/","title":{"rendered":"Le Chemin Vert de l\u2019Urola"},"content":{"rendered":"<p>Il s\u2019agit d\u2019un parcours agr\u00e9able adapt\u00e9 \u00e0 la fois aux pi\u00e9tons et aux cyclistes. Il d\u00e9marre sur le flanc de l\u2019Aizkorri et rejoint quasiment le golfe de Gascogne. Il prend le d\u00e9part au parc Mirandaola de Legazpi et les 37,5 kilom\u00e8tres se partagent entre piste cyclable et voie verte, formant un parcours avec plusieurs tunnels et ponts. Le chemin m\u00e8ne sans interruption au quartier d\u2019Iraeta, \u00e0 Zestoa. \u00c0 partir de l\u00e0 et sur 4 kilom\u00e8tres, l\u2019itin\u00e9raire est praticable seulement par route jusqu\u2019au quartier de Narrondo, \u00e0 Zumaia, o\u00f9 il est de nouveau am\u00e9nag\u00e9 pour les pi\u00e9tons et cyclistes. Les derniers kilom\u00e8tres nous conduisent \u00e0 l\u2019ancien quai de chargement et d\u00e9chargement de Zumaia qui marque la fin de cet itin\u00e9raire touristique. Il est ind\u00e9niable que cette ressource est excellente tant sur le plan de la mobilit\u00e9 que du tourisme.<\/p>\n<p><a class=\"pdf\" target=\"_blank\" href=\"https:\/\/urolaturismoa.eus\/wp-content\/uploads\/2021\/06\/Via-Verde-ING-FR.pdf\" rel=\"noopener\">T\u00e9l\u00e9charger la brochure<\/a><\/p>\n","protected":false},"excerpt":{"rendered":"<p>Il s\u2019agit d\u2019un parcours agr\u00e9able adapt\u00e9 \u00e0 la fois aux pi\u00e9tons et aux cyclistes. Il d\u00e9marre sur le flanc de l\u2019Aizkorri et rejoint quasiment le golfe de Gascogne. Il prend le d\u00e9part au parc Mirandaola de Legazpi et les 37,5 kilom\u00e8tres se partagent entre piste cyclable et voie verte, formant un parcours avec plusieurs tunnels [&hellip;]<\/p>\n","protected":false},"author":1,"featured_media":2545,"parent":2507,"menu_order":6,"comment_status":"closed","ping_status":"closed","template":"template-gurasoa.php","meta":{"_acf_changed":false,"footnotes":""},"class_list":["post-2543","page","type-page","status-publish","has-post-thumbnail","hentry"],"acf":[],"yoast_head":"<!-- This site is optimized with the Yoast SEO plugin v26.7 - https:\/\/yoast.com\/wordpress\/plugins\/seo\/ -->\n<title>Le Chemin Vert de l\u2019Urola, \u00e0 v\u00e9lo ou \u00e0 pied | Urola Turismoa<\/title>\n<meta name=\"robots\" content=\"index, follow, max-snippet:-1, max-image-preview:large, max-video-preview:-1\" \/>\n<link rel=\"canonical\" href=\"https:\/\/urolaturismoa.eus\/fr\/nature\/le-chemin-vert-de-lurola\/\" \/>\n<meta property=\"og:locale\" content=\"fr_FR\" \/>\n<meta property=\"og:type\" content=\"article\" \/>\n<meta property=\"og:title\" content=\"Le Chemin Vert de l\u2019Urola, \u00e0 v\u00e9lo ou \u00e0 pied | Urola Turismoa\" \/>\n<meta property=\"og:description\" content=\"Il s\u2019agit d\u2019un parcours agr\u00e9able adapt\u00e9 \u00e0 la fois aux pi\u00e9tons et aux cyclistes. Il d\u00e9marre sur le flanc de l\u2019Aizkorri et rejoint quasiment le golfe de Gascogne. Il prend le d\u00e9part au parc Mirandaola de Legazpi et les 37,5 kilom\u00e8tres se partagent entre piste cyclable et voie verte, formant un parcours avec plusieurs tunnels [&hellip;]\" \/>\n<meta property=\"og:url\" content=\"https:\/\/urolaturismoa.eus\/fr\/nature\/le-chemin-vert-de-lurola\/\" \/>\n<meta property=\"og:site_name\" content=\"Urola Turismoa\" \/>\n<meta property=\"article:modified_time\" content=\"2021-07-09T12:43:39+00:00\" \/>\n<meta property=\"og:image\" content=\"https:\/\/urolaturismoa.eus\/wp-content\/uploads\/2021\/06\/Via-Verde-del-urola-irudia-urolaturismoa.jpg\" \/>\n\t<meta property=\"og:image:width\" content=\"2047\" \/>\n\t<meta property=\"og:image:height\" content=\"1198\" \/>\n\t<meta property=\"og:image:type\" content=\"image\/jpeg\" \/>\n<meta name=\"twitter:card\" content=\"summary_large_image\" \/>\n<meta name=\"twitter:label1\" content=\"Dur\u00e9e de lecture estim\u00e9e\" \/>\n\t<meta name=\"twitter:data1\" content=\"1 minute\" \/>\n<script type=\"application\/ld+json\" class=\"yoast-schema-graph\">{\"@context\":\"https:\/\/schema.org\",\"@graph\":[{\"@type\":\"WebPage\",\"@id\":\"https:\/\/urolaturismoa.eus\/fr\/nature\/le-chemin-vert-de-lurola\/\",\"url\":\"https:\/\/urolaturismoa.eus\/fr\/nature\/le-chemin-vert-de-lurola\/\",\"name\":\"Le Chemin Vert de l\u2019Urola, \u00e0 v\u00e9lo ou \u00e0 pied | Urola Turismoa\",\"isPartOf\":{\"@id\":\"https:\/\/urolaturismoa.eus\/fr\/#website\"},\"primaryImageOfPage\":{\"@id\":\"https:\/\/urolaturismoa.eus\/fr\/nature\/le-chemin-vert-de-lurola\/#primaryimage\"},\"image\":{\"@id\":\"https:\/\/urolaturismoa.eus\/fr\/nature\/le-chemin-vert-de-lurola\/#primaryimage\"},\"thumbnailUrl\":\"https:\/\/urolaturismoa.eus\/wp-content\/uploads\/2021\/06\/Via-Verde-del-urola-irudia-urolaturismoa.jpg\",\"datePublished\":\"2021-06-10T12:56:51+00:00\",\"dateModified\":\"2021-07-09T12:43:39+00:00\",\"breadcrumb\":{\"@id\":\"https:\/\/urolaturismoa.eus\/fr\/nature\/le-chemin-vert-de-lurola\/#breadcrumb\"},\"inLanguage\":\"fr-FR\",\"potentialAction\":[{\"@type\":\"ReadAction\",\"target\":[\"https:\/\/urolaturismoa.eus\/fr\/nature\/le-chemin-vert-de-lurola\/\"]}]},{\"@type\":\"ImageObject\",\"inLanguage\":\"fr-FR\",\"@id\":\"https:\/\/urolaturismoa.eus\/fr\/nature\/le-chemin-vert-de-lurola\/#primaryimage\",\"url\":\"https:\/\/urolaturismoa.eus\/wp-content\/uploads\/2021\/06\/Via-Verde-del-urola-irudia-urolaturismoa.jpg\",\"contentUrl\":\"https:\/\/urolaturismoa.eus\/wp-content\/uploads\/2021\/06\/Via-Verde-del-urola-irudia-urolaturismoa.jpg\",\"width\":2047,\"height\":1198},{\"@type\":\"BreadcrumbList\",\"@id\":\"https:\/\/urolaturismoa.eus\/fr\/nature\/le-chemin-vert-de-lurola\/#breadcrumb\",\"itemListElement\":[{\"@type\":\"ListItem\",\"position\":1,\"name\":\"Home\",\"item\":\"https:\/\/urolaturismoa.eus\/fr\/\"},{\"@type\":\"ListItem\",\"position\":2,\"name\":\"Nature\",\"item\":\"https:\/\/urolaturismoa.eus\/fr\/nature\/\"},{\"@type\":\"ListItem\",\"position\":3,\"name\":\"Le Chemin Vert de l\u2019Urola\"}]},{\"@type\":\"WebSite\",\"@id\":\"https:\/\/urolaturismoa.eus\/fr\/#website\",\"url\":\"https:\/\/urolaturismoa.eus\/fr\/\",\"name\":\"Urola Turismoa\",\"description\":\"Basque Country\",\"potentialAction\":[{\"@type\":\"SearchAction\",\"target\":{\"@type\":\"EntryPoint\",\"urlTemplate\":\"https:\/\/urolaturismoa.eus\/fr\/?s={search_term_string}\"},\"query-input\":{\"@type\":\"PropertyValueSpecification\",\"valueRequired\":true,\"valueName\":\"search_term_string\"}}],\"inLanguage\":\"fr-FR\"}]}<\/script>\n<!-- \/ Yoast SEO plugin. -->","yoast_head_json":{"title":"Le Chemin Vert de l\u2019Urola, \u00e0 v\u00e9lo ou \u00e0 pied | Urola Turismoa","robots":{"index":"index","follow":"follow","max-snippet":"max-snippet:-1","max-image-preview":"max-image-preview:large","max-video-preview":"max-video-preview:-1"},"canonical":"https:\/\/urolaturismoa.eus\/fr\/nature\/le-chemin-vert-de-lurola\/","og_locale":"fr_FR","og_type":"article","og_title":"Le Chemin Vert de l\u2019Urola, \u00e0 v\u00e9lo ou \u00e0 pied | Urola Turismoa","og_description":"Il s\u2019agit d\u2019un parcours agr\u00e9able adapt\u00e9 \u00e0 la fois aux pi\u00e9tons et aux cyclistes. Il d\u00e9marre sur le flanc de l\u2019Aizkorri et rejoint quasiment le golfe de Gascogne. Il prend le d\u00e9part au parc Mirandaola de Legazpi et les 37,5 kilom\u00e8tres se partagent entre piste cyclable et voie verte, formant un parcours avec plusieurs tunnels [&hellip;]","og_url":"https:\/\/urolaturismoa.eus\/fr\/nature\/le-chemin-vert-de-lurola\/","og_site_name":"Urola Turismoa","article_modified_time":"2021-07-09T12:43:39+00:00","og_image":[{"width":2047,"height":1198,"url":"https:\/\/urolaturismoa.eus\/wp-content\/uploads\/2021\/06\/Via-Verde-del-urola-irudia-urolaturismoa.jpg","type":"image\/jpeg"}],"twitter_card":"summary_large_image","twitter_misc":{"Dur\u00e9e de lecture estim\u00e9e":"1 minute"},"schema":{"@context":"https:\/\/schema.org","@graph":[{"@type":"WebPage","@id":"https:\/\/urolaturismoa.eus\/fr\/nature\/le-chemin-vert-de-lurola\/","url":"https:\/\/urolaturismoa.eus\/fr\/nature\/le-chemin-vert-de-lurola\/","name":"Le Chemin Vert de l\u2019Urola, \u00e0 v\u00e9lo ou \u00e0 pied | Urola Turismoa","isPartOf":{"@id":"https:\/\/urolaturismoa.eus\/fr\/#website"},"primaryImageOfPage":{"@id":"https:\/\/urolaturismoa.eus\/fr\/nature\/le-chemin-vert-de-lurola\/#primaryimage"},"image":{"@id":"https:\/\/urolaturismoa.eus\/fr\/nature\/le-chemin-vert-de-lurola\/#primaryimage"},"thumbnailUrl":"https:\/\/urolaturismoa.eus\/wp-content\/uploads\/2021\/06\/Via-Verde-del-urola-irudia-urolaturismoa.jpg","datePublished":"2021-06-10T12:56:51+00:00","dateModified":"2021-07-09T12:43:39+00:00","breadcrumb":{"@id":"https:\/\/urolaturismoa.eus\/fr\/nature\/le-chemin-vert-de-lurola\/#breadcrumb"},"inLanguage":"fr-FR","potentialAction":[{"@type":"ReadAction","target":["https:\/\/urolaturismoa.eus\/fr\/nature\/le-chemin-vert-de-lurola\/"]}]},{"@type":"ImageObject","inLanguage":"fr-FR","@id":"https:\/\/urolaturismoa.eus\/fr\/nature\/le-chemin-vert-de-lurola\/#primaryimage","url":"https:\/\/urolaturismoa.eus\/wp-content\/uploads\/2021\/06\/Via-Verde-del-urola-irudia-urolaturismoa.jpg","contentUrl":"https:\/\/urolaturismoa.eus\/wp-content\/uploads\/2021\/06\/Via-Verde-del-urola-irudia-urolaturismoa.jpg","width":2047,"height":1198},{"@type":"BreadcrumbList","@id":"https:\/\/urolaturismoa.eus\/fr\/nature\/le-chemin-vert-de-lurola\/#breadcrumb","itemListElement":[{"@type":"ListItem","position":1,"name":"Home","item":"https:\/\/urolaturismoa.eus\/fr\/"},{"@type":"ListItem","position":2,"name":"Nature","item":"https:\/\/urolaturismoa.eus\/fr\/nature\/"},{"@type":"ListItem","position":3,"name":"Le Chemin Vert de l\u2019Urola"}]},{"@type":"WebSite","@id":"https:\/\/urolaturismoa.eus\/fr\/#website","url":"https:\/\/urolaturismoa.eus\/fr\/","name":"Urola Turismoa","description":"Basque Country","potentialAction":[{"@type":"SearchAction","target":{"@type":"EntryPoint","urlTemplate":"https:\/\/urolaturismoa.eus\/fr\/?s={search_term_string}"},"query-input":{"@type":"PropertyValueSpecification","valueRequired":true,"valueName":"search_term_string"}}],"inLanguage":"fr-FR"}]}},"_links":{"self":[{"href":"https:\/\/urolaturismoa.eus\/fr\/wp-json\/wp\/v2\/pages\/2543","targetHints":{"allow":["GET"]}}],"collection":[{"href":"https:\/\/urolaturismoa.eus\/fr\/wp-json\/wp\/v2\/pages"}],"about":[{"href":"https:\/\/urolaturismoa.eus\/fr\/wp-json\/wp\/v2\/types\/page"}],"author":[{"embeddable":true,"href":"https:\/\/urolaturismoa.eus\/fr\/wp-json\/wp\/v2\/users\/1"}],"replies":[{"embeddable":true,"href":"https:\/\/urolaturismoa.eus\/fr\/wp-json\/wp\/v2\/comments?post=2543"}],"version-history":[{"count":3,"href":"https:\/\/urolaturismoa.eus\/fr\/wp-json\/wp\/v2\/pages\/2543\/revisions"}],"predecessor-version":[{"id":2887,"href":"https:\/\/urolaturismoa.eus\/fr\/wp-json\/wp\/v2\/pages\/2543\/revisions\/2887"}],"up":[{"embeddable":true,"href":"https:\/\/urolaturismoa.eus\/fr\/wp-json\/wp\/v2\/pages\/2507"}],"wp:featuredmedia":[{"embeddable":true,"href":"https:\/\/urolaturismoa.eus\/fr\/wp-json\/wp\/v2\/media\/2545"}],"wp:attachment":[{"href":"https:\/\/urolaturismoa.eus\/fr\/wp-json\/wp\/v2\/media?parent=2543"}],"curies":[{"name":"wp","href":"https:\/\/api.w.org\/{rel}","templated":true}]}}