{"id":2539,"date":"2021-06-10T12:50:39","date_gmt":"2021-06-10T12:50:39","guid":{"rendered":"https:\/\/urolaturismoa.eus\/nature\/ibarbi-sagarraren-ibilbidea\/"},"modified":"2021-07-06T09:10:16","modified_gmt":"2021-07-06T09:10:16","slug":"litineraire-de-la-pomme-dibarbi","status":"publish","type":"page","link":"https:\/\/urolaturismoa.eus\/fr\/nature\/litineraire-de-la-pomme-dibarbi\/","title":{"rendered":"L\u2019itin\u00e9raire de la pomme d\u2019Ibarbi"},"content":{"rendered":"<p>Errezil cultive un produit local qui fait la r\u00e9putation de la commune, la vari\u00e9t\u00e9 homonyme ou la pomme qu\u2019\u00e0 Errezil nous connaissons sous le nom d\u2019Ibarbia. Produite dans les pommiers des fermes de cette vall\u00e9e, il s\u2019agit d\u2019une vari\u00e9t\u00e9 cr\u00e9\u00e9e au fil des ann\u00e9es, de grande qualit\u00e9 pour la table, \u00e0 manger crue ou au four. Cet itin\u00e9raire nous d\u00e9voilera les secrets de ce produit inimitable.<\/p>\n<blockquote>\n<ul>\n<li>Distance\u00a0: 3,5\u00a0km<\/li>\n<li>Dur\u00e9e\u00a0: 1h15 <\/li>\n<li>Difficult\u00e9\u00a0: facile<\/li>\n<\/ul>\n<\/blockquote>\n<p><a class=\"pdf\" target=\"_blank\" href=\"https:\/\/urolaturismoa.eus\/wp-content\/uploads\/2021\/06\/Ibarbi-Sagarraren-ibilbidea-PDF.pdf\" rel=\"noopener\">T\u00e9l\u00e9charger la brochure<\/a><\/p>\n","protected":false},"excerpt":{"rendered":"<p>Errezil cultive un produit local qui fait la r\u00e9putation de la commune, la vari\u00e9t\u00e9 homonyme ou la pomme qu\u2019\u00e0 Errezil nous connaissons sous le nom d\u2019Ibarbia. Produite dans les pommiers des fermes de cette vall\u00e9e, il s\u2019agit d\u2019une vari\u00e9t\u00e9 cr\u00e9\u00e9e au fil des ann\u00e9es, de grande qualit\u00e9 pour la table, \u00e0 manger crue ou au [&hellip;]<\/p>\n","protected":false},"author":1,"featured_media":2141,"parent":2507,"menu_order":5,"comment_status":"closed","ping_status":"closed","template":"template-gurasoa.php","meta":{"_acf_changed":false,"footnotes":""},"class_list":["post-2539","page","type-page","status-publish","has-post-thumbnail","hentry"],"acf":[],"yoast_head":"<!-- This site is optimized with the Yoast SEO plugin v27.4 - https:\/\/yoast.com\/product\/yoast-seo-wordpress\/ -->\n<title>L\u2019itin\u00e9raire de la pomme d\u2019Ibarbi, Errezil | Urola Turismoa<\/title>\n<meta name=\"robots\" content=\"index, follow, max-snippet:-1, max-image-preview:large, max-video-preview:-1\" \/>\n<link rel=\"canonical\" href=\"https:\/\/urolaturismoa.eus\/fr\/nature\/litineraire-de-la-pomme-dibarbi\/\" \/>\n<meta property=\"og:locale\" content=\"fr_FR\" \/>\n<meta property=\"og:type\" content=\"article\" \/>\n<meta property=\"og:title\" content=\"L\u2019itin\u00e9raire de la pomme d\u2019Ibarbi, Errezil | Urola Turismoa\" \/>\n<meta property=\"og:description\" content=\"Errezil cultive un produit local qui fait la r\u00e9putation de la commune, la vari\u00e9t\u00e9 homonyme ou la pomme qu\u2019\u00e0 Errezil nous connaissons sous le nom d\u2019Ibarbia. Produite dans les pommiers des fermes de cette vall\u00e9e, il s\u2019agit d\u2019une vari\u00e9t\u00e9 cr\u00e9\u00e9e au fil des ann\u00e9es, de grande qualit\u00e9 pour la table, \u00e0 manger crue ou au [&hellip;]\" \/>\n<meta property=\"og:url\" content=\"https:\/\/urolaturismoa.eus\/fr\/nature\/litineraire-de-la-pomme-dibarbi\/\" \/>\n<meta property=\"og:site_name\" content=\"Urola Turismoa\" \/>\n<meta property=\"article:modified_time\" content=\"2021-07-06T09:10:16+00:00\" \/>\n<meta property=\"og:image\" content=\"https:\/\/urolaturismoa.eus\/wp-content\/uploads\/2021\/06\/ibarbi-sagarraren-ibilbidea-plana-haurrekin-irudia-urolaturismoa.jpg\" \/>\n\t<meta property=\"og:image:width\" content=\"2000\" \/>\n\t<meta property=\"og:image:height\" content=\"1500\" \/>\n\t<meta property=\"og:image:type\" content=\"image\/jpeg\" \/>\n<meta name=\"twitter:card\" content=\"summary_large_image\" \/>\n<script type=\"application\/ld+json\" class=\"yoast-schema-graph\">{\"@context\":\"https:\\\/\\\/schema.org\",\"@graph\":[{\"@type\":\"WebPage\",\"@id\":\"https:\\\/\\\/urolaturismoa.eus\\\/fr\\\/nature\\\/litineraire-de-la-pomme-dibarbi\\\/\",\"url\":\"https:\\\/\\\/urolaturismoa.eus\\\/fr\\\/nature\\\/litineraire-de-la-pomme-dibarbi\\\/\",\"name\":\"L\u2019itin\u00e9raire de la pomme d\u2019Ibarbi, Errezil | Urola Turismoa\",\"isPartOf\":{\"@id\":\"https:\\\/\\\/urolaturismoa.eus\\\/fr\\\/#website\"},\"primaryImageOfPage\":{\"@id\":\"https:\\\/\\\/urolaturismoa.eus\\\/fr\\\/nature\\\/litineraire-de-la-pomme-dibarbi\\\/#primaryimage\"},\"image\":{\"@id\":\"https:\\\/\\\/urolaturismoa.eus\\\/fr\\\/nature\\\/litineraire-de-la-pomme-dibarbi\\\/#primaryimage\"},\"thumbnailUrl\":\"https:\\\/\\\/urolaturismoa.eus\\\/wp-content\\\/uploads\\\/2021\\\/06\\\/ibarbi-sagarraren-ibilbidea-plana-haurrekin-irudia-urolaturismoa.jpg\",\"datePublished\":\"2021-06-10T12:50:39+00:00\",\"dateModified\":\"2021-07-06T09:10:16+00:00\",\"breadcrumb\":{\"@id\":\"https:\\\/\\\/urolaturismoa.eus\\\/fr\\\/nature\\\/litineraire-de-la-pomme-dibarbi\\\/#breadcrumb\"},\"inLanguage\":\"fr-FR\",\"potentialAction\":[{\"@type\":\"ReadAction\",\"target\":[\"https:\\\/\\\/urolaturismoa.eus\\\/fr\\\/nature\\\/litineraire-de-la-pomme-dibarbi\\\/\"]}]},{\"@type\":\"ImageObject\",\"inLanguage\":\"fr-FR\",\"@id\":\"https:\\\/\\\/urolaturismoa.eus\\\/fr\\\/nature\\\/litineraire-de-la-pomme-dibarbi\\\/#primaryimage\",\"url\":\"https:\\\/\\\/urolaturismoa.eus\\\/wp-content\\\/uploads\\\/2021\\\/06\\\/ibarbi-sagarraren-ibilbidea-plana-haurrekin-irudia-urolaturismoa.jpg\",\"contentUrl\":\"https:\\\/\\\/urolaturismoa.eus\\\/wp-content\\\/uploads\\\/2021\\\/06\\\/ibarbi-sagarraren-ibilbidea-plana-haurrekin-irudia-urolaturismoa.jpg\",\"width\":2000,\"height\":1500},{\"@type\":\"BreadcrumbList\",\"@id\":\"https:\\\/\\\/urolaturismoa.eus\\\/fr\\\/nature\\\/litineraire-de-la-pomme-dibarbi\\\/#breadcrumb\",\"itemListElement\":[{\"@type\":\"ListItem\",\"position\":1,\"name\":\"Home\",\"item\":\"https:\\\/\\\/urolaturismoa.eus\\\/fr\\\/\"},{\"@type\":\"ListItem\",\"position\":2,\"name\":\"Nature\",\"item\":\"https:\\\/\\\/urolaturismoa.eus\\\/fr\\\/nature\\\/\"},{\"@type\":\"ListItem\",\"position\":3,\"name\":\"L\u2019itin\u00e9raire de la pomme d\u2019Ibarbi\"}]},{\"@type\":\"WebSite\",\"@id\":\"https:\\\/\\\/urolaturismoa.eus\\\/fr\\\/#website\",\"url\":\"https:\\\/\\\/urolaturismoa.eus\\\/fr\\\/\",\"name\":\"Urola Turismoa\",\"description\":\"Basque Country\",\"potentialAction\":[{\"@type\":\"SearchAction\",\"target\":{\"@type\":\"EntryPoint\",\"urlTemplate\":\"https:\\\/\\\/urolaturismoa.eus\\\/fr\\\/?s={search_term_string}\"},\"query-input\":{\"@type\":\"PropertyValueSpecification\",\"valueRequired\":true,\"valueName\":\"search_term_string\"}}],\"inLanguage\":\"fr-FR\"}]}<\/script>\n<!-- \/ Yoast SEO plugin. -->","yoast_head_json":{"title":"L\u2019itin\u00e9raire de la pomme d\u2019Ibarbi, Errezil | Urola Turismoa","robots":{"index":"index","follow":"follow","max-snippet":"max-snippet:-1","max-image-preview":"max-image-preview:large","max-video-preview":"max-video-preview:-1"},"canonical":"https:\/\/urolaturismoa.eus\/fr\/nature\/litineraire-de-la-pomme-dibarbi\/","og_locale":"fr_FR","og_type":"article","og_title":"L\u2019itin\u00e9raire de la pomme d\u2019Ibarbi, Errezil | Urola Turismoa","og_description":"Errezil cultive un produit local qui fait la r\u00e9putation de la commune, la vari\u00e9t\u00e9 homonyme ou la pomme qu\u2019\u00e0 Errezil nous connaissons sous le nom d\u2019Ibarbia. Produite dans les pommiers des fermes de cette vall\u00e9e, il s\u2019agit d\u2019une vari\u00e9t\u00e9 cr\u00e9\u00e9e au fil des ann\u00e9es, de grande qualit\u00e9 pour la table, \u00e0 manger crue ou au [&hellip;]","og_url":"https:\/\/urolaturismoa.eus\/fr\/nature\/litineraire-de-la-pomme-dibarbi\/","og_site_name":"Urola Turismoa","article_modified_time":"2021-07-06T09:10:16+00:00","og_image":[{"width":2000,"height":1500,"url":"https:\/\/urolaturismoa.eus\/wp-content\/uploads\/2021\/06\/ibarbi-sagarraren-ibilbidea-plana-haurrekin-irudia-urolaturismoa.jpg","type":"image\/jpeg"}],"twitter_card":"summary_large_image","schema":{"@context":"https:\/\/schema.org","@graph":[{"@type":"WebPage","@id":"https:\/\/urolaturismoa.eus\/fr\/nature\/litineraire-de-la-pomme-dibarbi\/","url":"https:\/\/urolaturismoa.eus\/fr\/nature\/litineraire-de-la-pomme-dibarbi\/","name":"L\u2019itin\u00e9raire de la pomme d\u2019Ibarbi, Errezil | Urola Turismoa","isPartOf":{"@id":"https:\/\/urolaturismoa.eus\/fr\/#website"},"primaryImageOfPage":{"@id":"https:\/\/urolaturismoa.eus\/fr\/nature\/litineraire-de-la-pomme-dibarbi\/#primaryimage"},"image":{"@id":"https:\/\/urolaturismoa.eus\/fr\/nature\/litineraire-de-la-pomme-dibarbi\/#primaryimage"},"thumbnailUrl":"https:\/\/urolaturismoa.eus\/wp-content\/uploads\/2021\/06\/ibarbi-sagarraren-ibilbidea-plana-haurrekin-irudia-urolaturismoa.jpg","datePublished":"2021-06-10T12:50:39+00:00","dateModified":"2021-07-06T09:10:16+00:00","breadcrumb":{"@id":"https:\/\/urolaturismoa.eus\/fr\/nature\/litineraire-de-la-pomme-dibarbi\/#breadcrumb"},"inLanguage":"fr-FR","potentialAction":[{"@type":"ReadAction","target":["https:\/\/urolaturismoa.eus\/fr\/nature\/litineraire-de-la-pomme-dibarbi\/"]}]},{"@type":"ImageObject","inLanguage":"fr-FR","@id":"https:\/\/urolaturismoa.eus\/fr\/nature\/litineraire-de-la-pomme-dibarbi\/#primaryimage","url":"https:\/\/urolaturismoa.eus\/wp-content\/uploads\/2021\/06\/ibarbi-sagarraren-ibilbidea-plana-haurrekin-irudia-urolaturismoa.jpg","contentUrl":"https:\/\/urolaturismoa.eus\/wp-content\/uploads\/2021\/06\/ibarbi-sagarraren-ibilbidea-plana-haurrekin-irudia-urolaturismoa.jpg","width":2000,"height":1500},{"@type":"BreadcrumbList","@id":"https:\/\/urolaturismoa.eus\/fr\/nature\/litineraire-de-la-pomme-dibarbi\/#breadcrumb","itemListElement":[{"@type":"ListItem","position":1,"name":"Home","item":"https:\/\/urolaturismoa.eus\/fr\/"},{"@type":"ListItem","position":2,"name":"Nature","item":"https:\/\/urolaturismoa.eus\/fr\/nature\/"},{"@type":"ListItem","position":3,"name":"L\u2019itin\u00e9raire de la pomme d\u2019Ibarbi"}]},{"@type":"WebSite","@id":"https:\/\/urolaturismoa.eus\/fr\/#website","url":"https:\/\/urolaturismoa.eus\/fr\/","name":"Urola Turismoa","description":"Basque Country","potentialAction":[{"@type":"SearchAction","target":{"@type":"EntryPoint","urlTemplate":"https:\/\/urolaturismoa.eus\/fr\/?s={search_term_string}"},"query-input":{"@type":"PropertyValueSpecification","valueRequired":true,"valueName":"search_term_string"}}],"inLanguage":"fr-FR"}]}},"_links":{"self":[{"href":"https:\/\/urolaturismoa.eus\/fr\/wp-json\/wp\/v2\/pages\/2539","targetHints":{"allow":["GET"]}}],"collection":[{"href":"https:\/\/urolaturismoa.eus\/fr\/wp-json\/wp\/v2\/pages"}],"about":[{"href":"https:\/\/urolaturismoa.eus\/fr\/wp-json\/wp\/v2\/types\/page"}],"author":[{"embeddable":true,"href":"https:\/\/urolaturismoa.eus\/fr\/wp-json\/wp\/v2\/users\/1"}],"replies":[{"embeddable":true,"href":"https:\/\/urolaturismoa.eus\/fr\/wp-json\/wp\/v2\/comments?post=2539"}],"version-history":[{"count":2,"href":"https:\/\/urolaturismoa.eus\/fr\/wp-json\/wp\/v2\/pages\/2539\/revisions"}],"predecessor-version":[{"id":2541,"href":"https:\/\/urolaturismoa.eus\/fr\/wp-json\/wp\/v2\/pages\/2539\/revisions\/2541"}],"up":[{"embeddable":true,"href":"https:\/\/urolaturismoa.eus\/fr\/wp-json\/wp\/v2\/pages\/2507"}],"wp:featuredmedia":[{"embeddable":true,"href":"https:\/\/urolaturismoa.eus\/fr\/wp-json\/wp\/v2\/media\/2141"}],"wp:attachment":[{"href":"https:\/\/urolaturismoa.eus\/fr\/wp-json\/wp\/v2\/media?parent=2539"}],"curies":[{"name":"wp","href":"https:\/\/api.w.org\/{rel}","templated":true}]}}