{"id":2534,"date":"2021-06-10T12:41:27","date_gmt":"2021-06-10T12:41:27","guid":{"rendered":"https:\/\/urolaturismoa.eus\/nature\/gr120-inaziotar-bidea-euskadin\/"},"modified":"2021-07-06T09:07:06","modified_gmt":"2021-07-06T09:07:06","slug":"gr120-le-chemin-ignatien-en-euskadi","status":"publish","type":"page","link":"https:\/\/urolaturismoa.eus\/fr\/nature\/gr120-le-chemin-ignatien-en-euskadi\/","title":{"rendered":"GR120, le Chemin Ignatien en Euskadi"},"content":{"rendered":"<p>Le Chemin Ignatien recr\u00e9e l\u2019itin\u00e9raire parcouru par le sieur Ignace de Loyola en 1522 depuis son village natal, Azpeitia (Guip\u00fazcoa), jusqu\u2019\u00e0 la ville catalane de Manr\u00e8se. Un p\u00e8lerinage qui d\u00e9buta apr\u00e8s sa conversion spirituelle \u00e0 Loyola et qui s\u2019acheva dans la ville sainte de J\u00e9rusalem.<\/p>\n<p>Aujourd\u2019hui, le chemin trac\u00e9 \u00e0 partir des notes personnelles du saint prend son d\u00e9part de la maison o\u00f9 naquit Ignace \u00e0 Loyola (Azpeitia) et nous conduit \u00e0 la \u00ab\u00a0Cova de saint Ignace\u00a0\u00bb, \u00e0 Manr\u00e8se (pr\u00e8s du Monast\u00e8re de Montserrat, en Catalogne). Il s\u2019agit d\u2019un parcours long et exigeant, de quelque 675 kilom\u00e8tres, qui traverse 5 communaut\u00e9s autonomes et peut se faire en 30 jours environ.<\/p>\n<p><a class=\"pdf\" href=\"https:\/\/urolaturismoa.eus\/wp-content\/uploads\/2021\/06\/camino_ignaciano_2017_ESEU.pdf\">T\u00e9l\u00e9charger la brochure<\/a><\/p>\n","protected":false},"excerpt":{"rendered":"<p>Le Chemin Ignatien recr\u00e9e l\u2019itin\u00e9raire parcouru par le sieur Ignace de Loyola en 1522 depuis son village natal, Azpeitia (Guip\u00fazcoa), jusqu\u2019\u00e0 la ville catalane de Manr\u00e8se. Un p\u00e8lerinage qui d\u00e9buta apr\u00e8s sa conversion spirituelle \u00e0 Loyola et qui s\u2019acheva dans la ville sainte de J\u00e9rusalem. Aujourd\u2019hui, le chemin trac\u00e9 \u00e0 partir des notes personnelles du [&hellip;]<\/p>\n","protected":false},"author":1,"featured_media":2536,"parent":2507,"menu_order":4,"comment_status":"closed","ping_status":"closed","template":"template-gurasoa.php","meta":{"_acf_changed":false,"footnotes":""},"class_list":["post-2534","page","type-page","status-publish","has-post-thumbnail","hentry"],"acf":[],"yoast_head":"<!-- This site is optimized with the Yoast SEO plugin v26.7 - https:\/\/yoast.com\/wordpress\/plugins\/seo\/ -->\n<title>GR120, le Chemin Ignatien en Euskadi | Urola Turismoa<\/title>\n<meta name=\"robots\" content=\"index, follow, max-snippet:-1, max-image-preview:large, max-video-preview:-1\" \/>\n<link rel=\"canonical\" href=\"https:\/\/urolaturismoa.eus\/fr\/nature\/gr120-le-chemin-ignatien-en-euskadi\/\" \/>\n<meta property=\"og:locale\" content=\"fr_FR\" \/>\n<meta property=\"og:type\" content=\"article\" \/>\n<meta property=\"og:title\" content=\"GR120, le Chemin Ignatien en Euskadi | Urola Turismoa\" \/>\n<meta property=\"og:description\" content=\"Le Chemin Ignatien recr\u00e9e l\u2019itin\u00e9raire parcouru par le sieur Ignace de Loyola en 1522 depuis son village natal, Azpeitia (Guip\u00fazcoa), jusqu\u2019\u00e0 la ville catalane de Manr\u00e8se. Un p\u00e8lerinage qui d\u00e9buta apr\u00e8s sa conversion spirituelle \u00e0 Loyola et qui s\u2019acheva dans la ville sainte de J\u00e9rusalem. Aujourd\u2019hui, le chemin trac\u00e9 \u00e0 partir des notes personnelles du [&hellip;]\" \/>\n<meta property=\"og:url\" content=\"https:\/\/urolaturismoa.eus\/fr\/nature\/gr120-le-chemin-ignatien-en-euskadi\/\" \/>\n<meta property=\"og:site_name\" content=\"Urola Turismoa\" \/>\n<meta property=\"article:modified_time\" content=\"2021-07-06T09:07:06+00:00\" \/>\n<meta property=\"og:image\" content=\"https:\/\/urolaturismoa.eus\/wp-content\/uploads\/2021\/06\/GR-286-inaziotar-bidea-urolaturismoa-natura-1024x768.jpg\" \/>\n\t<meta property=\"og:image:width\" content=\"1024\" \/>\n\t<meta property=\"og:image:height\" content=\"768\" \/>\n\t<meta property=\"og:image:type\" content=\"image\/jpeg\" \/>\n<meta name=\"twitter:card\" content=\"summary_large_image\" \/>\n<meta name=\"twitter:label1\" content=\"Dur\u00e9e de lecture estim\u00e9e\" \/>\n\t<meta name=\"twitter:data1\" content=\"1 minute\" \/>\n<script type=\"application\/ld+json\" class=\"yoast-schema-graph\">{\"@context\":\"https:\/\/schema.org\",\"@graph\":[{\"@type\":\"WebPage\",\"@id\":\"https:\/\/urolaturismoa.eus\/fr\/nature\/gr120-le-chemin-ignatien-en-euskadi\/\",\"url\":\"https:\/\/urolaturismoa.eus\/fr\/nature\/gr120-le-chemin-ignatien-en-euskadi\/\",\"name\":\"GR120, le Chemin Ignatien en Euskadi | Urola Turismoa\",\"isPartOf\":{\"@id\":\"https:\/\/urolaturismoa.eus\/fr\/#website\"},\"primaryImageOfPage\":{\"@id\":\"https:\/\/urolaturismoa.eus\/fr\/nature\/gr120-le-chemin-ignatien-en-euskadi\/#primaryimage\"},\"image\":{\"@id\":\"https:\/\/urolaturismoa.eus\/fr\/nature\/gr120-le-chemin-ignatien-en-euskadi\/#primaryimage\"},\"thumbnailUrl\":\"https:\/\/urolaturismoa.eus\/wp-content\/uploads\/2021\/06\/GR-286-inaziotar-bidea-urolaturismoa-natura.jpg\",\"datePublished\":\"2021-06-10T12:41:27+00:00\",\"dateModified\":\"2021-07-06T09:07:06+00:00\",\"breadcrumb\":{\"@id\":\"https:\/\/urolaturismoa.eus\/fr\/nature\/gr120-le-chemin-ignatien-en-euskadi\/#breadcrumb\"},\"inLanguage\":\"fr-FR\",\"potentialAction\":[{\"@type\":\"ReadAction\",\"target\":[\"https:\/\/urolaturismoa.eus\/fr\/nature\/gr120-le-chemin-ignatien-en-euskadi\/\"]}]},{\"@type\":\"ImageObject\",\"inLanguage\":\"fr-FR\",\"@id\":\"https:\/\/urolaturismoa.eus\/fr\/nature\/gr120-le-chemin-ignatien-en-euskadi\/#primaryimage\",\"url\":\"https:\/\/urolaturismoa.eus\/wp-content\/uploads\/2021\/06\/GR-286-inaziotar-bidea-urolaturismoa-natura.jpg\",\"contentUrl\":\"https:\/\/urolaturismoa.eus\/wp-content\/uploads\/2021\/06\/GR-286-inaziotar-bidea-urolaturismoa-natura.jpg\",\"width\":1440,\"height\":1080},{\"@type\":\"BreadcrumbList\",\"@id\":\"https:\/\/urolaturismoa.eus\/fr\/nature\/gr120-le-chemin-ignatien-en-euskadi\/#breadcrumb\",\"itemListElement\":[{\"@type\":\"ListItem\",\"position\":1,\"name\":\"Home\",\"item\":\"https:\/\/urolaturismoa.eus\/fr\/\"},{\"@type\":\"ListItem\",\"position\":2,\"name\":\"Nature\",\"item\":\"https:\/\/urolaturismoa.eus\/fr\/nature\/\"},{\"@type\":\"ListItem\",\"position\":3,\"name\":\"GR120, le Chemin Ignatien en Euskadi\"}]},{\"@type\":\"WebSite\",\"@id\":\"https:\/\/urolaturismoa.eus\/fr\/#website\",\"url\":\"https:\/\/urolaturismoa.eus\/fr\/\",\"name\":\"Urola Turismoa\",\"description\":\"Basque Country\",\"potentialAction\":[{\"@type\":\"SearchAction\",\"target\":{\"@type\":\"EntryPoint\",\"urlTemplate\":\"https:\/\/urolaturismoa.eus\/fr\/?s={search_term_string}\"},\"query-input\":{\"@type\":\"PropertyValueSpecification\",\"valueRequired\":true,\"valueName\":\"search_term_string\"}}],\"inLanguage\":\"fr-FR\"}]}<\/script>\n<!-- \/ Yoast SEO plugin. -->","yoast_head_json":{"title":"GR120, le Chemin Ignatien en Euskadi | Urola Turismoa","robots":{"index":"index","follow":"follow","max-snippet":"max-snippet:-1","max-image-preview":"max-image-preview:large","max-video-preview":"max-video-preview:-1"},"canonical":"https:\/\/urolaturismoa.eus\/fr\/nature\/gr120-le-chemin-ignatien-en-euskadi\/","og_locale":"fr_FR","og_type":"article","og_title":"GR120, le Chemin Ignatien en Euskadi | Urola Turismoa","og_description":"Le Chemin Ignatien recr\u00e9e l\u2019itin\u00e9raire parcouru par le sieur Ignace de Loyola en 1522 depuis son village natal, Azpeitia (Guip\u00fazcoa), jusqu\u2019\u00e0 la ville catalane de Manr\u00e8se. Un p\u00e8lerinage qui d\u00e9buta apr\u00e8s sa conversion spirituelle \u00e0 Loyola et qui s\u2019acheva dans la ville sainte de J\u00e9rusalem. Aujourd\u2019hui, le chemin trac\u00e9 \u00e0 partir des notes personnelles du [&hellip;]","og_url":"https:\/\/urolaturismoa.eus\/fr\/nature\/gr120-le-chemin-ignatien-en-euskadi\/","og_site_name":"Urola Turismoa","article_modified_time":"2021-07-06T09:07:06+00:00","og_image":[{"width":1024,"height":768,"url":"https:\/\/urolaturismoa.eus\/wp-content\/uploads\/2021\/06\/GR-286-inaziotar-bidea-urolaturismoa-natura-1024x768.jpg","type":"image\/jpeg"}],"twitter_card":"summary_large_image","twitter_misc":{"Dur\u00e9e de lecture estim\u00e9e":"1 minute"},"schema":{"@context":"https:\/\/schema.org","@graph":[{"@type":"WebPage","@id":"https:\/\/urolaturismoa.eus\/fr\/nature\/gr120-le-chemin-ignatien-en-euskadi\/","url":"https:\/\/urolaturismoa.eus\/fr\/nature\/gr120-le-chemin-ignatien-en-euskadi\/","name":"GR120, le Chemin Ignatien en Euskadi | Urola Turismoa","isPartOf":{"@id":"https:\/\/urolaturismoa.eus\/fr\/#website"},"primaryImageOfPage":{"@id":"https:\/\/urolaturismoa.eus\/fr\/nature\/gr120-le-chemin-ignatien-en-euskadi\/#primaryimage"},"image":{"@id":"https:\/\/urolaturismoa.eus\/fr\/nature\/gr120-le-chemin-ignatien-en-euskadi\/#primaryimage"},"thumbnailUrl":"https:\/\/urolaturismoa.eus\/wp-content\/uploads\/2021\/06\/GR-286-inaziotar-bidea-urolaturismoa-natura.jpg","datePublished":"2021-06-10T12:41:27+00:00","dateModified":"2021-07-06T09:07:06+00:00","breadcrumb":{"@id":"https:\/\/urolaturismoa.eus\/fr\/nature\/gr120-le-chemin-ignatien-en-euskadi\/#breadcrumb"},"inLanguage":"fr-FR","potentialAction":[{"@type":"ReadAction","target":["https:\/\/urolaturismoa.eus\/fr\/nature\/gr120-le-chemin-ignatien-en-euskadi\/"]}]},{"@type":"ImageObject","inLanguage":"fr-FR","@id":"https:\/\/urolaturismoa.eus\/fr\/nature\/gr120-le-chemin-ignatien-en-euskadi\/#primaryimage","url":"https:\/\/urolaturismoa.eus\/wp-content\/uploads\/2021\/06\/GR-286-inaziotar-bidea-urolaturismoa-natura.jpg","contentUrl":"https:\/\/urolaturismoa.eus\/wp-content\/uploads\/2021\/06\/GR-286-inaziotar-bidea-urolaturismoa-natura.jpg","width":1440,"height":1080},{"@type":"BreadcrumbList","@id":"https:\/\/urolaturismoa.eus\/fr\/nature\/gr120-le-chemin-ignatien-en-euskadi\/#breadcrumb","itemListElement":[{"@type":"ListItem","position":1,"name":"Home","item":"https:\/\/urolaturismoa.eus\/fr\/"},{"@type":"ListItem","position":2,"name":"Nature","item":"https:\/\/urolaturismoa.eus\/fr\/nature\/"},{"@type":"ListItem","position":3,"name":"GR120, le Chemin Ignatien en Euskadi"}]},{"@type":"WebSite","@id":"https:\/\/urolaturismoa.eus\/fr\/#website","url":"https:\/\/urolaturismoa.eus\/fr\/","name":"Urola Turismoa","description":"Basque Country","potentialAction":[{"@type":"SearchAction","target":{"@type":"EntryPoint","urlTemplate":"https:\/\/urolaturismoa.eus\/fr\/?s={search_term_string}"},"query-input":{"@type":"PropertyValueSpecification","valueRequired":true,"valueName":"search_term_string"}}],"inLanguage":"fr-FR"}]}},"_links":{"self":[{"href":"https:\/\/urolaturismoa.eus\/fr\/wp-json\/wp\/v2\/pages\/2534","targetHints":{"allow":["GET"]}}],"collection":[{"href":"https:\/\/urolaturismoa.eus\/fr\/wp-json\/wp\/v2\/pages"}],"about":[{"href":"https:\/\/urolaturismoa.eus\/fr\/wp-json\/wp\/v2\/types\/page"}],"author":[{"embeddable":true,"href":"https:\/\/urolaturismoa.eus\/fr\/wp-json\/wp\/v2\/users\/1"}],"replies":[{"embeddable":true,"href":"https:\/\/urolaturismoa.eus\/fr\/wp-json\/wp\/v2\/comments?post=2534"}],"version-history":[{"count":2,"href":"https:\/\/urolaturismoa.eus\/fr\/wp-json\/wp\/v2\/pages\/2534\/revisions"}],"predecessor-version":[{"id":2538,"href":"https:\/\/urolaturismoa.eus\/fr\/wp-json\/wp\/v2\/pages\/2534\/revisions\/2538"}],"up":[{"embeddable":true,"href":"https:\/\/urolaturismoa.eus\/fr\/wp-json\/wp\/v2\/pages\/2507"}],"wp:featuredmedia":[{"embeddable":true,"href":"https:\/\/urolaturismoa.eus\/fr\/wp-json\/wp\/v2\/media\/2536"}],"wp:attachment":[{"href":"https:\/\/urolaturismoa.eus\/fr\/wp-json\/wp\/v2\/media?parent=2534"}],"curies":[{"name":"wp","href":"https:\/\/api.w.org\/{rel}","templated":true}]}}