{"id":2528,"date":"2021-06-10T12:38:09","date_gmt":"2021-06-10T12:38:09","guid":{"rendered":"https:\/\/urolaturismoa.eus\/nature\/gr-286-hiru-tenpluen-ibilbidea\/"},"modified":"2021-07-09T09:25:06","modified_gmt":"2021-07-09T09:25:06","slug":"gr-286-litineraire-des-trois-eglises","status":"publish","type":"page","link":"https:\/\/urolaturismoa.eus\/fr\/nature\/gr-286-litineraire-des-trois-eglises\/","title":{"rendered":"GR 286, l\u2019itin\u00e9raire des trois \u00e9glises"},"content":{"rendered":"<p>Le rapport \u00e0 la pierre et l\u2019\u00e9motion qu\u2019elle suscite, voil\u00e0 les principales caract\u00e9ristiques de ce chemin\u00a0: les pierres du sanctuaire de Loyola, de la chapelle de La Antigua et du sanctuaire d\u2019Arantzazu, ainsi que les pierres des zones de forges et moulins de Mirandaola et Brinkola pour terminer avec l\u2019agitation de l\u2019ancienne industrie.<\/p>\n<p><a class=\"pdf\" target=\"_blank\" href=\"https:\/\/urolaturismoa.eus\/wp-content\/uploads\/2021\/06\/GR-286-FR.pdf\" rel=\"noopener\">T\u00e9l\u00e9charger la brochure<\/a><\/p>\n<p><img loading=\"lazy\" decoding=\"async\" src=\"https:\/\/urolaturismoa.eus\/wp-content\/uploads\/2021\/06\/GR-286-4.jpg\" alt=\"GR 286 4 irudia natura - urolaturismoa\" width=\"1440\" height=\"1080\" class=\"alignnone size-full wp-image-1012\" srcset=\"https:\/\/urolaturismoa.eus\/wp-content\/uploads\/2021\/06\/GR-286-4.jpg 1440w, https:\/\/urolaturismoa.eus\/wp-content\/uploads\/2021\/06\/GR-286-4-300x225.jpg 300w, https:\/\/urolaturismoa.eus\/wp-content\/uploads\/2021\/06\/GR-286-4-1024x768.jpg 1024w, https:\/\/urolaturismoa.eus\/wp-content\/uploads\/2021\/06\/GR-286-4-768x576.jpg 768w\" sizes=\"auto, (max-width: 1440px) 100vw, 1440px\" \/><\/p>\n<blockquote><p>Informazioa gehiago: <a href=\"https:\/\/www.gipuzkoanatura.eus\/es\/gr\/-\/gr\/G07\/gr-286-araindarri-hiru-tenpluen-ibilbidea\" rel=\"noopener\" target=\"_blank\">www.gipuzkoanatura.eus<\/a><\/p><\/blockquote>\n","protected":false},"excerpt":{"rendered":"<p>Le rapport \u00e0 la pierre et l\u2019\u00e9motion qu\u2019elle suscite, voil\u00e0 les principales caract\u00e9ristiques de ce chemin\u00a0: les pierres du sanctuaire de Loyola, de la chapelle de La Antigua et du sanctuaire d\u2019Arantzazu, ainsi que les pierres des zones de forges et moulins de Mirandaola et Brinkola pour terminer avec l\u2019agitation de l\u2019ancienne industrie. T\u00e9l\u00e9charger la [&hellip;]<\/p>\n","protected":false},"author":1,"featured_media":2530,"parent":2507,"menu_order":3,"comment_status":"closed","ping_status":"closed","template":"template-gurasoa.php","meta":{"_acf_changed":false,"footnotes":""},"class_list":["post-2528","page","type-page","status-publish","has-post-thumbnail","hentry"],"acf":[],"yoast_head":"<!-- This site is optimized with the Yoast SEO plugin v26.7 - https:\/\/yoast.com\/wordpress\/plugins\/seo\/ -->\n<title>GR 286, l\u2019itin\u00e9raire des trois \u00e9glises | Urola Turismoa<\/title>\n<meta name=\"robots\" content=\"index, follow, max-snippet:-1, max-image-preview:large, max-video-preview:-1\" \/>\n<link rel=\"canonical\" href=\"https:\/\/urolaturismoa.eus\/fr\/nature\/gr-286-litineraire-des-trois-eglises\/\" \/>\n<meta property=\"og:locale\" content=\"fr_FR\" \/>\n<meta property=\"og:type\" content=\"article\" \/>\n<meta property=\"og:title\" content=\"GR 286, l\u2019itin\u00e9raire des trois \u00e9glises | Urola Turismoa\" \/>\n<meta property=\"og:description\" content=\"Le rapport \u00e0 la pierre et l\u2019\u00e9motion qu\u2019elle suscite, voil\u00e0 les principales caract\u00e9ristiques de ce chemin\u00a0: les pierres du sanctuaire de Loyola, de la chapelle de La Antigua et du sanctuaire d\u2019Arantzazu, ainsi que les pierres des zones de forges et moulins de Mirandaola et Brinkola pour terminer avec l\u2019agitation de l\u2019ancienne industrie. T\u00e9l\u00e9charger la [&hellip;]\" \/>\n<meta property=\"og:url\" content=\"https:\/\/urolaturismoa.eus\/fr\/nature\/gr-286-litineraire-des-trois-eglises\/\" \/>\n<meta property=\"og:site_name\" content=\"Urola Turismoa\" \/>\n<meta property=\"article:modified_time\" content=\"2021-07-09T09:25:06+00:00\" \/>\n<meta property=\"og:image\" content=\"https:\/\/urolaturismoa.eus\/wp-content\/uploads\/2021\/06\/GR-286-irudia-2-urolaturismoa.jpg\" \/>\n\t<meta property=\"og:image:width\" content=\"1440\" \/>\n\t<meta property=\"og:image:height\" content=\"1080\" \/>\n\t<meta property=\"og:image:type\" content=\"image\/jpeg\" \/>\n<meta name=\"twitter:card\" content=\"summary_large_image\" \/>\n<script type=\"application\/ld+json\" class=\"yoast-schema-graph\">{\"@context\":\"https:\/\/schema.org\",\"@graph\":[{\"@type\":\"WebPage\",\"@id\":\"https:\/\/urolaturismoa.eus\/fr\/nature\/gr-286-litineraire-des-trois-eglises\/\",\"url\":\"https:\/\/urolaturismoa.eus\/fr\/nature\/gr-286-litineraire-des-trois-eglises\/\",\"name\":\"GR 286, l\u2019itin\u00e9raire des trois \u00e9glises | Urola Turismoa\",\"isPartOf\":{\"@id\":\"https:\/\/urolaturismoa.eus\/fr\/#website\"},\"primaryImageOfPage\":{\"@id\":\"https:\/\/urolaturismoa.eus\/fr\/nature\/gr-286-litineraire-des-trois-eglises\/#primaryimage\"},\"image\":{\"@id\":\"https:\/\/urolaturismoa.eus\/fr\/nature\/gr-286-litineraire-des-trois-eglises\/#primaryimage\"},\"thumbnailUrl\":\"https:\/\/urolaturismoa.eus\/wp-content\/uploads\/2021\/06\/GR-286-irudia-2-urolaturismoa.jpg\",\"datePublished\":\"2021-06-10T12:38:09+00:00\",\"dateModified\":\"2021-07-09T09:25:06+00:00\",\"breadcrumb\":{\"@id\":\"https:\/\/urolaturismoa.eus\/fr\/nature\/gr-286-litineraire-des-trois-eglises\/#breadcrumb\"},\"inLanguage\":\"fr-FR\",\"potentialAction\":[{\"@type\":\"ReadAction\",\"target\":[\"https:\/\/urolaturismoa.eus\/fr\/nature\/gr-286-litineraire-des-trois-eglises\/\"]}]},{\"@type\":\"ImageObject\",\"inLanguage\":\"fr-FR\",\"@id\":\"https:\/\/urolaturismoa.eus\/fr\/nature\/gr-286-litineraire-des-trois-eglises\/#primaryimage\",\"url\":\"https:\/\/urolaturismoa.eus\/wp-content\/uploads\/2021\/06\/GR-286-irudia-2-urolaturismoa.jpg\",\"contentUrl\":\"https:\/\/urolaturismoa.eus\/wp-content\/uploads\/2021\/06\/GR-286-irudia-2-urolaturismoa.jpg\",\"width\":1440,\"height\":1080},{\"@type\":\"BreadcrumbList\",\"@id\":\"https:\/\/urolaturismoa.eus\/fr\/nature\/gr-286-litineraire-des-trois-eglises\/#breadcrumb\",\"itemListElement\":[{\"@type\":\"ListItem\",\"position\":1,\"name\":\"Home\",\"item\":\"https:\/\/urolaturismoa.eus\/fr\/\"},{\"@type\":\"ListItem\",\"position\":2,\"name\":\"Nature\",\"item\":\"https:\/\/urolaturismoa.eus\/fr\/nature\/\"},{\"@type\":\"ListItem\",\"position\":3,\"name\":\"GR 286, l\u2019itin\u00e9raire des trois \u00e9glises\"}]},{\"@type\":\"WebSite\",\"@id\":\"https:\/\/urolaturismoa.eus\/fr\/#website\",\"url\":\"https:\/\/urolaturismoa.eus\/fr\/\",\"name\":\"Urola Turismoa\",\"description\":\"Basque Country\",\"potentialAction\":[{\"@type\":\"SearchAction\",\"target\":{\"@type\":\"EntryPoint\",\"urlTemplate\":\"https:\/\/urolaturismoa.eus\/fr\/?s={search_term_string}\"},\"query-input\":{\"@type\":\"PropertyValueSpecification\",\"valueRequired\":true,\"valueName\":\"search_term_string\"}}],\"inLanguage\":\"fr-FR\"}]}<\/script>\n<!-- \/ Yoast SEO plugin. -->","yoast_head_json":{"title":"GR 286, l\u2019itin\u00e9raire des trois \u00e9glises | Urola Turismoa","robots":{"index":"index","follow":"follow","max-snippet":"max-snippet:-1","max-image-preview":"max-image-preview:large","max-video-preview":"max-video-preview:-1"},"canonical":"https:\/\/urolaturismoa.eus\/fr\/nature\/gr-286-litineraire-des-trois-eglises\/","og_locale":"fr_FR","og_type":"article","og_title":"GR 286, l\u2019itin\u00e9raire des trois \u00e9glises | Urola Turismoa","og_description":"Le rapport \u00e0 la pierre et l\u2019\u00e9motion qu\u2019elle suscite, voil\u00e0 les principales caract\u00e9ristiques de ce chemin\u00a0: les pierres du sanctuaire de Loyola, de la chapelle de La Antigua et du sanctuaire d\u2019Arantzazu, ainsi que les pierres des zones de forges et moulins de Mirandaola et Brinkola pour terminer avec l\u2019agitation de l\u2019ancienne industrie. T\u00e9l\u00e9charger la [&hellip;]","og_url":"https:\/\/urolaturismoa.eus\/fr\/nature\/gr-286-litineraire-des-trois-eglises\/","og_site_name":"Urola Turismoa","article_modified_time":"2021-07-09T09:25:06+00:00","og_image":[{"width":1440,"height":1080,"url":"https:\/\/urolaturismoa.eus\/wp-content\/uploads\/2021\/06\/GR-286-irudia-2-urolaturismoa.jpg","type":"image\/jpeg"}],"twitter_card":"summary_large_image","schema":{"@context":"https:\/\/schema.org","@graph":[{"@type":"WebPage","@id":"https:\/\/urolaturismoa.eus\/fr\/nature\/gr-286-litineraire-des-trois-eglises\/","url":"https:\/\/urolaturismoa.eus\/fr\/nature\/gr-286-litineraire-des-trois-eglises\/","name":"GR 286, l\u2019itin\u00e9raire des trois \u00e9glises | Urola Turismoa","isPartOf":{"@id":"https:\/\/urolaturismoa.eus\/fr\/#website"},"primaryImageOfPage":{"@id":"https:\/\/urolaturismoa.eus\/fr\/nature\/gr-286-litineraire-des-trois-eglises\/#primaryimage"},"image":{"@id":"https:\/\/urolaturismoa.eus\/fr\/nature\/gr-286-litineraire-des-trois-eglises\/#primaryimage"},"thumbnailUrl":"https:\/\/urolaturismoa.eus\/wp-content\/uploads\/2021\/06\/GR-286-irudia-2-urolaturismoa.jpg","datePublished":"2021-06-10T12:38:09+00:00","dateModified":"2021-07-09T09:25:06+00:00","breadcrumb":{"@id":"https:\/\/urolaturismoa.eus\/fr\/nature\/gr-286-litineraire-des-trois-eglises\/#breadcrumb"},"inLanguage":"fr-FR","potentialAction":[{"@type":"ReadAction","target":["https:\/\/urolaturismoa.eus\/fr\/nature\/gr-286-litineraire-des-trois-eglises\/"]}]},{"@type":"ImageObject","inLanguage":"fr-FR","@id":"https:\/\/urolaturismoa.eus\/fr\/nature\/gr-286-litineraire-des-trois-eglises\/#primaryimage","url":"https:\/\/urolaturismoa.eus\/wp-content\/uploads\/2021\/06\/GR-286-irudia-2-urolaturismoa.jpg","contentUrl":"https:\/\/urolaturismoa.eus\/wp-content\/uploads\/2021\/06\/GR-286-irudia-2-urolaturismoa.jpg","width":1440,"height":1080},{"@type":"BreadcrumbList","@id":"https:\/\/urolaturismoa.eus\/fr\/nature\/gr-286-litineraire-des-trois-eglises\/#breadcrumb","itemListElement":[{"@type":"ListItem","position":1,"name":"Home","item":"https:\/\/urolaturismoa.eus\/fr\/"},{"@type":"ListItem","position":2,"name":"Nature","item":"https:\/\/urolaturismoa.eus\/fr\/nature\/"},{"@type":"ListItem","position":3,"name":"GR 286, l\u2019itin\u00e9raire des trois \u00e9glises"}]},{"@type":"WebSite","@id":"https:\/\/urolaturismoa.eus\/fr\/#website","url":"https:\/\/urolaturismoa.eus\/fr\/","name":"Urola Turismoa","description":"Basque Country","potentialAction":[{"@type":"SearchAction","target":{"@type":"EntryPoint","urlTemplate":"https:\/\/urolaturismoa.eus\/fr\/?s={search_term_string}"},"query-input":{"@type":"PropertyValueSpecification","valueRequired":true,"valueName":"search_term_string"}}],"inLanguage":"fr-FR"}]}},"_links":{"self":[{"href":"https:\/\/urolaturismoa.eus\/fr\/wp-json\/wp\/v2\/pages\/2528","targetHints":{"allow":["GET"]}}],"collection":[{"href":"https:\/\/urolaturismoa.eus\/fr\/wp-json\/wp\/v2\/pages"}],"about":[{"href":"https:\/\/urolaturismoa.eus\/fr\/wp-json\/wp\/v2\/types\/page"}],"author":[{"embeddable":true,"href":"https:\/\/urolaturismoa.eus\/fr\/wp-json\/wp\/v2\/users\/1"}],"replies":[{"embeddable":true,"href":"https:\/\/urolaturismoa.eus\/fr\/wp-json\/wp\/v2\/comments?post=2528"}],"version-history":[{"count":3,"href":"https:\/\/urolaturismoa.eus\/fr\/wp-json\/wp\/v2\/pages\/2528\/revisions"}],"predecessor-version":[{"id":2845,"href":"https:\/\/urolaturismoa.eus\/fr\/wp-json\/wp\/v2\/pages\/2528\/revisions\/2845"}],"up":[{"embeddable":true,"href":"https:\/\/urolaturismoa.eus\/fr\/wp-json\/wp\/v2\/pages\/2507"}],"wp:featuredmedia":[{"embeddable":true,"href":"https:\/\/urolaturismoa.eus\/fr\/wp-json\/wp\/v2\/media\/2530"}],"wp:attachment":[{"href":"https:\/\/urolaturismoa.eus\/fr\/wp-json\/wp\/v2\/media?parent=2528"}],"curies":[{"name":"wp","href":"https:\/\/api.w.org\/{rel}","templated":true}]}}