{"id":2520,"date":"2021-06-10T10:10:48","date_gmt":"2021-06-10T10:10:48","guid":{"rendered":"https:\/\/urolaturismoa.eus\/nature\/hernio\/"},"modified":"2021-07-09T12:46:34","modified_gmt":"2021-07-09T12:46:34","slug":"hernio","status":"publish","type":"page","link":"https:\/\/urolaturismoa.eus\/fr\/nature\/hernio\/","title":{"rendered":"Hernio"},"content":{"rendered":"<p>Les hauteurs de Hernio repr\u00e9sentent un des lieux les plus mythiques et embl\u00e9matiques du Guip\u00fazcoa, surnomm\u00e9 \u00ab\u00a0le balcon guipuzcoan\u00a0\u00bb. Site class\u00e9 Zone Sp\u00e9ciale de Conservation et int\u00e9gr\u00e9 au R\u00e9seau Natura 2000.<\/p>\n<blockquote>\n<p class=\"h4\">Ascension depuis la Trinchera<\/p>\n<p>Cette balade en montagne s\u2019\u00e9tend sur une distance de 3,4\u00a0km. Le point de d\u00e9part est situ\u00e9 au parc de la Trinchera.<\/p>\n<ul>\n<li>Difficult\u00e9\u00a0: facile<\/li>\n<li>Distance\u00a0: 3,4\u00a0km<\/li>\n<li>D\u00e9nivel\u00e9\u00a0: 310 m<\/li>\n<\/ul>\n<\/blockquote>\n<blockquote>\n<p class=\"h4\">Ascension Zelatun-Hernio<\/p>\n<p>Cette balade en montagne s\u2019\u00e9tend sur une distance de 1,2\u00a0km. Le point de d\u00e9part est situ\u00e9 aux cabanes de berger de Zelatun.<\/p>\n<ul>\n<li>Difficult\u00e9\u00a0: moyenne<\/li>\n<li>Distance\u00a0: 1,2\u00a0km<\/li>\n<li>D\u00e9nivel\u00e9\u00a0: 223\u00a0m<\/li>\n<\/ul>\n<\/blockquote>\n<blockquote>\n<p class=\"h4\">Hernio-Zelatun\u00a0: le carrefour des traditions basques.<\/p>\n<\/blockquote>\n<p><a class=\"pdf\" target=\"_blank\" href=\"https:\/\/urolaturismoa.eus\/wp-content\/uploads\/2021\/06\/Hernio-ING-FR.pdf\" rel=\"noopener\">T\u00e9l\u00e9charger la brochure<\/a><\/p>\n","protected":false},"excerpt":{"rendered":"<p>Les hauteurs de Hernio repr\u00e9sentent un des lieux les plus mythiques et embl\u00e9matiques du Guip\u00fazcoa, surnomm\u00e9 \u00ab\u00a0le balcon guipuzcoan\u00a0\u00bb. Site class\u00e9 Zone Sp\u00e9ciale de Conservation et int\u00e9gr\u00e9 au R\u00e9seau Natura 2000. Ascension depuis la Trinchera Cette balade en montagne s\u2019\u00e9tend sur une distance de 3,4\u00a0km. Le point de d\u00e9part est situ\u00e9 au parc de la [&hellip;]<\/p>\n","protected":false},"author":1,"featured_media":2521,"parent":2507,"menu_order":2,"comment_status":"closed","ping_status":"closed","template":"template-gurasoa.php","meta":{"_acf_changed":false,"footnotes":""},"class_list":["post-2520","page","type-page","status-publish","has-post-thumbnail","hentry"],"acf":[],"yoast_head":"<!-- This site is optimized with the Yoast SEO plugin v26.7 - https:\/\/yoast.com\/wordpress\/plugins\/seo\/ -->\n<title>Hernio, le balcon du Guip\u00fazcoa, Pays Basque | Urola Turismoa<\/title>\n<meta name=\"robots\" content=\"index, follow, max-snippet:-1, max-image-preview:large, max-video-preview:-1\" \/>\n<link rel=\"canonical\" href=\"https:\/\/urolaturismoa.eus\/fr\/nature\/hernio\/\" \/>\n<meta property=\"og:locale\" content=\"fr_FR\" \/>\n<meta property=\"og:type\" content=\"article\" \/>\n<meta property=\"og:title\" content=\"Hernio, le balcon du Guip\u00fazcoa, Pays Basque | Urola Turismoa\" \/>\n<meta property=\"og:description\" content=\"Les hauteurs de Hernio repr\u00e9sentent un des lieux les plus mythiques et embl\u00e9matiques du Guip\u00fazcoa, surnomm\u00e9 \u00ab\u00a0le balcon guipuzcoan\u00a0\u00bb. Site class\u00e9 Zone Sp\u00e9ciale de Conservation et int\u00e9gr\u00e9 au R\u00e9seau Natura 2000. Ascension depuis la Trinchera Cette balade en montagne s\u2019\u00e9tend sur une distance de 3,4\u00a0km. Le point de d\u00e9part est situ\u00e9 au parc de la [&hellip;]\" \/>\n<meta property=\"og:url\" content=\"https:\/\/urolaturismoa.eus\/fr\/nature\/hernio\/\" \/>\n<meta property=\"og:site_name\" content=\"Urola Turismoa\" \/>\n<meta property=\"article:modified_time\" content=\"2021-07-09T12:46:34+00:00\" \/>\n<meta property=\"og:image\" content=\"https:\/\/urolaturismoa.eus\/wp-content\/uploads\/2021\/06\/Hernio-2-scaled.jpg\" \/>\n\t<meta property=\"og:image:width\" content=\"2560\" \/>\n\t<meta property=\"og:image:height\" content=\"1709\" \/>\n\t<meta property=\"og:image:type\" content=\"image\/jpeg\" \/>\n<meta name=\"twitter:card\" content=\"summary_large_image\" \/>\n<meta name=\"twitter:label1\" content=\"Dur\u00e9e de lecture estim\u00e9e\" \/>\n\t<meta name=\"twitter:data1\" content=\"1 minute\" \/>\n<script type=\"application\/ld+json\" class=\"yoast-schema-graph\">{\"@context\":\"https:\/\/schema.org\",\"@graph\":[{\"@type\":\"WebPage\",\"@id\":\"https:\/\/urolaturismoa.eus\/fr\/nature\/hernio\/\",\"url\":\"https:\/\/urolaturismoa.eus\/fr\/nature\/hernio\/\",\"name\":\"Hernio, le balcon du Guip\u00fazcoa, Pays Basque | Urola Turismoa\",\"isPartOf\":{\"@id\":\"https:\/\/urolaturismoa.eus\/fr\/#website\"},\"primaryImageOfPage\":{\"@id\":\"https:\/\/urolaturismoa.eus\/fr\/nature\/hernio\/#primaryimage\"},\"image\":{\"@id\":\"https:\/\/urolaturismoa.eus\/fr\/nature\/hernio\/#primaryimage\"},\"thumbnailUrl\":\"https:\/\/urolaturismoa.eus\/wp-content\/uploads\/2021\/06\/Hernio-2-scaled.jpg\",\"datePublished\":\"2021-06-10T10:10:48+00:00\",\"dateModified\":\"2021-07-09T12:46:34+00:00\",\"breadcrumb\":{\"@id\":\"https:\/\/urolaturismoa.eus\/fr\/nature\/hernio\/#breadcrumb\"},\"inLanguage\":\"fr-FR\",\"potentialAction\":[{\"@type\":\"ReadAction\",\"target\":[\"https:\/\/urolaturismoa.eus\/fr\/nature\/hernio\/\"]}]},{\"@type\":\"ImageObject\",\"inLanguage\":\"fr-FR\",\"@id\":\"https:\/\/urolaturismoa.eus\/fr\/nature\/hernio\/#primaryimage\",\"url\":\"https:\/\/urolaturismoa.eus\/wp-content\/uploads\/2021\/06\/Hernio-2-scaled.jpg\",\"contentUrl\":\"https:\/\/urolaturismoa.eus\/wp-content\/uploads\/2021\/06\/Hernio-2-scaled.jpg\",\"width\":2560,\"height\":1709},{\"@type\":\"BreadcrumbList\",\"@id\":\"https:\/\/urolaturismoa.eus\/fr\/nature\/hernio\/#breadcrumb\",\"itemListElement\":[{\"@type\":\"ListItem\",\"position\":1,\"name\":\"Home\",\"item\":\"https:\/\/urolaturismoa.eus\/fr\/\"},{\"@type\":\"ListItem\",\"position\":2,\"name\":\"Nature\",\"item\":\"https:\/\/urolaturismoa.eus\/fr\/nature\/\"},{\"@type\":\"ListItem\",\"position\":3,\"name\":\"Hernio\"}]},{\"@type\":\"WebSite\",\"@id\":\"https:\/\/urolaturismoa.eus\/fr\/#website\",\"url\":\"https:\/\/urolaturismoa.eus\/fr\/\",\"name\":\"Urola Turismoa\",\"description\":\"Basque Country\",\"potentialAction\":[{\"@type\":\"SearchAction\",\"target\":{\"@type\":\"EntryPoint\",\"urlTemplate\":\"https:\/\/urolaturismoa.eus\/fr\/?s={search_term_string}\"},\"query-input\":{\"@type\":\"PropertyValueSpecification\",\"valueRequired\":true,\"valueName\":\"search_term_string\"}}],\"inLanguage\":\"fr-FR\"}]}<\/script>\n<!-- \/ Yoast SEO plugin. -->","yoast_head_json":{"title":"Hernio, le balcon du Guip\u00fazcoa, Pays Basque | Urola Turismoa","robots":{"index":"index","follow":"follow","max-snippet":"max-snippet:-1","max-image-preview":"max-image-preview:large","max-video-preview":"max-video-preview:-1"},"canonical":"https:\/\/urolaturismoa.eus\/fr\/nature\/hernio\/","og_locale":"fr_FR","og_type":"article","og_title":"Hernio, le balcon du Guip\u00fazcoa, Pays Basque | Urola Turismoa","og_description":"Les hauteurs de Hernio repr\u00e9sentent un des lieux les plus mythiques et embl\u00e9matiques du Guip\u00fazcoa, surnomm\u00e9 \u00ab\u00a0le balcon guipuzcoan\u00a0\u00bb. Site class\u00e9 Zone Sp\u00e9ciale de Conservation et int\u00e9gr\u00e9 au R\u00e9seau Natura 2000. Ascension depuis la Trinchera Cette balade en montagne s\u2019\u00e9tend sur une distance de 3,4\u00a0km. Le point de d\u00e9part est situ\u00e9 au parc de la [&hellip;]","og_url":"https:\/\/urolaturismoa.eus\/fr\/nature\/hernio\/","og_site_name":"Urola Turismoa","article_modified_time":"2021-07-09T12:46:34+00:00","og_image":[{"width":2560,"height":1709,"url":"https:\/\/urolaturismoa.eus\/wp-content\/uploads\/2021\/06\/Hernio-2-scaled.jpg","type":"image\/jpeg"}],"twitter_card":"summary_large_image","twitter_misc":{"Dur\u00e9e de lecture estim\u00e9e":"1 minute"},"schema":{"@context":"https:\/\/schema.org","@graph":[{"@type":"WebPage","@id":"https:\/\/urolaturismoa.eus\/fr\/nature\/hernio\/","url":"https:\/\/urolaturismoa.eus\/fr\/nature\/hernio\/","name":"Hernio, le balcon du Guip\u00fazcoa, Pays Basque | Urola Turismoa","isPartOf":{"@id":"https:\/\/urolaturismoa.eus\/fr\/#website"},"primaryImageOfPage":{"@id":"https:\/\/urolaturismoa.eus\/fr\/nature\/hernio\/#primaryimage"},"image":{"@id":"https:\/\/urolaturismoa.eus\/fr\/nature\/hernio\/#primaryimage"},"thumbnailUrl":"https:\/\/urolaturismoa.eus\/wp-content\/uploads\/2021\/06\/Hernio-2-scaled.jpg","datePublished":"2021-06-10T10:10:48+00:00","dateModified":"2021-07-09T12:46:34+00:00","breadcrumb":{"@id":"https:\/\/urolaturismoa.eus\/fr\/nature\/hernio\/#breadcrumb"},"inLanguage":"fr-FR","potentialAction":[{"@type":"ReadAction","target":["https:\/\/urolaturismoa.eus\/fr\/nature\/hernio\/"]}]},{"@type":"ImageObject","inLanguage":"fr-FR","@id":"https:\/\/urolaturismoa.eus\/fr\/nature\/hernio\/#primaryimage","url":"https:\/\/urolaturismoa.eus\/wp-content\/uploads\/2021\/06\/Hernio-2-scaled.jpg","contentUrl":"https:\/\/urolaturismoa.eus\/wp-content\/uploads\/2021\/06\/Hernio-2-scaled.jpg","width":2560,"height":1709},{"@type":"BreadcrumbList","@id":"https:\/\/urolaturismoa.eus\/fr\/nature\/hernio\/#breadcrumb","itemListElement":[{"@type":"ListItem","position":1,"name":"Home","item":"https:\/\/urolaturismoa.eus\/fr\/"},{"@type":"ListItem","position":2,"name":"Nature","item":"https:\/\/urolaturismoa.eus\/fr\/nature\/"},{"@type":"ListItem","position":3,"name":"Hernio"}]},{"@type":"WebSite","@id":"https:\/\/urolaturismoa.eus\/fr\/#website","url":"https:\/\/urolaturismoa.eus\/fr\/","name":"Urola Turismoa","description":"Basque Country","potentialAction":[{"@type":"SearchAction","target":{"@type":"EntryPoint","urlTemplate":"https:\/\/urolaturismoa.eus\/fr\/?s={search_term_string}"},"query-input":{"@type":"PropertyValueSpecification","valueRequired":true,"valueName":"search_term_string"}}],"inLanguage":"fr-FR"}]}},"_links":{"self":[{"href":"https:\/\/urolaturismoa.eus\/fr\/wp-json\/wp\/v2\/pages\/2520","targetHints":{"allow":["GET"]}}],"collection":[{"href":"https:\/\/urolaturismoa.eus\/fr\/wp-json\/wp\/v2\/pages"}],"about":[{"href":"https:\/\/urolaturismoa.eus\/fr\/wp-json\/wp\/v2\/types\/page"}],"author":[{"embeddable":true,"href":"https:\/\/urolaturismoa.eus\/fr\/wp-json\/wp\/v2\/users\/1"}],"replies":[{"embeddable":true,"href":"https:\/\/urolaturismoa.eus\/fr\/wp-json\/wp\/v2\/comments?post=2520"}],"version-history":[{"count":5,"href":"https:\/\/urolaturismoa.eus\/fr\/wp-json\/wp\/v2\/pages\/2520\/revisions"}],"predecessor-version":[{"id":2890,"href":"https:\/\/urolaturismoa.eus\/fr\/wp-json\/wp\/v2\/pages\/2520\/revisions\/2890"}],"up":[{"embeddable":true,"href":"https:\/\/urolaturismoa.eus\/fr\/wp-json\/wp\/v2\/pages\/2507"}],"wp:featuredmedia":[{"embeddable":true,"href":"https:\/\/urolaturismoa.eus\/fr\/wp-json\/wp\/v2\/media\/2521"}],"wp:attachment":[{"href":"https:\/\/urolaturismoa.eus\/fr\/wp-json\/wp\/v2\/media?parent=2520"}],"curies":[{"name":"wp","href":"https:\/\/api.w.org\/{rel}","templated":true}]}}