{"id":2512,"date":"2021-05-21T12:23:09","date_gmt":"2021-05-21T12:23:09","guid":{"rendered":"https:\/\/urolaturismoa.eus\/nature\/izarraitz\/"},"modified":"2021-07-06T08:51:28","modified_gmt":"2021-07-06T08:51:28","slug":"izarraitz","status":"publish","type":"page","link":"https:\/\/urolaturismoa.eus\/fr\/nature\/izarraitz\/","title":{"rendered":"Izarraitz"},"content":{"rendered":"<p>Ce milieu naturel d\u2019une beaut\u00e9 ind\u00e9niable ravira les amoureux de la montagne et de la nature. La cha\u00eene de montagnes d\u00e9sign\u00e9e Zone Sp\u00e9ciale de Conservation (ZSC) nous invite \u00e0 r\u00e9aliser des ascensions de sommets en empruntant diff\u00e9rents itin\u00e9raires. Vous aurez le plaisir de passer la nuit au refuge de Xoxote, l\u2019un des rares dans le Guip\u00fazcoa, mais \u00e9galement de prendre un bon repas.<\/p>\n<p><a class=\"pdf\" tagert=\"_blank\" href=\"https:\/\/urolaturismoa.eus\/wp-content\/uploads\/2021\/06\/IZARRAITZ-2020-mapa-traz.pdf\">T\u00e9l\u00e9charger la brochure<\/a><\/p>\n<p><img loading=\"lazy\" decoding=\"async\" src=\"https:\/\/urolaturismoa.eus\/wp-content\/uploads\/2021\/06\/Xoxote-aterpetxea-mendi-ibiliak-izarraitzen-urolaturismoa-natura.jpg\" alt=\"Xoxote aterpetxea mendi ibiliak izarraitzen - urolaturismoa natura\" width=\"2000\" height=\"1333\" class=\"alignnone size-full wp-image-1437\" srcset=\"https:\/\/urolaturismoa.eus\/wp-content\/uploads\/2021\/06\/Xoxote-aterpetxea-mendi-ibiliak-izarraitzen-urolaturismoa-natura.jpg 2000w, https:\/\/urolaturismoa.eus\/wp-content\/uploads\/2021\/06\/Xoxote-aterpetxea-mendi-ibiliak-izarraitzen-urolaturismoa-natura-300x200.jpg 300w, https:\/\/urolaturismoa.eus\/wp-content\/uploads\/2021\/06\/Xoxote-aterpetxea-mendi-ibiliak-izarraitzen-urolaturismoa-natura-1024x682.jpg 1024w, https:\/\/urolaturismoa.eus\/wp-content\/uploads\/2021\/06\/Xoxote-aterpetxea-mendi-ibiliak-izarraitzen-urolaturismoa-natura-768x512.jpg 768w, https:\/\/urolaturismoa.eus\/wp-content\/uploads\/2021\/06\/Xoxote-aterpetxea-mendi-ibiliak-izarraitzen-urolaturismoa-natura-1536x1024.jpg 1536w\" sizes=\"auto, (max-width: 2000px) 100vw, 2000px\" \/><\/p>\n","protected":false},"excerpt":{"rendered":"<p>Ce milieu naturel d\u2019une beaut\u00e9 ind\u00e9niable ravira les amoureux de la montagne et de la nature. La cha\u00eene de montagnes d\u00e9sign\u00e9e Zone Sp\u00e9ciale de Conservation (ZSC) nous invite \u00e0 r\u00e9aliser des ascensions de sommets en empruntant diff\u00e9rents itin\u00e9raires. Vous aurez le plaisir de passer la nuit au refuge de Xoxote, l\u2019un des rares dans le [&hellip;]<\/p>\n","protected":false},"author":1,"featured_media":2514,"parent":2507,"menu_order":0,"comment_status":"closed","ping_status":"closed","template":"template-gurasoa.php","meta":{"_acf_changed":false,"footnotes":""},"class_list":["post-2512","page","type-page","status-publish","has-post-thumbnail","hentry"],"acf":[],"yoast_head":"<!-- This site is optimized with the Yoast SEO plugin v26.7 - https:\/\/yoast.com\/wordpress\/plugins\/seo\/ -->\n<title>Izarraitz, boucle et ascension au belv\u00e9d\u00e8re de la vall\u00e9e | Urola Turismoa<\/title>\n<meta name=\"robots\" content=\"index, follow, max-snippet:-1, max-image-preview:large, max-video-preview:-1\" \/>\n<link rel=\"canonical\" href=\"https:\/\/urolaturismoa.eus\/fr\/nature\/izarraitz\/\" \/>\n<meta property=\"og:locale\" content=\"fr_FR\" \/>\n<meta property=\"og:type\" content=\"article\" \/>\n<meta property=\"og:title\" content=\"Izarraitz, boucle et ascension au belv\u00e9d\u00e8re de la vall\u00e9e | Urola Turismoa\" \/>\n<meta property=\"og:description\" content=\"Ce milieu naturel d\u2019une beaut\u00e9 ind\u00e9niable ravira les amoureux de la montagne et de la nature. La cha\u00eene de montagnes d\u00e9sign\u00e9e Zone Sp\u00e9ciale de Conservation (ZSC) nous invite \u00e0 r\u00e9aliser des ascensions de sommets en empruntant diff\u00e9rents itin\u00e9raires. Vous aurez le plaisir de passer la nuit au refuge de Xoxote, l\u2019un des rares dans le [&hellip;]\" \/>\n<meta property=\"og:url\" content=\"https:\/\/urolaturismoa.eus\/fr\/nature\/izarraitz\/\" \/>\n<meta property=\"og:site_name\" content=\"Urola Turismoa\" \/>\n<meta property=\"article:modified_time\" content=\"2021-07-06T08:51:28+00:00\" \/>\n<meta property=\"og:image\" content=\"https:\/\/urolaturismoa.eus\/wp-content\/uploads\/2021\/06\/Erlotik-irudia-mendi-ibiliak-izarraitzen-plana-urolaturismoa.jpg\" \/>\n\t<meta property=\"og:image:width\" content=\"1323\" \/>\n\t<meta property=\"og:image:height\" content=\"882\" \/>\n\t<meta property=\"og:image:type\" content=\"image\/jpeg\" \/>\n<meta name=\"twitter:card\" content=\"summary_large_image\" \/>\n<script type=\"application\/ld+json\" class=\"yoast-schema-graph\">{\"@context\":\"https:\/\/schema.org\",\"@graph\":[{\"@type\":\"WebPage\",\"@id\":\"https:\/\/urolaturismoa.eus\/fr\/nature\/izarraitz\/\",\"url\":\"https:\/\/urolaturismoa.eus\/fr\/nature\/izarraitz\/\",\"name\":\"Izarraitz, boucle et ascension au belv\u00e9d\u00e8re de la vall\u00e9e | Urola Turismoa\",\"isPartOf\":{\"@id\":\"https:\/\/urolaturismoa.eus\/fr\/#website\"},\"primaryImageOfPage\":{\"@id\":\"https:\/\/urolaturismoa.eus\/fr\/nature\/izarraitz\/#primaryimage\"},\"image\":{\"@id\":\"https:\/\/urolaturismoa.eus\/fr\/nature\/izarraitz\/#primaryimage\"},\"thumbnailUrl\":\"https:\/\/urolaturismoa.eus\/wp-content\/uploads\/2021\/06\/Erlotik-irudia-mendi-ibiliak-izarraitzen-plana-urolaturismoa.jpg\",\"datePublished\":\"2021-05-21T12:23:09+00:00\",\"dateModified\":\"2021-07-06T08:51:28+00:00\",\"breadcrumb\":{\"@id\":\"https:\/\/urolaturismoa.eus\/fr\/nature\/izarraitz\/#breadcrumb\"},\"inLanguage\":\"fr-FR\",\"potentialAction\":[{\"@type\":\"ReadAction\",\"target\":[\"https:\/\/urolaturismoa.eus\/fr\/nature\/izarraitz\/\"]}]},{\"@type\":\"ImageObject\",\"inLanguage\":\"fr-FR\",\"@id\":\"https:\/\/urolaturismoa.eus\/fr\/nature\/izarraitz\/#primaryimage\",\"url\":\"https:\/\/urolaturismoa.eus\/wp-content\/uploads\/2021\/06\/Erlotik-irudia-mendi-ibiliak-izarraitzen-plana-urolaturismoa.jpg\",\"contentUrl\":\"https:\/\/urolaturismoa.eus\/wp-content\/uploads\/2021\/06\/Erlotik-irudia-mendi-ibiliak-izarraitzen-plana-urolaturismoa.jpg\",\"width\":1323,\"height\":882},{\"@type\":\"BreadcrumbList\",\"@id\":\"https:\/\/urolaturismoa.eus\/fr\/nature\/izarraitz\/#breadcrumb\",\"itemListElement\":[{\"@type\":\"ListItem\",\"position\":1,\"name\":\"Home\",\"item\":\"https:\/\/urolaturismoa.eus\/fr\/\"},{\"@type\":\"ListItem\",\"position\":2,\"name\":\"Nature\",\"item\":\"https:\/\/urolaturismoa.eus\/fr\/nature\/\"},{\"@type\":\"ListItem\",\"position\":3,\"name\":\"Izarraitz\"}]},{\"@type\":\"WebSite\",\"@id\":\"https:\/\/urolaturismoa.eus\/fr\/#website\",\"url\":\"https:\/\/urolaturismoa.eus\/fr\/\",\"name\":\"Urola Turismoa\",\"description\":\"Basque Country\",\"potentialAction\":[{\"@type\":\"SearchAction\",\"target\":{\"@type\":\"EntryPoint\",\"urlTemplate\":\"https:\/\/urolaturismoa.eus\/fr\/?s={search_term_string}\"},\"query-input\":{\"@type\":\"PropertyValueSpecification\",\"valueRequired\":true,\"valueName\":\"search_term_string\"}}],\"inLanguage\":\"fr-FR\"}]}<\/script>\n<!-- \/ Yoast SEO plugin. -->","yoast_head_json":{"title":"Izarraitz, boucle et ascension au belv\u00e9d\u00e8re de la vall\u00e9e | Urola Turismoa","robots":{"index":"index","follow":"follow","max-snippet":"max-snippet:-1","max-image-preview":"max-image-preview:large","max-video-preview":"max-video-preview:-1"},"canonical":"https:\/\/urolaturismoa.eus\/fr\/nature\/izarraitz\/","og_locale":"fr_FR","og_type":"article","og_title":"Izarraitz, boucle et ascension au belv\u00e9d\u00e8re de la vall\u00e9e | Urola Turismoa","og_description":"Ce milieu naturel d\u2019une beaut\u00e9 ind\u00e9niable ravira les amoureux de la montagne et de la nature. La cha\u00eene de montagnes d\u00e9sign\u00e9e Zone Sp\u00e9ciale de Conservation (ZSC) nous invite \u00e0 r\u00e9aliser des ascensions de sommets en empruntant diff\u00e9rents itin\u00e9raires. Vous aurez le plaisir de passer la nuit au refuge de Xoxote, l\u2019un des rares dans le [&hellip;]","og_url":"https:\/\/urolaturismoa.eus\/fr\/nature\/izarraitz\/","og_site_name":"Urola Turismoa","article_modified_time":"2021-07-06T08:51:28+00:00","og_image":[{"width":1323,"height":882,"url":"https:\/\/urolaturismoa.eus\/wp-content\/uploads\/2021\/06\/Erlotik-irudia-mendi-ibiliak-izarraitzen-plana-urolaturismoa.jpg","type":"image\/jpeg"}],"twitter_card":"summary_large_image","schema":{"@context":"https:\/\/schema.org","@graph":[{"@type":"WebPage","@id":"https:\/\/urolaturismoa.eus\/fr\/nature\/izarraitz\/","url":"https:\/\/urolaturismoa.eus\/fr\/nature\/izarraitz\/","name":"Izarraitz, boucle et ascension au belv\u00e9d\u00e8re de la vall\u00e9e | Urola Turismoa","isPartOf":{"@id":"https:\/\/urolaturismoa.eus\/fr\/#website"},"primaryImageOfPage":{"@id":"https:\/\/urolaturismoa.eus\/fr\/nature\/izarraitz\/#primaryimage"},"image":{"@id":"https:\/\/urolaturismoa.eus\/fr\/nature\/izarraitz\/#primaryimage"},"thumbnailUrl":"https:\/\/urolaturismoa.eus\/wp-content\/uploads\/2021\/06\/Erlotik-irudia-mendi-ibiliak-izarraitzen-plana-urolaturismoa.jpg","datePublished":"2021-05-21T12:23:09+00:00","dateModified":"2021-07-06T08:51:28+00:00","breadcrumb":{"@id":"https:\/\/urolaturismoa.eus\/fr\/nature\/izarraitz\/#breadcrumb"},"inLanguage":"fr-FR","potentialAction":[{"@type":"ReadAction","target":["https:\/\/urolaturismoa.eus\/fr\/nature\/izarraitz\/"]}]},{"@type":"ImageObject","inLanguage":"fr-FR","@id":"https:\/\/urolaturismoa.eus\/fr\/nature\/izarraitz\/#primaryimage","url":"https:\/\/urolaturismoa.eus\/wp-content\/uploads\/2021\/06\/Erlotik-irudia-mendi-ibiliak-izarraitzen-plana-urolaturismoa.jpg","contentUrl":"https:\/\/urolaturismoa.eus\/wp-content\/uploads\/2021\/06\/Erlotik-irudia-mendi-ibiliak-izarraitzen-plana-urolaturismoa.jpg","width":1323,"height":882},{"@type":"BreadcrumbList","@id":"https:\/\/urolaturismoa.eus\/fr\/nature\/izarraitz\/#breadcrumb","itemListElement":[{"@type":"ListItem","position":1,"name":"Home","item":"https:\/\/urolaturismoa.eus\/fr\/"},{"@type":"ListItem","position":2,"name":"Nature","item":"https:\/\/urolaturismoa.eus\/fr\/nature\/"},{"@type":"ListItem","position":3,"name":"Izarraitz"}]},{"@type":"WebSite","@id":"https:\/\/urolaturismoa.eus\/fr\/#website","url":"https:\/\/urolaturismoa.eus\/fr\/","name":"Urola Turismoa","description":"Basque Country","potentialAction":[{"@type":"SearchAction","target":{"@type":"EntryPoint","urlTemplate":"https:\/\/urolaturismoa.eus\/fr\/?s={search_term_string}"},"query-input":{"@type":"PropertyValueSpecification","valueRequired":true,"valueName":"search_term_string"}}],"inLanguage":"fr-FR"}]}},"_links":{"self":[{"href":"https:\/\/urolaturismoa.eus\/fr\/wp-json\/wp\/v2\/pages\/2512","targetHints":{"allow":["GET"]}}],"collection":[{"href":"https:\/\/urolaturismoa.eus\/fr\/wp-json\/wp\/v2\/pages"}],"about":[{"href":"https:\/\/urolaturismoa.eus\/fr\/wp-json\/wp\/v2\/types\/page"}],"author":[{"embeddable":true,"href":"https:\/\/urolaturismoa.eus\/fr\/wp-json\/wp\/v2\/users\/1"}],"replies":[{"embeddable":true,"href":"https:\/\/urolaturismoa.eus\/fr\/wp-json\/wp\/v2\/comments?post=2512"}],"version-history":[{"count":1,"href":"https:\/\/urolaturismoa.eus\/fr\/wp-json\/wp\/v2\/pages\/2512\/revisions"}],"predecessor-version":[{"id":2515,"href":"https:\/\/urolaturismoa.eus\/fr\/wp-json\/wp\/v2\/pages\/2512\/revisions\/2515"}],"up":[{"embeddable":true,"href":"https:\/\/urolaturismoa.eus\/fr\/wp-json\/wp\/v2\/pages\/2507"}],"wp:featuredmedia":[{"embeddable":true,"href":"https:\/\/urolaturismoa.eus\/fr\/wp-json\/wp\/v2\/media\/2514"}],"wp:attachment":[{"href":"https:\/\/urolaturismoa.eus\/fr\/wp-json\/wp\/v2\/media?parent=2512"}],"curies":[{"name":"wp","href":"https:\/\/api.w.org\/{rel}","templated":true}]}}