{"id":2507,"date":"2021-05-21T12:05:34","date_gmt":"2021-05-21T12:05:34","guid":{"rendered":"https:\/\/urolaturismoa.eus\/natura\/"},"modified":"2021-07-06T08:47:50","modified_gmt":"2021-07-06T08:47:50","slug":"nature","status":"publish","type":"page","link":"https:\/\/urolaturismoa.eus\/fr\/nature\/","title":{"rendered":"Nature"},"content":{"rendered":"<p>Les for\u00eats, prairies et montagnes, dont les sentiers et ascensions offrent la possibilit\u00e9 de pratiquer diverses activit\u00e9s \u00e0 l\u2019abri d\u2019Izarraitz et d\u2019Hernio, \u00e0 pied ou \u00e0 v\u00e9lo, occupent les alentours de la rivi\u00e8re Urola dans son harmonie particuli\u00e8re. Les multiples ressources naturelles de l\u2019endroit \u00e9veilleront vos cinq sens, tels les ar\u00f4mes exceptionnels de la pomme d\u2019Ibarbi ou encore les exp\u00e9riences dans les grottes des chauves-souris. En suivant le sens de la rivi\u00e8re, vous terminerez le parcours sur la c\u00f4te en rejoignant le g\u00e9oparc.<\/p>\n","protected":false},"excerpt":{"rendered":"<p>Les for\u00eats, prairies et montagnes, dont les sentiers et ascensions offrent la possibilit\u00e9 de pratiquer diverses activit\u00e9s \u00e0 l\u2019abri d\u2019Izarraitz et d\u2019Hernio, \u00e0 pied ou \u00e0 v\u00e9lo, occupent les alentours de la rivi\u00e8re Urola dans son harmonie particuli\u00e8re. Les multiples ressources naturelles de l\u2019endroit \u00e9veilleront vos cinq sens, tels les ar\u00f4mes exceptionnels de la pomme [&hellip;]<\/p>\n","protected":false},"author":1,"featured_media":2508,"parent":0,"menu_order":0,"comment_status":"closed","ping_status":"closed","template":"template-gurasoa.php","meta":{"_acf_changed":false,"footnotes":""},"class_list":["post-2507","page","type-page","status-publish","has-post-thumbnail","hentry"],"acf":[],"yoast_head":"<!-- This site is optimized with the Yoast SEO plugin v26.7 - https:\/\/yoast.com\/wordpress\/plugins\/seo\/ -->\n<title>Nature, les alentours de la rivi\u00e8re Urola | Urola Turismoa<\/title>\n<meta name=\"robots\" content=\"index, follow, max-snippet:-1, max-image-preview:large, max-video-preview:-1\" \/>\n<link rel=\"canonical\" href=\"https:\/\/urolaturismoa.eus\/fr\/nature\/\" \/>\n<meta property=\"og:locale\" content=\"fr_FR\" \/>\n<meta property=\"og:type\" content=\"article\" \/>\n<meta property=\"og:title\" content=\"Nature, les alentours de la rivi\u00e8re Urola | Urola Turismoa\" \/>\n<meta property=\"og:description\" content=\"Les for\u00eats, prairies et montagnes, dont les sentiers et ascensions offrent la possibilit\u00e9 de pratiquer diverses activit\u00e9s \u00e0 l\u2019abri d\u2019Izarraitz et d\u2019Hernio, \u00e0 pied ou \u00e0 v\u00e9lo, occupent les alentours de la rivi\u00e8re Urola dans son harmonie particuli\u00e8re. Les multiples ressources naturelles de l\u2019endroit \u00e9veilleront vos cinq sens, tels les ar\u00f4mes exceptionnels de la pomme [&hellip;]\" \/>\n<meta property=\"og:url\" content=\"https:\/\/urolaturismoa.eus\/fr\/nature\/\" \/>\n<meta property=\"og:site_name\" content=\"Urola Turismoa\" \/>\n<meta property=\"article:modified_time\" content=\"2021-07-06T08:47:50+00:00\" \/>\n<meta property=\"og:image\" content=\"https:\/\/urolaturismoa.eus\/wp-content\/uploads\/2021\/06\/GR-286-3.jpg\" \/>\n\t<meta property=\"og:image:width\" content=\"1440\" \/>\n\t<meta property=\"og:image:height\" content=\"1080\" \/>\n\t<meta property=\"og:image:type\" content=\"image\/jpeg\" \/>\n<meta name=\"twitter:card\" content=\"summary_large_image\" \/>\n<script type=\"application\/ld+json\" class=\"yoast-schema-graph\">{\"@context\":\"https:\/\/schema.org\",\"@graph\":[{\"@type\":\"WebPage\",\"@id\":\"https:\/\/urolaturismoa.eus\/fr\/nature\/\",\"url\":\"https:\/\/urolaturismoa.eus\/fr\/nature\/\",\"name\":\"Nature, les alentours de la rivi\u00e8re Urola | Urola Turismoa\",\"isPartOf\":{\"@id\":\"https:\/\/urolaturismoa.eus\/fr\/#website\"},\"primaryImageOfPage\":{\"@id\":\"https:\/\/urolaturismoa.eus\/fr\/nature\/#primaryimage\"},\"image\":{\"@id\":\"https:\/\/urolaturismoa.eus\/fr\/nature\/#primaryimage\"},\"thumbnailUrl\":\"https:\/\/urolaturismoa.eus\/wp-content\/uploads\/2021\/06\/GR-286-3.jpg\",\"datePublished\":\"2021-05-21T12:05:34+00:00\",\"dateModified\":\"2021-07-06T08:47:50+00:00\",\"breadcrumb\":{\"@id\":\"https:\/\/urolaturismoa.eus\/fr\/nature\/#breadcrumb\"},\"inLanguage\":\"fr-FR\",\"potentialAction\":[{\"@type\":\"ReadAction\",\"target\":[\"https:\/\/urolaturismoa.eus\/fr\/nature\/\"]}]},{\"@type\":\"ImageObject\",\"inLanguage\":\"fr-FR\",\"@id\":\"https:\/\/urolaturismoa.eus\/fr\/nature\/#primaryimage\",\"url\":\"https:\/\/urolaturismoa.eus\/wp-content\/uploads\/2021\/06\/GR-286-3.jpg\",\"contentUrl\":\"https:\/\/urolaturismoa.eus\/wp-content\/uploads\/2021\/06\/GR-286-3.jpg\",\"width\":1440,\"height\":1080},{\"@type\":\"BreadcrumbList\",\"@id\":\"https:\/\/urolaturismoa.eus\/fr\/nature\/#breadcrumb\",\"itemListElement\":[{\"@type\":\"ListItem\",\"position\":1,\"name\":\"Home\",\"item\":\"https:\/\/urolaturismoa.eus\/fr\/\"},{\"@type\":\"ListItem\",\"position\":2,\"name\":\"Nature\"}]},{\"@type\":\"WebSite\",\"@id\":\"https:\/\/urolaturismoa.eus\/fr\/#website\",\"url\":\"https:\/\/urolaturismoa.eus\/fr\/\",\"name\":\"Urola Turismoa\",\"description\":\"Basque Country\",\"potentialAction\":[{\"@type\":\"SearchAction\",\"target\":{\"@type\":\"EntryPoint\",\"urlTemplate\":\"https:\/\/urolaturismoa.eus\/fr\/?s={search_term_string}\"},\"query-input\":{\"@type\":\"PropertyValueSpecification\",\"valueRequired\":true,\"valueName\":\"search_term_string\"}}],\"inLanguage\":\"fr-FR\"}]}<\/script>\n<!-- \/ Yoast SEO plugin. -->","yoast_head_json":{"title":"Nature, les alentours de la rivi\u00e8re Urola | Urola Turismoa","robots":{"index":"index","follow":"follow","max-snippet":"max-snippet:-1","max-image-preview":"max-image-preview:large","max-video-preview":"max-video-preview:-1"},"canonical":"https:\/\/urolaturismoa.eus\/fr\/nature\/","og_locale":"fr_FR","og_type":"article","og_title":"Nature, les alentours de la rivi\u00e8re Urola | Urola Turismoa","og_description":"Les for\u00eats, prairies et montagnes, dont les sentiers et ascensions offrent la possibilit\u00e9 de pratiquer diverses activit\u00e9s \u00e0 l\u2019abri d\u2019Izarraitz et d\u2019Hernio, \u00e0 pied ou \u00e0 v\u00e9lo, occupent les alentours de la rivi\u00e8re Urola dans son harmonie particuli\u00e8re. Les multiples ressources naturelles de l\u2019endroit \u00e9veilleront vos cinq sens, tels les ar\u00f4mes exceptionnels de la pomme [&hellip;]","og_url":"https:\/\/urolaturismoa.eus\/fr\/nature\/","og_site_name":"Urola Turismoa","article_modified_time":"2021-07-06T08:47:50+00:00","og_image":[{"width":1440,"height":1080,"url":"https:\/\/urolaturismoa.eus\/wp-content\/uploads\/2021\/06\/GR-286-3.jpg","type":"image\/jpeg"}],"twitter_card":"summary_large_image","schema":{"@context":"https:\/\/schema.org","@graph":[{"@type":"WebPage","@id":"https:\/\/urolaturismoa.eus\/fr\/nature\/","url":"https:\/\/urolaturismoa.eus\/fr\/nature\/","name":"Nature, les alentours de la rivi\u00e8re Urola | Urola Turismoa","isPartOf":{"@id":"https:\/\/urolaturismoa.eus\/fr\/#website"},"primaryImageOfPage":{"@id":"https:\/\/urolaturismoa.eus\/fr\/nature\/#primaryimage"},"image":{"@id":"https:\/\/urolaturismoa.eus\/fr\/nature\/#primaryimage"},"thumbnailUrl":"https:\/\/urolaturismoa.eus\/wp-content\/uploads\/2021\/06\/GR-286-3.jpg","datePublished":"2021-05-21T12:05:34+00:00","dateModified":"2021-07-06T08:47:50+00:00","breadcrumb":{"@id":"https:\/\/urolaturismoa.eus\/fr\/nature\/#breadcrumb"},"inLanguage":"fr-FR","potentialAction":[{"@type":"ReadAction","target":["https:\/\/urolaturismoa.eus\/fr\/nature\/"]}]},{"@type":"ImageObject","inLanguage":"fr-FR","@id":"https:\/\/urolaturismoa.eus\/fr\/nature\/#primaryimage","url":"https:\/\/urolaturismoa.eus\/wp-content\/uploads\/2021\/06\/GR-286-3.jpg","contentUrl":"https:\/\/urolaturismoa.eus\/wp-content\/uploads\/2021\/06\/GR-286-3.jpg","width":1440,"height":1080},{"@type":"BreadcrumbList","@id":"https:\/\/urolaturismoa.eus\/fr\/nature\/#breadcrumb","itemListElement":[{"@type":"ListItem","position":1,"name":"Home","item":"https:\/\/urolaturismoa.eus\/fr\/"},{"@type":"ListItem","position":2,"name":"Nature"}]},{"@type":"WebSite","@id":"https:\/\/urolaturismoa.eus\/fr\/#website","url":"https:\/\/urolaturismoa.eus\/fr\/","name":"Urola Turismoa","description":"Basque Country","potentialAction":[{"@type":"SearchAction","target":{"@type":"EntryPoint","urlTemplate":"https:\/\/urolaturismoa.eus\/fr\/?s={search_term_string}"},"query-input":{"@type":"PropertyValueSpecification","valueRequired":true,"valueName":"search_term_string"}}],"inLanguage":"fr-FR"}]}},"_links":{"self":[{"href":"https:\/\/urolaturismoa.eus\/fr\/wp-json\/wp\/v2\/pages\/2507","targetHints":{"allow":["GET"]}}],"collection":[{"href":"https:\/\/urolaturismoa.eus\/fr\/wp-json\/wp\/v2\/pages"}],"about":[{"href":"https:\/\/urolaturismoa.eus\/fr\/wp-json\/wp\/v2\/types\/page"}],"author":[{"embeddable":true,"href":"https:\/\/urolaturismoa.eus\/fr\/wp-json\/wp\/v2\/users\/1"}],"replies":[{"embeddable":true,"href":"https:\/\/urolaturismoa.eus\/fr\/wp-json\/wp\/v2\/comments?post=2507"}],"version-history":[{"count":2,"href":"https:\/\/urolaturismoa.eus\/fr\/wp-json\/wp\/v2\/pages\/2507\/revisions"}],"predecessor-version":[{"id":2511,"href":"https:\/\/urolaturismoa.eus\/fr\/wp-json\/wp\/v2\/pages\/2507\/revisions\/2511"}],"wp:featuredmedia":[{"embeddable":true,"href":"https:\/\/urolaturismoa.eus\/fr\/wp-json\/wp\/v2\/media\/2508"}],"wp:attachment":[{"href":"https:\/\/urolaturismoa.eus\/fr\/wp-json\/wp\/v2\/media?parent=2507"}],"curies":[{"name":"wp","href":"https:\/\/api.w.org\/{rel}","templated":true}]}}