{"id":2500,"date":"2021-06-15T11:44:40","date_gmt":"2021-06-15T11:44:40","guid":{"rendered":"https:\/\/urolaturismoa.eus\/culture\/algorri-interpretazio-zentroa\/"},"modified":"2021-07-06T08:41:39","modified_gmt":"2021-07-06T08:41:39","slug":"centre-dinterpretation-algorri","status":"publish","type":"page","link":"https:\/\/urolaturismoa.eus\/fr\/culture\/centre-dinterpretation-algorri\/","title":{"rendered":"Centre d\u2019interpr\u00e9tation Algorri"},"content":{"rendered":"<p>Le centre d\u2019interpr\u00e9tation Algorri vous d\u00e9voilera tous les secrets que rec\u00e8le le flysch. L\u2019importance de l\u2019histoire g\u00e9ologique est associ\u00e9e \u00e0 l\u2019information de l\u2019exposition permanente locale, r\u00e9v\u00e9lant les caract\u00e9ristiques d\u2019autres \u00e9cosyst\u00e8mes.<\/p>\n<p>La possibilit\u00e9 est offerte de r\u00e9aliser des visites guid\u00e9es \u00e0 pied ou en bateau au travers d\u2019excursions.<\/p>\n<blockquote><p>Centre d\u2019interpr\u00e9tation Algorri<\/p>\n<ul>\n<li><a href=\"https:\/\/www.algorri.eus\/\" rel=\"noopener\" target=\"_blank\">www.algorri.eus<\/a><\/li>\n<li>+34 943 143 100<\/li>\n<li>info@algorri.eus<\/li>\n<\/ul>\n<\/blockquote>\n<p><img loading=\"lazy\" decoding=\"async\" src=\"https:\/\/urolaturismoa.eus\/wp-content\/uploads\/2021\/06\/Algorri-interpretazio-zentroa-urolaturismoa.jpg\" alt=\"Algorri interpretazio zentroa - urolaturismoa\" width=\"1024\" height=\"768\" class=\"alignnone size-full wp-image-1425\" srcset=\"https:\/\/urolaturismoa.eus\/wp-content\/uploads\/2021\/06\/Algorri-interpretazio-zentroa-urolaturismoa.jpg 1024w, https:\/\/urolaturismoa.eus\/wp-content\/uploads\/2021\/06\/Algorri-interpretazio-zentroa-urolaturismoa-300x225.jpg 300w, https:\/\/urolaturismoa.eus\/wp-content\/uploads\/2021\/06\/Algorri-interpretazio-zentroa-urolaturismoa-768x576.jpg 768w\" sizes=\"auto, (max-width: 1024px) 100vw, 1024px\" \/><\/p>\n","protected":false},"excerpt":{"rendered":"<p>Le centre d\u2019interpr\u00e9tation Algorri vous d\u00e9voilera tous les secrets que rec\u00e8le le flysch. L\u2019importance de l\u2019histoire g\u00e9ologique est associ\u00e9e \u00e0 l\u2019information de l\u2019exposition permanente locale, r\u00e9v\u00e9lant les caract\u00e9ristiques d\u2019autres \u00e9cosyst\u00e8mes. La possibilit\u00e9 est offerte de r\u00e9aliser des visites guid\u00e9es \u00e0 pied ou en bateau au travers d\u2019excursions. Centre d\u2019interpr\u00e9tation Algorri www.algorri.eus +34 943 143 100 [&hellip;]<\/p>\n","protected":false},"author":1,"featured_media":2339,"parent":2475,"menu_order":6,"comment_status":"closed","ping_status":"closed","template":"template-gurasoa.php","meta":{"_acf_changed":false,"footnotes":""},"class_list":["post-2500","page","type-page","status-publish","has-post-thumbnail","hentry"],"acf":[],"yoast_head":"<!-- This site is optimized with the Yoast SEO plugin v26.7 - https:\/\/yoast.com\/wordpress\/plugins\/seo\/ -->\n<title>Centre d\u2019interpr\u00e9tation Algorri - Flysch | Urola Turismoa<\/title>\n<meta name=\"robots\" content=\"index, follow, max-snippet:-1, max-image-preview:large, max-video-preview:-1\" \/>\n<link rel=\"canonical\" href=\"https:\/\/urolaturismoa.eus\/fr\/culture\/centre-dinterpretation-algorri\/\" \/>\n<meta property=\"og:locale\" content=\"fr_FR\" \/>\n<meta property=\"og:type\" content=\"article\" \/>\n<meta property=\"og:title\" content=\"Centre d\u2019interpr\u00e9tation Algorri - Flysch | Urola Turismoa\" \/>\n<meta property=\"og:description\" content=\"Le centre d\u2019interpr\u00e9tation Algorri vous d\u00e9voilera tous les secrets que rec\u00e8le le flysch. L\u2019importance de l\u2019histoire g\u00e9ologique est associ\u00e9e \u00e0 l\u2019information de l\u2019exposition permanente locale, r\u00e9v\u00e9lant les caract\u00e9ristiques d\u2019autres \u00e9cosyst\u00e8mes. La possibilit\u00e9 est offerte de r\u00e9aliser des visites guid\u00e9es \u00e0 pied ou en bateau au travers d\u2019excursions. Centre d\u2019interpr\u00e9tation Algorri www.algorri.eus +34 943 143 100 [&hellip;]\" \/>\n<meta property=\"og:url\" content=\"https:\/\/urolaturismoa.eus\/fr\/culture\/centre-dinterpretation-algorri\/\" \/>\n<meta property=\"og:site_name\" content=\"Urola Turismoa\" \/>\n<meta property=\"article:modified_time\" content=\"2021-07-06T08:41:39+00:00\" \/>\n<meta property=\"og:image\" content=\"https:\/\/urolaturismoa.eus\/wp-content\/uploads\/2021\/06\/Zumaia-herriko-argazkia-2-urolaturismoa.jpg\" \/>\n\t<meta property=\"og:image:width\" content=\"2000\" \/>\n\t<meta property=\"og:image:height\" content=\"1333\" \/>\n\t<meta property=\"og:image:type\" content=\"image\/jpeg\" \/>\n<meta name=\"twitter:card\" content=\"summary_large_image\" \/>\n<script type=\"application\/ld+json\" class=\"yoast-schema-graph\">{\"@context\":\"https:\/\/schema.org\",\"@graph\":[{\"@type\":\"WebPage\",\"@id\":\"https:\/\/urolaturismoa.eus\/fr\/culture\/centre-dinterpretation-algorri\/\",\"url\":\"https:\/\/urolaturismoa.eus\/fr\/culture\/centre-dinterpretation-algorri\/\",\"name\":\"Centre d\u2019interpr\u00e9tation Algorri - Flysch | Urola Turismoa\",\"isPartOf\":{\"@id\":\"https:\/\/urolaturismoa.eus\/fr\/#website\"},\"primaryImageOfPage\":{\"@id\":\"https:\/\/urolaturismoa.eus\/fr\/culture\/centre-dinterpretation-algorri\/#primaryimage\"},\"image\":{\"@id\":\"https:\/\/urolaturismoa.eus\/fr\/culture\/centre-dinterpretation-algorri\/#primaryimage\"},\"thumbnailUrl\":\"https:\/\/urolaturismoa.eus\/wp-content\/uploads\/2021\/06\/Zumaia-herriko-argazkia-2-urolaturismoa.jpg\",\"datePublished\":\"2021-06-15T11:44:40+00:00\",\"dateModified\":\"2021-07-06T08:41:39+00:00\",\"breadcrumb\":{\"@id\":\"https:\/\/urolaturismoa.eus\/fr\/culture\/centre-dinterpretation-algorri\/#breadcrumb\"},\"inLanguage\":\"fr-FR\",\"potentialAction\":[{\"@type\":\"ReadAction\",\"target\":[\"https:\/\/urolaturismoa.eus\/fr\/culture\/centre-dinterpretation-algorri\/\"]}]},{\"@type\":\"ImageObject\",\"inLanguage\":\"fr-FR\",\"@id\":\"https:\/\/urolaturismoa.eus\/fr\/culture\/centre-dinterpretation-algorri\/#primaryimage\",\"url\":\"https:\/\/urolaturismoa.eus\/wp-content\/uploads\/2021\/06\/Zumaia-herriko-argazkia-2-urolaturismoa.jpg\",\"contentUrl\":\"https:\/\/urolaturismoa.eus\/wp-content\/uploads\/2021\/06\/Zumaia-herriko-argazkia-2-urolaturismoa.jpg\",\"width\":2000,\"height\":1333},{\"@type\":\"BreadcrumbList\",\"@id\":\"https:\/\/urolaturismoa.eus\/fr\/culture\/centre-dinterpretation-algorri\/#breadcrumb\",\"itemListElement\":[{\"@type\":\"ListItem\",\"position\":1,\"name\":\"Home\",\"item\":\"https:\/\/urolaturismoa.eus\/fr\/\"},{\"@type\":\"ListItem\",\"position\":2,\"name\":\"Culture\",\"item\":\"https:\/\/urolaturismoa.eus\/fr\/culture\/\"},{\"@type\":\"ListItem\",\"position\":3,\"name\":\"Centre d\u2019interpr\u00e9tation Algorri\"}]},{\"@type\":\"WebSite\",\"@id\":\"https:\/\/urolaturismoa.eus\/fr\/#website\",\"url\":\"https:\/\/urolaturismoa.eus\/fr\/\",\"name\":\"Urola Turismoa\",\"description\":\"Basque Country\",\"potentialAction\":[{\"@type\":\"SearchAction\",\"target\":{\"@type\":\"EntryPoint\",\"urlTemplate\":\"https:\/\/urolaturismoa.eus\/fr\/?s={search_term_string}\"},\"query-input\":{\"@type\":\"PropertyValueSpecification\",\"valueRequired\":true,\"valueName\":\"search_term_string\"}}],\"inLanguage\":\"fr-FR\"}]}<\/script>\n<!-- \/ Yoast SEO plugin. -->","yoast_head_json":{"title":"Centre d\u2019interpr\u00e9tation Algorri - Flysch | Urola Turismoa","robots":{"index":"index","follow":"follow","max-snippet":"max-snippet:-1","max-image-preview":"max-image-preview:large","max-video-preview":"max-video-preview:-1"},"canonical":"https:\/\/urolaturismoa.eus\/fr\/culture\/centre-dinterpretation-algorri\/","og_locale":"fr_FR","og_type":"article","og_title":"Centre d\u2019interpr\u00e9tation Algorri - Flysch | Urola Turismoa","og_description":"Le centre d\u2019interpr\u00e9tation Algorri vous d\u00e9voilera tous les secrets que rec\u00e8le le flysch. L\u2019importance de l\u2019histoire g\u00e9ologique est associ\u00e9e \u00e0 l\u2019information de l\u2019exposition permanente locale, r\u00e9v\u00e9lant les caract\u00e9ristiques d\u2019autres \u00e9cosyst\u00e8mes. La possibilit\u00e9 est offerte de r\u00e9aliser des visites guid\u00e9es \u00e0 pied ou en bateau au travers d\u2019excursions. Centre d\u2019interpr\u00e9tation Algorri www.algorri.eus +34 943 143 100 [&hellip;]","og_url":"https:\/\/urolaturismoa.eus\/fr\/culture\/centre-dinterpretation-algorri\/","og_site_name":"Urola Turismoa","article_modified_time":"2021-07-06T08:41:39+00:00","og_image":[{"width":2000,"height":1333,"url":"https:\/\/urolaturismoa.eus\/wp-content\/uploads\/2021\/06\/Zumaia-herriko-argazkia-2-urolaturismoa.jpg","type":"image\/jpeg"}],"twitter_card":"summary_large_image","schema":{"@context":"https:\/\/schema.org","@graph":[{"@type":"WebPage","@id":"https:\/\/urolaturismoa.eus\/fr\/culture\/centre-dinterpretation-algorri\/","url":"https:\/\/urolaturismoa.eus\/fr\/culture\/centre-dinterpretation-algorri\/","name":"Centre d\u2019interpr\u00e9tation Algorri - Flysch | Urola Turismoa","isPartOf":{"@id":"https:\/\/urolaturismoa.eus\/fr\/#website"},"primaryImageOfPage":{"@id":"https:\/\/urolaturismoa.eus\/fr\/culture\/centre-dinterpretation-algorri\/#primaryimage"},"image":{"@id":"https:\/\/urolaturismoa.eus\/fr\/culture\/centre-dinterpretation-algorri\/#primaryimage"},"thumbnailUrl":"https:\/\/urolaturismoa.eus\/wp-content\/uploads\/2021\/06\/Zumaia-herriko-argazkia-2-urolaturismoa.jpg","datePublished":"2021-06-15T11:44:40+00:00","dateModified":"2021-07-06T08:41:39+00:00","breadcrumb":{"@id":"https:\/\/urolaturismoa.eus\/fr\/culture\/centre-dinterpretation-algorri\/#breadcrumb"},"inLanguage":"fr-FR","potentialAction":[{"@type":"ReadAction","target":["https:\/\/urolaturismoa.eus\/fr\/culture\/centre-dinterpretation-algorri\/"]}]},{"@type":"ImageObject","inLanguage":"fr-FR","@id":"https:\/\/urolaturismoa.eus\/fr\/culture\/centre-dinterpretation-algorri\/#primaryimage","url":"https:\/\/urolaturismoa.eus\/wp-content\/uploads\/2021\/06\/Zumaia-herriko-argazkia-2-urolaturismoa.jpg","contentUrl":"https:\/\/urolaturismoa.eus\/wp-content\/uploads\/2021\/06\/Zumaia-herriko-argazkia-2-urolaturismoa.jpg","width":2000,"height":1333},{"@type":"BreadcrumbList","@id":"https:\/\/urolaturismoa.eus\/fr\/culture\/centre-dinterpretation-algorri\/#breadcrumb","itemListElement":[{"@type":"ListItem","position":1,"name":"Home","item":"https:\/\/urolaturismoa.eus\/fr\/"},{"@type":"ListItem","position":2,"name":"Culture","item":"https:\/\/urolaturismoa.eus\/fr\/culture\/"},{"@type":"ListItem","position":3,"name":"Centre d\u2019interpr\u00e9tation Algorri"}]},{"@type":"WebSite","@id":"https:\/\/urolaturismoa.eus\/fr\/#website","url":"https:\/\/urolaturismoa.eus\/fr\/","name":"Urola Turismoa","description":"Basque Country","potentialAction":[{"@type":"SearchAction","target":{"@type":"EntryPoint","urlTemplate":"https:\/\/urolaturismoa.eus\/fr\/?s={search_term_string}"},"query-input":{"@type":"PropertyValueSpecification","valueRequired":true,"valueName":"search_term_string"}}],"inLanguage":"fr-FR"}]}},"_links":{"self":[{"href":"https:\/\/urolaturismoa.eus\/fr\/wp-json\/wp\/v2\/pages\/2500","targetHints":{"allow":["GET"]}}],"collection":[{"href":"https:\/\/urolaturismoa.eus\/fr\/wp-json\/wp\/v2\/pages"}],"about":[{"href":"https:\/\/urolaturismoa.eus\/fr\/wp-json\/wp\/v2\/types\/page"}],"author":[{"embeddable":true,"href":"https:\/\/urolaturismoa.eus\/fr\/wp-json\/wp\/v2\/users\/1"}],"replies":[{"embeddable":true,"href":"https:\/\/urolaturismoa.eus\/fr\/wp-json\/wp\/v2\/comments?post=2500"}],"version-history":[{"count":2,"href":"https:\/\/urolaturismoa.eus\/fr\/wp-json\/wp\/v2\/pages\/2500\/revisions"}],"predecessor-version":[{"id":2505,"href":"https:\/\/urolaturismoa.eus\/fr\/wp-json\/wp\/v2\/pages\/2500\/revisions\/2505"}],"up":[{"embeddable":true,"href":"https:\/\/urolaturismoa.eus\/fr\/wp-json\/wp\/v2\/pages\/2475"}],"wp:featuredmedia":[{"embeddable":true,"href":"https:\/\/urolaturismoa.eus\/fr\/wp-json\/wp\/v2\/media\/2339"}],"wp:attachment":[{"href":"https:\/\/urolaturismoa.eus\/fr\/wp-json\/wp\/v2\/media?parent=2500"}],"curies":[{"name":"wp","href":"https:\/\/api.w.org\/{rel}","templated":true}]}}