{"id":2494,"date":"2021-06-15T11:43:03","date_gmt":"2021-06-15T11:43:03","guid":{"rendered":"https:\/\/urolaturismoa.eus\/culture\/ekoetxea\/"},"modified":"2021-07-06T08:38:08","modified_gmt":"2021-07-06T08:38:08","slug":"ekoetxea","status":"publish","type":"page","link":"https:\/\/urolaturismoa.eus\/fr\/culture\/ekoetxea\/","title":{"rendered":"Ekoetxea"},"content":{"rendered":"<p>Ekoetxea Azpeitia est un centre pionnier en \u00e9ducation \u00e0 l\u2019environnement dans la mesure o\u00f9 il a \u00e9t\u00e9 le premier \u00e9quipement du Pays Basque d\u00e9di\u00e9 \u00e0 cette fin. <\/p>\n<p>Il se trouve \u00e0 c\u00f4t\u00e9 des jardins de la basilique de Loyola et a pour objectif de faire d\u00e9couvrir et valoriser les ressources naturelles, ainsi que de sensibiliser, \u00e9duquer et encourager l\u2019action citoyenne en mati\u00e8re environnementale.<\/p>\n<p>Ekoetxea Azpeitia accueille en outre le parc naturel urbain Xaguxatar qui occupe une superficie de 1\u00a0800\u00a0m\u00b2. Sous un angle ludique et interactif, ses 6 sections informent sur les habitudes, caract\u00e9ristiques et habitats des chauves-souris.<\/p>\n<p><img loading=\"lazy\" decoding=\"async\" src=\"https:\/\/urolaturismoa.eus\/wp-content\/uploads\/2021\/06\/Ekoetxea-Azpeitia-1-irudia-urolaturismoa-kultura.jpg\" alt=\"Ekoetxea Azpeitia 1 irudia - urolaturismoa kultura\" width=\"1080\" height=\"715\" class=\"alignnone size-full wp-image-1418\" srcset=\"https:\/\/urolaturismoa.eus\/wp-content\/uploads\/2021\/06\/Ekoetxea-Azpeitia-1-irudia-urolaturismoa-kultura.jpg 1080w, https:\/\/urolaturismoa.eus\/wp-content\/uploads\/2021\/06\/Ekoetxea-Azpeitia-1-irudia-urolaturismoa-kultura-300x199.jpg 300w, https:\/\/urolaturismoa.eus\/wp-content\/uploads\/2021\/06\/Ekoetxea-Azpeitia-1-irudia-urolaturismoa-kultura-1024x678.jpg 1024w, https:\/\/urolaturismoa.eus\/wp-content\/uploads\/2021\/06\/Ekoetxea-Azpeitia-1-irudia-urolaturismoa-kultura-768x508.jpg 768w\" sizes=\"auto, (max-width: 1080px) 100vw, 1080px\" \/><\/p>\n","protected":false},"excerpt":{"rendered":"<p>Ekoetxea Azpeitia est un centre pionnier en \u00e9ducation \u00e0 l\u2019environnement dans la mesure o\u00f9 il a \u00e9t\u00e9 le premier \u00e9quipement du Pays Basque d\u00e9di\u00e9 \u00e0 cette fin. Il se trouve \u00e0 c\u00f4t\u00e9 des jardins de la basilique de Loyola et a pour objectif de faire d\u00e9couvrir et valoriser les ressources naturelles, ainsi que de sensibiliser, [&hellip;]<\/p>\n","protected":false},"author":1,"featured_media":2496,"parent":2475,"menu_order":5,"comment_status":"closed","ping_status":"closed","template":"template-gurasoa.php","meta":{"_acf_changed":false,"footnotes":""},"class_list":["post-2494","page","type-page","status-publish","has-post-thumbnail","hentry"],"acf":[],"yoast_head":"<!-- This site is optimized with the Yoast SEO plugin v26.7 - https:\/\/yoast.com\/wordpress\/plugins\/seo\/ -->\n<title>Ekoetxea, d\u00e9positaire et promoteur de la nature | Urola Turismoa<\/title>\n<meta name=\"robots\" content=\"index, follow, max-snippet:-1, max-image-preview:large, max-video-preview:-1\" \/>\n<link rel=\"canonical\" href=\"https:\/\/urolaturismoa.eus\/fr\/culture\/ekoetxea\/\" \/>\n<meta property=\"og:locale\" content=\"fr_FR\" \/>\n<meta property=\"og:type\" content=\"article\" \/>\n<meta property=\"og:title\" content=\"Ekoetxea, d\u00e9positaire et promoteur de la nature | Urola Turismoa\" \/>\n<meta property=\"og:description\" content=\"Ekoetxea Azpeitia est un centre pionnier en \u00e9ducation \u00e0 l\u2019environnement dans la mesure o\u00f9 il a \u00e9t\u00e9 le premier \u00e9quipement du Pays Basque d\u00e9di\u00e9 \u00e0 cette fin. Il se trouve \u00e0 c\u00f4t\u00e9 des jardins de la basilique de Loyola et a pour objectif de faire d\u00e9couvrir et valoriser les ressources naturelles, ainsi que de sensibiliser, [&hellip;]\" \/>\n<meta property=\"og:url\" content=\"https:\/\/urolaturismoa.eus\/fr\/culture\/ekoetxea\/\" \/>\n<meta property=\"og:site_name\" content=\"Urola Turismoa\" \/>\n<meta property=\"article:modified_time\" content=\"2021-07-06T08:38:08+00:00\" \/>\n<meta property=\"og:image\" content=\"https:\/\/urolaturismoa.eus\/wp-content\/uploads\/2021\/06\/eko-etxea-eta-xaguxatar-ibilbidea-plana-haurrekin-irudia-5-urolaturismoa-1.jpg\" \/>\n\t<meta property=\"og:image:width\" content=\"1500\" \/>\n\t<meta property=\"og:image:height\" content=\"844\" \/>\n\t<meta property=\"og:image:type\" content=\"image\/jpeg\" \/>\n<meta name=\"twitter:card\" content=\"summary_large_image\" \/>\n<meta name=\"twitter:label1\" content=\"Dur\u00e9e de lecture estim\u00e9e\" \/>\n\t<meta name=\"twitter:data1\" content=\"1 minute\" \/>\n<script type=\"application\/ld+json\" class=\"yoast-schema-graph\">{\"@context\":\"https:\/\/schema.org\",\"@graph\":[{\"@type\":\"WebPage\",\"@id\":\"https:\/\/urolaturismoa.eus\/fr\/culture\/ekoetxea\/\",\"url\":\"https:\/\/urolaturismoa.eus\/fr\/culture\/ekoetxea\/\",\"name\":\"Ekoetxea, d\u00e9positaire et promoteur de la nature | Urola Turismoa\",\"isPartOf\":{\"@id\":\"https:\/\/urolaturismoa.eus\/fr\/#website\"},\"primaryImageOfPage\":{\"@id\":\"https:\/\/urolaturismoa.eus\/fr\/culture\/ekoetxea\/#primaryimage\"},\"image\":{\"@id\":\"https:\/\/urolaturismoa.eus\/fr\/culture\/ekoetxea\/#primaryimage\"},\"thumbnailUrl\":\"https:\/\/urolaturismoa.eus\/wp-content\/uploads\/2021\/06\/eko-etxea-eta-xaguxatar-ibilbidea-plana-haurrekin-irudia-5-urolaturismoa-1.jpg\",\"datePublished\":\"2021-06-15T11:43:03+00:00\",\"dateModified\":\"2021-07-06T08:38:08+00:00\",\"breadcrumb\":{\"@id\":\"https:\/\/urolaturismoa.eus\/fr\/culture\/ekoetxea\/#breadcrumb\"},\"inLanguage\":\"fr-FR\",\"potentialAction\":[{\"@type\":\"ReadAction\",\"target\":[\"https:\/\/urolaturismoa.eus\/fr\/culture\/ekoetxea\/\"]}]},{\"@type\":\"ImageObject\",\"inLanguage\":\"fr-FR\",\"@id\":\"https:\/\/urolaturismoa.eus\/fr\/culture\/ekoetxea\/#primaryimage\",\"url\":\"https:\/\/urolaturismoa.eus\/wp-content\/uploads\/2021\/06\/eko-etxea-eta-xaguxatar-ibilbidea-plana-haurrekin-irudia-5-urolaturismoa-1.jpg\",\"contentUrl\":\"https:\/\/urolaturismoa.eus\/wp-content\/uploads\/2021\/06\/eko-etxea-eta-xaguxatar-ibilbidea-plana-haurrekin-irudia-5-urolaturismoa-1.jpg\",\"width\":1500,\"height\":844},{\"@type\":\"BreadcrumbList\",\"@id\":\"https:\/\/urolaturismoa.eus\/fr\/culture\/ekoetxea\/#breadcrumb\",\"itemListElement\":[{\"@type\":\"ListItem\",\"position\":1,\"name\":\"Home\",\"item\":\"https:\/\/urolaturismoa.eus\/fr\/\"},{\"@type\":\"ListItem\",\"position\":2,\"name\":\"Culture\",\"item\":\"https:\/\/urolaturismoa.eus\/fr\/culture\/\"},{\"@type\":\"ListItem\",\"position\":3,\"name\":\"Ekoetxea\"}]},{\"@type\":\"WebSite\",\"@id\":\"https:\/\/urolaturismoa.eus\/fr\/#website\",\"url\":\"https:\/\/urolaturismoa.eus\/fr\/\",\"name\":\"Urola Turismoa\",\"description\":\"Basque Country\",\"potentialAction\":[{\"@type\":\"SearchAction\",\"target\":{\"@type\":\"EntryPoint\",\"urlTemplate\":\"https:\/\/urolaturismoa.eus\/fr\/?s={search_term_string}\"},\"query-input\":{\"@type\":\"PropertyValueSpecification\",\"valueRequired\":true,\"valueName\":\"search_term_string\"}}],\"inLanguage\":\"fr-FR\"}]}<\/script>\n<!-- \/ Yoast SEO plugin. -->","yoast_head_json":{"title":"Ekoetxea, d\u00e9positaire et promoteur de la nature | Urola Turismoa","robots":{"index":"index","follow":"follow","max-snippet":"max-snippet:-1","max-image-preview":"max-image-preview:large","max-video-preview":"max-video-preview:-1"},"canonical":"https:\/\/urolaturismoa.eus\/fr\/culture\/ekoetxea\/","og_locale":"fr_FR","og_type":"article","og_title":"Ekoetxea, d\u00e9positaire et promoteur de la nature | Urola Turismoa","og_description":"Ekoetxea Azpeitia est un centre pionnier en \u00e9ducation \u00e0 l\u2019environnement dans la mesure o\u00f9 il a \u00e9t\u00e9 le premier \u00e9quipement du Pays Basque d\u00e9di\u00e9 \u00e0 cette fin. Il se trouve \u00e0 c\u00f4t\u00e9 des jardins de la basilique de Loyola et a pour objectif de faire d\u00e9couvrir et valoriser les ressources naturelles, ainsi que de sensibiliser, [&hellip;]","og_url":"https:\/\/urolaturismoa.eus\/fr\/culture\/ekoetxea\/","og_site_name":"Urola Turismoa","article_modified_time":"2021-07-06T08:38:08+00:00","og_image":[{"width":1500,"height":844,"url":"https:\/\/urolaturismoa.eus\/wp-content\/uploads\/2021\/06\/eko-etxea-eta-xaguxatar-ibilbidea-plana-haurrekin-irudia-5-urolaturismoa-1.jpg","type":"image\/jpeg"}],"twitter_card":"summary_large_image","twitter_misc":{"Dur\u00e9e de lecture estim\u00e9e":"1 minute"},"schema":{"@context":"https:\/\/schema.org","@graph":[{"@type":"WebPage","@id":"https:\/\/urolaturismoa.eus\/fr\/culture\/ekoetxea\/","url":"https:\/\/urolaturismoa.eus\/fr\/culture\/ekoetxea\/","name":"Ekoetxea, d\u00e9positaire et promoteur de la nature | Urola Turismoa","isPartOf":{"@id":"https:\/\/urolaturismoa.eus\/fr\/#website"},"primaryImageOfPage":{"@id":"https:\/\/urolaturismoa.eus\/fr\/culture\/ekoetxea\/#primaryimage"},"image":{"@id":"https:\/\/urolaturismoa.eus\/fr\/culture\/ekoetxea\/#primaryimage"},"thumbnailUrl":"https:\/\/urolaturismoa.eus\/wp-content\/uploads\/2021\/06\/eko-etxea-eta-xaguxatar-ibilbidea-plana-haurrekin-irudia-5-urolaturismoa-1.jpg","datePublished":"2021-06-15T11:43:03+00:00","dateModified":"2021-07-06T08:38:08+00:00","breadcrumb":{"@id":"https:\/\/urolaturismoa.eus\/fr\/culture\/ekoetxea\/#breadcrumb"},"inLanguage":"fr-FR","potentialAction":[{"@type":"ReadAction","target":["https:\/\/urolaturismoa.eus\/fr\/culture\/ekoetxea\/"]}]},{"@type":"ImageObject","inLanguage":"fr-FR","@id":"https:\/\/urolaturismoa.eus\/fr\/culture\/ekoetxea\/#primaryimage","url":"https:\/\/urolaturismoa.eus\/wp-content\/uploads\/2021\/06\/eko-etxea-eta-xaguxatar-ibilbidea-plana-haurrekin-irudia-5-urolaturismoa-1.jpg","contentUrl":"https:\/\/urolaturismoa.eus\/wp-content\/uploads\/2021\/06\/eko-etxea-eta-xaguxatar-ibilbidea-plana-haurrekin-irudia-5-urolaturismoa-1.jpg","width":1500,"height":844},{"@type":"BreadcrumbList","@id":"https:\/\/urolaturismoa.eus\/fr\/culture\/ekoetxea\/#breadcrumb","itemListElement":[{"@type":"ListItem","position":1,"name":"Home","item":"https:\/\/urolaturismoa.eus\/fr\/"},{"@type":"ListItem","position":2,"name":"Culture","item":"https:\/\/urolaturismoa.eus\/fr\/culture\/"},{"@type":"ListItem","position":3,"name":"Ekoetxea"}]},{"@type":"WebSite","@id":"https:\/\/urolaturismoa.eus\/fr\/#website","url":"https:\/\/urolaturismoa.eus\/fr\/","name":"Urola Turismoa","description":"Basque Country","potentialAction":[{"@type":"SearchAction","target":{"@type":"EntryPoint","urlTemplate":"https:\/\/urolaturismoa.eus\/fr\/?s={search_term_string}"},"query-input":{"@type":"PropertyValueSpecification","valueRequired":true,"valueName":"search_term_string"}}],"inLanguage":"fr-FR"}]}},"_links":{"self":[{"href":"https:\/\/urolaturismoa.eus\/fr\/wp-json\/wp\/v2\/pages\/2494","targetHints":{"allow":["GET"]}}],"collection":[{"href":"https:\/\/urolaturismoa.eus\/fr\/wp-json\/wp\/v2\/pages"}],"about":[{"href":"https:\/\/urolaturismoa.eus\/fr\/wp-json\/wp\/v2\/types\/page"}],"author":[{"embeddable":true,"href":"https:\/\/urolaturismoa.eus\/fr\/wp-json\/wp\/v2\/users\/1"}],"replies":[{"embeddable":true,"href":"https:\/\/urolaturismoa.eus\/fr\/wp-json\/wp\/v2\/comments?post=2494"}],"version-history":[{"count":2,"href":"https:\/\/urolaturismoa.eus\/fr\/wp-json\/wp\/v2\/pages\/2494\/revisions"}],"predecessor-version":[{"id":2503,"href":"https:\/\/urolaturismoa.eus\/fr\/wp-json\/wp\/v2\/pages\/2494\/revisions\/2503"}],"up":[{"embeddable":true,"href":"https:\/\/urolaturismoa.eus\/fr\/wp-json\/wp\/v2\/pages\/2475"}],"wp:featuredmedia":[{"embeddable":true,"href":"https:\/\/urolaturismoa.eus\/fr\/wp-json\/wp\/v2\/media\/2496"}],"wp:attachment":[{"href":"https:\/\/urolaturismoa.eus\/fr\/wp-json\/wp\/v2\/media?parent=2494"}],"curies":[{"name":"wp","href":"https:\/\/api.w.org\/{rel}","templated":true}]}}