{"id":2493,"date":"2021-06-15T11:42:21","date_gmt":"2021-06-15T11:42:21","guid":{"rendered":"https:\/\/urolaturismoa.eus\/culture\/lili-jauregia\/"},"modified":"2021-07-06T08:36:24","modified_gmt":"2021-07-06T08:36:24","slug":"palais-lili","status":"publish","type":"page","link":"https:\/\/urolaturismoa.eus\/fr\/culture\/palais-lili\/","title":{"rendered":"Palais Lili"},"content":{"rendered":"<p>Une occasion d\u2019appr\u00e9hender le Guip\u00fazcoa d\u2019il y a quatre si\u00e8cles \u00e0 travers une visite th\u00e9\u00e2tralis\u00e9e qui ne laisse personne indiff\u00e9rent. Le Palais m\u00e9di\u00e9val Lili accueille cette exp\u00e9rience, o\u00f9 l\u2019histoire prend vie, nous pla\u00e7ant \u00e0 l\u2019endroit m\u00eame des \u00e9v\u00e9nements du r\u00e9cit.<\/p>\n<p><img loading=\"lazy\" decoding=\"async\" src=\"https:\/\/urolaturismoa.eus\/wp-content\/uploads\/2021\/06\/Lilil-Jauregia-3.jpg\" alt=\"Lilil Jauregia irudia 3 - urolaturismoa kultura\" width=\"800\" height=\"533\" class=\"alignnone size-full wp-image-1412\" srcset=\"https:\/\/urolaturismoa.eus\/wp-content\/uploads\/2021\/06\/Lilil-Jauregia-3.jpg 800w, https:\/\/urolaturismoa.eus\/wp-content\/uploads\/2021\/06\/Lilil-Jauregia-3-300x200.jpg 300w, https:\/\/urolaturismoa.eus\/wp-content\/uploads\/2021\/06\/Lilil-Jauregia-3-768x512.jpg 768w\" sizes=\"auto, (max-width: 800px) 100vw, 800px\" \/><\/p>\n","protected":false},"excerpt":{"rendered":"<p>Une occasion d\u2019appr\u00e9hender le Guip\u00fazcoa d\u2019il y a quatre si\u00e8cles \u00e0 travers une visite th\u00e9\u00e2tralis\u00e9e qui ne laisse personne indiff\u00e9rent. Le Palais m\u00e9di\u00e9val Lili accueille cette exp\u00e9rience, o\u00f9 l\u2019histoire prend vie, nous pla\u00e7ant \u00e0 l\u2019endroit m\u00eame des \u00e9v\u00e9nements du r\u00e9cit.<\/p>\n","protected":false},"author":1,"featured_media":2288,"parent":2475,"menu_order":4,"comment_status":"closed","ping_status":"closed","template":"template-gurasoa.php","meta":{"_acf_changed":false,"footnotes":""},"class_list":["post-2493","page","type-page","status-publish","has-post-thumbnail","hentry"],"acf":[],"yoast_head":"<!-- This site is optimized with the Yoast SEO plugin v26.7 - https:\/\/yoast.com\/wordpress\/plugins\/seo\/ -->\n<title>Palais Lili, voyagez avec nous au Moyen \u00c2ge | Urola Turismoa<\/title>\n<meta name=\"robots\" content=\"index, follow, max-snippet:-1, max-image-preview:large, max-video-preview:-1\" \/>\n<link rel=\"canonical\" href=\"https:\/\/urolaturismoa.eus\/fr\/culture\/palais-lili\/\" \/>\n<meta property=\"og:locale\" content=\"fr_FR\" \/>\n<meta property=\"og:type\" content=\"article\" \/>\n<meta property=\"og:title\" content=\"Palais Lili, voyagez avec nous au Moyen \u00c2ge | Urola Turismoa\" \/>\n<meta property=\"og:description\" content=\"Une occasion d\u2019appr\u00e9hender le Guip\u00fazcoa d\u2019il y a quatre si\u00e8cles \u00e0 travers une visite th\u00e9\u00e2tralis\u00e9e qui ne laisse personne indiff\u00e9rent. Le Palais m\u00e9di\u00e9val Lili accueille cette exp\u00e9rience, o\u00f9 l\u2019histoire prend vie, nous pla\u00e7ant \u00e0 l\u2019endroit m\u00eame des \u00e9v\u00e9nements du r\u00e9cit.\" \/>\n<meta property=\"og:url\" content=\"https:\/\/urolaturismoa.eus\/fr\/culture\/palais-lili\/\" \/>\n<meta property=\"og:site_name\" content=\"Urola Turismoa\" \/>\n<meta property=\"article:modified_time\" content=\"2021-07-06T08:36:24+00:00\" \/>\n<meta property=\"og:image\" content=\"https:\/\/urolaturismoa.eus\/wp-content\/uploads\/2021\/06\/Lili-Jauregia-scaled.jpg\" \/>\n\t<meta property=\"og:image:width\" content=\"2560\" \/>\n\t<meta property=\"og:image:height\" content=\"1709\" \/>\n\t<meta property=\"og:image:type\" content=\"image\/jpeg\" \/>\n<meta name=\"twitter:card\" content=\"summary_large_image\" \/>\n<script type=\"application\/ld+json\" class=\"yoast-schema-graph\">{\"@context\":\"https:\/\/schema.org\",\"@graph\":[{\"@type\":\"WebPage\",\"@id\":\"https:\/\/urolaturismoa.eus\/fr\/culture\/palais-lili\/\",\"url\":\"https:\/\/urolaturismoa.eus\/fr\/culture\/palais-lili\/\",\"name\":\"Palais Lili, voyagez avec nous au Moyen \u00c2ge | Urola Turismoa\",\"isPartOf\":{\"@id\":\"https:\/\/urolaturismoa.eus\/fr\/#website\"},\"primaryImageOfPage\":{\"@id\":\"https:\/\/urolaturismoa.eus\/fr\/culture\/palais-lili\/#primaryimage\"},\"image\":{\"@id\":\"https:\/\/urolaturismoa.eus\/fr\/culture\/palais-lili\/#primaryimage\"},\"thumbnailUrl\":\"https:\/\/urolaturismoa.eus\/wp-content\/uploads\/2021\/06\/Lili-Jauregia-scaled.jpg\",\"datePublished\":\"2021-06-15T11:42:21+00:00\",\"dateModified\":\"2021-07-06T08:36:24+00:00\",\"breadcrumb\":{\"@id\":\"https:\/\/urolaturismoa.eus\/fr\/culture\/palais-lili\/#breadcrumb\"},\"inLanguage\":\"fr-FR\",\"potentialAction\":[{\"@type\":\"ReadAction\",\"target\":[\"https:\/\/urolaturismoa.eus\/fr\/culture\/palais-lili\/\"]}]},{\"@type\":\"ImageObject\",\"inLanguage\":\"fr-FR\",\"@id\":\"https:\/\/urolaturismoa.eus\/fr\/culture\/palais-lili\/#primaryimage\",\"url\":\"https:\/\/urolaturismoa.eus\/wp-content\/uploads\/2021\/06\/Lili-Jauregia-scaled.jpg\",\"contentUrl\":\"https:\/\/urolaturismoa.eus\/wp-content\/uploads\/2021\/06\/Lili-Jauregia-scaled.jpg\",\"width\":2560,\"height\":1709},{\"@type\":\"BreadcrumbList\",\"@id\":\"https:\/\/urolaturismoa.eus\/fr\/culture\/palais-lili\/#breadcrumb\",\"itemListElement\":[{\"@type\":\"ListItem\",\"position\":1,\"name\":\"Home\",\"item\":\"https:\/\/urolaturismoa.eus\/fr\/\"},{\"@type\":\"ListItem\",\"position\":2,\"name\":\"Culture\",\"item\":\"https:\/\/urolaturismoa.eus\/fr\/culture\/\"},{\"@type\":\"ListItem\",\"position\":3,\"name\":\"Palais Lili\"}]},{\"@type\":\"WebSite\",\"@id\":\"https:\/\/urolaturismoa.eus\/fr\/#website\",\"url\":\"https:\/\/urolaturismoa.eus\/fr\/\",\"name\":\"Urola Turismoa\",\"description\":\"Basque Country\",\"potentialAction\":[{\"@type\":\"SearchAction\",\"target\":{\"@type\":\"EntryPoint\",\"urlTemplate\":\"https:\/\/urolaturismoa.eus\/fr\/?s={search_term_string}\"},\"query-input\":{\"@type\":\"PropertyValueSpecification\",\"valueRequired\":true,\"valueName\":\"search_term_string\"}}],\"inLanguage\":\"fr-FR\"}]}<\/script>\n<!-- \/ Yoast SEO plugin. -->","yoast_head_json":{"title":"Palais Lili, voyagez avec nous au Moyen \u00c2ge | Urola Turismoa","robots":{"index":"index","follow":"follow","max-snippet":"max-snippet:-1","max-image-preview":"max-image-preview:large","max-video-preview":"max-video-preview:-1"},"canonical":"https:\/\/urolaturismoa.eus\/fr\/culture\/palais-lili\/","og_locale":"fr_FR","og_type":"article","og_title":"Palais Lili, voyagez avec nous au Moyen \u00c2ge | Urola Turismoa","og_description":"Une occasion d\u2019appr\u00e9hender le Guip\u00fazcoa d\u2019il y a quatre si\u00e8cles \u00e0 travers une visite th\u00e9\u00e2tralis\u00e9e qui ne laisse personne indiff\u00e9rent. Le Palais m\u00e9di\u00e9val Lili accueille cette exp\u00e9rience, o\u00f9 l\u2019histoire prend vie, nous pla\u00e7ant \u00e0 l\u2019endroit m\u00eame des \u00e9v\u00e9nements du r\u00e9cit.","og_url":"https:\/\/urolaturismoa.eus\/fr\/culture\/palais-lili\/","og_site_name":"Urola Turismoa","article_modified_time":"2021-07-06T08:36:24+00:00","og_image":[{"width":2560,"height":1709,"url":"https:\/\/urolaturismoa.eus\/wp-content\/uploads\/2021\/06\/Lili-Jauregia-scaled.jpg","type":"image\/jpeg"}],"twitter_card":"summary_large_image","schema":{"@context":"https:\/\/schema.org","@graph":[{"@type":"WebPage","@id":"https:\/\/urolaturismoa.eus\/fr\/culture\/palais-lili\/","url":"https:\/\/urolaturismoa.eus\/fr\/culture\/palais-lili\/","name":"Palais Lili, voyagez avec nous au Moyen \u00c2ge | Urola Turismoa","isPartOf":{"@id":"https:\/\/urolaturismoa.eus\/fr\/#website"},"primaryImageOfPage":{"@id":"https:\/\/urolaturismoa.eus\/fr\/culture\/palais-lili\/#primaryimage"},"image":{"@id":"https:\/\/urolaturismoa.eus\/fr\/culture\/palais-lili\/#primaryimage"},"thumbnailUrl":"https:\/\/urolaturismoa.eus\/wp-content\/uploads\/2021\/06\/Lili-Jauregia-scaled.jpg","datePublished":"2021-06-15T11:42:21+00:00","dateModified":"2021-07-06T08:36:24+00:00","breadcrumb":{"@id":"https:\/\/urolaturismoa.eus\/fr\/culture\/palais-lili\/#breadcrumb"},"inLanguage":"fr-FR","potentialAction":[{"@type":"ReadAction","target":["https:\/\/urolaturismoa.eus\/fr\/culture\/palais-lili\/"]}]},{"@type":"ImageObject","inLanguage":"fr-FR","@id":"https:\/\/urolaturismoa.eus\/fr\/culture\/palais-lili\/#primaryimage","url":"https:\/\/urolaturismoa.eus\/wp-content\/uploads\/2021\/06\/Lili-Jauregia-scaled.jpg","contentUrl":"https:\/\/urolaturismoa.eus\/wp-content\/uploads\/2021\/06\/Lili-Jauregia-scaled.jpg","width":2560,"height":1709},{"@type":"BreadcrumbList","@id":"https:\/\/urolaturismoa.eus\/fr\/culture\/palais-lili\/#breadcrumb","itemListElement":[{"@type":"ListItem","position":1,"name":"Home","item":"https:\/\/urolaturismoa.eus\/fr\/"},{"@type":"ListItem","position":2,"name":"Culture","item":"https:\/\/urolaturismoa.eus\/fr\/culture\/"},{"@type":"ListItem","position":3,"name":"Palais Lili"}]},{"@type":"WebSite","@id":"https:\/\/urolaturismoa.eus\/fr\/#website","url":"https:\/\/urolaturismoa.eus\/fr\/","name":"Urola Turismoa","description":"Basque Country","potentialAction":[{"@type":"SearchAction","target":{"@type":"EntryPoint","urlTemplate":"https:\/\/urolaturismoa.eus\/fr\/?s={search_term_string}"},"query-input":{"@type":"PropertyValueSpecification","valueRequired":true,"valueName":"search_term_string"}}],"inLanguage":"fr-FR"}]}},"_links":{"self":[{"href":"https:\/\/urolaturismoa.eus\/fr\/wp-json\/wp\/v2\/pages\/2493","targetHints":{"allow":["GET"]}}],"collection":[{"href":"https:\/\/urolaturismoa.eus\/fr\/wp-json\/wp\/v2\/pages"}],"about":[{"href":"https:\/\/urolaturismoa.eus\/fr\/wp-json\/wp\/v2\/types\/page"}],"author":[{"embeddable":true,"href":"https:\/\/urolaturismoa.eus\/fr\/wp-json\/wp\/v2\/users\/1"}],"replies":[{"embeddable":true,"href":"https:\/\/urolaturismoa.eus\/fr\/wp-json\/wp\/v2\/comments?post=2493"}],"version-history":[{"count":1,"href":"https:\/\/urolaturismoa.eus\/fr\/wp-json\/wp\/v2\/pages\/2493\/revisions"}],"predecessor-version":[{"id":2499,"href":"https:\/\/urolaturismoa.eus\/fr\/wp-json\/wp\/v2\/pages\/2493\/revisions\/2499"}],"up":[{"embeddable":true,"href":"https:\/\/urolaturismoa.eus\/fr\/wp-json\/wp\/v2\/pages\/2475"}],"wp:featuredmedia":[{"embeddable":true,"href":"https:\/\/urolaturismoa.eus\/fr\/wp-json\/wp\/v2\/media\/2288"}],"wp:attachment":[{"href":"https:\/\/urolaturismoa.eus\/fr\/wp-json\/wp\/v2\/media?parent=2493"}],"curies":[{"name":"wp","href":"https:\/\/api.w.org\/{rel}","templated":true}]}}