{"id":2491,"date":"2021-06-15T11:41:45","date_gmt":"2021-06-15T11:41:45","guid":{"rendered":"https:\/\/urolaturismoa.eus\/culture\/ekainberri\/"},"modified":"2021-07-06T08:34:42","modified_gmt":"2021-07-06T08:34:42","slug":"ekainberri","status":"publish","type":"page","link":"https:\/\/urolaturismoa.eus\/fr\/culture\/ekainberri\/","title":{"rendered":"Ekainberri"},"content":{"rendered":"<p>Ekainberri est la r\u00e9plique de la grotte d\u2019Ekain. Situ\u00e9e \u00e0 quelques m\u00e8tres de l\u2019originale, elle a \u00e9t\u00e9 class\u00e9e au patrimoine de l\u2019humanit\u00e9 par l\u2019UNESCO pour l\u2019exceptionnelle \u0153uvre d\u2019art rupestre de l\u2019\u00e9poque pal\u00e9olithique qu\u2019elle abrite \u00e0 l\u2019int\u00e9rieur. Ekainberri est un voyage \u00e0 travers les sens jusqu\u2019aux origines de la culture de cette terre.<\/p>\n<p>Enfin, la visite peut \u00eatre compl\u00e9t\u00e9e en appr\u00e9ciant comment vivaient, chassaient et faisaient du feu les personnes qui v\u00e9curent en ce lieu il y a 15\u00a0000 ans.<\/p>\n<p><img loading=\"lazy\" decoding=\"async\" src=\"https:\/\/urolaturismoa.eus\/wp-content\/uploads\/2021\/06\/Ekainberri-irudia-3-urolaturismoa-kultura.jpg\" alt=\"Ekainberri irudia 3 - urolaturismoa kultura\" width=\"1351\" height=\"900\" class=\"alignnone size-full wp-image-1396\" srcset=\"https:\/\/urolaturismoa.eus\/wp-content\/uploads\/2021\/06\/Ekainberri-irudia-3-urolaturismoa-kultura.jpg 1351w, https:\/\/urolaturismoa.eus\/wp-content\/uploads\/2021\/06\/Ekainberri-irudia-3-urolaturismoa-kultura-300x200.jpg 300w, https:\/\/urolaturismoa.eus\/wp-content\/uploads\/2021\/06\/Ekainberri-irudia-3-urolaturismoa-kultura-1024x682.jpg 1024w, https:\/\/urolaturismoa.eus\/wp-content\/uploads\/2021\/06\/Ekainberri-irudia-3-urolaturismoa-kultura-768x512.jpg 768w\" sizes=\"auto, (max-width: 1351px) 100vw, 1351px\" \/><\/p>\n","protected":false},"excerpt":{"rendered":"<p>Ekainberri est la r\u00e9plique de la grotte d\u2019Ekain. Situ\u00e9e \u00e0 quelques m\u00e8tres de l\u2019originale, elle a \u00e9t\u00e9 class\u00e9e au patrimoine de l\u2019humanit\u00e9 par l\u2019UNESCO pour l\u2019exceptionnelle \u0153uvre d\u2019art rupestre de l\u2019\u00e9poque pal\u00e9olithique qu\u2019elle abrite \u00e0 l\u2019int\u00e9rieur. Ekainberri est un voyage \u00e0 travers les sens jusqu\u2019aux origines de la culture de cette terre. Enfin, la visite [&hellip;]<\/p>\n","protected":false},"author":1,"featured_media":2492,"parent":2475,"menu_order":3,"comment_status":"closed","ping_status":"closed","template":"template-gurasoa.php","meta":{"_acf_changed":false,"footnotes":""},"class_list":["post-2491","page","type-page","status-publish","has-post-thumbnail","hentry"],"acf":[],"yoast_head":"<!-- This site is optimized with the Yoast SEO plugin v26.7 - https:\/\/yoast.com\/wordpress\/plugins\/seo\/ -->\n<title>Ekainberri, la grotte de notre origine | Urola Turismoa<\/title>\n<meta name=\"robots\" content=\"index, follow, max-snippet:-1, max-image-preview:large, max-video-preview:-1\" \/>\n<link rel=\"canonical\" href=\"https:\/\/urolaturismoa.eus\/fr\/culture\/ekainberri\/\" \/>\n<meta property=\"og:locale\" content=\"fr_FR\" \/>\n<meta property=\"og:type\" content=\"article\" \/>\n<meta property=\"og:title\" content=\"Ekainberri, la grotte de notre origine | Urola Turismoa\" \/>\n<meta property=\"og:description\" content=\"Ekainberri est la r\u00e9plique de la grotte d\u2019Ekain. Situ\u00e9e \u00e0 quelques m\u00e8tres de l\u2019originale, elle a \u00e9t\u00e9 class\u00e9e au patrimoine de l\u2019humanit\u00e9 par l\u2019UNESCO pour l\u2019exceptionnelle \u0153uvre d\u2019art rupestre de l\u2019\u00e9poque pal\u00e9olithique qu\u2019elle abrite \u00e0 l\u2019int\u00e9rieur. Ekainberri est un voyage \u00e0 travers les sens jusqu\u2019aux origines de la culture de cette terre. Enfin, la visite [&hellip;]\" \/>\n<meta property=\"og:url\" content=\"https:\/\/urolaturismoa.eus\/fr\/culture\/ekainberri\/\" \/>\n<meta property=\"og:site_name\" content=\"Urola Turismoa\" \/>\n<meta property=\"article:modified_time\" content=\"2021-07-06T08:34:42+00:00\" \/>\n<meta property=\"og:image\" content=\"https:\/\/urolaturismoa.eus\/wp-content\/uploads\/2021\/06\/Ekainberri-irudia-5-urolaturismoa-kultura.jpg\" \/>\n\t<meta property=\"og:image:width\" content=\"1359\" \/>\n\t<meta property=\"og:image:height\" content=\"900\" \/>\n\t<meta property=\"og:image:type\" content=\"image\/jpeg\" \/>\n<meta name=\"twitter:card\" content=\"summary_large_image\" \/>\n<script type=\"application\/ld+json\" class=\"yoast-schema-graph\">{\"@context\":\"https:\/\/schema.org\",\"@graph\":[{\"@type\":\"WebPage\",\"@id\":\"https:\/\/urolaturismoa.eus\/fr\/culture\/ekainberri\/\",\"url\":\"https:\/\/urolaturismoa.eus\/fr\/culture\/ekainberri\/\",\"name\":\"Ekainberri, la grotte de notre origine | Urola Turismoa\",\"isPartOf\":{\"@id\":\"https:\/\/urolaturismoa.eus\/fr\/#website\"},\"primaryImageOfPage\":{\"@id\":\"https:\/\/urolaturismoa.eus\/fr\/culture\/ekainberri\/#primaryimage\"},\"image\":{\"@id\":\"https:\/\/urolaturismoa.eus\/fr\/culture\/ekainberri\/#primaryimage\"},\"thumbnailUrl\":\"https:\/\/urolaturismoa.eus\/wp-content\/uploads\/2021\/06\/Ekainberri-irudia-5-urolaturismoa-kultura.jpg\",\"datePublished\":\"2021-06-15T11:41:45+00:00\",\"dateModified\":\"2021-07-06T08:34:42+00:00\",\"breadcrumb\":{\"@id\":\"https:\/\/urolaturismoa.eus\/fr\/culture\/ekainberri\/#breadcrumb\"},\"inLanguage\":\"fr-FR\",\"potentialAction\":[{\"@type\":\"ReadAction\",\"target\":[\"https:\/\/urolaturismoa.eus\/fr\/culture\/ekainberri\/\"]}]},{\"@type\":\"ImageObject\",\"inLanguage\":\"fr-FR\",\"@id\":\"https:\/\/urolaturismoa.eus\/fr\/culture\/ekainberri\/#primaryimage\",\"url\":\"https:\/\/urolaturismoa.eus\/wp-content\/uploads\/2021\/06\/Ekainberri-irudia-5-urolaturismoa-kultura.jpg\",\"contentUrl\":\"https:\/\/urolaturismoa.eus\/wp-content\/uploads\/2021\/06\/Ekainberri-irudia-5-urolaturismoa-kultura.jpg\",\"width\":1359,\"height\":900},{\"@type\":\"BreadcrumbList\",\"@id\":\"https:\/\/urolaturismoa.eus\/fr\/culture\/ekainberri\/#breadcrumb\",\"itemListElement\":[{\"@type\":\"ListItem\",\"position\":1,\"name\":\"Home\",\"item\":\"https:\/\/urolaturismoa.eus\/fr\/\"},{\"@type\":\"ListItem\",\"position\":2,\"name\":\"Culture\",\"item\":\"https:\/\/urolaturismoa.eus\/fr\/culture\/\"},{\"@type\":\"ListItem\",\"position\":3,\"name\":\"Ekainberri\"}]},{\"@type\":\"WebSite\",\"@id\":\"https:\/\/urolaturismoa.eus\/fr\/#website\",\"url\":\"https:\/\/urolaturismoa.eus\/fr\/\",\"name\":\"Urola Turismoa\",\"description\":\"Basque Country\",\"potentialAction\":[{\"@type\":\"SearchAction\",\"target\":{\"@type\":\"EntryPoint\",\"urlTemplate\":\"https:\/\/urolaturismoa.eus\/fr\/?s={search_term_string}\"},\"query-input\":{\"@type\":\"PropertyValueSpecification\",\"valueRequired\":true,\"valueName\":\"search_term_string\"}}],\"inLanguage\":\"fr-FR\"}]}<\/script>\n<!-- \/ Yoast SEO plugin. -->","yoast_head_json":{"title":"Ekainberri, la grotte de notre origine | Urola Turismoa","robots":{"index":"index","follow":"follow","max-snippet":"max-snippet:-1","max-image-preview":"max-image-preview:large","max-video-preview":"max-video-preview:-1"},"canonical":"https:\/\/urolaturismoa.eus\/fr\/culture\/ekainberri\/","og_locale":"fr_FR","og_type":"article","og_title":"Ekainberri, la grotte de notre origine | Urola Turismoa","og_description":"Ekainberri est la r\u00e9plique de la grotte d\u2019Ekain. Situ\u00e9e \u00e0 quelques m\u00e8tres de l\u2019originale, elle a \u00e9t\u00e9 class\u00e9e au patrimoine de l\u2019humanit\u00e9 par l\u2019UNESCO pour l\u2019exceptionnelle \u0153uvre d\u2019art rupestre de l\u2019\u00e9poque pal\u00e9olithique qu\u2019elle abrite \u00e0 l\u2019int\u00e9rieur. Ekainberri est un voyage \u00e0 travers les sens jusqu\u2019aux origines de la culture de cette terre. Enfin, la visite [&hellip;]","og_url":"https:\/\/urolaturismoa.eus\/fr\/culture\/ekainberri\/","og_site_name":"Urola Turismoa","article_modified_time":"2021-07-06T08:34:42+00:00","og_image":[{"width":1359,"height":900,"url":"https:\/\/urolaturismoa.eus\/wp-content\/uploads\/2021\/06\/Ekainberri-irudia-5-urolaturismoa-kultura.jpg","type":"image\/jpeg"}],"twitter_card":"summary_large_image","schema":{"@context":"https:\/\/schema.org","@graph":[{"@type":"WebPage","@id":"https:\/\/urolaturismoa.eus\/fr\/culture\/ekainberri\/","url":"https:\/\/urolaturismoa.eus\/fr\/culture\/ekainberri\/","name":"Ekainberri, la grotte de notre origine | Urola Turismoa","isPartOf":{"@id":"https:\/\/urolaturismoa.eus\/fr\/#website"},"primaryImageOfPage":{"@id":"https:\/\/urolaturismoa.eus\/fr\/culture\/ekainberri\/#primaryimage"},"image":{"@id":"https:\/\/urolaturismoa.eus\/fr\/culture\/ekainberri\/#primaryimage"},"thumbnailUrl":"https:\/\/urolaturismoa.eus\/wp-content\/uploads\/2021\/06\/Ekainberri-irudia-5-urolaturismoa-kultura.jpg","datePublished":"2021-06-15T11:41:45+00:00","dateModified":"2021-07-06T08:34:42+00:00","breadcrumb":{"@id":"https:\/\/urolaturismoa.eus\/fr\/culture\/ekainberri\/#breadcrumb"},"inLanguage":"fr-FR","potentialAction":[{"@type":"ReadAction","target":["https:\/\/urolaturismoa.eus\/fr\/culture\/ekainberri\/"]}]},{"@type":"ImageObject","inLanguage":"fr-FR","@id":"https:\/\/urolaturismoa.eus\/fr\/culture\/ekainberri\/#primaryimage","url":"https:\/\/urolaturismoa.eus\/wp-content\/uploads\/2021\/06\/Ekainberri-irudia-5-urolaturismoa-kultura.jpg","contentUrl":"https:\/\/urolaturismoa.eus\/wp-content\/uploads\/2021\/06\/Ekainberri-irudia-5-urolaturismoa-kultura.jpg","width":1359,"height":900},{"@type":"BreadcrumbList","@id":"https:\/\/urolaturismoa.eus\/fr\/culture\/ekainberri\/#breadcrumb","itemListElement":[{"@type":"ListItem","position":1,"name":"Home","item":"https:\/\/urolaturismoa.eus\/fr\/"},{"@type":"ListItem","position":2,"name":"Culture","item":"https:\/\/urolaturismoa.eus\/fr\/culture\/"},{"@type":"ListItem","position":3,"name":"Ekainberri"}]},{"@type":"WebSite","@id":"https:\/\/urolaturismoa.eus\/fr\/#website","url":"https:\/\/urolaturismoa.eus\/fr\/","name":"Urola Turismoa","description":"Basque Country","potentialAction":[{"@type":"SearchAction","target":{"@type":"EntryPoint","urlTemplate":"https:\/\/urolaturismoa.eus\/fr\/?s={search_term_string}"},"query-input":{"@type":"PropertyValueSpecification","valueRequired":true,"valueName":"search_term_string"}}],"inLanguage":"fr-FR"}]}},"_links":{"self":[{"href":"https:\/\/urolaturismoa.eus\/fr\/wp-json\/wp\/v2\/pages\/2491","targetHints":{"allow":["GET"]}}],"collection":[{"href":"https:\/\/urolaturismoa.eus\/fr\/wp-json\/wp\/v2\/pages"}],"about":[{"href":"https:\/\/urolaturismoa.eus\/fr\/wp-json\/wp\/v2\/types\/page"}],"author":[{"embeddable":true,"href":"https:\/\/urolaturismoa.eus\/fr\/wp-json\/wp\/v2\/users\/1"}],"replies":[{"embeddable":true,"href":"https:\/\/urolaturismoa.eus\/fr\/wp-json\/wp\/v2\/comments?post=2491"}],"version-history":[{"count":1,"href":"https:\/\/urolaturismoa.eus\/fr\/wp-json\/wp\/v2\/pages\/2491\/revisions"}],"predecessor-version":[{"id":2497,"href":"https:\/\/urolaturismoa.eus\/fr\/wp-json\/wp\/v2\/pages\/2491\/revisions\/2497"}],"up":[{"embeddable":true,"href":"https:\/\/urolaturismoa.eus\/fr\/wp-json\/wp\/v2\/pages\/2475"}],"wp:featuredmedia":[{"embeddable":true,"href":"https:\/\/urolaturismoa.eus\/fr\/wp-json\/wp\/v2\/media\/2492"}],"wp:attachment":[{"href":"https:\/\/urolaturismoa.eus\/fr\/wp-json\/wp\/v2\/media?parent=2491"}],"curies":[{"name":"wp","href":"https:\/\/api.w.org\/{rel}","templated":true}]}}