{"id":2486,"date":"2021-06-15T11:40:22","date_gmt":"2021-06-15T11:40:22","guid":{"rendered":"https:\/\/urolaturismoa.eus\/culture\/burdinbidearen-euskal-museoa\/"},"modified":"2021-07-06T08:33:35","modified_gmt":"2021-07-06T08:33:35","slug":"le-musee-basque-du-chemin-de-fer","status":"publish","type":"page","link":"https:\/\/urolaturismoa.eus\/fr\/culture\/le-musee-basque-du-chemin-de-fer\/","title":{"rendered":"Le Mus\u00e9e Basque du Chemin de Fer"},"content":{"rendered":"<p>Le Mus\u00e9e Basque du Chemin de fer est situ\u00e9 \u00e0 Azpeitia dans les locaux de l\u2019ancienne gare de train de l\u2019Urola. Il pr\u00e9sente une des plus belles collections ferroviaires d\u2019Europe, avec des v\u00e9hicules en tout genre\u00a0: locomotives \u00e0 vapeur, diesel et \u00e9lectriques, mais aussi autorails et diverses classes de wagons. De plus, il offre la possibilit\u00e9 de voyager \u00e0 bord d\u2019un train tract\u00e9 par une locomotive \u00e0 vapeur de la fin du XIXe si\u00e8cle, une sacr\u00e9e exp\u00e9rience\u00a0!<\/p>\n<p><img loading=\"lazy\" decoding=\"async\" src=\"https:\/\/urolaturismoa.eus\/wp-content\/uploads\/2021\/06\/Burnibidearen-Museoa-2-urolaturismoa-kultura.jpg\" alt=\"Burnibidearen Museoa 2 - urolaturismoa kultura\" width=\"1000\" height=\"750\" class=\"alignnone size-full wp-image-1388\" srcset=\"https:\/\/urolaturismoa.eus\/wp-content\/uploads\/2021\/06\/Burnibidearen-Museoa-2-urolaturismoa-kultura.jpg 1000w, https:\/\/urolaturismoa.eus\/wp-content\/uploads\/2021\/06\/Burnibidearen-Museoa-2-urolaturismoa-kultura-300x225.jpg 300w, https:\/\/urolaturismoa.eus\/wp-content\/uploads\/2021\/06\/Burnibidearen-Museoa-2-urolaturismoa-kultura-768x576.jpg 768w\" sizes=\"auto, (max-width: 1000px) 100vw, 1000px\" \/><\/p>\n","protected":false},"excerpt":{"rendered":"<p>Le Mus\u00e9e Basque du Chemin de fer est situ\u00e9 \u00e0 Azpeitia dans les locaux de l\u2019ancienne gare de train de l\u2019Urola. Il pr\u00e9sente une des plus belles collections ferroviaires d\u2019Europe, avec des v\u00e9hicules en tout genre\u00a0: locomotives \u00e0 vapeur, diesel et \u00e9lectriques, mais aussi autorails et diverses classes de wagons. De plus, il offre la [&hellip;]<\/p>\n","protected":false},"author":1,"featured_media":2487,"parent":2475,"menu_order":2,"comment_status":"closed","ping_status":"closed","template":"template-gurasoa.php","meta":{"_acf_changed":false,"footnotes":""},"class_list":["post-2486","page","type-page","status-publish","has-post-thumbnail","hentry"],"acf":[],"yoast_head":"<!-- This site is optimized with the Yoast SEO plugin v27.4 - https:\/\/yoast.com\/product\/yoast-seo-wordpress\/ -->\n<title>Le Mus\u00e9e Basque du Chemin de Fer | Urola Turismoa<\/title>\n<meta name=\"robots\" content=\"index, follow, max-snippet:-1, max-image-preview:large, max-video-preview:-1\" \/>\n<link rel=\"canonical\" href=\"https:\/\/urolaturismoa.eus\/fr\/culture\/le-musee-basque-du-chemin-de-fer\/\" \/>\n<meta property=\"og:locale\" content=\"fr_FR\" \/>\n<meta property=\"og:type\" content=\"article\" \/>\n<meta property=\"og:title\" content=\"Le Mus\u00e9e Basque du Chemin de Fer | Urola Turismoa\" \/>\n<meta property=\"og:description\" content=\"Le Mus\u00e9e Basque du Chemin de fer est situ\u00e9 \u00e0 Azpeitia dans les locaux de l\u2019ancienne gare de train de l\u2019Urola. Il pr\u00e9sente une des plus belles collections ferroviaires d\u2019Europe, avec des v\u00e9hicules en tout genre\u00a0: locomotives \u00e0 vapeur, diesel et \u00e9lectriques, mais aussi autorails et diverses classes de wagons. De plus, il offre la [&hellip;]\" \/>\n<meta property=\"og:url\" content=\"https:\/\/urolaturismoa.eus\/fr\/culture\/le-musee-basque-du-chemin-de-fer\/\" \/>\n<meta property=\"og:site_name\" content=\"Urola Turismoa\" \/>\n<meta property=\"article:modified_time\" content=\"2021-07-06T08:33:35+00:00\" \/>\n<meta property=\"og:image\" content=\"https:\/\/urolaturismoa.eus\/wp-content\/uploads\/2021\/06\/Burnibidearen-Museoa-1-urolaturismoa-kultura.jpg\" \/>\n\t<meta property=\"og:image:width\" content=\"2048\" \/>\n\t<meta property=\"og:image:height\" content=\"1152\" \/>\n\t<meta property=\"og:image:type\" content=\"image\/jpeg\" \/>\n<meta name=\"twitter:card\" content=\"summary_large_image\" \/>\n<script type=\"application\/ld+json\" class=\"yoast-schema-graph\">{\"@context\":\"https:\\\/\\\/schema.org\",\"@graph\":[{\"@type\":\"WebPage\",\"@id\":\"https:\\\/\\\/urolaturismoa.eus\\\/fr\\\/culture\\\/le-musee-basque-du-chemin-de-fer\\\/\",\"url\":\"https:\\\/\\\/urolaturismoa.eus\\\/fr\\\/culture\\\/le-musee-basque-du-chemin-de-fer\\\/\",\"name\":\"Le Mus\u00e9e Basque du Chemin de Fer | Urola Turismoa\",\"isPartOf\":{\"@id\":\"https:\\\/\\\/urolaturismoa.eus\\\/fr\\\/#website\"},\"primaryImageOfPage\":{\"@id\":\"https:\\\/\\\/urolaturismoa.eus\\\/fr\\\/culture\\\/le-musee-basque-du-chemin-de-fer\\\/#primaryimage\"},\"image\":{\"@id\":\"https:\\\/\\\/urolaturismoa.eus\\\/fr\\\/culture\\\/le-musee-basque-du-chemin-de-fer\\\/#primaryimage\"},\"thumbnailUrl\":\"https:\\\/\\\/urolaturismoa.eus\\\/wp-content\\\/uploads\\\/2021\\\/06\\\/Burnibidearen-Museoa-1-urolaturismoa-kultura.jpg\",\"datePublished\":\"2021-06-15T11:40:22+00:00\",\"dateModified\":\"2021-07-06T08:33:35+00:00\",\"breadcrumb\":{\"@id\":\"https:\\\/\\\/urolaturismoa.eus\\\/fr\\\/culture\\\/le-musee-basque-du-chemin-de-fer\\\/#breadcrumb\"},\"inLanguage\":\"fr-FR\",\"potentialAction\":[{\"@type\":\"ReadAction\",\"target\":[\"https:\\\/\\\/urolaturismoa.eus\\\/fr\\\/culture\\\/le-musee-basque-du-chemin-de-fer\\\/\"]}]},{\"@type\":\"ImageObject\",\"inLanguage\":\"fr-FR\",\"@id\":\"https:\\\/\\\/urolaturismoa.eus\\\/fr\\\/culture\\\/le-musee-basque-du-chemin-de-fer\\\/#primaryimage\",\"url\":\"https:\\\/\\\/urolaturismoa.eus\\\/wp-content\\\/uploads\\\/2021\\\/06\\\/Burnibidearen-Museoa-1-urolaturismoa-kultura.jpg\",\"contentUrl\":\"https:\\\/\\\/urolaturismoa.eus\\\/wp-content\\\/uploads\\\/2021\\\/06\\\/Burnibidearen-Museoa-1-urolaturismoa-kultura.jpg\",\"width\":2048,\"height\":1152},{\"@type\":\"BreadcrumbList\",\"@id\":\"https:\\\/\\\/urolaturismoa.eus\\\/fr\\\/culture\\\/le-musee-basque-du-chemin-de-fer\\\/#breadcrumb\",\"itemListElement\":[{\"@type\":\"ListItem\",\"position\":1,\"name\":\"Home\",\"item\":\"https:\\\/\\\/urolaturismoa.eus\\\/fr\\\/\"},{\"@type\":\"ListItem\",\"position\":2,\"name\":\"Culture\",\"item\":\"https:\\\/\\\/urolaturismoa.eus\\\/fr\\\/culture\\\/\"},{\"@type\":\"ListItem\",\"position\":3,\"name\":\"Le Mus\u00e9e Basque du Chemin de Fer\"}]},{\"@type\":\"WebSite\",\"@id\":\"https:\\\/\\\/urolaturismoa.eus\\\/fr\\\/#website\",\"url\":\"https:\\\/\\\/urolaturismoa.eus\\\/fr\\\/\",\"name\":\"Urola Turismoa\",\"description\":\"Basque Country\",\"potentialAction\":[{\"@type\":\"SearchAction\",\"target\":{\"@type\":\"EntryPoint\",\"urlTemplate\":\"https:\\\/\\\/urolaturismoa.eus\\\/fr\\\/?s={search_term_string}\"},\"query-input\":{\"@type\":\"PropertyValueSpecification\",\"valueRequired\":true,\"valueName\":\"search_term_string\"}}],\"inLanguage\":\"fr-FR\"}]}<\/script>\n<!-- \/ Yoast SEO plugin. -->","yoast_head_json":{"title":"Le Mus\u00e9e Basque du Chemin de Fer | Urola Turismoa","robots":{"index":"index","follow":"follow","max-snippet":"max-snippet:-1","max-image-preview":"max-image-preview:large","max-video-preview":"max-video-preview:-1"},"canonical":"https:\/\/urolaturismoa.eus\/fr\/culture\/le-musee-basque-du-chemin-de-fer\/","og_locale":"fr_FR","og_type":"article","og_title":"Le Mus\u00e9e Basque du Chemin de Fer | Urola Turismoa","og_description":"Le Mus\u00e9e Basque du Chemin de fer est situ\u00e9 \u00e0 Azpeitia dans les locaux de l\u2019ancienne gare de train de l\u2019Urola. Il pr\u00e9sente une des plus belles collections ferroviaires d\u2019Europe, avec des v\u00e9hicules en tout genre\u00a0: locomotives \u00e0 vapeur, diesel et \u00e9lectriques, mais aussi autorails et diverses classes de wagons. De plus, il offre la [&hellip;]","og_url":"https:\/\/urolaturismoa.eus\/fr\/culture\/le-musee-basque-du-chemin-de-fer\/","og_site_name":"Urola Turismoa","article_modified_time":"2021-07-06T08:33:35+00:00","og_image":[{"width":2048,"height":1152,"url":"https:\/\/urolaturismoa.eus\/wp-content\/uploads\/2021\/06\/Burnibidearen-Museoa-1-urolaturismoa-kultura.jpg","type":"image\/jpeg"}],"twitter_card":"summary_large_image","schema":{"@context":"https:\/\/schema.org","@graph":[{"@type":"WebPage","@id":"https:\/\/urolaturismoa.eus\/fr\/culture\/le-musee-basque-du-chemin-de-fer\/","url":"https:\/\/urolaturismoa.eus\/fr\/culture\/le-musee-basque-du-chemin-de-fer\/","name":"Le Mus\u00e9e Basque du Chemin de Fer | Urola Turismoa","isPartOf":{"@id":"https:\/\/urolaturismoa.eus\/fr\/#website"},"primaryImageOfPage":{"@id":"https:\/\/urolaturismoa.eus\/fr\/culture\/le-musee-basque-du-chemin-de-fer\/#primaryimage"},"image":{"@id":"https:\/\/urolaturismoa.eus\/fr\/culture\/le-musee-basque-du-chemin-de-fer\/#primaryimage"},"thumbnailUrl":"https:\/\/urolaturismoa.eus\/wp-content\/uploads\/2021\/06\/Burnibidearen-Museoa-1-urolaturismoa-kultura.jpg","datePublished":"2021-06-15T11:40:22+00:00","dateModified":"2021-07-06T08:33:35+00:00","breadcrumb":{"@id":"https:\/\/urolaturismoa.eus\/fr\/culture\/le-musee-basque-du-chemin-de-fer\/#breadcrumb"},"inLanguage":"fr-FR","potentialAction":[{"@type":"ReadAction","target":["https:\/\/urolaturismoa.eus\/fr\/culture\/le-musee-basque-du-chemin-de-fer\/"]}]},{"@type":"ImageObject","inLanguage":"fr-FR","@id":"https:\/\/urolaturismoa.eus\/fr\/culture\/le-musee-basque-du-chemin-de-fer\/#primaryimage","url":"https:\/\/urolaturismoa.eus\/wp-content\/uploads\/2021\/06\/Burnibidearen-Museoa-1-urolaturismoa-kultura.jpg","contentUrl":"https:\/\/urolaturismoa.eus\/wp-content\/uploads\/2021\/06\/Burnibidearen-Museoa-1-urolaturismoa-kultura.jpg","width":2048,"height":1152},{"@type":"BreadcrumbList","@id":"https:\/\/urolaturismoa.eus\/fr\/culture\/le-musee-basque-du-chemin-de-fer\/#breadcrumb","itemListElement":[{"@type":"ListItem","position":1,"name":"Home","item":"https:\/\/urolaturismoa.eus\/fr\/"},{"@type":"ListItem","position":2,"name":"Culture","item":"https:\/\/urolaturismoa.eus\/fr\/culture\/"},{"@type":"ListItem","position":3,"name":"Le Mus\u00e9e Basque du Chemin de Fer"}]},{"@type":"WebSite","@id":"https:\/\/urolaturismoa.eus\/fr\/#website","url":"https:\/\/urolaturismoa.eus\/fr\/","name":"Urola Turismoa","description":"Basque Country","potentialAction":[{"@type":"SearchAction","target":{"@type":"EntryPoint","urlTemplate":"https:\/\/urolaturismoa.eus\/fr\/?s={search_term_string}"},"query-input":{"@type":"PropertyValueSpecification","valueRequired":true,"valueName":"search_term_string"}}],"inLanguage":"fr-FR"}]}},"_links":{"self":[{"href":"https:\/\/urolaturismoa.eus\/fr\/wp-json\/wp\/v2\/pages\/2486","targetHints":{"allow":["GET"]}}],"collection":[{"href":"https:\/\/urolaturismoa.eus\/fr\/wp-json\/wp\/v2\/pages"}],"about":[{"href":"https:\/\/urolaturismoa.eus\/fr\/wp-json\/wp\/v2\/types\/page"}],"author":[{"embeddable":true,"href":"https:\/\/urolaturismoa.eus\/fr\/wp-json\/wp\/v2\/users\/1"}],"replies":[{"embeddable":true,"href":"https:\/\/urolaturismoa.eus\/fr\/wp-json\/wp\/v2\/comments?post=2486"}],"version-history":[{"count":2,"href":"https:\/\/urolaturismoa.eus\/fr\/wp-json\/wp\/v2\/pages\/2486\/revisions"}],"predecessor-version":[{"id":2489,"href":"https:\/\/urolaturismoa.eus\/fr\/wp-json\/wp\/v2\/pages\/2486\/revisions\/2489"}],"up":[{"embeddable":true,"href":"https:\/\/urolaturismoa.eus\/fr\/wp-json\/wp\/v2\/pages\/2475"}],"wp:featuredmedia":[{"embeddable":true,"href":"https:\/\/urolaturismoa.eus\/fr\/wp-json\/wp\/v2\/media\/2487"}],"wp:attachment":[{"href":"https:\/\/urolaturismoa.eus\/fr\/wp-json\/wp\/v2\/media?parent=2486"}],"curies":[{"name":"wp","href":"https:\/\/api.w.org\/{rel}","templated":true}]}}