{"id":2475,"date":"2021-06-14T12:21:25","date_gmt":"2021-06-14T12:21:25","guid":{"rendered":"https:\/\/urolaturismoa.eus\/kultura\/"},"modified":"2021-07-06T07:56:02","modified_gmt":"2021-07-06T07:56:02","slug":"culture","status":"publish","type":"page","link":"https:\/\/urolaturismoa.eus\/fr\/culture\/","title":{"rendered":"Culture"},"content":{"rendered":"<p>En disant que la vall\u00e9e de l\u2019Urola est une vall\u00e9e de patrimoine culturel et historique, nous ne sommes pas loin de la v\u00e9rit\u00e9. Sur les falaises de Zumaia, sur les parois de la grotte d\u2019Ekainberri, o\u00f9 les premiers habitants de la vall\u00e9e ont laiss\u00e9 leur empreinte, au Sanctuaire de Loyola, en l\u2019honneur d\u2019Ignace de Loyola, le Basque le plus universel, ou au Mus\u00e9e Basque du Chemin de Fer, o\u00f9 transpara\u00eet l\u2019\u00e8re de l\u2019industrialisation du d\u00e9but du XXe si\u00e8cle, vous trouverez toujours un r\u00e9cit qui vous laissera sans voix.<\/p>\n","protected":false},"excerpt":{"rendered":"<p>En disant que la vall\u00e9e de l\u2019Urola est une vall\u00e9e de patrimoine culturel et historique, nous ne sommes pas loin de la v\u00e9rit\u00e9. Sur les falaises de Zumaia, sur les parois de la grotte d\u2019Ekainberri, o\u00f9 les premiers habitants de la vall\u00e9e ont laiss\u00e9 leur empreinte, au Sanctuaire de Loyola, en l\u2019honneur d\u2019Ignace de Loyola, [&hellip;]<\/p>\n","protected":false},"author":1,"featured_media":2476,"parent":0,"menu_order":0,"comment_status":"closed","ping_status":"closed","template":"template-gurasoa.php","meta":{"_acf_changed":false,"footnotes":""},"class_list":["post-2475","page","type-page","status-publish","has-post-thumbnail","hentry"],"acf":[],"yoast_head":"<!-- This site is optimized with the Yoast SEO plugin v26.7 - https:\/\/yoast.com\/wordpress\/plugins\/seo\/ -->\n<title>Culture, de la cr\u00e9ation de la terre \u00e0 nos jours | Urola Turismoa<\/title>\n<meta name=\"robots\" content=\"index, follow, max-snippet:-1, max-image-preview:large, max-video-preview:-1\" \/>\n<link rel=\"canonical\" href=\"https:\/\/urolaturismoa.eus\/fr\/culture\/\" \/>\n<meta property=\"og:locale\" content=\"fr_FR\" \/>\n<meta property=\"og:type\" content=\"article\" \/>\n<meta property=\"og:title\" content=\"Culture, de la cr\u00e9ation de la terre \u00e0 nos jours | Urola Turismoa\" \/>\n<meta property=\"og:description\" content=\"En disant que la vall\u00e9e de l\u2019Urola est une vall\u00e9e de patrimoine culturel et historique, nous ne sommes pas loin de la v\u00e9rit\u00e9. Sur les falaises de Zumaia, sur les parois de la grotte d\u2019Ekainberri, o\u00f9 les premiers habitants de la vall\u00e9e ont laiss\u00e9 leur empreinte, au Sanctuaire de Loyola, en l\u2019honneur d\u2019Ignace de Loyola, [&hellip;]\" \/>\n<meta property=\"og:url\" content=\"https:\/\/urolaturismoa.eus\/fr\/culture\/\" \/>\n<meta property=\"og:site_name\" content=\"Urola Turismoa\" \/>\n<meta property=\"article:modified_time\" content=\"2021-07-06T07:56:02+00:00\" \/>\n<meta property=\"og:image\" content=\"https:\/\/urolaturismoa.eus\/wp-content\/uploads\/2021\/06\/Ekainberri-irudia-urolaturismoa-kultura-1024x785.jpg\" \/>\n\t<meta property=\"og:image:width\" content=\"1024\" \/>\n\t<meta property=\"og:image:height\" content=\"785\" \/>\n\t<meta property=\"og:image:type\" content=\"image\/jpeg\" \/>\n<meta name=\"twitter:card\" content=\"summary_large_image\" \/>\n<meta name=\"twitter:label1\" content=\"Dur\u00e9e de lecture estim\u00e9e\" \/>\n\t<meta name=\"twitter:data1\" content=\"1 minute\" \/>\n<script type=\"application\/ld+json\" class=\"yoast-schema-graph\">{\"@context\":\"https:\/\/schema.org\",\"@graph\":[{\"@type\":\"WebPage\",\"@id\":\"https:\/\/urolaturismoa.eus\/fr\/culture\/\",\"url\":\"https:\/\/urolaturismoa.eus\/fr\/culture\/\",\"name\":\"Culture, de la cr\u00e9ation de la terre \u00e0 nos jours | Urola Turismoa\",\"isPartOf\":{\"@id\":\"https:\/\/urolaturismoa.eus\/fr\/#website\"},\"primaryImageOfPage\":{\"@id\":\"https:\/\/urolaturismoa.eus\/fr\/culture\/#primaryimage\"},\"image\":{\"@id\":\"https:\/\/urolaturismoa.eus\/fr\/culture\/#primaryimage\"},\"thumbnailUrl\":\"https:\/\/urolaturismoa.eus\/wp-content\/uploads\/2021\/06\/Ekainberri-irudia-urolaturismoa-kultura.jpg\",\"datePublished\":\"2021-06-14T12:21:25+00:00\",\"dateModified\":\"2021-07-06T07:56:02+00:00\",\"breadcrumb\":{\"@id\":\"https:\/\/urolaturismoa.eus\/fr\/culture\/#breadcrumb\"},\"inLanguage\":\"fr-FR\",\"potentialAction\":[{\"@type\":\"ReadAction\",\"target\":[\"https:\/\/urolaturismoa.eus\/fr\/culture\/\"]}]},{\"@type\":\"ImageObject\",\"inLanguage\":\"fr-FR\",\"@id\":\"https:\/\/urolaturismoa.eus\/fr\/culture\/#primaryimage\",\"url\":\"https:\/\/urolaturismoa.eus\/wp-content\/uploads\/2021\/06\/Ekainberri-irudia-urolaturismoa-kultura.jpg\",\"contentUrl\":\"https:\/\/urolaturismoa.eus\/wp-content\/uploads\/2021\/06\/Ekainberri-irudia-urolaturismoa-kultura.jpg\",\"width\":2560,\"height\":1962},{\"@type\":\"BreadcrumbList\",\"@id\":\"https:\/\/urolaturismoa.eus\/fr\/culture\/#breadcrumb\",\"itemListElement\":[{\"@type\":\"ListItem\",\"position\":1,\"name\":\"Home\",\"item\":\"https:\/\/urolaturismoa.eus\/fr\/\"},{\"@type\":\"ListItem\",\"position\":2,\"name\":\"Culture\"}]},{\"@type\":\"WebSite\",\"@id\":\"https:\/\/urolaturismoa.eus\/fr\/#website\",\"url\":\"https:\/\/urolaturismoa.eus\/fr\/\",\"name\":\"Urola Turismoa\",\"description\":\"Basque Country\",\"potentialAction\":[{\"@type\":\"SearchAction\",\"target\":{\"@type\":\"EntryPoint\",\"urlTemplate\":\"https:\/\/urolaturismoa.eus\/fr\/?s={search_term_string}\"},\"query-input\":{\"@type\":\"PropertyValueSpecification\",\"valueRequired\":true,\"valueName\":\"search_term_string\"}}],\"inLanguage\":\"fr-FR\"}]}<\/script>\n<!-- \/ Yoast SEO plugin. -->","yoast_head_json":{"title":"Culture, de la cr\u00e9ation de la terre \u00e0 nos jours | Urola Turismoa","robots":{"index":"index","follow":"follow","max-snippet":"max-snippet:-1","max-image-preview":"max-image-preview:large","max-video-preview":"max-video-preview:-1"},"canonical":"https:\/\/urolaturismoa.eus\/fr\/culture\/","og_locale":"fr_FR","og_type":"article","og_title":"Culture, de la cr\u00e9ation de la terre \u00e0 nos jours | Urola Turismoa","og_description":"En disant que la vall\u00e9e de l\u2019Urola est une vall\u00e9e de patrimoine culturel et historique, nous ne sommes pas loin de la v\u00e9rit\u00e9. Sur les falaises de Zumaia, sur les parois de la grotte d\u2019Ekainberri, o\u00f9 les premiers habitants de la vall\u00e9e ont laiss\u00e9 leur empreinte, au Sanctuaire de Loyola, en l\u2019honneur d\u2019Ignace de Loyola, [&hellip;]","og_url":"https:\/\/urolaturismoa.eus\/fr\/culture\/","og_site_name":"Urola Turismoa","article_modified_time":"2021-07-06T07:56:02+00:00","og_image":[{"width":1024,"height":785,"url":"https:\/\/urolaturismoa.eus\/wp-content\/uploads\/2021\/06\/Ekainberri-irudia-urolaturismoa-kultura-1024x785.jpg","type":"image\/jpeg"}],"twitter_card":"summary_large_image","twitter_misc":{"Dur\u00e9e de lecture estim\u00e9e":"1 minute"},"schema":{"@context":"https:\/\/schema.org","@graph":[{"@type":"WebPage","@id":"https:\/\/urolaturismoa.eus\/fr\/culture\/","url":"https:\/\/urolaturismoa.eus\/fr\/culture\/","name":"Culture, de la cr\u00e9ation de la terre \u00e0 nos jours | Urola Turismoa","isPartOf":{"@id":"https:\/\/urolaturismoa.eus\/fr\/#website"},"primaryImageOfPage":{"@id":"https:\/\/urolaturismoa.eus\/fr\/culture\/#primaryimage"},"image":{"@id":"https:\/\/urolaturismoa.eus\/fr\/culture\/#primaryimage"},"thumbnailUrl":"https:\/\/urolaturismoa.eus\/wp-content\/uploads\/2021\/06\/Ekainberri-irudia-urolaturismoa-kultura.jpg","datePublished":"2021-06-14T12:21:25+00:00","dateModified":"2021-07-06T07:56:02+00:00","breadcrumb":{"@id":"https:\/\/urolaturismoa.eus\/fr\/culture\/#breadcrumb"},"inLanguage":"fr-FR","potentialAction":[{"@type":"ReadAction","target":["https:\/\/urolaturismoa.eus\/fr\/culture\/"]}]},{"@type":"ImageObject","inLanguage":"fr-FR","@id":"https:\/\/urolaturismoa.eus\/fr\/culture\/#primaryimage","url":"https:\/\/urolaturismoa.eus\/wp-content\/uploads\/2021\/06\/Ekainberri-irudia-urolaturismoa-kultura.jpg","contentUrl":"https:\/\/urolaturismoa.eus\/wp-content\/uploads\/2021\/06\/Ekainberri-irudia-urolaturismoa-kultura.jpg","width":2560,"height":1962},{"@type":"BreadcrumbList","@id":"https:\/\/urolaturismoa.eus\/fr\/culture\/#breadcrumb","itemListElement":[{"@type":"ListItem","position":1,"name":"Home","item":"https:\/\/urolaturismoa.eus\/fr\/"},{"@type":"ListItem","position":2,"name":"Culture"}]},{"@type":"WebSite","@id":"https:\/\/urolaturismoa.eus\/fr\/#website","url":"https:\/\/urolaturismoa.eus\/fr\/","name":"Urola Turismoa","description":"Basque Country","potentialAction":[{"@type":"SearchAction","target":{"@type":"EntryPoint","urlTemplate":"https:\/\/urolaturismoa.eus\/fr\/?s={search_term_string}"},"query-input":{"@type":"PropertyValueSpecification","valueRequired":true,"valueName":"search_term_string"}}],"inLanguage":"fr-FR"}]}},"_links":{"self":[{"href":"https:\/\/urolaturismoa.eus\/fr\/wp-json\/wp\/v2\/pages\/2475","targetHints":{"allow":["GET"]}}],"collection":[{"href":"https:\/\/urolaturismoa.eus\/fr\/wp-json\/wp\/v2\/pages"}],"about":[{"href":"https:\/\/urolaturismoa.eus\/fr\/wp-json\/wp\/v2\/types\/page"}],"author":[{"embeddable":true,"href":"https:\/\/urolaturismoa.eus\/fr\/wp-json\/wp\/v2\/users\/1"}],"replies":[{"embeddable":true,"href":"https:\/\/urolaturismoa.eus\/fr\/wp-json\/wp\/v2\/comments?post=2475"}],"version-history":[{"count":2,"href":"https:\/\/urolaturismoa.eus\/fr\/wp-json\/wp\/v2\/pages\/2475\/revisions"}],"predecessor-version":[{"id":2478,"href":"https:\/\/urolaturismoa.eus\/fr\/wp-json\/wp\/v2\/pages\/2475\/revisions\/2478"}],"wp:featuredmedia":[{"embeddable":true,"href":"https:\/\/urolaturismoa.eus\/fr\/wp-json\/wp\/v2\/media\/2476"}],"wp:attachment":[{"href":"https:\/\/urolaturismoa.eus\/fr\/wp-json\/wp\/v2\/media?parent=2475"}],"curies":[{"name":"wp","href":"https:\/\/api.w.org\/{rel}","templated":true}]}}