{"id":2444,"date":"2021-06-11T12:43:13","date_gmt":"2021-06-11T12:43:13","guid":{"rendered":"https:\/\/urolaturismoa.eus\/organisez-votre-voyage\/non-lo-egin\/"},"modified":"2021-07-07T10:58:25","modified_gmt":"2021-07-07T10:58:25","slug":"ou-dormir","status":"publish","type":"page","link":"https:\/\/urolaturismoa.eus\/fr\/organisez-votre-voyage\/ou-dormir\/","title":{"rendered":"O\u00f9 dormir\u00a0?"},"content":{"rendered":"<p>Choisissez le type d&rsquo;\u00e9tablissement o\u00f9 vous aimeriez passer la nuit et effectuez votre r\u00e9servation. <\/p>\n","protected":false},"excerpt":{"rendered":"<p>Choisissez le type d&rsquo;\u00e9tablissement o\u00f9 vous aimeriez passer la nuit et effectuez votre r\u00e9servation.<\/p>\n","protected":false},"author":1,"featured_media":2445,"parent":2398,"menu_order":2,"comment_status":"closed","ping_status":"closed","template":"template-lo.php","meta":{"_acf_changed":false,"footnotes":""},"class_list":["post-2444","page","type-page","status-publish","has-post-thumbnail","hentry"],"acf":[],"yoast_head":"<!-- This site is optimized with the Yoast SEO plugin v27.4 - https:\/\/yoast.com\/product\/yoast-seo-wordpress\/ -->\n<title>O\u00f9 dormir\u00a0? | Urola Turismoa<\/title>\n<meta name=\"robots\" content=\"index, follow, max-snippet:-1, max-image-preview:large, max-video-preview:-1\" \/>\n<link rel=\"canonical\" href=\"https:\/\/urolaturismoa.eus\/fr\/organisez-votre-voyage\/ou-dormir\/\" \/>\n<meta property=\"og:locale\" content=\"fr_FR\" \/>\n<meta property=\"og:type\" content=\"article\" \/>\n<meta property=\"og:title\" content=\"O\u00f9 dormir\u00a0? | Urola Turismoa\" \/>\n<meta property=\"og:description\" content=\"Choisissez le type d&rsquo;\u00e9tablissement o\u00f9 vous aimeriez passer la nuit et effectuez votre r\u00e9servation.\" \/>\n<meta property=\"og:url\" content=\"https:\/\/urolaturismoa.eus\/fr\/organisez-votre-voyage\/ou-dormir\/\" \/>\n<meta property=\"og:site_name\" content=\"Urola Turismoa\" \/>\n<meta property=\"article:modified_time\" content=\"2021-07-07T10:58:25+00:00\" \/>\n<meta property=\"og:image\" content=\"https:\/\/urolaturismoa.eus\/wp-content\/uploads\/2021\/06\/logela.jpg\" \/>\n\t<meta property=\"og:image:width\" content=\"1024\" \/>\n\t<meta property=\"og:image:height\" content=\"683\" \/>\n\t<meta property=\"og:image:type\" content=\"image\/jpeg\" \/>\n<meta name=\"twitter:card\" content=\"summary_large_image\" \/>\n<script type=\"application\/ld+json\" class=\"yoast-schema-graph\">{\"@context\":\"https:\\\/\\\/schema.org\",\"@graph\":[{\"@type\":\"WebPage\",\"@id\":\"https:\\\/\\\/urolaturismoa.eus\\\/fr\\\/organisez-votre-voyage\\\/ou-dormir\\\/\",\"url\":\"https:\\\/\\\/urolaturismoa.eus\\\/fr\\\/organisez-votre-voyage\\\/ou-dormir\\\/\",\"name\":\"O\u00f9 dormir\u00a0? | Urola Turismoa\",\"isPartOf\":{\"@id\":\"https:\\\/\\\/urolaturismoa.eus\\\/fr\\\/#website\"},\"primaryImageOfPage\":{\"@id\":\"https:\\\/\\\/urolaturismoa.eus\\\/fr\\\/organisez-votre-voyage\\\/ou-dormir\\\/#primaryimage\"},\"image\":{\"@id\":\"https:\\\/\\\/urolaturismoa.eus\\\/fr\\\/organisez-votre-voyage\\\/ou-dormir\\\/#primaryimage\"},\"thumbnailUrl\":\"https:\\\/\\\/urolaturismoa.eus\\\/wp-content\\\/uploads\\\/2021\\\/06\\\/logela.jpg\",\"datePublished\":\"2021-06-11T12:43:13+00:00\",\"dateModified\":\"2021-07-07T10:58:25+00:00\",\"breadcrumb\":{\"@id\":\"https:\\\/\\\/urolaturismoa.eus\\\/fr\\\/organisez-votre-voyage\\\/ou-dormir\\\/#breadcrumb\"},\"inLanguage\":\"fr-FR\",\"potentialAction\":[{\"@type\":\"ReadAction\",\"target\":[\"https:\\\/\\\/urolaturismoa.eus\\\/fr\\\/organisez-votre-voyage\\\/ou-dormir\\\/\"]}]},{\"@type\":\"ImageObject\",\"inLanguage\":\"fr-FR\",\"@id\":\"https:\\\/\\\/urolaturismoa.eus\\\/fr\\\/organisez-votre-voyage\\\/ou-dormir\\\/#primaryimage\",\"url\":\"https:\\\/\\\/urolaturismoa.eus\\\/wp-content\\\/uploads\\\/2021\\\/06\\\/logela.jpg\",\"contentUrl\":\"https:\\\/\\\/urolaturismoa.eus\\\/wp-content\\\/uploads\\\/2021\\\/06\\\/logela.jpg\",\"width\":1024,\"height\":683},{\"@type\":\"BreadcrumbList\",\"@id\":\"https:\\\/\\\/urolaturismoa.eus\\\/fr\\\/organisez-votre-voyage\\\/ou-dormir\\\/#breadcrumb\",\"itemListElement\":[{\"@type\":\"ListItem\",\"position\":1,\"name\":\"Home\",\"item\":\"https:\\\/\\\/urolaturismoa.eus\\\/fr\\\/\"},{\"@type\":\"ListItem\",\"position\":2,\"name\":\"Organisez votre voyage\",\"item\":\"https:\\\/\\\/urolaturismoa.eus\\\/fr\\\/bidaia-antolatu\\\/\"},{\"@type\":\"ListItem\",\"position\":3,\"name\":\"O\u00f9 dormir\u00a0?\"}]},{\"@type\":\"WebSite\",\"@id\":\"https:\\\/\\\/urolaturismoa.eus\\\/fr\\\/#website\",\"url\":\"https:\\\/\\\/urolaturismoa.eus\\\/fr\\\/\",\"name\":\"Urola Turismoa\",\"description\":\"Basque Country\",\"potentialAction\":[{\"@type\":\"SearchAction\",\"target\":{\"@type\":\"EntryPoint\",\"urlTemplate\":\"https:\\\/\\\/urolaturismoa.eus\\\/fr\\\/?s={search_term_string}\"},\"query-input\":{\"@type\":\"PropertyValueSpecification\",\"valueRequired\":true,\"valueName\":\"search_term_string\"}}],\"inLanguage\":\"fr-FR\"}]}<\/script>\n<!-- \/ Yoast SEO plugin. -->","yoast_head_json":{"title":"O\u00f9 dormir\u00a0? | Urola Turismoa","robots":{"index":"index","follow":"follow","max-snippet":"max-snippet:-1","max-image-preview":"max-image-preview:large","max-video-preview":"max-video-preview:-1"},"canonical":"https:\/\/urolaturismoa.eus\/fr\/organisez-votre-voyage\/ou-dormir\/","og_locale":"fr_FR","og_type":"article","og_title":"O\u00f9 dormir\u00a0? | Urola Turismoa","og_description":"Choisissez le type d&rsquo;\u00e9tablissement o\u00f9 vous aimeriez passer la nuit et effectuez votre r\u00e9servation.","og_url":"https:\/\/urolaturismoa.eus\/fr\/organisez-votre-voyage\/ou-dormir\/","og_site_name":"Urola Turismoa","article_modified_time":"2021-07-07T10:58:25+00:00","og_image":[{"width":1024,"height":683,"url":"https:\/\/urolaturismoa.eus\/wp-content\/uploads\/2021\/06\/logela.jpg","type":"image\/jpeg"}],"twitter_card":"summary_large_image","schema":{"@context":"https:\/\/schema.org","@graph":[{"@type":"WebPage","@id":"https:\/\/urolaturismoa.eus\/fr\/organisez-votre-voyage\/ou-dormir\/","url":"https:\/\/urolaturismoa.eus\/fr\/organisez-votre-voyage\/ou-dormir\/","name":"O\u00f9 dormir\u00a0? | Urola Turismoa","isPartOf":{"@id":"https:\/\/urolaturismoa.eus\/fr\/#website"},"primaryImageOfPage":{"@id":"https:\/\/urolaturismoa.eus\/fr\/organisez-votre-voyage\/ou-dormir\/#primaryimage"},"image":{"@id":"https:\/\/urolaturismoa.eus\/fr\/organisez-votre-voyage\/ou-dormir\/#primaryimage"},"thumbnailUrl":"https:\/\/urolaturismoa.eus\/wp-content\/uploads\/2021\/06\/logela.jpg","datePublished":"2021-06-11T12:43:13+00:00","dateModified":"2021-07-07T10:58:25+00:00","breadcrumb":{"@id":"https:\/\/urolaturismoa.eus\/fr\/organisez-votre-voyage\/ou-dormir\/#breadcrumb"},"inLanguage":"fr-FR","potentialAction":[{"@type":"ReadAction","target":["https:\/\/urolaturismoa.eus\/fr\/organisez-votre-voyage\/ou-dormir\/"]}]},{"@type":"ImageObject","inLanguage":"fr-FR","@id":"https:\/\/urolaturismoa.eus\/fr\/organisez-votre-voyage\/ou-dormir\/#primaryimage","url":"https:\/\/urolaturismoa.eus\/wp-content\/uploads\/2021\/06\/logela.jpg","contentUrl":"https:\/\/urolaturismoa.eus\/wp-content\/uploads\/2021\/06\/logela.jpg","width":1024,"height":683},{"@type":"BreadcrumbList","@id":"https:\/\/urolaturismoa.eus\/fr\/organisez-votre-voyage\/ou-dormir\/#breadcrumb","itemListElement":[{"@type":"ListItem","position":1,"name":"Home","item":"https:\/\/urolaturismoa.eus\/fr\/"},{"@type":"ListItem","position":2,"name":"Organisez votre voyage","item":"https:\/\/urolaturismoa.eus\/fr\/bidaia-antolatu\/"},{"@type":"ListItem","position":3,"name":"O\u00f9 dormir\u00a0?"}]},{"@type":"WebSite","@id":"https:\/\/urolaturismoa.eus\/fr\/#website","url":"https:\/\/urolaturismoa.eus\/fr\/","name":"Urola Turismoa","description":"Basque Country","potentialAction":[{"@type":"SearchAction","target":{"@type":"EntryPoint","urlTemplate":"https:\/\/urolaturismoa.eus\/fr\/?s={search_term_string}"},"query-input":{"@type":"PropertyValueSpecification","valueRequired":true,"valueName":"search_term_string"}}],"inLanguage":"fr-FR"}]}},"_links":{"self":[{"href":"https:\/\/urolaturismoa.eus\/fr\/wp-json\/wp\/v2\/pages\/2444","targetHints":{"allow":["GET"]}}],"collection":[{"href":"https:\/\/urolaturismoa.eus\/fr\/wp-json\/wp\/v2\/pages"}],"about":[{"href":"https:\/\/urolaturismoa.eus\/fr\/wp-json\/wp\/v2\/types\/page"}],"author":[{"embeddable":true,"href":"https:\/\/urolaturismoa.eus\/fr\/wp-json\/wp\/v2\/users\/1"}],"replies":[{"embeddable":true,"href":"https:\/\/urolaturismoa.eus\/fr\/wp-json\/wp\/v2\/comments?post=2444"}],"version-history":[{"count":3,"href":"https:\/\/urolaturismoa.eus\/fr\/wp-json\/wp\/v2\/pages\/2444\/revisions"}],"predecessor-version":[{"id":2612,"href":"https:\/\/urolaturismoa.eus\/fr\/wp-json\/wp\/v2\/pages\/2444\/revisions\/2612"}],"up":[{"embeddable":true,"href":"https:\/\/urolaturismoa.eus\/fr\/wp-json\/wp\/v2\/pages\/2398"}],"wp:featuredmedia":[{"embeddable":true,"href":"https:\/\/urolaturismoa.eus\/fr\/wp-json\/wp\/v2\/media\/2445"}],"wp:attachment":[{"href":"https:\/\/urolaturismoa.eus\/fr\/wp-json\/wp\/v2\/media?parent=2444"}],"curies":[{"name":"wp","href":"https:\/\/api.w.org\/{rel}","templated":true}]}}