{"id":2436,"date":"2021-06-11T12:29:58","date_gmt":"2021-06-11T12:29:58","guid":{"rendered":"https:\/\/urolaturismoa.eus\/organisez-votre-voyage\/non-jan\/"},"modified":"2021-07-05T11:06:22","modified_gmt":"2021-07-05T11:06:22","slug":"ou-manger","status":"publish","type":"page","link":"https:\/\/urolaturismoa.eus\/fr\/organisez-votre-voyage\/ou-manger\/","title":{"rendered":"O\u00f9 manger\u00a0?"},"content":{"rendered":"<p>Vous avez \u00e0 votre disposition des restaurants, grills et cidreries de la r\u00e9gion. D\u2019autre part, nous vous invitons \u00e0 fl\u00e2ner dans les rues des communes et \u00e0 c\u00f4toyer les bars pour appr\u00e9cier l\u2019ambiance qui y r\u00e8gne. <\/p>\n","protected":false},"excerpt":{"rendered":"<p>Vous avez \u00e0 votre disposition des restaurants, grills et cidreries de la r\u00e9gion. D\u2019autre part, nous vous invitons \u00e0 fl\u00e2ner dans les rues des communes et \u00e0 c\u00f4toyer les bars pour appr\u00e9cier l\u2019ambiance qui y r\u00e8gne.<\/p>\n","protected":false},"author":1,"featured_media":2437,"parent":2398,"menu_order":0,"comment_status":"closed","ping_status":"closed","template":"template-jan.php","meta":{"_acf_changed":false,"footnotes":""},"class_list":["post-2436","page","type-page","status-publish","has-post-thumbnail","hentry"],"acf":[],"yoast_head":"<!-- This site is optimized with the Yoast SEO plugin v26.7 - https:\/\/yoast.com\/wordpress\/plugins\/seo\/ -->\n<title>O\u00f9 manger\u00a0? | Urola Turismoa<\/title>\n<meta name=\"robots\" content=\"index, follow, max-snippet:-1, max-image-preview:large, max-video-preview:-1\" \/>\n<link rel=\"canonical\" href=\"https:\/\/urolaturismoa.eus\/fr\/organisez-votre-voyage\/ou-manger\/\" \/>\n<meta property=\"og:locale\" content=\"fr_FR\" \/>\n<meta property=\"og:type\" content=\"article\" \/>\n<meta property=\"og:title\" content=\"O\u00f9 manger\u00a0? | Urola Turismoa\" \/>\n<meta property=\"og:description\" content=\"Vous avez \u00e0 votre disposition des restaurants, grills et cidreries de la r\u00e9gion. D\u2019autre part, nous vous invitons \u00e0 fl\u00e2ner dans les rues des communes et \u00e0 c\u00f4toyer les bars pour appr\u00e9cier l\u2019ambiance qui y r\u00e8gne.\" \/>\n<meta property=\"og:url\" content=\"https:\/\/urolaturismoa.eus\/fr\/organisez-votre-voyage\/ou-manger\/\" \/>\n<meta property=\"og:site_name\" content=\"Urola Turismoa\" \/>\n<meta property=\"article:modified_time\" content=\"2021-07-05T11:06:22+00:00\" \/>\n<meta property=\"og:image\" content=\"https:\/\/urolaturismoa.eus\/wp-content\/uploads\/2021\/06\/Non-jan.jpg\" \/>\n\t<meta property=\"og:image:width\" content=\"1795\" \/>\n\t<meta property=\"og:image:height\" content=\"1197\" \/>\n\t<meta property=\"og:image:type\" content=\"image\/jpeg\" \/>\n<meta name=\"twitter:card\" content=\"summary_large_image\" \/>\n<meta name=\"twitter:label1\" content=\"Dur\u00e9e de lecture estim\u00e9e\" \/>\n\t<meta name=\"twitter:data1\" content=\"1 minute\" \/>\n<script type=\"application\/ld+json\" class=\"yoast-schema-graph\">{\"@context\":\"https:\/\/schema.org\",\"@graph\":[{\"@type\":\"WebPage\",\"@id\":\"https:\/\/urolaturismoa.eus\/fr\/organisez-votre-voyage\/ou-manger\/\",\"url\":\"https:\/\/urolaturismoa.eus\/fr\/organisez-votre-voyage\/ou-manger\/\",\"name\":\"O\u00f9 manger\u00a0? | Urola Turismoa\",\"isPartOf\":{\"@id\":\"https:\/\/urolaturismoa.eus\/fr\/#website\"},\"primaryImageOfPage\":{\"@id\":\"https:\/\/urolaturismoa.eus\/fr\/organisez-votre-voyage\/ou-manger\/#primaryimage\"},\"image\":{\"@id\":\"https:\/\/urolaturismoa.eus\/fr\/organisez-votre-voyage\/ou-manger\/#primaryimage\"},\"thumbnailUrl\":\"https:\/\/urolaturismoa.eus\/wp-content\/uploads\/2021\/06\/Non-jan.jpg\",\"datePublished\":\"2021-06-11T12:29:58+00:00\",\"dateModified\":\"2021-07-05T11:06:22+00:00\",\"breadcrumb\":{\"@id\":\"https:\/\/urolaturismoa.eus\/fr\/organisez-votre-voyage\/ou-manger\/#breadcrumb\"},\"inLanguage\":\"fr-FR\",\"potentialAction\":[{\"@type\":\"ReadAction\",\"target\":[\"https:\/\/urolaturismoa.eus\/fr\/organisez-votre-voyage\/ou-manger\/\"]}]},{\"@type\":\"ImageObject\",\"inLanguage\":\"fr-FR\",\"@id\":\"https:\/\/urolaturismoa.eus\/fr\/organisez-votre-voyage\/ou-manger\/#primaryimage\",\"url\":\"https:\/\/urolaturismoa.eus\/wp-content\/uploads\/2021\/06\/Non-jan.jpg\",\"contentUrl\":\"https:\/\/urolaturismoa.eus\/wp-content\/uploads\/2021\/06\/Non-jan.jpg\",\"width\":1795,\"height\":1197},{\"@type\":\"BreadcrumbList\",\"@id\":\"https:\/\/urolaturismoa.eus\/fr\/organisez-votre-voyage\/ou-manger\/#breadcrumb\",\"itemListElement\":[{\"@type\":\"ListItem\",\"position\":1,\"name\":\"Home\",\"item\":\"https:\/\/urolaturismoa.eus\/fr\/\"},{\"@type\":\"ListItem\",\"position\":2,\"name\":\"Organisez votre voyage\",\"item\":\"https:\/\/urolaturismoa.eus\/fr\/bidaia-antolatu\/\"},{\"@type\":\"ListItem\",\"position\":3,\"name\":\"O\u00f9 manger\u00a0?\"}]},{\"@type\":\"WebSite\",\"@id\":\"https:\/\/urolaturismoa.eus\/fr\/#website\",\"url\":\"https:\/\/urolaturismoa.eus\/fr\/\",\"name\":\"Urola Turismoa\",\"description\":\"Basque Country\",\"potentialAction\":[{\"@type\":\"SearchAction\",\"target\":{\"@type\":\"EntryPoint\",\"urlTemplate\":\"https:\/\/urolaturismoa.eus\/fr\/?s={search_term_string}\"},\"query-input\":{\"@type\":\"PropertyValueSpecification\",\"valueRequired\":true,\"valueName\":\"search_term_string\"}}],\"inLanguage\":\"fr-FR\"}]}<\/script>\n<!-- \/ Yoast SEO plugin. -->","yoast_head_json":{"title":"O\u00f9 manger\u00a0? | Urola Turismoa","robots":{"index":"index","follow":"follow","max-snippet":"max-snippet:-1","max-image-preview":"max-image-preview:large","max-video-preview":"max-video-preview:-1"},"canonical":"https:\/\/urolaturismoa.eus\/fr\/organisez-votre-voyage\/ou-manger\/","og_locale":"fr_FR","og_type":"article","og_title":"O\u00f9 manger\u00a0? | Urola Turismoa","og_description":"Vous avez \u00e0 votre disposition des restaurants, grills et cidreries de la r\u00e9gion. D\u2019autre part, nous vous invitons \u00e0 fl\u00e2ner dans les rues des communes et \u00e0 c\u00f4toyer les bars pour appr\u00e9cier l\u2019ambiance qui y r\u00e8gne.","og_url":"https:\/\/urolaturismoa.eus\/fr\/organisez-votre-voyage\/ou-manger\/","og_site_name":"Urola Turismoa","article_modified_time":"2021-07-05T11:06:22+00:00","og_image":[{"width":1795,"height":1197,"url":"https:\/\/urolaturismoa.eus\/wp-content\/uploads\/2021\/06\/Non-jan.jpg","type":"image\/jpeg"}],"twitter_card":"summary_large_image","twitter_misc":{"Dur\u00e9e de lecture estim\u00e9e":"1 minute"},"schema":{"@context":"https:\/\/schema.org","@graph":[{"@type":"WebPage","@id":"https:\/\/urolaturismoa.eus\/fr\/organisez-votre-voyage\/ou-manger\/","url":"https:\/\/urolaturismoa.eus\/fr\/organisez-votre-voyage\/ou-manger\/","name":"O\u00f9 manger\u00a0? | Urola Turismoa","isPartOf":{"@id":"https:\/\/urolaturismoa.eus\/fr\/#website"},"primaryImageOfPage":{"@id":"https:\/\/urolaturismoa.eus\/fr\/organisez-votre-voyage\/ou-manger\/#primaryimage"},"image":{"@id":"https:\/\/urolaturismoa.eus\/fr\/organisez-votre-voyage\/ou-manger\/#primaryimage"},"thumbnailUrl":"https:\/\/urolaturismoa.eus\/wp-content\/uploads\/2021\/06\/Non-jan.jpg","datePublished":"2021-06-11T12:29:58+00:00","dateModified":"2021-07-05T11:06:22+00:00","breadcrumb":{"@id":"https:\/\/urolaturismoa.eus\/fr\/organisez-votre-voyage\/ou-manger\/#breadcrumb"},"inLanguage":"fr-FR","potentialAction":[{"@type":"ReadAction","target":["https:\/\/urolaturismoa.eus\/fr\/organisez-votre-voyage\/ou-manger\/"]}]},{"@type":"ImageObject","inLanguage":"fr-FR","@id":"https:\/\/urolaturismoa.eus\/fr\/organisez-votre-voyage\/ou-manger\/#primaryimage","url":"https:\/\/urolaturismoa.eus\/wp-content\/uploads\/2021\/06\/Non-jan.jpg","contentUrl":"https:\/\/urolaturismoa.eus\/wp-content\/uploads\/2021\/06\/Non-jan.jpg","width":1795,"height":1197},{"@type":"BreadcrumbList","@id":"https:\/\/urolaturismoa.eus\/fr\/organisez-votre-voyage\/ou-manger\/#breadcrumb","itemListElement":[{"@type":"ListItem","position":1,"name":"Home","item":"https:\/\/urolaturismoa.eus\/fr\/"},{"@type":"ListItem","position":2,"name":"Organisez votre voyage","item":"https:\/\/urolaturismoa.eus\/fr\/bidaia-antolatu\/"},{"@type":"ListItem","position":3,"name":"O\u00f9 manger\u00a0?"}]},{"@type":"WebSite","@id":"https:\/\/urolaturismoa.eus\/fr\/#website","url":"https:\/\/urolaturismoa.eus\/fr\/","name":"Urola Turismoa","description":"Basque Country","potentialAction":[{"@type":"SearchAction","target":{"@type":"EntryPoint","urlTemplate":"https:\/\/urolaturismoa.eus\/fr\/?s={search_term_string}"},"query-input":{"@type":"PropertyValueSpecification","valueRequired":true,"valueName":"search_term_string"}}],"inLanguage":"fr-FR"}]}},"_links":{"self":[{"href":"https:\/\/urolaturismoa.eus\/fr\/wp-json\/wp\/v2\/pages\/2436","targetHints":{"allow":["GET"]}}],"collection":[{"href":"https:\/\/urolaturismoa.eus\/fr\/wp-json\/wp\/v2\/pages"}],"about":[{"href":"https:\/\/urolaturismoa.eus\/fr\/wp-json\/wp\/v2\/types\/page"}],"author":[{"embeddable":true,"href":"https:\/\/urolaturismoa.eus\/fr\/wp-json\/wp\/v2\/users\/1"}],"replies":[{"embeddable":true,"href":"https:\/\/urolaturismoa.eus\/fr\/wp-json\/wp\/v2\/comments?post=2436"}],"version-history":[{"count":2,"href":"https:\/\/urolaturismoa.eus\/fr\/wp-json\/wp\/v2\/pages\/2436\/revisions"}],"predecessor-version":[{"id":2441,"href":"https:\/\/urolaturismoa.eus\/fr\/wp-json\/wp\/v2\/pages\/2436\/revisions\/2441"}],"up":[{"embeddable":true,"href":"https:\/\/urolaturismoa.eus\/fr\/wp-json\/wp\/v2\/pages\/2398"}],"wp:featuredmedia":[{"embeddable":true,"href":"https:\/\/urolaturismoa.eus\/fr\/wp-json\/wp\/v2\/media\/2437"}],"wp:attachment":[{"href":"https:\/\/urolaturismoa.eus\/fr\/wp-json\/wp\/v2\/media?parent=2436"}],"curies":[{"name":"wp","href":"https:\/\/api.w.org\/{rel}","templated":true}]}}