{"id":2310,"date":"2021-05-21T10:10:47","date_gmt":"2021-05-21T10:10:47","guid":{"rendered":"https:\/\/urolaturismoa.eus\/ezagutu-urola-bailara\/"},"modified":"2021-07-05T08:19:44","modified_gmt":"2021-07-05T08:19:44","slug":"decouvrez-la-vallee-de-lurola","status":"publish","type":"page","link":"https:\/\/urolaturismoa.eus\/fr\/decouvrez-la-vallee-de-lurola\/","title":{"rendered":"D\u00e9couvrez la Vall\u00e9e de l&rsquo;Urola"},"content":{"rendered":"<p>Situ\u00e9e \u00e0 deux pas des trois chefs-lieux basques. Terre de nature et culture, elle constitue le poumon de l\u2019euskera, la langue basque. Les 7 communes qui la composent r\u00e9servent bien des surprises aux voyageurs.<br \/>\nElle est aussi le lieu de naissance de saint Ignace. Le Sanctuaire de Loyola est \u00e0 cet \u00e9gard un des tr\u00e9sors les plus convoit\u00e9s que nous pouvons y trouver.<br \/>\nPlongez dans cette vall\u00e9e basque et d\u00e9couvrez tous ses charmes.<\/p>\n","protected":false},"excerpt":{"rendered":"<p>Situ\u00e9e \u00e0 deux pas des trois chefs-lieux basques. Terre de nature et culture, elle constitue le poumon de l\u2019euskera, la langue basque. Les 7 communes qui la composent r\u00e9servent bien des surprises aux voyageurs. Elle est aussi le lieu de naissance de saint Ignace. Le Sanctuaire de Loyola est \u00e0 cet \u00e9gard un des tr\u00e9sors [&hellip;]<\/p>\n","protected":false},"author":1,"featured_media":2312,"parent":0,"menu_order":0,"comment_status":"closed","ping_status":"closed","template":"template-herriak.php","meta":{"_acf_changed":false,"footnotes":""},"class_list":["post-2310","page","type-page","status-publish","has-post-thumbnail","hentry"],"acf":[],"yoast_head":"<!-- This site is optimized with the Yoast SEO plugin v26.7 - https:\/\/yoast.com\/wordpress\/plugins\/seo\/ -->\n<title>D\u00e9couvrez la Vall\u00e9e de l&#039;Urola | Urola Turismoa<\/title>\n<meta name=\"robots\" content=\"index, follow, max-snippet:-1, max-image-preview:large, max-video-preview:-1\" \/>\n<link rel=\"canonical\" href=\"https:\/\/urolaturismoa.eus\/fr\/decouvrez-la-vallee-de-lurola\/\" \/>\n<meta property=\"og:locale\" content=\"fr_FR\" \/>\n<meta property=\"og:type\" content=\"article\" \/>\n<meta property=\"og:title\" content=\"D\u00e9couvrez la Vall\u00e9e de l&#039;Urola | Urola Turismoa\" \/>\n<meta property=\"og:description\" content=\"Situ\u00e9e \u00e0 deux pas des trois chefs-lieux basques. Terre de nature et culture, elle constitue le poumon de l\u2019euskera, la langue basque. Les 7 communes qui la composent r\u00e9servent bien des surprises aux voyageurs. Elle est aussi le lieu de naissance de saint Ignace. Le Sanctuaire de Loyola est \u00e0 cet \u00e9gard un des tr\u00e9sors [&hellip;]\" \/>\n<meta property=\"og:url\" content=\"https:\/\/urolaturismoa.eus\/fr\/decouvrez-la-vallee-de-lurola\/\" \/>\n<meta property=\"og:site_name\" content=\"Urola Turismoa\" \/>\n<meta property=\"article:modified_time\" content=\"2021-07-05T08:19:44+00:00\" \/>\n<meta property=\"og:image\" content=\"https:\/\/urolaturismoa.eus\/wp-content\/uploads\/2021\/06\/mapa-nagusia-1.jpg\" \/>\n\t<meta property=\"og:image:width\" content=\"1857\" \/>\n\t<meta property=\"og:image:height\" content=\"858\" \/>\n\t<meta property=\"og:image:type\" content=\"image\/jpeg\" \/>\n<meta name=\"twitter:card\" content=\"summary_large_image\" \/>\n<meta name=\"twitter:label1\" content=\"Dur\u00e9e de lecture estim\u00e9e\" \/>\n\t<meta name=\"twitter:data1\" content=\"1 minute\" \/>\n<script type=\"application\/ld+json\" class=\"yoast-schema-graph\">{\"@context\":\"https:\/\/schema.org\",\"@graph\":[{\"@type\":\"WebPage\",\"@id\":\"https:\/\/urolaturismoa.eus\/fr\/decouvrez-la-vallee-de-lurola\/\",\"url\":\"https:\/\/urolaturismoa.eus\/fr\/decouvrez-la-vallee-de-lurola\/\",\"name\":\"D\u00e9couvrez la Vall\u00e9e de l'Urola | Urola Turismoa\",\"isPartOf\":{\"@id\":\"https:\/\/urolaturismoa.eus\/fr\/#website\"},\"primaryImageOfPage\":{\"@id\":\"https:\/\/urolaturismoa.eus\/fr\/decouvrez-la-vallee-de-lurola\/#primaryimage\"},\"image\":{\"@id\":\"https:\/\/urolaturismoa.eus\/fr\/decouvrez-la-vallee-de-lurola\/#primaryimage\"},\"thumbnailUrl\":\"https:\/\/urolaturismoa.eus\/wp-content\/uploads\/2021\/06\/mapa-nagusia-1.jpg\",\"datePublished\":\"2021-05-21T10:10:47+00:00\",\"dateModified\":\"2021-07-05T08:19:44+00:00\",\"breadcrumb\":{\"@id\":\"https:\/\/urolaturismoa.eus\/fr\/decouvrez-la-vallee-de-lurola\/#breadcrumb\"},\"inLanguage\":\"fr-FR\",\"potentialAction\":[{\"@type\":\"ReadAction\",\"target\":[\"https:\/\/urolaturismoa.eus\/fr\/decouvrez-la-vallee-de-lurola\/\"]}]},{\"@type\":\"ImageObject\",\"inLanguage\":\"fr-FR\",\"@id\":\"https:\/\/urolaturismoa.eus\/fr\/decouvrez-la-vallee-de-lurola\/#primaryimage\",\"url\":\"https:\/\/urolaturismoa.eus\/wp-content\/uploads\/2021\/06\/mapa-nagusia-1.jpg\",\"contentUrl\":\"https:\/\/urolaturismoa.eus\/wp-content\/uploads\/2021\/06\/mapa-nagusia-1.jpg\",\"width\":1857,\"height\":858},{\"@type\":\"BreadcrumbList\",\"@id\":\"https:\/\/urolaturismoa.eus\/fr\/decouvrez-la-vallee-de-lurola\/#breadcrumb\",\"itemListElement\":[{\"@type\":\"ListItem\",\"position\":1,\"name\":\"Home\",\"item\":\"https:\/\/urolaturismoa.eus\/fr\/\"},{\"@type\":\"ListItem\",\"position\":2,\"name\":\"D\u00e9couvrez la Vall\u00e9e de l&#8217;Urola\"}]},{\"@type\":\"WebSite\",\"@id\":\"https:\/\/urolaturismoa.eus\/fr\/#website\",\"url\":\"https:\/\/urolaturismoa.eus\/fr\/\",\"name\":\"Urola Turismoa\",\"description\":\"Basque Country\",\"potentialAction\":[{\"@type\":\"SearchAction\",\"target\":{\"@type\":\"EntryPoint\",\"urlTemplate\":\"https:\/\/urolaturismoa.eus\/fr\/?s={search_term_string}\"},\"query-input\":{\"@type\":\"PropertyValueSpecification\",\"valueRequired\":true,\"valueName\":\"search_term_string\"}}],\"inLanguage\":\"fr-FR\"}]}<\/script>\n<!-- \/ Yoast SEO plugin. -->","yoast_head_json":{"title":"D\u00e9couvrez la Vall\u00e9e de l'Urola | Urola Turismoa","robots":{"index":"index","follow":"follow","max-snippet":"max-snippet:-1","max-image-preview":"max-image-preview:large","max-video-preview":"max-video-preview:-1"},"canonical":"https:\/\/urolaturismoa.eus\/fr\/decouvrez-la-vallee-de-lurola\/","og_locale":"fr_FR","og_type":"article","og_title":"D\u00e9couvrez la Vall\u00e9e de l'Urola | Urola Turismoa","og_description":"Situ\u00e9e \u00e0 deux pas des trois chefs-lieux basques. Terre de nature et culture, elle constitue le poumon de l\u2019euskera, la langue basque. Les 7 communes qui la composent r\u00e9servent bien des surprises aux voyageurs. Elle est aussi le lieu de naissance de saint Ignace. Le Sanctuaire de Loyola est \u00e0 cet \u00e9gard un des tr\u00e9sors [&hellip;]","og_url":"https:\/\/urolaturismoa.eus\/fr\/decouvrez-la-vallee-de-lurola\/","og_site_name":"Urola Turismoa","article_modified_time":"2021-07-05T08:19:44+00:00","og_image":[{"width":1857,"height":858,"url":"https:\/\/urolaturismoa.eus\/wp-content\/uploads\/2021\/06\/mapa-nagusia-1.jpg","type":"image\/jpeg"}],"twitter_card":"summary_large_image","twitter_misc":{"Dur\u00e9e de lecture estim\u00e9e":"1 minute"},"schema":{"@context":"https:\/\/schema.org","@graph":[{"@type":"WebPage","@id":"https:\/\/urolaturismoa.eus\/fr\/decouvrez-la-vallee-de-lurola\/","url":"https:\/\/urolaturismoa.eus\/fr\/decouvrez-la-vallee-de-lurola\/","name":"D\u00e9couvrez la Vall\u00e9e de l'Urola | Urola Turismoa","isPartOf":{"@id":"https:\/\/urolaturismoa.eus\/fr\/#website"},"primaryImageOfPage":{"@id":"https:\/\/urolaturismoa.eus\/fr\/decouvrez-la-vallee-de-lurola\/#primaryimage"},"image":{"@id":"https:\/\/urolaturismoa.eus\/fr\/decouvrez-la-vallee-de-lurola\/#primaryimage"},"thumbnailUrl":"https:\/\/urolaturismoa.eus\/wp-content\/uploads\/2021\/06\/mapa-nagusia-1.jpg","datePublished":"2021-05-21T10:10:47+00:00","dateModified":"2021-07-05T08:19:44+00:00","breadcrumb":{"@id":"https:\/\/urolaturismoa.eus\/fr\/decouvrez-la-vallee-de-lurola\/#breadcrumb"},"inLanguage":"fr-FR","potentialAction":[{"@type":"ReadAction","target":["https:\/\/urolaturismoa.eus\/fr\/decouvrez-la-vallee-de-lurola\/"]}]},{"@type":"ImageObject","inLanguage":"fr-FR","@id":"https:\/\/urolaturismoa.eus\/fr\/decouvrez-la-vallee-de-lurola\/#primaryimage","url":"https:\/\/urolaturismoa.eus\/wp-content\/uploads\/2021\/06\/mapa-nagusia-1.jpg","contentUrl":"https:\/\/urolaturismoa.eus\/wp-content\/uploads\/2021\/06\/mapa-nagusia-1.jpg","width":1857,"height":858},{"@type":"BreadcrumbList","@id":"https:\/\/urolaturismoa.eus\/fr\/decouvrez-la-vallee-de-lurola\/#breadcrumb","itemListElement":[{"@type":"ListItem","position":1,"name":"Home","item":"https:\/\/urolaturismoa.eus\/fr\/"},{"@type":"ListItem","position":2,"name":"D\u00e9couvrez la Vall\u00e9e de l&#8217;Urola"}]},{"@type":"WebSite","@id":"https:\/\/urolaturismoa.eus\/fr\/#website","url":"https:\/\/urolaturismoa.eus\/fr\/","name":"Urola Turismoa","description":"Basque Country","potentialAction":[{"@type":"SearchAction","target":{"@type":"EntryPoint","urlTemplate":"https:\/\/urolaturismoa.eus\/fr\/?s={search_term_string}"},"query-input":{"@type":"PropertyValueSpecification","valueRequired":true,"valueName":"search_term_string"}}],"inLanguage":"fr-FR"}]}},"_links":{"self":[{"href":"https:\/\/urolaturismoa.eus\/fr\/wp-json\/wp\/v2\/pages\/2310","targetHints":{"allow":["GET"]}}],"collection":[{"href":"https:\/\/urolaturismoa.eus\/fr\/wp-json\/wp\/v2\/pages"}],"about":[{"href":"https:\/\/urolaturismoa.eus\/fr\/wp-json\/wp\/v2\/types\/page"}],"author":[{"embeddable":true,"href":"https:\/\/urolaturismoa.eus\/fr\/wp-json\/wp\/v2\/users\/1"}],"replies":[{"embeddable":true,"href":"https:\/\/urolaturismoa.eus\/fr\/wp-json\/wp\/v2\/comments?post=2310"}],"version-history":[{"count":3,"href":"https:\/\/urolaturismoa.eus\/fr\/wp-json\/wp\/v2\/pages\/2310\/revisions"}],"predecessor-version":[{"id":2349,"href":"https:\/\/urolaturismoa.eus\/fr\/wp-json\/wp\/v2\/pages\/2310\/revisions\/2349"}],"wp:featuredmedia":[{"embeddable":true,"href":"https:\/\/urolaturismoa.eus\/fr\/wp-json\/wp\/v2\/media\/2312"}],"wp:attachment":[{"href":"https:\/\/urolaturismoa.eus\/fr\/wp-json\/wp\/v2\/media?parent=2310"}],"curies":[{"name":"wp","href":"https:\/\/api.w.org\/{rel}","templated":true}]}}