{"id":2305,"date":"2021-03-23T11:36:14","date_gmt":"2021-03-23T11:36:14","guid":{"rendered":"https:\/\/urolaturismoa.eus\/sample-page\/"},"modified":"2021-07-06T09:00:56","modified_gmt":"2021-07-06T09:00:56","slug":"sample-page","status":"publish","type":"page","link":"https:\/\/urolaturismoa.eus\/fr\/","title":{"rendered":"Urola Turismoa &#8211; Pays Basque"},"content":{"rendered":"<h2 class=\"animate__animated animate__zoomIn\"><span class=\"lema\">D\u00e9couvrez<\/span><br \/>\nla Vall\u00e9e de l&rsquo;Urola<\/h2>\n<p>L&rsquo;Urola Erdia est une vall\u00e9e au c\u0153ur du Pays Basque, situ\u00e9e \u00e0 deux pas des chefs-lieux basques. Terre de nature et culture, elle constitue le poumon de l&rsquo;euskera, la langue basque.<br \/>\n<a href=\"https:\/\/urolaturismoa.eus\/fr\/decouvrez-la-vallee-de-lurola\/\"><img loading=\"lazy\" decoding=\"async\" class=\"alignnone size-full wp-image-730\" src=\"https:\/\/urolaturismoa.eus\/wp-content\/uploads\/2021\/06\/gezia-eskubia.png\" alt=\"\" width=\"74\" height=\"74\" \/><\/a><\/p>\n","protected":false},"excerpt":{"rendered":"<p>D\u00e9couvrez la Vall\u00e9e de l&rsquo;Urola L&rsquo;Urola Erdia est une vall\u00e9e au c\u0153ur du Pays Basque, situ\u00e9e \u00e0 deux pas des chefs-lieux basques. Terre de nature et culture, elle constitue le poumon de l&rsquo;euskera, la langue basque.<\/p>\n","protected":false},"author":1,"featured_media":2306,"parent":0,"menu_order":0,"comment_status":"closed","ping_status":"open","template":"template-homepage.php","meta":{"_acf_changed":false,"footnotes":""},"class_list":["post-2305","page","type-page","status-publish","has-post-thumbnail","hentry"],"acf":[],"yoast_head":"<!-- This site is optimized with the Yoast SEO plugin v26.7 - https:\/\/yoast.com\/wordpress\/plugins\/seo\/ -->\n<title>Urola Turismoa - Pays Basque | Urola Turismoa<\/title>\n<meta name=\"robots\" content=\"index, follow, max-snippet:-1, max-image-preview:large, max-video-preview:-1\" \/>\n<link rel=\"canonical\" href=\"https:\/\/urolaturismoa.eus\/fr\/\" \/>\n<meta property=\"og:locale\" content=\"fr_FR\" \/>\n<meta property=\"og:type\" content=\"article\" \/>\n<meta property=\"og:title\" content=\"Urola Turismoa - Pays Basque | Urola Turismoa\" \/>\n<meta property=\"og:description\" content=\"D\u00e9couvrez la Vall\u00e9e de l&rsquo;Urola L&rsquo;Urola Erdia est une vall\u00e9e au c\u0153ur du Pays Basque, situ\u00e9e \u00e0 deux pas des chefs-lieux basques. Terre de nature et culture, elle constitue le poumon de l&rsquo;euskera, la langue basque.\" \/>\n<meta property=\"og:url\" content=\"https:\/\/urolaturismoa.eus\/fr\/\" \/>\n<meta property=\"og:site_name\" content=\"Urola Turismoa\" \/>\n<meta property=\"article:modified_time\" content=\"2021-07-06T09:00:56+00:00\" \/>\n<meta property=\"og:image\" content=\"https:\/\/urolaturismoa.eus\/wp-content\/uploads\/2021\/05\/urola-turismoa-portada-irudia.jpg\" \/>\n\t<meta property=\"og:image:width\" content=\"1895\" \/>\n\t<meta property=\"og:image:height\" content=\"721\" \/>\n\t<meta property=\"og:image:type\" content=\"image\/jpeg\" \/>\n<meta name=\"twitter:card\" content=\"summary_large_image\" \/>\n<meta name=\"twitter:label1\" content=\"Dur\u00e9e de lecture estim\u00e9e\" \/>\n\t<meta name=\"twitter:data1\" content=\"1 minute\" \/>\n<script type=\"application\/ld+json\" class=\"yoast-schema-graph\">{\"@context\":\"https:\/\/schema.org\",\"@graph\":[{\"@type\":\"WebPage\",\"@id\":\"https:\/\/urolaturismoa.eus\/fr\/\",\"url\":\"https:\/\/urolaturismoa.eus\/fr\/\",\"name\":\"Urola Turismoa - Pays Basque | Urola Turismoa\",\"isPartOf\":{\"@id\":\"https:\/\/urolaturismoa.eus\/fr\/#website\"},\"primaryImageOfPage\":{\"@id\":\"https:\/\/urolaturismoa.eus\/fr\/#primaryimage\"},\"image\":{\"@id\":\"https:\/\/urolaturismoa.eus\/fr\/#primaryimage\"},\"thumbnailUrl\":\"https:\/\/urolaturismoa.eus\/wp-content\/uploads\/2021\/05\/urola-turismoa-portada-irudia.jpg\",\"datePublished\":\"2021-03-23T11:36:14+00:00\",\"dateModified\":\"2021-07-06T09:00:56+00:00\",\"breadcrumb\":{\"@id\":\"https:\/\/urolaturismoa.eus\/fr\/#breadcrumb\"},\"inLanguage\":\"fr-FR\",\"potentialAction\":[{\"@type\":\"ReadAction\",\"target\":[\"https:\/\/urolaturismoa.eus\/fr\/\"]}]},{\"@type\":\"ImageObject\",\"inLanguage\":\"fr-FR\",\"@id\":\"https:\/\/urolaturismoa.eus\/fr\/#primaryimage\",\"url\":\"https:\/\/urolaturismoa.eus\/wp-content\/uploads\/2021\/05\/urola-turismoa-portada-irudia.jpg\",\"contentUrl\":\"https:\/\/urolaturismoa.eus\/wp-content\/uploads\/2021\/05\/urola-turismoa-portada-irudia.jpg\",\"width\":1895,\"height\":721},{\"@type\":\"BreadcrumbList\",\"@id\":\"https:\/\/urolaturismoa.eus\/fr\/#breadcrumb\",\"itemListElement\":[{\"@type\":\"ListItem\",\"position\":1,\"name\":\"Home\",\"item\":\"https:\/\/urolaturismoa.eus\/fr\/\"},{\"@type\":\"ListItem\",\"position\":2,\"name\":\"Urola Turismoa &#8211; Pays Basque\"}]},{\"@type\":\"WebSite\",\"@id\":\"https:\/\/urolaturismoa.eus\/fr\/#website\",\"url\":\"https:\/\/urolaturismoa.eus\/fr\/\",\"name\":\"Urola Turismoa\",\"description\":\"Basque Country\",\"potentialAction\":[{\"@type\":\"SearchAction\",\"target\":{\"@type\":\"EntryPoint\",\"urlTemplate\":\"https:\/\/urolaturismoa.eus\/fr\/?s={search_term_string}\"},\"query-input\":{\"@type\":\"PropertyValueSpecification\",\"valueRequired\":true,\"valueName\":\"search_term_string\"}}],\"inLanguage\":\"fr-FR\"}]}<\/script>\n<!-- \/ Yoast SEO plugin. -->","yoast_head_json":{"title":"Urola Turismoa - Pays Basque | Urola Turismoa","robots":{"index":"index","follow":"follow","max-snippet":"max-snippet:-1","max-image-preview":"max-image-preview:large","max-video-preview":"max-video-preview:-1"},"canonical":"https:\/\/urolaturismoa.eus\/fr\/","og_locale":"fr_FR","og_type":"article","og_title":"Urola Turismoa - Pays Basque | Urola Turismoa","og_description":"D\u00e9couvrez la Vall\u00e9e de l&rsquo;Urola L&rsquo;Urola Erdia est une vall\u00e9e au c\u0153ur du Pays Basque, situ\u00e9e \u00e0 deux pas des chefs-lieux basques. Terre de nature et culture, elle constitue le poumon de l&rsquo;euskera, la langue basque.","og_url":"https:\/\/urolaturismoa.eus\/fr\/","og_site_name":"Urola Turismoa","article_modified_time":"2021-07-06T09:00:56+00:00","og_image":[{"width":1895,"height":721,"url":"https:\/\/urolaturismoa.eus\/wp-content\/uploads\/2021\/05\/urola-turismoa-portada-irudia.jpg","type":"image\/jpeg"}],"twitter_card":"summary_large_image","twitter_misc":{"Dur\u00e9e de lecture estim\u00e9e":"1 minute"},"schema":{"@context":"https:\/\/schema.org","@graph":[{"@type":"WebPage","@id":"https:\/\/urolaturismoa.eus\/fr\/","url":"https:\/\/urolaturismoa.eus\/fr\/","name":"Urola Turismoa - Pays Basque | Urola Turismoa","isPartOf":{"@id":"https:\/\/urolaturismoa.eus\/fr\/#website"},"primaryImageOfPage":{"@id":"https:\/\/urolaturismoa.eus\/fr\/#primaryimage"},"image":{"@id":"https:\/\/urolaturismoa.eus\/fr\/#primaryimage"},"thumbnailUrl":"https:\/\/urolaturismoa.eus\/wp-content\/uploads\/2021\/05\/urola-turismoa-portada-irudia.jpg","datePublished":"2021-03-23T11:36:14+00:00","dateModified":"2021-07-06T09:00:56+00:00","breadcrumb":{"@id":"https:\/\/urolaturismoa.eus\/fr\/#breadcrumb"},"inLanguage":"fr-FR","potentialAction":[{"@type":"ReadAction","target":["https:\/\/urolaturismoa.eus\/fr\/"]}]},{"@type":"ImageObject","inLanguage":"fr-FR","@id":"https:\/\/urolaturismoa.eus\/fr\/#primaryimage","url":"https:\/\/urolaturismoa.eus\/wp-content\/uploads\/2021\/05\/urola-turismoa-portada-irudia.jpg","contentUrl":"https:\/\/urolaturismoa.eus\/wp-content\/uploads\/2021\/05\/urola-turismoa-portada-irudia.jpg","width":1895,"height":721},{"@type":"BreadcrumbList","@id":"https:\/\/urolaturismoa.eus\/fr\/#breadcrumb","itemListElement":[{"@type":"ListItem","position":1,"name":"Home","item":"https:\/\/urolaturismoa.eus\/fr\/"},{"@type":"ListItem","position":2,"name":"Urola Turismoa &#8211; Pays Basque"}]},{"@type":"WebSite","@id":"https:\/\/urolaturismoa.eus\/fr\/#website","url":"https:\/\/urolaturismoa.eus\/fr\/","name":"Urola Turismoa","description":"Basque Country","potentialAction":[{"@type":"SearchAction","target":{"@type":"EntryPoint","urlTemplate":"https:\/\/urolaturismoa.eus\/fr\/?s={search_term_string}"},"query-input":{"@type":"PropertyValueSpecification","valueRequired":true,"valueName":"search_term_string"}}],"inLanguage":"fr-FR"}]}},"_links":{"self":[{"href":"https:\/\/urolaturismoa.eus\/fr\/wp-json\/wp\/v2\/pages\/2305","targetHints":{"allow":["GET"]}}],"collection":[{"href":"https:\/\/urolaturismoa.eus\/fr\/wp-json\/wp\/v2\/pages"}],"about":[{"href":"https:\/\/urolaturismoa.eus\/fr\/wp-json\/wp\/v2\/types\/page"}],"author":[{"embeddable":true,"href":"https:\/\/urolaturismoa.eus\/fr\/wp-json\/wp\/v2\/users\/1"}],"replies":[{"embeddable":true,"href":"https:\/\/urolaturismoa.eus\/fr\/wp-json\/wp\/v2\/comments?post=2305"}],"version-history":[{"count":4,"href":"https:\/\/urolaturismoa.eus\/fr\/wp-json\/wp\/v2\/pages\/2305\/revisions"}],"predecessor-version":[{"id":2527,"href":"https:\/\/urolaturismoa.eus\/fr\/wp-json\/wp\/v2\/pages\/2305\/revisions\/2527"}],"wp:featuredmedia":[{"embeddable":true,"href":"https:\/\/urolaturismoa.eus\/fr\/wp-json\/wp\/v2\/media\/2306"}],"wp:attachment":[{"href":"https:\/\/urolaturismoa.eus\/fr\/wp-json\/wp\/v2\/media?parent=2305"}],"curies":[{"name":"wp","href":"https:\/\/api.w.org\/{rel}","templated":true}]}}