{"id":2152,"date":"2021-06-15T10:53:28","date_gmt":"2021-06-15T10:53:28","guid":{"rendered":"https:\/\/urolaturismoa.eus\/loiola\/"},"modified":"2021-10-28T09:26:49","modified_gmt":"2021-10-28T09:26:49","slug":"sanctuaire-de-loyola","status":"publish","type":"page","link":"https:\/\/urolaturismoa.eus\/fr\/sanctuaire-de-loyola\/","title":{"rendered":"Loyola"},"content":{"rendered":"<section class=\"loiola-santutegia\" style=\"background-image: url('https:\/\/urolaturismoa.eus\/wp-content\/uploads\/2021\/06\/loiola-santutegia-bg.jpg');\">\n<h1>Sanctuaire de Loyola<\/h1>\n<div class=\"santutegia-block\">\n<div class=\"sant-info\">\n<h2 class=\"h3\">Loyola est un des espaces monumentaux majeurs du Guip\u00fazcoa.<\/h2>\n<div class=\"sant-info-text\">\n<p>La maison natale de saint Ignace, connue comme la Maison Sainte, se trouve \u00e0 c\u00f4t\u00e9 de la basilique de style romain, aujourd\u2019hui Sanctuaire. La Maison Sainte et la basilique au d\u00f4me majestueux de 60 m\u00e8tres de haut sont des visites incontournables, inscrites dans le top 10 d\u2019Euskadi.<\/p>\n<\/div>\n<\/div>\n<div class=\"sant-img\"><img decoding=\"async\" src=\"https:\/\/urolaturismoa.eus\/wp-content\/uploads\/2021\/06\/loiola-kupula.jpg\" \/><\/div>\n<\/div>\n<div class=\"santutegia-info-block\">\n<h2>Informations<\/h2>\n<div class=\"container\">\n<div class=\"santutegia-info-item\">\n<div>\n<h3>En hiver<\/h3>\n<p><strong>Basilique\u00a0:<\/strong> 10:00 &#8211; 13:30 \/ 15:30 &#8211; 18:30 &#8211; Entr\u00e9e gratuite<\/p>\n<p><strong>Maison Sainte :<\/strong> 10:00 &#8211; 12:30 \/ 15:30 &#8211; 18:15<\/p>\n<\/div>\n<div>\n<h3>En \u00e9t\u00e9<\/h3>\n<p><strong>Basilique\u00a0:<\/strong> 10:00 &#8211; 13:30 \/ 15:30 &#8211; 19:30 &#8211; Entr\u00e9e gratuite<\/p>\n<p><strong>Maison Sainte :<\/strong> 10:00 &#8211; 12:30 \/ 15:30 &#8211; 18:15<\/p>\n<\/div>\n<div class=\"kont text-center\">\n<h3>Contact<\/h3>\n<p><a href=\"tel:943025000\"><i class=\"fa fa-phone\"><\/i> (00 34) 943 02 50 00<\/a><\/p>\n<p><a href=\"mailto:visitas@loyola.global\"><i class=\"fa fa-envelope\"><\/i> visitas@loyola.global<\/a><\/p>\n<\/div>\n<\/div>\n<\/div>\n<\/div>\n<\/section>\n<section class=\"loiola-bailara\" style=\"background-image: url('https:\/\/urolaturismoa.eus\/wp-content\/uploads\/2021\/06\/loiola-bailara-bg.jpg');\">\n<h2>La vall\u00e9e de Loyola<\/h2>\n<div class=\"bailara-block\"><a class=\"deskarga-block\" href=\"https:\/\/urolaturismoa.eus\/wp-content\/uploads\/2021\/07\/mapa-loiola-fr.pdf\" target=\"_blank\" rel=\"noopener\"><img decoding=\"async\" src=\"https:\/\/urolaturismoa.eus\/wp-content\/uploads\/2021\/06\/loiola-deskarga.png\" alt=\"mapa deskargatu\" \/><span>T\u00e9l\u00e9charger la carte<\/span><\/a><\/p>\n<div class=\"container\">\n<div class=\"row d-flex justify-content-center\">\n<div class=\"col-lg-10\">\n<p>La vall\u00e9e de Loyola regroupe les localit\u00e9s d\u2019Azpeitia et d\u2019Azkoitia, o\u00f9 s\u2019\u00e9rige la statue de saint Ignace, sur le flanc du mont Izarraitz et sur les bords de la rivi\u00e8re Urola.<\/p>\n<p>Le visiteur pourra contempler, respirer et vivre les lieux que le fondateur de la Compagnie de J\u00e9sus habita dans sa ville natale.<\/p>\n<\/div>\n<\/div>\n<\/div>\n<\/div>\n<p><!--<\/section>\n\n\n\n<section class=\"loiola-bailara loiola-inigo\" style=\"background-image: url('https:\/\/urolaturismoa.eus\/wp-content\/uploads\/2021\/06\/loiola-inigo-bg.jpg');\">\n\n\n<h2><span>Ignace de Loyola<\/span><span>son \u00e9poque historique et son territoire<\/span><br \/>\n<span>\u00c9t\u00e9 2021<\/span><\/h2>\n\n\n\n\n<div class=\"bailara-block\"><a class=\"deskarga-block\" href=\"https:\/\/urolaturismoa.eus\/wp-content\/uploads\/2021\/06\/2021_verano_visitas_guiadas.pdf\" target=\"_blank\" rel=\"noopener\"><img decoding=\"async\" src=\"https:\/\/urolaturismoa.eus\/wp-content\/uploads\/2021\/06\/loiola-deskarga.png\" alt=\"mapa deskargatu\" \/><span>Calendrier et programme des visites pdf<\/span><\/a>\n\n\n<div class=\"container\">\n\n\n<div class=\"row d-flex justify-content-end\">\n\n\n<div class=\"col-lg-6\">\n\n\n<p class=\"left\">L\u2019ombre de Loyola rayonne sur toute la vall\u00e9e. Gr\u00e2ce \u00e0 ce programme de visites guid\u00e9es con\u00e7ues et anim\u00e9es par un expert, vous aurez le privil\u00e8ge cet \u00e9t\u00e9 de vous faire conter les histoires de Loyola et ses environs.<\/p>\n\n\n\n<\/div>\n\n\n<\/div>\n\n\n<\/div>\n\n\n<\/div>\n\n\n<\/section>\n\n--><\/p>\n<section class=\"loiola-santutegia loiola-lurraldea\" style=\"background-image: url('https:\/\/urolaturismoa.eus\/wp-content\/uploads\/2021\/06\/loiola-lurraldea-bg.jpg');\">\n<h2>TERRITOIRE IGNATIEN<\/h2>\n<h3>La figure de saint Ignace relie trois terres de l\u2019int\u00e9rieur du Guip\u00fazcoa<\/h3>\n<div class=\"lurraldea-block\">\n<div class=\"container\">\n<div class=\"row d-flex justify-content-center\">\n<div class=\"col-lg-10\">\n<p>L\u2019Itin\u00e9raire des Trois \u00c9glises (Loyola\u00a0&#8211;\u00a0La Antigua\u00a0&#8211; Arantzazu), accompli par Ignace lors de son premier p\u00e8lerinage, relie l\u2019Urola Erdia (le Moyen Urola), l\u2019Urola Garaia (le Haut Urola) et le Debagoiena (le Haut Deba).<\/p>\n<\/div>\n<\/div>\n<\/div>\n<div class=\"linka-block\"><a class=\"deskarga-block\" href=\"https:\/\/urolaturismoa.eus\/fr\/experiences\/des-tresors-tout-pres\/circuit-des-trois-eglises\/\" rel=\"noopener\"><span>Des tr\u00e9sors tout pr\u00e8s: Circuit des trois \u00e9glises<\/span><img decoding=\"async\" style=\"transform: rotate(-90deg);\" src=\"https:\/\/urolaturismoa.eus\/wp-content\/uploads\/2021\/06\/loiola-deskarga.png\" alt=\"mapa deskargatu\" \/><\/a><\/div>\n<\/div>\n<div class=\"tenpluak-block\">\n<div class=\"tenpluak-item\"><img decoding=\"async\" src=\"https:\/\/urolaturismoa.eus\/wp-content\/uploads\/2021\/06\/loiola-tenplua.jpg\" \/>Loyola<\/p>\n<\/div>\n<div class=\"tenpluak-item\"><img decoding=\"async\" src=\"https:\/\/urolaturismoa.eus\/wp-content\/uploads\/2021\/06\/antio-tenplua.jpg\" \/>Antigua<\/p>\n<\/div>\n<div class=\"tenpluak-item\"><img decoding=\"async\" src=\"https:\/\/urolaturismoa.eus\/wp-content\/uploads\/2021\/06\/arantzazu-tenplua.jpg\" \/>Arantzazu<\/p>\n<\/div>\n<\/div>\n<\/section>\n<section class=\"loiola-santutegia loiola-bidea\" style=\"background-image: url('https:\/\/urolaturismoa.eus\/wp-content\/uploads\/2021\/06\/loiola-bidea-bg.jpg');\">\n<h2>Le Chemin Ignatien<\/h2>\n<div class=\"bidea-block\">\n<div class=\"bidea-info\">\n<p>Le Chemin Ignatien vous donne la possibilit\u00e9 de faire et vivre un voyage transformateur au-del\u00e0 du simple p\u00e8lerinage, se reconnecter \u00e0 soi et rechercher un d\u00e9veloppement personnel complet (physique, mental et spirituel).<\/p>\n<div class=\"linka-block\"><a class=\"deskarga-block\" href=\"https:\/\/urolaturismoa.eus\/fr\/experiences\/chemin-ignatien\/itineraire-de-pelerinage\/\" rel=\"noopener\"><span>Chemin Ignatien: itin\u00e9raire de p\u00e8lerinage<\/span><img decoding=\"async\" style=\"transform: rotate(-90deg);\" src=\"https:\/\/urolaturismoa.eus\/wp-content\/uploads\/2021\/06\/loiola-deskarga.png\" alt=\"mapa deskargatu\" \/><\/a><\/div>\n<\/div>\n<\/div>\n<\/section>\n","protected":false},"excerpt":{"rendered":"<p>Sanctuaire de Loyola Loyola est un des espaces monumentaux majeurs du Guip\u00fazcoa. La maison natale de saint Ignace, connue comme la Maison Sainte, se trouve \u00e0 c\u00f4t\u00e9 de la basilique de style romain, aujourd\u2019hui Sanctuaire. La Maison Sainte et la basilique au d\u00f4me majestueux de 60 m\u00e8tres de haut sont des visites incontournables, inscrites dans [&hellip;]<\/p>\n","protected":false},"author":1,"featured_media":2154,"parent":0,"menu_order":0,"comment_status":"closed","ping_status":"closed","template":"template-loiola.php","meta":{"_acf_changed":false,"footnotes":""},"class_list":["post-2152","page","type-page","status-publish","has-post-thumbnail","hentry"],"acf":[],"yoast_head":"<!-- This site is optimized with the Yoast SEO plugin v26.7 - https:\/\/yoast.com\/wordpress\/plugins\/seo\/ -->\n<title>Loyola | Urola Turismoa<\/title>\n<meta name=\"robots\" content=\"index, follow, max-snippet:-1, max-image-preview:large, max-video-preview:-1\" \/>\n<link rel=\"canonical\" href=\"https:\/\/urolaturismoa.eus\/fr\/sanctuaire-de-loyola\/\" \/>\n<meta property=\"og:locale\" content=\"fr_FR\" \/>\n<meta property=\"og:type\" content=\"article\" \/>\n<meta property=\"og:title\" content=\"Loyola | Urola Turismoa\" \/>\n<meta property=\"og:description\" content=\"Sanctuaire de Loyola Loyola est un des espaces monumentaux majeurs du Guip\u00fazcoa. La maison natale de saint Ignace, connue comme la Maison Sainte, se trouve \u00e0 c\u00f4t\u00e9 de la basilique de style romain, aujourd\u2019hui Sanctuaire. La Maison Sainte et la basilique au d\u00f4me majestueux de 60 m\u00e8tres de haut sont des visites incontournables, inscrites dans [&hellip;]\" \/>\n<meta property=\"og:url\" content=\"https:\/\/urolaturismoa.eus\/fr\/sanctuaire-de-loyola\/\" \/>\n<meta property=\"og:site_name\" content=\"Urola Turismoa\" \/>\n<meta property=\"article:modified_time\" content=\"2021-10-28T09:26:49+00:00\" \/>\n<meta property=\"og:image\" content=\"https:\/\/urolaturismoa.eus\/wp-content\/uploads\/2021\/06\/loiolako-santutegiaren-argazkia-urolaturismoa-1024x684.jpg\" \/>\n\t<meta property=\"og:image:width\" content=\"1024\" \/>\n\t<meta property=\"og:image:height\" content=\"684\" \/>\n\t<meta property=\"og:image:type\" content=\"image\/jpeg\" \/>\n<meta name=\"twitter:card\" content=\"summary_large_image\" \/>\n<script type=\"application\/ld+json\" class=\"yoast-schema-graph\">{\"@context\":\"https:\/\/schema.org\",\"@graph\":[{\"@type\":\"WebPage\",\"@id\":\"https:\/\/urolaturismoa.eus\/fr\/sanctuaire-de-loyola\/\",\"url\":\"https:\/\/urolaturismoa.eus\/fr\/sanctuaire-de-loyola\/\",\"name\":\"Loyola | Urola Turismoa\",\"isPartOf\":{\"@id\":\"https:\/\/urolaturismoa.eus\/fr\/#website\"},\"primaryImageOfPage\":{\"@id\":\"https:\/\/urolaturismoa.eus\/fr\/sanctuaire-de-loyola\/#primaryimage\"},\"image\":{\"@id\":\"https:\/\/urolaturismoa.eus\/fr\/sanctuaire-de-loyola\/#primaryimage\"},\"thumbnailUrl\":\"https:\/\/urolaturismoa.eus\/wp-content\/uploads\/2021\/06\/loiolako-santutegiaren-argazkia-urolaturismoa.jpg\",\"datePublished\":\"2021-06-15T10:53:28+00:00\",\"dateModified\":\"2021-10-28T09:26:49+00:00\",\"breadcrumb\":{\"@id\":\"https:\/\/urolaturismoa.eus\/fr\/sanctuaire-de-loyola\/#breadcrumb\"},\"inLanguage\":\"fr-FR\",\"potentialAction\":[{\"@type\":\"ReadAction\",\"target\":[\"https:\/\/urolaturismoa.eus\/fr\/sanctuaire-de-loyola\/\"]}]},{\"@type\":\"ImageObject\",\"inLanguage\":\"fr-FR\",\"@id\":\"https:\/\/urolaturismoa.eus\/fr\/sanctuaire-de-loyola\/#primaryimage\",\"url\":\"https:\/\/urolaturismoa.eus\/wp-content\/uploads\/2021\/06\/loiolako-santutegiaren-argazkia-urolaturismoa.jpg\",\"contentUrl\":\"https:\/\/urolaturismoa.eus\/wp-content\/uploads\/2021\/06\/loiolako-santutegiaren-argazkia-urolaturismoa.jpg\",\"width\":2000,\"height\":1335},{\"@type\":\"BreadcrumbList\",\"@id\":\"https:\/\/urolaturismoa.eus\/fr\/sanctuaire-de-loyola\/#breadcrumb\",\"itemListElement\":[{\"@type\":\"ListItem\",\"position\":1,\"name\":\"Home\",\"item\":\"https:\/\/urolaturismoa.eus\/fr\/\"},{\"@type\":\"ListItem\",\"position\":2,\"name\":\"Loyola\"}]},{\"@type\":\"WebSite\",\"@id\":\"https:\/\/urolaturismoa.eus\/fr\/#website\",\"url\":\"https:\/\/urolaturismoa.eus\/fr\/\",\"name\":\"Urola Turismoa\",\"description\":\"Basque Country\",\"potentialAction\":[{\"@type\":\"SearchAction\",\"target\":{\"@type\":\"EntryPoint\",\"urlTemplate\":\"https:\/\/urolaturismoa.eus\/fr\/?s={search_term_string}\"},\"query-input\":{\"@type\":\"PropertyValueSpecification\",\"valueRequired\":true,\"valueName\":\"search_term_string\"}}],\"inLanguage\":\"fr-FR\"}]}<\/script>\n<!-- \/ Yoast SEO plugin. -->","yoast_head_json":{"title":"Loyola | Urola Turismoa","robots":{"index":"index","follow":"follow","max-snippet":"max-snippet:-1","max-image-preview":"max-image-preview:large","max-video-preview":"max-video-preview:-1"},"canonical":"https:\/\/urolaturismoa.eus\/fr\/sanctuaire-de-loyola\/","og_locale":"fr_FR","og_type":"article","og_title":"Loyola | Urola Turismoa","og_description":"Sanctuaire de Loyola Loyola est un des espaces monumentaux majeurs du Guip\u00fazcoa. La maison natale de saint Ignace, connue comme la Maison Sainte, se trouve \u00e0 c\u00f4t\u00e9 de la basilique de style romain, aujourd\u2019hui Sanctuaire. La Maison Sainte et la basilique au d\u00f4me majestueux de 60 m\u00e8tres de haut sont des visites incontournables, inscrites dans [&hellip;]","og_url":"https:\/\/urolaturismoa.eus\/fr\/sanctuaire-de-loyola\/","og_site_name":"Urola Turismoa","article_modified_time":"2021-10-28T09:26:49+00:00","og_image":[{"width":1024,"height":684,"url":"https:\/\/urolaturismoa.eus\/wp-content\/uploads\/2021\/06\/loiolako-santutegiaren-argazkia-urolaturismoa-1024x684.jpg","type":"image\/jpeg"}],"twitter_card":"summary_large_image","schema":{"@context":"https:\/\/schema.org","@graph":[{"@type":"WebPage","@id":"https:\/\/urolaturismoa.eus\/fr\/sanctuaire-de-loyola\/","url":"https:\/\/urolaturismoa.eus\/fr\/sanctuaire-de-loyola\/","name":"Loyola | Urola Turismoa","isPartOf":{"@id":"https:\/\/urolaturismoa.eus\/fr\/#website"},"primaryImageOfPage":{"@id":"https:\/\/urolaturismoa.eus\/fr\/sanctuaire-de-loyola\/#primaryimage"},"image":{"@id":"https:\/\/urolaturismoa.eus\/fr\/sanctuaire-de-loyola\/#primaryimage"},"thumbnailUrl":"https:\/\/urolaturismoa.eus\/wp-content\/uploads\/2021\/06\/loiolako-santutegiaren-argazkia-urolaturismoa.jpg","datePublished":"2021-06-15T10:53:28+00:00","dateModified":"2021-10-28T09:26:49+00:00","breadcrumb":{"@id":"https:\/\/urolaturismoa.eus\/fr\/sanctuaire-de-loyola\/#breadcrumb"},"inLanguage":"fr-FR","potentialAction":[{"@type":"ReadAction","target":["https:\/\/urolaturismoa.eus\/fr\/sanctuaire-de-loyola\/"]}]},{"@type":"ImageObject","inLanguage":"fr-FR","@id":"https:\/\/urolaturismoa.eus\/fr\/sanctuaire-de-loyola\/#primaryimage","url":"https:\/\/urolaturismoa.eus\/wp-content\/uploads\/2021\/06\/loiolako-santutegiaren-argazkia-urolaturismoa.jpg","contentUrl":"https:\/\/urolaturismoa.eus\/wp-content\/uploads\/2021\/06\/loiolako-santutegiaren-argazkia-urolaturismoa.jpg","width":2000,"height":1335},{"@type":"BreadcrumbList","@id":"https:\/\/urolaturismoa.eus\/fr\/sanctuaire-de-loyola\/#breadcrumb","itemListElement":[{"@type":"ListItem","position":1,"name":"Home","item":"https:\/\/urolaturismoa.eus\/fr\/"},{"@type":"ListItem","position":2,"name":"Loyola"}]},{"@type":"WebSite","@id":"https:\/\/urolaturismoa.eus\/fr\/#website","url":"https:\/\/urolaturismoa.eus\/fr\/","name":"Urola Turismoa","description":"Basque Country","potentialAction":[{"@type":"SearchAction","target":{"@type":"EntryPoint","urlTemplate":"https:\/\/urolaturismoa.eus\/fr\/?s={search_term_string}"},"query-input":{"@type":"PropertyValueSpecification","valueRequired":true,"valueName":"search_term_string"}}],"inLanguage":"fr-FR"}]}},"_links":{"self":[{"href":"https:\/\/urolaturismoa.eus\/fr\/wp-json\/wp\/v2\/pages\/2152","targetHints":{"allow":["GET"]}}],"collection":[{"href":"https:\/\/urolaturismoa.eus\/fr\/wp-json\/wp\/v2\/pages"}],"about":[{"href":"https:\/\/urolaturismoa.eus\/fr\/wp-json\/wp\/v2\/types\/page"}],"author":[{"embeddable":true,"href":"https:\/\/urolaturismoa.eus\/fr\/wp-json\/wp\/v2\/users\/1"}],"replies":[{"embeddable":true,"href":"https:\/\/urolaturismoa.eus\/fr\/wp-json\/wp\/v2\/comments?post=2152"}],"version-history":[{"count":16,"href":"https:\/\/urolaturismoa.eus\/fr\/wp-json\/wp\/v2\/pages\/2152\/revisions"}],"predecessor-version":[{"id":3384,"href":"https:\/\/urolaturismoa.eus\/fr\/wp-json\/wp\/v2\/pages\/2152\/revisions\/3384"}],"wp:featuredmedia":[{"embeddable":true,"href":"https:\/\/urolaturismoa.eus\/fr\/wp-json\/wp\/v2\/media\/2154"}],"wp:attachment":[{"href":"https:\/\/urolaturismoa.eus\/fr\/wp-json\/wp\/v2\/media?parent=2152"}],"curies":[{"name":"wp","href":"https:\/\/api.w.org\/{rel}","templated":true}]}}