{"id":4429,"date":"2025-07-07T14:01:51","date_gmt":"2025-07-07T14:01:51","guid":{"rendered":"https:\/\/urolaturismoa.eus\/?page_id=4429"},"modified":"2025-07-07T14:01:51","modified_gmt":"2025-07-07T14:01:51","slug":"museo-mendietxe","status":"publish","type":"page","link":"https:\/\/urolaturismoa.eus\/es\/cultura\/museo-mendietxe\/","title":{"rendered":"Museo Mendietxe"},"content":{"rendered":"<p>Aqu\u00ed encontrar\u00e1s un\u00a0<strong>recorrido que te llevar\u00e1 a capturar emociones, desaf\u00edos y admiraci\u00f3n que solo la monta\u00f1a puede generar.<\/strong><\/p>\n<p>Las personas que se acerquen a\u00a0<strong>Mendietxe<\/strong>\u00a0podr\u00e1n disfrutar de equipos que han sido utilizados en ascensiones m\u00edticas, colecciones hist\u00f3ricas de todo tipo de herramientas de monta\u00f1a adem\u00e1s de disfrutar de fotograf\u00edas de exploraciones que transmiten la inmensidad de los paisajes m\u00e1s hermosos del mundo.\u00a0Te aseguro que<strong>\u00a0no te va a dejar indiferente.<\/strong><\/p>\n<p><strong>TELF.<\/strong>\u00a0<span lang=\"ES\">843 93 00 90<\/span>\u00a0\/<span lang=\"ES\">601 92 50 06\u00a0 <strong>EMAIL<\/strong>. mendiarenetxea@gmail.com<\/span><\/p>\n<div class=\"elementor-element elementor-element-bf24fd8 elementor-widget elementor-widget-heading\" data-id=\"bf24fd8\" data-element_type=\"widget\" data-widget_type=\"heading.default\">\n<div class=\"elementor-widget-container\">\n<h2 class=\"elementor-heading-title elementor-size-default\">Horarios<\/h2>\n<\/div>\n<\/div>\n<div class=\"elementor-element elementor-element-0e4c82d elementor-mobile-align-center elementor-icon-list--layout-traditional elementor-list-item-link-full_width elementor-widget elementor-widget-icon-list\" data-id=\"0e4c82d\" data-element_type=\"widget\" data-widget_type=\"icon-list.default\">\n<div class=\"elementor-widget-container\">\n<ul class=\"elementor-icon-list-items\">\n<li class=\"elementor-icon-list-item\"><span class=\"elementor-icon-list-text\">Mi\u00e9rcoles 15:30 &#8211; 19:30<\/span><\/li>\n<li class=\"elementor-icon-list-item\"><span class=\"elementor-icon-list-text\">Jueves 15:30 &#8211; 19:30<\/span><\/li>\n<li class=\"elementor-icon-list-item\"><span class=\"elementor-icon-list-text\">Viernes 11:30 &#8211; 19:30<\/span><\/li>\n<li class=\"elementor-icon-list-item\"><span class=\"elementor-icon-list-text\">S\u00e1bados 11:30 &#8211; 19:30<\/span><\/li>\n<li class=\"elementor-icon-list-item\"><span class=\"elementor-icon-list-text\">Domingos 11:30-15:00<\/span><\/li>\n<li class=\"elementor-icon-list-item\"><span class=\"elementor-icon-list-text\">Lunes y Martes cerrado<\/span><\/li>\n<\/ul>\n<p><img loading=\"lazy\" decoding=\"async\" class=\"alignnone size-medium wp-image-4426\" src=\"https:\/\/urolaturismoa.eus\/wp-content\/uploads\/2025\/07\/Rectangle-13-3-1-300x255.png\" alt=\"\" width=\"300\" height=\"255\" srcset=\"https:\/\/urolaturismoa.eus\/wp-content\/uploads\/2025\/07\/Rectangle-13-3-1-300x255.png 300w, https:\/\/urolaturismoa.eus\/wp-content\/uploads\/2025\/07\/Rectangle-13-3-1-768x653.png 768w, https:\/\/urolaturismoa.eus\/wp-content\/uploads\/2025\/07\/Rectangle-13-3-1.png 818w\" sizes=\"auto, (max-width: 300px) 100vw, 300px\" \/><\/p>\n<\/div>\n<\/div>\n","protected":false},"excerpt":{"rendered":"<p>Aqu\u00ed encontrar\u00e1s un\u00a0recorrido que te llevar\u00e1 a capturar emociones, desaf\u00edos y admiraci\u00f3n que solo la monta\u00f1a puede generar. Las personas que se acerquen a\u00a0Mendietxe\u00a0podr\u00e1n disfrutar de equipos que han sido utilizados en ascensiones m\u00edticas, colecciones hist\u00f3ricas de todo tipo de herramientas de monta\u00f1a adem\u00e1s de disfrutar de fotograf\u00edas de exploraciones que transmiten la inmensidad de [&hellip;]<\/p>\n","protected":false},"author":2,"featured_media":4409,"parent":1854,"menu_order":2,"comment_status":"closed","ping_status":"closed","template":"","meta":{"_acf_changed":false,"footnotes":""},"class_list":["post-4429","page","type-page","status-publish","has-post-thumbnail","hentry"],"acf":[],"yoast_head":"<!-- This site is optimized with the Yoast SEO plugin v26.7 - https:\/\/yoast.com\/wordpress\/plugins\/seo\/ -->\n<title>Museo Mendietxe | Urola Turismoa<\/title>\n<meta name=\"robots\" content=\"index, follow, max-snippet:-1, max-image-preview:large, max-video-preview:-1\" \/>\n<link rel=\"canonical\" href=\"https:\/\/urolaturismoa.eus\/es\/cultura\/museo-mendietxe\/\" \/>\n<meta property=\"og:locale\" content=\"es_ES\" \/>\n<meta property=\"og:type\" content=\"article\" \/>\n<meta property=\"og:title\" content=\"Museo Mendietxe | Urola Turismoa\" \/>\n<meta property=\"og:description\" content=\"Aqu\u00ed encontrar\u00e1s un\u00a0recorrido que te llevar\u00e1 a capturar emociones, desaf\u00edos y admiraci\u00f3n que solo la monta\u00f1a puede generar. Las personas que se acerquen a\u00a0Mendietxe\u00a0podr\u00e1n disfrutar de equipos que han sido utilizados en ascensiones m\u00edticas, colecciones hist\u00f3ricas de todo tipo de herramientas de monta\u00f1a adem\u00e1s de disfrutar de fotograf\u00edas de exploraciones que transmiten la inmensidad de [&hellip;]\" \/>\n<meta property=\"og:url\" content=\"https:\/\/urolaturismoa.eus\/es\/cultura\/museo-mendietxe\/\" \/>\n<meta property=\"og:site_name\" content=\"Urola Turismoa\" \/>\n<meta property=\"og:image\" content=\"https:\/\/urolaturismoa.eus\/wp-content\/uploads\/2025\/07\/392678_1730797756.jpeg\" \/>\n\t<meta property=\"og:image:width\" content=\"1080\" \/>\n\t<meta property=\"og:image:height\" content=\"720\" \/>\n\t<meta property=\"og:image:type\" content=\"image\/jpeg\" \/>\n<meta name=\"twitter:card\" content=\"summary_large_image\" \/>\n<meta name=\"twitter:label1\" content=\"Tiempo de lectura\" \/>\n\t<meta name=\"twitter:data1\" content=\"1 minuto\" \/>\n<script type=\"application\/ld+json\" class=\"yoast-schema-graph\">{\"@context\":\"https:\/\/schema.org\",\"@graph\":[{\"@type\":\"WebPage\",\"@id\":\"https:\/\/urolaturismoa.eus\/es\/cultura\/museo-mendietxe\/\",\"url\":\"https:\/\/urolaturismoa.eus\/es\/cultura\/museo-mendietxe\/\",\"name\":\"Museo Mendietxe | Urola Turismoa\",\"isPartOf\":{\"@id\":\"https:\/\/urolaturismoa.eus\/es\/#website\"},\"primaryImageOfPage\":{\"@id\":\"https:\/\/urolaturismoa.eus\/es\/cultura\/museo-mendietxe\/#primaryimage\"},\"image\":{\"@id\":\"https:\/\/urolaturismoa.eus\/es\/cultura\/museo-mendietxe\/#primaryimage\"},\"thumbnailUrl\":\"https:\/\/urolaturismoa.eus\/wp-content\/uploads\/2025\/07\/392678_1730797756.jpeg\",\"datePublished\":\"2025-07-07T14:01:51+00:00\",\"breadcrumb\":{\"@id\":\"https:\/\/urolaturismoa.eus\/es\/cultura\/museo-mendietxe\/#breadcrumb\"},\"inLanguage\":\"es\",\"potentialAction\":[{\"@type\":\"ReadAction\",\"target\":[\"https:\/\/urolaturismoa.eus\/es\/cultura\/museo-mendietxe\/\"]}]},{\"@type\":\"ImageObject\",\"inLanguage\":\"es\",\"@id\":\"https:\/\/urolaturismoa.eus\/es\/cultura\/museo-mendietxe\/#primaryimage\",\"url\":\"https:\/\/urolaturismoa.eus\/wp-content\/uploads\/2025\/07\/392678_1730797756.jpeg\",\"contentUrl\":\"https:\/\/urolaturismoa.eus\/wp-content\/uploads\/2025\/07\/392678_1730797756.jpeg\",\"width\":1080,\"height\":720},{\"@type\":\"BreadcrumbList\",\"@id\":\"https:\/\/urolaturismoa.eus\/es\/cultura\/museo-mendietxe\/#breadcrumb\",\"itemListElement\":[{\"@type\":\"ListItem\",\"position\":1,\"name\":\"Home\",\"item\":\"https:\/\/urolaturismoa.eus\/es\/\"},{\"@type\":\"ListItem\",\"position\":2,\"name\":\"Cultura\",\"item\":\"https:\/\/urolaturismoa.eus\/es\/cultura\/\"},{\"@type\":\"ListItem\",\"position\":3,\"name\":\"Museo Mendietxe\"}]},{\"@type\":\"WebSite\",\"@id\":\"https:\/\/urolaturismoa.eus\/es\/#website\",\"url\":\"https:\/\/urolaturismoa.eus\/es\/\",\"name\":\"Urola Turismoa\",\"description\":\"Basque Country\",\"potentialAction\":[{\"@type\":\"SearchAction\",\"target\":{\"@type\":\"EntryPoint\",\"urlTemplate\":\"https:\/\/urolaturismoa.eus\/es\/?s={search_term_string}\"},\"query-input\":{\"@type\":\"PropertyValueSpecification\",\"valueRequired\":true,\"valueName\":\"search_term_string\"}}],\"inLanguage\":\"es\"}]}<\/script>\n<!-- \/ Yoast SEO plugin. -->","yoast_head_json":{"title":"Museo Mendietxe | Urola Turismoa","robots":{"index":"index","follow":"follow","max-snippet":"max-snippet:-1","max-image-preview":"max-image-preview:large","max-video-preview":"max-video-preview:-1"},"canonical":"https:\/\/urolaturismoa.eus\/es\/cultura\/museo-mendietxe\/","og_locale":"es_ES","og_type":"article","og_title":"Museo Mendietxe | Urola Turismoa","og_description":"Aqu\u00ed encontrar\u00e1s un\u00a0recorrido que te llevar\u00e1 a capturar emociones, desaf\u00edos y admiraci\u00f3n que solo la monta\u00f1a puede generar. Las personas que se acerquen a\u00a0Mendietxe\u00a0podr\u00e1n disfrutar de equipos que han sido utilizados en ascensiones m\u00edticas, colecciones hist\u00f3ricas de todo tipo de herramientas de monta\u00f1a adem\u00e1s de disfrutar de fotograf\u00edas de exploraciones que transmiten la inmensidad de [&hellip;]","og_url":"https:\/\/urolaturismoa.eus\/es\/cultura\/museo-mendietxe\/","og_site_name":"Urola Turismoa","og_image":[{"width":1080,"height":720,"url":"https:\/\/urolaturismoa.eus\/wp-content\/uploads\/2025\/07\/392678_1730797756.jpeg","type":"image\/jpeg"}],"twitter_card":"summary_large_image","twitter_misc":{"Tiempo de lectura":"1 minuto"},"schema":{"@context":"https:\/\/schema.org","@graph":[{"@type":"WebPage","@id":"https:\/\/urolaturismoa.eus\/es\/cultura\/museo-mendietxe\/","url":"https:\/\/urolaturismoa.eus\/es\/cultura\/museo-mendietxe\/","name":"Museo Mendietxe | Urola Turismoa","isPartOf":{"@id":"https:\/\/urolaturismoa.eus\/es\/#website"},"primaryImageOfPage":{"@id":"https:\/\/urolaturismoa.eus\/es\/cultura\/museo-mendietxe\/#primaryimage"},"image":{"@id":"https:\/\/urolaturismoa.eus\/es\/cultura\/museo-mendietxe\/#primaryimage"},"thumbnailUrl":"https:\/\/urolaturismoa.eus\/wp-content\/uploads\/2025\/07\/392678_1730797756.jpeg","datePublished":"2025-07-07T14:01:51+00:00","breadcrumb":{"@id":"https:\/\/urolaturismoa.eus\/es\/cultura\/museo-mendietxe\/#breadcrumb"},"inLanguage":"es","potentialAction":[{"@type":"ReadAction","target":["https:\/\/urolaturismoa.eus\/es\/cultura\/museo-mendietxe\/"]}]},{"@type":"ImageObject","inLanguage":"es","@id":"https:\/\/urolaturismoa.eus\/es\/cultura\/museo-mendietxe\/#primaryimage","url":"https:\/\/urolaturismoa.eus\/wp-content\/uploads\/2025\/07\/392678_1730797756.jpeg","contentUrl":"https:\/\/urolaturismoa.eus\/wp-content\/uploads\/2025\/07\/392678_1730797756.jpeg","width":1080,"height":720},{"@type":"BreadcrumbList","@id":"https:\/\/urolaturismoa.eus\/es\/cultura\/museo-mendietxe\/#breadcrumb","itemListElement":[{"@type":"ListItem","position":1,"name":"Home","item":"https:\/\/urolaturismoa.eus\/es\/"},{"@type":"ListItem","position":2,"name":"Cultura","item":"https:\/\/urolaturismoa.eus\/es\/cultura\/"},{"@type":"ListItem","position":3,"name":"Museo Mendietxe"}]},{"@type":"WebSite","@id":"https:\/\/urolaturismoa.eus\/es\/#website","url":"https:\/\/urolaturismoa.eus\/es\/","name":"Urola Turismoa","description":"Basque Country","potentialAction":[{"@type":"SearchAction","target":{"@type":"EntryPoint","urlTemplate":"https:\/\/urolaturismoa.eus\/es\/?s={search_term_string}"},"query-input":{"@type":"PropertyValueSpecification","valueRequired":true,"valueName":"search_term_string"}}],"inLanguage":"es"}]}},"_links":{"self":[{"href":"https:\/\/urolaturismoa.eus\/es\/wp-json\/wp\/v2\/pages\/4429","targetHints":{"allow":["GET"]}}],"collection":[{"href":"https:\/\/urolaturismoa.eus\/es\/wp-json\/wp\/v2\/pages"}],"about":[{"href":"https:\/\/urolaturismoa.eus\/es\/wp-json\/wp\/v2\/types\/page"}],"author":[{"embeddable":true,"href":"https:\/\/urolaturismoa.eus\/es\/wp-json\/wp\/v2\/users\/2"}],"replies":[{"embeddable":true,"href":"https:\/\/urolaturismoa.eus\/es\/wp-json\/wp\/v2\/comments?post=4429"}],"version-history":[{"count":1,"href":"https:\/\/urolaturismoa.eus\/es\/wp-json\/wp\/v2\/pages\/4429\/revisions"}],"predecessor-version":[{"id":4430,"href":"https:\/\/urolaturismoa.eus\/es\/wp-json\/wp\/v2\/pages\/4429\/revisions\/4430"}],"up":[{"embeddable":true,"href":"https:\/\/urolaturismoa.eus\/es\/wp-json\/wp\/v2\/pages\/1854"}],"wp:featuredmedia":[{"embeddable":true,"href":"https:\/\/urolaturismoa.eus\/es\/wp-json\/wp\/v2\/media\/4409"}],"wp:attachment":[{"href":"https:\/\/urolaturismoa.eus\/es\/wp-json\/wp\/v2\/media?parent=4429"}],"curies":[{"name":"wp","href":"https:\/\/api.w.org\/{rel}","templated":true}]}}