{"id":3700,"date":"2023-07-12T14:28:32","date_gmt":"2023-07-12T14:28:32","guid":{"rendered":"https:\/\/urolaturismoa.eus\/?page_id=3700"},"modified":"2023-07-12T15:15:57","modified_gmt":"2023-07-12T15:15:57","slug":"loyola-y-mas","status":"publish","type":"page","link":"https:\/\/urolaturismoa.eus\/es\/naturaleza\/loyola-y-mas\/","title":{"rendered":"Loyola y m\u00e1s"},"content":{"rendered":"<p>Itinerario que une los enclaves vinculados a San Ignacio de Loyola en su localidad natal, Azpeitia, formando una ruta tem\u00e1tica que a\u00fana cultura, naturaleza y espiritualidad Ignaciana.<\/p>\n<p><a href=\"https:\/\/loiola-gehiago.com\/es\/\" target=\"_blank\" rel=\"noopener\"><em>Loyola m\u00e1s<\/em><\/a>, es una ruta circular de dificultad media-baja que discurre por las inmediaciones de Azpeitia. Transcurre por enclaves que est\u00e1n vinculados entre s\u00ed a trav\u00e9s de la figura de San Ignacio de Loyola, formando as\u00ed una ruta tem\u00e1tica que a\u00fana naturaleza , cultura y espiritualidad. Los 4 hitos principales en orden de tr\u00e1nsito son el\u00a0<a href=\"https:\/\/loiola-gehiago.com\/es\/hospital-magdalena\/\">Hospital de la Magdalena<\/a>, punto de inicio y final de la ruta, el\u00a0<a href=\"https:\/\/loiola-gehiago.com\/es\/caserio-egibar\/\">Caser\u00edo Egibar<\/a>, el\u00a0<a href=\"https:\/\/loiola-gehiago.com\/es\/santuario-de-loiola\/\">Santuario de Loyola<\/a>\u00a0y el\u00a0<a href=\"https:\/\/loiola-gehiago.com\/es\/barrio-de-onaz\/\">Barrio de O\u00f1atz<\/a>, 13,6 kil\u00f3metros de recorrido en total.<\/p>\n<p>Los citados enclaves son f\u00e1cilmente reconocibles pues el senderista encontrar\u00e1 en cada uno de ellos un t\u00f3tem que simula la silueta de San Ignacio. Cada t\u00f3tem contiene\u00a0<strong>informaci\u00f3n pr\u00e1ctica<\/strong>\u00a0de la ruta como la localizaci\u00f3n y distancias,\u00a0<strong>informaci\u00f3n hist\u00f3rica<\/strong>\u00a0acerca del v\u00ednculo de San Ignacio con ese enclave y una\u00a0<strong>breve gu\u00eda espiritual<\/strong>\u00a0que ayudar\u00e1 a quien as\u00ed lo desee a profundizar un poco en la espiritualidad Ignaciana. Una ruta que a\u00fana naturaleza (cuerpo), cultura (mente) y espiritualidad Ignaciana (esp\u00edritu).<\/p>\n<p><a href=\"https:\/\/loiola-gehiago.com\/es\/\">https:\/\/loiola-gehiago.com\/es\/<\/a><\/p>\n<p>&nbsp;<\/p>\n","protected":false},"excerpt":{"rendered":"<p>Itinerario que une los enclaves vinculados a San Ignacio de Loyola en su localidad natal, Azpeitia, formando una ruta tem\u00e1tica que a\u00fana cultura, naturaleza y espiritualidad Ignaciana. Loyola m\u00e1s, es una ruta circular de dificultad media-baja que discurre por las inmediaciones de Azpeitia. Transcurre por enclaves que est\u00e1n vinculados entre s\u00ed a trav\u00e9s de la [&hellip;]<\/p>\n","protected":false},"author":2,"featured_media":3672,"parent":1752,"menu_order":0,"comment_status":"closed","ping_status":"closed","template":"template-gurasoa.php","meta":{"_acf_changed":false,"footnotes":""},"class_list":["post-3700","page","type-page","status-publish","has-post-thumbnail","hentry"],"acf":[],"yoast_head":"<!-- This site is optimized with the Yoast SEO plugin v26.7 - https:\/\/yoast.com\/wordpress\/plugins\/seo\/ -->\n<title>Loyola y m\u00e1s | Urola Turismoa<\/title>\n<meta name=\"robots\" content=\"index, follow, max-snippet:-1, max-image-preview:large, max-video-preview:-1\" \/>\n<link rel=\"canonical\" href=\"https:\/\/urolaturismoa.eus\/es\/naturaleza\/loyola-y-mas\/\" \/>\n<meta property=\"og:locale\" content=\"es_ES\" \/>\n<meta property=\"og:type\" content=\"article\" \/>\n<meta property=\"og:title\" content=\"Loyola y m\u00e1s | Urola Turismoa\" \/>\n<meta property=\"og:description\" content=\"Itinerario que une los enclaves vinculados a San Ignacio de Loyola en su localidad natal, Azpeitia, formando una ruta tem\u00e1tica que a\u00fana cultura, naturaleza y espiritualidad Ignaciana. Loyola m\u00e1s, es una ruta circular de dificultad media-baja que discurre por las inmediaciones de Azpeitia. Transcurre por enclaves que est\u00e1n vinculados entre s\u00ed a trav\u00e9s de la [&hellip;]\" \/>\n<meta property=\"og:url\" content=\"https:\/\/urolaturismoa.eus\/es\/naturaleza\/loyola-y-mas\/\" \/>\n<meta property=\"og:site_name\" content=\"Urola Turismoa\" \/>\n<meta property=\"article:modified_time\" content=\"2023-07-12T15:15:57+00:00\" \/>\n<meta property=\"og:image\" content=\"https:\/\/urolaturismoa.eus\/wp-content\/uploads\/2023\/07\/20210223_164048-scaled.jpg\" \/>\n\t<meta property=\"og:image:width\" content=\"2560\" \/>\n\t<meta property=\"og:image:height\" content=\"1182\" \/>\n\t<meta property=\"og:image:type\" content=\"image\/jpeg\" \/>\n<meta name=\"twitter:card\" content=\"summary_large_image\" \/>\n<meta name=\"twitter:label1\" content=\"Tiempo de lectura\" \/>\n\t<meta name=\"twitter:data1\" content=\"1 minuto\" \/>\n<script type=\"application\/ld+json\" class=\"yoast-schema-graph\">{\"@context\":\"https:\/\/schema.org\",\"@graph\":[{\"@type\":\"WebPage\",\"@id\":\"https:\/\/urolaturismoa.eus\/es\/naturaleza\/loyola-y-mas\/\",\"url\":\"https:\/\/urolaturismoa.eus\/es\/naturaleza\/loyola-y-mas\/\",\"name\":\"Loyola y m\u00e1s | Urola Turismoa\",\"isPartOf\":{\"@id\":\"https:\/\/urolaturismoa.eus\/es\/#website\"},\"primaryImageOfPage\":{\"@id\":\"https:\/\/urolaturismoa.eus\/es\/naturaleza\/loyola-y-mas\/#primaryimage\"},\"image\":{\"@id\":\"https:\/\/urolaturismoa.eus\/es\/naturaleza\/loyola-y-mas\/#primaryimage\"},\"thumbnailUrl\":\"https:\/\/urolaturismoa.eus\/wp-content\/uploads\/2023\/07\/20210223_164048-scaled.jpg\",\"datePublished\":\"2023-07-12T14:28:32+00:00\",\"dateModified\":\"2023-07-12T15:15:57+00:00\",\"breadcrumb\":{\"@id\":\"https:\/\/urolaturismoa.eus\/es\/naturaleza\/loyola-y-mas\/#breadcrumb\"},\"inLanguage\":\"es\",\"potentialAction\":[{\"@type\":\"ReadAction\",\"target\":[\"https:\/\/urolaturismoa.eus\/es\/naturaleza\/loyola-y-mas\/\"]}]},{\"@type\":\"ImageObject\",\"inLanguage\":\"es\",\"@id\":\"https:\/\/urolaturismoa.eus\/es\/naturaleza\/loyola-y-mas\/#primaryimage\",\"url\":\"https:\/\/urolaturismoa.eus\/wp-content\/uploads\/2023\/07\/20210223_164048-scaled.jpg\",\"contentUrl\":\"https:\/\/urolaturismoa.eus\/wp-content\/uploads\/2023\/07\/20210223_164048-scaled.jpg\",\"width\":2560,\"height\":1182},{\"@type\":\"BreadcrumbList\",\"@id\":\"https:\/\/urolaturismoa.eus\/es\/naturaleza\/loyola-y-mas\/#breadcrumb\",\"itemListElement\":[{\"@type\":\"ListItem\",\"position\":1,\"name\":\"Home\",\"item\":\"https:\/\/urolaturismoa.eus\/es\/\"},{\"@type\":\"ListItem\",\"position\":2,\"name\":\"Naturaleza\",\"item\":\"https:\/\/urolaturismoa.eus\/es\/naturaleza\/\"},{\"@type\":\"ListItem\",\"position\":3,\"name\":\"Loyola y m\u00e1s\"}]},{\"@type\":\"WebSite\",\"@id\":\"https:\/\/urolaturismoa.eus\/es\/#website\",\"url\":\"https:\/\/urolaturismoa.eus\/es\/\",\"name\":\"Urola Turismoa\",\"description\":\"Basque Country\",\"potentialAction\":[{\"@type\":\"SearchAction\",\"target\":{\"@type\":\"EntryPoint\",\"urlTemplate\":\"https:\/\/urolaturismoa.eus\/es\/?s={search_term_string}\"},\"query-input\":{\"@type\":\"PropertyValueSpecification\",\"valueRequired\":true,\"valueName\":\"search_term_string\"}}],\"inLanguage\":\"es\"}]}<\/script>\n<!-- \/ Yoast SEO plugin. -->","yoast_head_json":{"title":"Loyola y m\u00e1s | Urola Turismoa","robots":{"index":"index","follow":"follow","max-snippet":"max-snippet:-1","max-image-preview":"max-image-preview:large","max-video-preview":"max-video-preview:-1"},"canonical":"https:\/\/urolaturismoa.eus\/es\/naturaleza\/loyola-y-mas\/","og_locale":"es_ES","og_type":"article","og_title":"Loyola y m\u00e1s | Urola Turismoa","og_description":"Itinerario que une los enclaves vinculados a San Ignacio de Loyola en su localidad natal, Azpeitia, formando una ruta tem\u00e1tica que a\u00fana cultura, naturaleza y espiritualidad Ignaciana. Loyola m\u00e1s, es una ruta circular de dificultad media-baja que discurre por las inmediaciones de Azpeitia. Transcurre por enclaves que est\u00e1n vinculados entre s\u00ed a trav\u00e9s de la [&hellip;]","og_url":"https:\/\/urolaturismoa.eus\/es\/naturaleza\/loyola-y-mas\/","og_site_name":"Urola Turismoa","article_modified_time":"2023-07-12T15:15:57+00:00","og_image":[{"width":2560,"height":1182,"url":"https:\/\/urolaturismoa.eus\/wp-content\/uploads\/2023\/07\/20210223_164048-scaled.jpg","type":"image\/jpeg"}],"twitter_card":"summary_large_image","twitter_misc":{"Tiempo de lectura":"1 minuto"},"schema":{"@context":"https:\/\/schema.org","@graph":[{"@type":"WebPage","@id":"https:\/\/urolaturismoa.eus\/es\/naturaleza\/loyola-y-mas\/","url":"https:\/\/urolaturismoa.eus\/es\/naturaleza\/loyola-y-mas\/","name":"Loyola y m\u00e1s | Urola Turismoa","isPartOf":{"@id":"https:\/\/urolaturismoa.eus\/es\/#website"},"primaryImageOfPage":{"@id":"https:\/\/urolaturismoa.eus\/es\/naturaleza\/loyola-y-mas\/#primaryimage"},"image":{"@id":"https:\/\/urolaturismoa.eus\/es\/naturaleza\/loyola-y-mas\/#primaryimage"},"thumbnailUrl":"https:\/\/urolaturismoa.eus\/wp-content\/uploads\/2023\/07\/20210223_164048-scaled.jpg","datePublished":"2023-07-12T14:28:32+00:00","dateModified":"2023-07-12T15:15:57+00:00","breadcrumb":{"@id":"https:\/\/urolaturismoa.eus\/es\/naturaleza\/loyola-y-mas\/#breadcrumb"},"inLanguage":"es","potentialAction":[{"@type":"ReadAction","target":["https:\/\/urolaturismoa.eus\/es\/naturaleza\/loyola-y-mas\/"]}]},{"@type":"ImageObject","inLanguage":"es","@id":"https:\/\/urolaturismoa.eus\/es\/naturaleza\/loyola-y-mas\/#primaryimage","url":"https:\/\/urolaturismoa.eus\/wp-content\/uploads\/2023\/07\/20210223_164048-scaled.jpg","contentUrl":"https:\/\/urolaturismoa.eus\/wp-content\/uploads\/2023\/07\/20210223_164048-scaled.jpg","width":2560,"height":1182},{"@type":"BreadcrumbList","@id":"https:\/\/urolaturismoa.eus\/es\/naturaleza\/loyola-y-mas\/#breadcrumb","itemListElement":[{"@type":"ListItem","position":1,"name":"Home","item":"https:\/\/urolaturismoa.eus\/es\/"},{"@type":"ListItem","position":2,"name":"Naturaleza","item":"https:\/\/urolaturismoa.eus\/es\/naturaleza\/"},{"@type":"ListItem","position":3,"name":"Loyola y m\u00e1s"}]},{"@type":"WebSite","@id":"https:\/\/urolaturismoa.eus\/es\/#website","url":"https:\/\/urolaturismoa.eus\/es\/","name":"Urola Turismoa","description":"Basque Country","potentialAction":[{"@type":"SearchAction","target":{"@type":"EntryPoint","urlTemplate":"https:\/\/urolaturismoa.eus\/es\/?s={search_term_string}"},"query-input":{"@type":"PropertyValueSpecification","valueRequired":true,"valueName":"search_term_string"}}],"inLanguage":"es"}]}},"_links":{"self":[{"href":"https:\/\/urolaturismoa.eus\/es\/wp-json\/wp\/v2\/pages\/3700","targetHints":{"allow":["GET"]}}],"collection":[{"href":"https:\/\/urolaturismoa.eus\/es\/wp-json\/wp\/v2\/pages"}],"about":[{"href":"https:\/\/urolaturismoa.eus\/es\/wp-json\/wp\/v2\/types\/page"}],"author":[{"embeddable":true,"href":"https:\/\/urolaturismoa.eus\/es\/wp-json\/wp\/v2\/users\/2"}],"replies":[{"embeddable":true,"href":"https:\/\/urolaturismoa.eus\/es\/wp-json\/wp\/v2\/comments?post=3700"}],"version-history":[{"count":5,"href":"https:\/\/urolaturismoa.eus\/es\/wp-json\/wp\/v2\/pages\/3700\/revisions"}],"predecessor-version":[{"id":3711,"href":"https:\/\/urolaturismoa.eus\/es\/wp-json\/wp\/v2\/pages\/3700\/revisions\/3711"}],"up":[{"embeddable":true,"href":"https:\/\/urolaturismoa.eus\/es\/wp-json\/wp\/v2\/pages\/1752"}],"wp:featuredmedia":[{"embeddable":true,"href":"https:\/\/urolaturismoa.eus\/es\/wp-json\/wp\/v2\/media\/3672"}],"wp:attachment":[{"href":"https:\/\/urolaturismoa.eus\/es\/wp-json\/wp\/v2\/media?parent=3700"}],"curies":[{"name":"wp","href":"https:\/\/api.w.org\/{rel}","templated":true}]}}