{"id":2676,"date":"2021-07-08T10:47:29","date_gmt":"2021-07-08T10:47:29","guid":{"rendered":"https:\/\/urolaturismoa.eus\/cookien-politika\/"},"modified":"2024-02-22T11:19:39","modified_gmt":"2024-02-22T11:19:39","slug":"politica-de-cookies","status":"publish","type":"page","link":"https:\/\/urolaturismoa.eus\/es\/politica-de-cookies\/","title":{"rendered":"Pol\u00edtica de Cookies"},"content":{"rendered":"<p>IRAURGI LANTZEN SA informa acerca del uso de las Cookies en su p\u00e1gina web: www.iraurgiberritzen.eus<\/p>\n<p>&nbsp;<\/p>\n<p>1) DEFINICI\u00d3N Y FUNCI\u00d3N GENERICA DE LAS COOKIES<\/p>\n<p>&nbsp;<\/p>\n<p>\u00bfQu\u00e9 son las Cookies?<\/p>\n<p>Este sitio web utiliza cookies y\/o tecnolog\u00edas similares que almacenan y recuperan informaci\u00f3n de quien navega por nuestra web. Una cookie es un peque\u00f1o archivo de texto que se almacena en el navegador utilizado y cuya finalidad principal es recordar a quien ya ha visitado la p\u00e1gina, permitir o facilitar la navegaci\u00f3n, guardar informaci\u00f3n sobre sus preferencias, analizar c\u00f3mo interact\u00faa o medir el uso que se hace de los servicios prestados desde la web y poder mejorarlos. En ocasiones tambi\u00e9n se usar\u00e1n para poder mostrarle publicidad en funci\u00f3n de sus h\u00e1bitos y perfil de navegaci\u00f3n.<\/p>\n<p>En general las cookies pueden servir para finalidades muy diversas, como, por ejemplo, reconocer al usuario, obtener informaci\u00f3n sobre tus h\u00e1bitos de navegaci\u00f3n, o personalizar la forma en que se muestra el contenido.<\/p>\n<p>&nbsp;<\/p>\n<p>\u00bfPara qu\u00e9 no se utilizan las Cookies en esta p\u00e1gina web?<\/p>\n<p>No almacenamos informaci\u00f3n sensible que permita su identificaci\u00f3n personal de manera directa, como su direcci\u00f3n, su contrase\u00f1a, los datos de su tarjeta de cr\u00e9dito o d\u00e9bito, etc., en las Cookies que utilizamos.<\/p>\n<p>Los usos concretos que hacemos de estas tecnolog\u00edas se describen a continuaci\u00f3n.<\/p>\n<p>&nbsp;<\/p>\n<p>2) INFORMACI\u00d3N SOBRE EL TIPO DE COOKIES QUE SE UTILIZAN Y SU FINALIDAD<\/p>\n<p>&nbsp;<\/p>\n<p>De conformidad con lo establecido en la Ley de servicios de la sociedad de la informaci\u00f3n y comercio electr\u00f3nico y de conformidad con las directrices establecidas por la Agencia Espa\u00f1ola de protecci\u00f3n de datos le informamos en el siguiente apartado, de las cookies existentes en nuestra web<\/p>\n<p>&nbsp;<\/p>\n<p>3) IDENTIFICACION DE QUIEN UTILIZA LAS COOKIES<\/p>\n<p>&nbsp;<\/p>\n<p>En funci\u00f3n de quien usar\u00e1 las cookies estas pueden ser propias o de terceros<\/p>\n<p>Propias: Son aqu\u00e9llas que se env\u00edan al equipo terminal del usuario desde un equipo o dominio gestionado por el propio editor y desde el que se presta el servicio solicitado por el usuario.<\/p>\n<p>De terceros: Son aqu\u00e9llas que se env\u00edan al equipo terminal del usuario desde un equipo o dominio que no es gestionado por el editor, sino por otra entidad que trata los datos obtenidos trav\u00e9s de las cookies.<\/p>\n<p>&nbsp;<\/p>\n<p>4) TIPOS DE COOKIES<\/p>\n<p>&nbsp;<\/p>\n<p>Cookies t\u00e9cnicas: permiten a la persona usuaria la navegaci\u00f3n a trav\u00e9s de una p\u00e1gina web, plataforma o aplicaci\u00f3n y la utilizaci\u00f3n de las diferentes opciones o servicios que en ella existan, incluyendo la gesti\u00f3n y operativa de la p\u00e1gina web y habilitar sus funciones y servicios, como, por ejemplo, identificar la sesi\u00f3n, acceder a partes de acceso restringido, recordar los elementos que integran un pedido, realizar el proceso de compra de un pedido, gestionar el pago\u2026 La p\u00e1gina web no puede funcionar adecuadamente sin estas cookies por lo que se consideran necesarias y no requieren de su consentimiento.<\/p>\n<p>&nbsp;<\/p>\n<p>Cookies de preferencias o personalizaci\u00f3n: permiten a la p\u00e1gina web recordar informaci\u00f3n que cambia la forma en que la p\u00e1gina se comporta o el aspecto que tiene, de modo que el usuario acceda al servicio con determinadas caracter\u00edsticas que pueden diferenciar sus opciones de uso del sitio web a las de otros usuarios, como, por ejemplo, el idioma, el n\u00famero de resultados a mostrar cuando el usuario realiza una b\u00fasqueda o la regi\u00f3n en la que el usuario se encuentra. Si es el propio usuario quien elige esas caracter\u00edsticas, por ejemplo,<\/p>\n<p>marcando la bandera del idioma, se considera un servicio expresamente solicitado siempre y cuando las cookies obedezcan exclusivamente a la finalidad seleccionada de personalizaci\u00f3n. Como en el caso anterior, estas cookies no requieren de su consentimiento.<\/p>\n<p>&nbsp;<\/p>\n<p>Cookies de an\u00e1lisis o medici\u00f3n son aquellas que permiten comprender c\u00f3mo interact\u00faan los visitantes con las p\u00e1ginas web y as\u00ed realizar el an\u00e1lisis estad\u00edstico del uso que hacen las personas usuarias de la web de los servicios prestados. La informaci\u00f3n recogida se utiliza en la medici\u00f3n de la actividad de los sitios web o aplicaci\u00f3n con el fin de introducir mejoras en los productos y servicios ofrecidos por el responsable.<\/p>\n<p>&nbsp;<\/p>\n<p>Cookies de marketing o publicidad comportamental almacenan informaci\u00f3n del comportamiento de los usuarios obtenida a trav\u00e9s de la observaci\u00f3n continuada de sus h\u00e1bitos de navegaci\u00f3n, lo que permite desarrollar un perfil espec\u00edfico para mostrar anuncios relevantes y atractivos para el usuario individual, y por lo tanto, m\u00e1s valiosos para los terceros anunciantes.<\/p>\n","protected":false},"excerpt":{"rendered":"<p>IRAURGI LANTZEN SA informa acerca del uso de las Cookies en su p\u00e1gina web: www.iraurgiberritzen.eus &nbsp; 1) DEFINICI\u00d3N Y FUNCI\u00d3N GENERICA DE LAS COOKIES &nbsp; \u00bfQu\u00e9 son las Cookies? Este sitio web utiliza cookies y\/o tecnolog\u00edas similares que almacenan y recuperan informaci\u00f3n de quien navega por nuestra web. Una cookie es un peque\u00f1o archivo de [&hellip;]<\/p>\n","protected":false},"author":1,"featured_media":0,"parent":0,"menu_order":0,"comment_status":"closed","ping_status":"closed","template":"","meta":{"_acf_changed":false,"footnotes":""},"class_list":["post-2676","page","type-page","status-publish","hentry"],"acf":[],"yoast_head":"<!-- This site is optimized with the Yoast SEO plugin v26.7 - https:\/\/yoast.com\/wordpress\/plugins\/seo\/ -->\n<title>Pol\u00edtica de Cookies | Urola Turismoa<\/title>\n<meta name=\"robots\" content=\"noindex, nofollow\" \/>\n<meta property=\"og:locale\" content=\"es_ES\" \/>\n<meta property=\"og:type\" content=\"article\" \/>\n<meta property=\"og:title\" content=\"Pol\u00edtica de Cookies | Urola Turismoa\" \/>\n<meta property=\"og:description\" content=\"IRAURGI LANTZEN SA informa acerca del uso de las Cookies en su p\u00e1gina web: www.iraurgiberritzen.eus &nbsp; 1) DEFINICI\u00d3N Y FUNCI\u00d3N GENERICA DE LAS COOKIES &nbsp; \u00bfQu\u00e9 son las Cookies? Este sitio web utiliza cookies y\/o tecnolog\u00edas similares que almacenan y recuperan informaci\u00f3n de quien navega por nuestra web. Una cookie es un peque\u00f1o archivo de [&hellip;]\" \/>\n<meta property=\"og:url\" content=\"https:\/\/urolaturismoa.eus\/es\/politica-de-cookies\/\" \/>\n<meta property=\"og:site_name\" content=\"Urola Turismoa\" \/>\n<meta property=\"article:modified_time\" content=\"2024-02-22T11:19:39+00:00\" \/>\n<meta name=\"twitter:card\" content=\"summary_large_image\" \/>\n<meta name=\"twitter:label1\" content=\"Tiempo de lectura\" \/>\n\t<meta name=\"twitter:data1\" content=\"4 minutos\" \/>\n<script type=\"application\/ld+json\" class=\"yoast-schema-graph\">{\"@context\":\"https:\/\/schema.org\",\"@graph\":[{\"@type\":\"WebPage\",\"@id\":\"https:\/\/urolaturismoa.eus\/es\/politica-de-cookies\/\",\"url\":\"https:\/\/urolaturismoa.eus\/es\/politica-de-cookies\/\",\"name\":\"Pol\u00edtica de Cookies | Urola Turismoa\",\"isPartOf\":{\"@id\":\"https:\/\/urolaturismoa.eus\/es\/#website\"},\"datePublished\":\"2021-07-08T10:47:29+00:00\",\"dateModified\":\"2024-02-22T11:19:39+00:00\",\"breadcrumb\":{\"@id\":\"https:\/\/urolaturismoa.eus\/es\/politica-de-cookies\/#breadcrumb\"},\"inLanguage\":\"es\",\"potentialAction\":[{\"@type\":\"ReadAction\",\"target\":[\"https:\/\/urolaturismoa.eus\/es\/politica-de-cookies\/\"]}]},{\"@type\":\"BreadcrumbList\",\"@id\":\"https:\/\/urolaturismoa.eus\/es\/politica-de-cookies\/#breadcrumb\",\"itemListElement\":[{\"@type\":\"ListItem\",\"position\":1,\"name\":\"Home\",\"item\":\"https:\/\/urolaturismoa.eus\/es\/\"},{\"@type\":\"ListItem\",\"position\":2,\"name\":\"Pol\u00edtica de Cookies\"}]},{\"@type\":\"WebSite\",\"@id\":\"https:\/\/urolaturismoa.eus\/es\/#website\",\"url\":\"https:\/\/urolaturismoa.eus\/es\/\",\"name\":\"Urola Turismoa\",\"description\":\"Basque Country\",\"potentialAction\":[{\"@type\":\"SearchAction\",\"target\":{\"@type\":\"EntryPoint\",\"urlTemplate\":\"https:\/\/urolaturismoa.eus\/es\/?s={search_term_string}\"},\"query-input\":{\"@type\":\"PropertyValueSpecification\",\"valueRequired\":true,\"valueName\":\"search_term_string\"}}],\"inLanguage\":\"es\"}]}<\/script>\n<!-- \/ Yoast SEO plugin. -->","yoast_head_json":{"title":"Pol\u00edtica de Cookies | Urola Turismoa","robots":{"index":"noindex","follow":"nofollow"},"og_locale":"es_ES","og_type":"article","og_title":"Pol\u00edtica de Cookies | Urola Turismoa","og_description":"IRAURGI LANTZEN SA informa acerca del uso de las Cookies en su p\u00e1gina web: www.iraurgiberritzen.eus &nbsp; 1) DEFINICI\u00d3N Y FUNCI\u00d3N GENERICA DE LAS COOKIES &nbsp; \u00bfQu\u00e9 son las Cookies? Este sitio web utiliza cookies y\/o tecnolog\u00edas similares que almacenan y recuperan informaci\u00f3n de quien navega por nuestra web. Una cookie es un peque\u00f1o archivo de [&hellip;]","og_url":"https:\/\/urolaturismoa.eus\/es\/politica-de-cookies\/","og_site_name":"Urola Turismoa","article_modified_time":"2024-02-22T11:19:39+00:00","twitter_card":"summary_large_image","twitter_misc":{"Tiempo de lectura":"4 minutos"},"schema":{"@context":"https:\/\/schema.org","@graph":[{"@type":"WebPage","@id":"https:\/\/urolaturismoa.eus\/es\/politica-de-cookies\/","url":"https:\/\/urolaturismoa.eus\/es\/politica-de-cookies\/","name":"Pol\u00edtica de Cookies | Urola Turismoa","isPartOf":{"@id":"https:\/\/urolaturismoa.eus\/es\/#website"},"datePublished":"2021-07-08T10:47:29+00:00","dateModified":"2024-02-22T11:19:39+00:00","breadcrumb":{"@id":"https:\/\/urolaturismoa.eus\/es\/politica-de-cookies\/#breadcrumb"},"inLanguage":"es","potentialAction":[{"@type":"ReadAction","target":["https:\/\/urolaturismoa.eus\/es\/politica-de-cookies\/"]}]},{"@type":"BreadcrumbList","@id":"https:\/\/urolaturismoa.eus\/es\/politica-de-cookies\/#breadcrumb","itemListElement":[{"@type":"ListItem","position":1,"name":"Home","item":"https:\/\/urolaturismoa.eus\/es\/"},{"@type":"ListItem","position":2,"name":"Pol\u00edtica de Cookies"}]},{"@type":"WebSite","@id":"https:\/\/urolaturismoa.eus\/es\/#website","url":"https:\/\/urolaturismoa.eus\/es\/","name":"Urola Turismoa","description":"Basque Country","potentialAction":[{"@type":"SearchAction","target":{"@type":"EntryPoint","urlTemplate":"https:\/\/urolaturismoa.eus\/es\/?s={search_term_string}"},"query-input":{"@type":"PropertyValueSpecification","valueRequired":true,"valueName":"search_term_string"}}],"inLanguage":"es"}]}},"_links":{"self":[{"href":"https:\/\/urolaturismoa.eus\/es\/wp-json\/wp\/v2\/pages\/2676","targetHints":{"allow":["GET"]}}],"collection":[{"href":"https:\/\/urolaturismoa.eus\/es\/wp-json\/wp\/v2\/pages"}],"about":[{"href":"https:\/\/urolaturismoa.eus\/es\/wp-json\/wp\/v2\/types\/page"}],"author":[{"embeddable":true,"href":"https:\/\/urolaturismoa.eus\/es\/wp-json\/wp\/v2\/users\/1"}],"replies":[{"embeddable":true,"href":"https:\/\/urolaturismoa.eus\/es\/wp-json\/wp\/v2\/comments?post=2676"}],"version-history":[{"count":5,"href":"https:\/\/urolaturismoa.eus\/es\/wp-json\/wp\/v2\/pages\/2676\/revisions"}],"predecessor-version":[{"id":3839,"href":"https:\/\/urolaturismoa.eus\/es\/wp-json\/wp\/v2\/pages\/2676\/revisions\/3839"}],"wp:attachment":[{"href":"https:\/\/urolaturismoa.eus\/es\/wp-json\/wp\/v2\/media?parent=2676"}],"curies":[{"name":"wp","href":"https:\/\/api.w.org\/{rel}","templated":true}]}}