{"id":2655,"date":"2021-06-24T10:23:45","date_gmt":"2021-06-24T10:23:45","guid":{"rendered":"https:\/\/urolaturismoa.eus\/erabilera-baldintzak\/"},"modified":"2024-02-22T12:17:42","modified_gmt":"2024-02-22T12:17:42","slug":"condiciones-de-uso","status":"publish","type":"page","link":"https:\/\/urolaturismoa.eus\/es\/condiciones-de-uso\/","title":{"rendered":"Aviso Legal"},"content":{"rendered":"<p>1. Datos del responsable<\/p>\n<p>&nbsp;<\/p>\n<p>En cumplimiento del art\u00edculo 10 de la Ley 34\/2002, de 11 de julio, de Servicios de la Sociedad de la Informaci\u00f3n y Comercio Electr\u00f3nico, a continuaci\u00f3n, se exponen los datos identificativos del responsable.<\/p>\n<p>&nbsp;<\/p>\n<p>Denominaci\u00f3n social: IRAURGI LANTZEN SA<\/p>\n<p>C.I.F.\/N.I.F.: A20180485<\/p>\n<p>Domicilio Social: Insausti Jauregia, Julio Urkijo Etorbidea 25, 20720 Azkoitia (Gipuzkoa)<\/p>\n<p>Inscrita en el Registro mercantil de Gipuzkoa, Hoja -SS 5208, Tomo -1260, Secci\u00f3n -8.<\/p>\n<p>Tel\u00e9fono: 943851100 Correo electr\u00f3nico: info@iraurgiberritzen.eus<\/p>\n<p>&nbsp;<\/p>\n<p>&nbsp;<\/p>\n<p>2. Propiedad intelectual<\/p>\n<p>&nbsp;<\/p>\n<p>El c\u00f3digo fuente, los dise\u00f1os gr\u00e1ficos, las im\u00e1genes, las fotograf\u00edas, los sonidos, las animaciones, el software, los textos, as\u00ed como la informaci\u00f3n y los contenidos que se recogen en el presente sitio web est\u00e1n protegidos por la legislaci\u00f3n espa\u00f1ola sobre los derechos de propiedad intelectual e industrial a favor de IRAURGI LANTZEN SA y no se permite la reproducci\u00f3n y\/o publicaci\u00f3n, total o parcial, del sitio web, ni su tratamiento inform\u00e1tico, su distribuci\u00f3n, su difusi\u00f3n, ni su modificaci\u00f3n, transformaci\u00f3n o descompilaci\u00f3n, ni dem\u00e1s derechos reconocidos legalmente a su titular, sin el permiso previo y por escrito del mismo IRAURGI LANTZEN SA.<\/p>\n<p>&nbsp;<\/p>\n<p>El usuario, \u00fanica y exclusivamente, puede utilizar el material que aparezca en este sitio web para su uso personal y privado, quedando prohibido su uso con fines comerciales o para incurrir en actividades il\u00edcitas. Todos los derechos derivados de la propiedad intelectual est\u00e1n expresamente reservados por IRAURGI LANTZEN SA.<\/p>\n<p>&nbsp;<\/p>\n<p>IRAURGI LANTZEN SA velar\u00e1 por el cumplimiento de las anteriores condiciones como por la debida utilizaci\u00f3n de los contenidos presentados en sus p\u00e1ginas web, ejercit\u00e1ndose todas las acciones civiles y penales que le correspondan en el caso de infracci\u00f3n o incumplimiento de estos derechos por parte del usuario.<\/p>\n<p>&nbsp;<\/p>\n<p>3. Protecci\u00f3n de datos de car\u00e1cter personal<\/p>\n<p>&nbsp;<\/p>\n<p>Encontrar\u00e1 informaci\u00f3n detallada sobre el tratamiento de sus datos en el apartado \u201cDeclaraci\u00f3n de Privacidad Extensa\u201d en esta misma web.<\/p>\n<p>&nbsp;<\/p>\n<p>4. Varios<\/p>\n<p>&nbsp;<\/p>\n<p>A.- IRAURGI LANTZEN SA podr\u00e1 modificar, sin previo aviso, la informaci\u00f3n contenida en su sitio web, as\u00ed como su configuraci\u00f3n y presentaci\u00f3n.<\/p>\n<p>&nbsp;<\/p>\n<p>B.- IRAURGI LANTZEN SA se compromete a trav\u00e9s de este medio a NO REALIZAR PUBLICIDAD ENGA\u00d1OSA. A estos efectos, por lo tanto, no ser\u00e1n considerados como publicidad enga\u00f1osa los errores formales o num\u00e9ricos que puedan encontrarse a lo largo del contenido de las distintas secciones de la web de IRAURGI LANTZEN SA producidos como consecuencia de un mantenimiento y\/o actualizaci\u00f3n incompleta o defectuosa de la informaci\u00f3n contenida en estas secciones. IRAURGI LANTZEN SA como consecuencia de lo dispuesto en este apartado, se compromete a corregirlo tan pronto como tenga conocimiento de dichos errores.<\/p>\n<p>&nbsp;<\/p>\n<p>C.- IRAURGI LANTZEN SA se compromete a NO REMITIR COMUNICACIONES COMERCIALES SIN IDENTIFICARLAS COMO TALES, conforme a lo dispuesto en la Ley 34\/2002 de Servicios de la Sociedad de la Informaci\u00f3n y de comercio electr\u00f3nico. A estos efectos no ser\u00e1 considerado como comunicaci\u00f3n comercial toda la informaci\u00f3n que se env\u00ede a las personas interesadas siempre que tenga por finalidad el mantenimiento de la relaci\u00f3n existente, as\u00ed como el desempe\u00f1o de las tareas de informaci\u00f3n y otras actividades propias de la entidad.<\/p>\n<p>&nbsp;<\/p>\n<p>D.- IRAURGI LANTZEN SA no se hace responsable del incumplimiento de cualquier norma aplicable en que pueda<\/p>\n<p>incurrir el usuario en su acceso este sitio web y\/o en el uso de las informaciones contenidas en el mismo.<\/p>\n<p>&nbsp;<\/p>\n<p>E.- IRAURGI LANTZEN SA no ser\u00e1 responsable de los da\u00f1os y perjuicios producidos o que puedan producirse, cualquiera que sea su naturaleza, que se deriven del uso de la informaci\u00f3n, de las materias contenidas en este web site y de los programas que incorpora. Los enlaces (links) e hipertexto que posibiliten, a trav\u00e9s del sitio web, acceder al usuario a prestaciones y servicios ofrecidos por terceros, no pertenecen ni se encuentran bajo el control de IRAURGI LANTZEN SA; dicha entidad no se hace responsable ni de la informaci\u00f3n contenida en los mismos, ni de cualesquiera efectos que pudieran derivarse de dicha informaci\u00f3n.<\/p>\n<p>&nbsp;<\/p>\n<p>F.- IRAURGI LANTZEN SA no se hace responsable del uso ileg\u00edtimo que terceras personas puedan hacer de los nombres de marca, nombres de producto, marcas comerciales que, no siendo propiedad de dicha entidad, aparezcan en el presente sitio web. Tampoco se responsabiliza de la integridad, veracidad y licitud del contenido de los enlaces a las webs a las que pueda accederse desde el presente sitio web.<\/p>\n<p>&nbsp;<\/p>\n<p>G.- En definitiva, el usuario es el \u00fanico responsable del uso que realice de los servicios, contenidos, enlaces (links) e hipertexto incluidos en el presente sitio web.<\/p>\n<p>&nbsp;<\/p>\n","protected":false},"excerpt":{"rendered":"<p>1. Datos del responsable &nbsp; En cumplimiento del art\u00edculo 10 de la Ley 34\/2002, de 11 de julio, de Servicios de la Sociedad de la Informaci\u00f3n y Comercio Electr\u00f3nico, a continuaci\u00f3n, se exponen los datos identificativos del responsable. &nbsp; Denominaci\u00f3n social: IRAURGI LANTZEN SA C.I.F.\/N.I.F.: A20180485 Domicilio Social: Insausti Jauregia, Julio Urkijo Etorbidea 25, 20720 [&hellip;]<\/p>\n","protected":false},"author":1,"featured_media":0,"parent":0,"menu_order":0,"comment_status":"closed","ping_status":"closed","template":"","meta":{"_acf_changed":false,"footnotes":""},"class_list":["post-2655","page","type-page","status-publish","hentry"],"acf":[],"yoast_head":"<!-- This site is optimized with the Yoast SEO plugin v26.7 - https:\/\/yoast.com\/wordpress\/plugins\/seo\/ -->\n<title>Aviso Legal | Urola Turismoa<\/title>\n<meta name=\"robots\" content=\"noindex, nofollow\" \/>\n<meta property=\"og:locale\" content=\"es_ES\" \/>\n<meta property=\"og:type\" content=\"article\" \/>\n<meta property=\"og:title\" content=\"Aviso Legal | Urola Turismoa\" \/>\n<meta property=\"og:description\" content=\"1. Datos del responsable &nbsp; En cumplimiento del art\u00edculo 10 de la Ley 34\/2002, de 11 de julio, de Servicios de la Sociedad de la Informaci\u00f3n y Comercio Electr\u00f3nico, a continuaci\u00f3n, se exponen los datos identificativos del responsable. &nbsp; Denominaci\u00f3n social: IRAURGI LANTZEN SA C.I.F.\/N.I.F.: A20180485 Domicilio Social: Insausti Jauregia, Julio Urkijo Etorbidea 25, 20720 [&hellip;]\" \/>\n<meta property=\"og:url\" content=\"https:\/\/urolaturismoa.eus\/es\/condiciones-de-uso\/\" \/>\n<meta property=\"og:site_name\" content=\"Urola Turismoa\" \/>\n<meta property=\"article:modified_time\" content=\"2024-02-22T12:17:42+00:00\" \/>\n<meta name=\"twitter:card\" content=\"summary_large_image\" \/>\n<meta name=\"twitter:label1\" content=\"Tiempo de lectura\" \/>\n\t<meta name=\"twitter:data1\" content=\"4 minutos\" \/>\n<script type=\"application\/ld+json\" class=\"yoast-schema-graph\">{\"@context\":\"https:\/\/schema.org\",\"@graph\":[{\"@type\":\"WebPage\",\"@id\":\"https:\/\/urolaturismoa.eus\/es\/condiciones-de-uso\/\",\"url\":\"https:\/\/urolaturismoa.eus\/es\/condiciones-de-uso\/\",\"name\":\"Aviso Legal | Urola Turismoa\",\"isPartOf\":{\"@id\":\"https:\/\/urolaturismoa.eus\/es\/#website\"},\"datePublished\":\"2021-06-24T10:23:45+00:00\",\"dateModified\":\"2024-02-22T12:17:42+00:00\",\"breadcrumb\":{\"@id\":\"https:\/\/urolaturismoa.eus\/es\/condiciones-de-uso\/#breadcrumb\"},\"inLanguage\":\"es\",\"potentialAction\":[{\"@type\":\"ReadAction\",\"target\":[\"https:\/\/urolaturismoa.eus\/es\/condiciones-de-uso\/\"]}]},{\"@type\":\"BreadcrumbList\",\"@id\":\"https:\/\/urolaturismoa.eus\/es\/condiciones-de-uso\/#breadcrumb\",\"itemListElement\":[{\"@type\":\"ListItem\",\"position\":1,\"name\":\"Home\",\"item\":\"https:\/\/urolaturismoa.eus\/es\/\"},{\"@type\":\"ListItem\",\"position\":2,\"name\":\"Aviso Legal\"}]},{\"@type\":\"WebSite\",\"@id\":\"https:\/\/urolaturismoa.eus\/es\/#website\",\"url\":\"https:\/\/urolaturismoa.eus\/es\/\",\"name\":\"Urola Turismoa\",\"description\":\"Basque Country\",\"potentialAction\":[{\"@type\":\"SearchAction\",\"target\":{\"@type\":\"EntryPoint\",\"urlTemplate\":\"https:\/\/urolaturismoa.eus\/es\/?s={search_term_string}\"},\"query-input\":{\"@type\":\"PropertyValueSpecification\",\"valueRequired\":true,\"valueName\":\"search_term_string\"}}],\"inLanguage\":\"es\"}]}<\/script>\n<!-- \/ Yoast SEO plugin. -->","yoast_head_json":{"title":"Aviso Legal | Urola Turismoa","robots":{"index":"noindex","follow":"nofollow"},"og_locale":"es_ES","og_type":"article","og_title":"Aviso Legal | Urola Turismoa","og_description":"1. Datos del responsable &nbsp; En cumplimiento del art\u00edculo 10 de la Ley 34\/2002, de 11 de julio, de Servicios de la Sociedad de la Informaci\u00f3n y Comercio Electr\u00f3nico, a continuaci\u00f3n, se exponen los datos identificativos del responsable. &nbsp; Denominaci\u00f3n social: IRAURGI LANTZEN SA C.I.F.\/N.I.F.: A20180485 Domicilio Social: Insausti Jauregia, Julio Urkijo Etorbidea 25, 20720 [&hellip;]","og_url":"https:\/\/urolaturismoa.eus\/es\/condiciones-de-uso\/","og_site_name":"Urola Turismoa","article_modified_time":"2024-02-22T12:17:42+00:00","twitter_card":"summary_large_image","twitter_misc":{"Tiempo de lectura":"4 minutos"},"schema":{"@context":"https:\/\/schema.org","@graph":[{"@type":"WebPage","@id":"https:\/\/urolaturismoa.eus\/es\/condiciones-de-uso\/","url":"https:\/\/urolaturismoa.eus\/es\/condiciones-de-uso\/","name":"Aviso Legal | Urola Turismoa","isPartOf":{"@id":"https:\/\/urolaturismoa.eus\/es\/#website"},"datePublished":"2021-06-24T10:23:45+00:00","dateModified":"2024-02-22T12:17:42+00:00","breadcrumb":{"@id":"https:\/\/urolaturismoa.eus\/es\/condiciones-de-uso\/#breadcrumb"},"inLanguage":"es","potentialAction":[{"@type":"ReadAction","target":["https:\/\/urolaturismoa.eus\/es\/condiciones-de-uso\/"]}]},{"@type":"BreadcrumbList","@id":"https:\/\/urolaturismoa.eus\/es\/condiciones-de-uso\/#breadcrumb","itemListElement":[{"@type":"ListItem","position":1,"name":"Home","item":"https:\/\/urolaturismoa.eus\/es\/"},{"@type":"ListItem","position":2,"name":"Aviso Legal"}]},{"@type":"WebSite","@id":"https:\/\/urolaturismoa.eus\/es\/#website","url":"https:\/\/urolaturismoa.eus\/es\/","name":"Urola Turismoa","description":"Basque Country","potentialAction":[{"@type":"SearchAction","target":{"@type":"EntryPoint","urlTemplate":"https:\/\/urolaturismoa.eus\/es\/?s={search_term_string}"},"query-input":{"@type":"PropertyValueSpecification","valueRequired":true,"valueName":"search_term_string"}}],"inLanguage":"es"}]}},"_links":{"self":[{"href":"https:\/\/urolaturismoa.eus\/es\/wp-json\/wp\/v2\/pages\/2655","targetHints":{"allow":["GET"]}}],"collection":[{"href":"https:\/\/urolaturismoa.eus\/es\/wp-json\/wp\/v2\/pages"}],"about":[{"href":"https:\/\/urolaturismoa.eus\/es\/wp-json\/wp\/v2\/types\/page"}],"author":[{"embeddable":true,"href":"https:\/\/urolaturismoa.eus\/es\/wp-json\/wp\/v2\/users\/1"}],"replies":[{"embeddable":true,"href":"https:\/\/urolaturismoa.eus\/es\/wp-json\/wp\/v2\/comments?post=2655"}],"version-history":[{"count":4,"href":"https:\/\/urolaturismoa.eus\/es\/wp-json\/wp\/v2\/pages\/2655\/revisions"}],"predecessor-version":[{"id":3843,"href":"https:\/\/urolaturismoa.eus\/es\/wp-json\/wp\/v2\/pages\/2655\/revisions\/3843"}],"wp:attachment":[{"href":"https:\/\/urolaturismoa.eus\/es\/wp-json\/wp\/v2\/media?parent=2655"}],"curies":[{"name":"wp","href":"https:\/\/api.w.org\/{rel}","templated":true}]}}