{"id":1898,"date":"2021-03-23T11:36:14","date_gmt":"2021-03-23T11:36:14","guid":{"rendered":"https:\/\/urolaturismoa.eus\/pribatutasun-politika\/"},"modified":"2024-03-05T12:11:17","modified_gmt":"2024-03-05T12:11:17","slug":"politica-de-privacidad","status":"publish","type":"page","link":"https:\/\/urolaturismoa.eus\/es\/politica-de-privacidad\/","title":{"rendered":"Declaraci\u00f3n de privacidad"},"content":{"rendered":"<p><strong>\u00bfQUI\u00c9N ES EL RESPONSABLE DEL TRATAMIENTO DE SUS DATOS?<\/strong><\/p>\n<p>Denominaci\u00f3n: <strong>IRAURGI LANTZEN SA<\/strong><br \/>\nC.I.F.\/N.I.F.: <strong>A20180485<\/strong><br \/>\nDomicilio Social: <strong>Insausti Jauregia, Julio Urkijo Etorbidea 25, 20720 Azkoitia (Gipuzkoa)<\/strong><br \/>\nInscrita en el Registro mercantil de Gipuzkoa, Hoja -SS 5208, Tomo -1260, Secci\u00f3n -8.<br \/>\nTel\u00e9fono: <strong>943851100<\/strong><br \/>\nCorreo electr\u00f3nico: <strong>info@iraurgiberritzen.eus<\/strong><\/p>\n<p><strong>\u00bfCON QU\u00c9 FINALIDAD TRATAMOS SUS DATOS PERSONALES?<\/strong><\/p>\n<p>Conforme con lo dispuesto en el Reglamento UE 679\/2016 y en la Ley org\u00e1nica 3\/2018 de 5 de Diciembre de protecci\u00f3n de datos personales y garant\u00eda de los derechos digitales, le informamos de que los datos de car\u00e1cter personal que nos facilita y aquellos que se generan durante el desarrollo de relaci\u00f3n con usted, son tratados con las siguientes finalidades:<\/p>\n<ul>\n<li>Atender las solicitudes que nos plantee<\/li>\n<li>Proporcionarle informaci\u00f3n acerca de los servicios prestados por IRAURGI LANTZEN SA, consintiendo para ello, en el env\u00edo de comunicaciones o boletines, por correo electr\u00f3nico o por cualquier otro medio de comunicaci\u00f3n electr\u00f3nica equivalente.<\/li>\n<li>La gesti\u00f3n de distintos programas de inserci\u00f3n laboral (inscripci\u00f3n, almacenamiento de curr\u00edculum, cesi\u00f3n de datos a entidades participantes, etc., participaci\u00f3n de la persona interesada en procesos de selecci\u00f3n de personal, de realizaci\u00f3n de pr\u00e1cticas, de formaci\u00f3n u otros afines).<\/li>\n<li>La realizaci\u00f3n del plan de viabilidad y otros estudios (la definici\u00f3n del modelo de negocio, estudio de la viabilidad econ\u00f3mica, etc.) referentes a la iniciativa.<\/li>\n<li>Servicio de tutorizaci\u00f3n para las iniciativas reci\u00e9n constituidas o aquellas que as\u00ed lo deseen.<\/li>\n<li>La respuesta a consultas, reclamaciones y sugerencias, y la realizaci\u00f3n de todo tipo de acciones de comunicaci\u00f3n.<\/li>\n<li>La gesti\u00f3n contable, fiscal y administrativa de la entidad.<\/li>\n<\/ul>\n<p><strong>\u00bfCu\u00e1nto tiempo conservaremos sus datos?<\/strong><\/p>\n<p>Los datos personales proporcionados se conservar\u00e1n mientras no se solicite su supresi\u00f3n por la persona interesada, o quien legalmente act\u00fae como su representante legal y \u00e9sta proceda, y mientras sean necesarios -incluyendo la necesidad de conservarlos durante los plazos de prescripci\u00f3n aplicables o pertinentes- para la finalidad para la cual hubieran sido recabados o registrados.<\/p>\n<p>La conservaci\u00f3n de los datos estar\u00e1 condicionada a la obligaci\u00f3n legal que IRAURGI LANTZEN SA tenga de conservarlos. Superados esos plazos los datos ser\u00e1n destruidos o borrados, realiz\u00e1ndose la supresi\u00f3n, eliminaci\u00f3n o destrucci\u00f3n de modo que la informaci\u00f3n contenida en los soportes no sea recuperable.<\/p>\n<p><strong>Legitimaci\u00f3n<\/strong><\/p>\n<p>La base legal del tratamiento de sus datos es el consentimiento prestado por parte de la persona interesada. Este se obtiene de modo expreso e inequ\u00edvoco mediante la cumplimentaci\u00f3n y en su caso env\u00edo de los documentos y formularios -en papel o electr\u00f3nicos- en los que se recopilen sus datos. En todos los documentos de la entidad, que se usan para recoger datos para los diferentes usos, existen clausulas informativas de conformidad con lo establecido en la normativa de protecci\u00f3n de datos y el consentimiento se manifiesta de modo expreso mediante la firma por parte de la persona interesada, o el env\u00edo de los formularios existentes en la p\u00e1gina web.<\/p>\n<p>Es tambi\u00e9n causa de legitimaci\u00f3n que el tratamiento sea necesario para la ejecuci\u00f3n de un contrato, o la prestaci\u00f3n de un servicio de los que se prestan a las personas interesadas o para la aplicaci\u00f3n de medidas precontractuales (art. 6.1.a y b RGPD).<\/p>\n<p>IRAURGI LANTZEN SA tambi\u00e9n est\u00e1 legitimada para tratar sus datos para cumplir con las obligaciones legales a que est\u00e1 sujeta y para la satisfacci\u00f3n de inter\u00e9s leg\u00edtimos, siempre que sobre estos no prevalezcan los intereses o los derechos fundamentales de las personas interesadas.<\/p>\n<p>IRAURGI LANTZEN SA realiza tratamientos en los que es causa de legitimaci\u00f3n el desarrollo de funciones p\u00fablicas.<\/p>\n<p><strong>\u00bfA qu\u00e9 destinatarios se comunicar\u00e1n sus datos?<\/strong><\/p>\n<p>Sus datos no se ceder\u00e1n a ninguna entidad sin su consentimiento salvo las cesiones previstas legalmente, en este sentido se solicitar\u00e1 su consentimiento expreso para la cesi\u00f3n de sus datos a cualquier otra entidad.<\/p>\n<p>Como consecuencia de la gesti\u00f3n de las finalidades autorizadas sus datos podr\u00e1n ser comunicados a entidades o personas directamente relacionadas con IRAURGI LANTZEN SA y con los servicios prestados por la misma. Asimismo, su informaci\u00f3n personal estar\u00e1 a disposici\u00f3n de las Administraciones p\u00fablicas, Jueces y Tribunales, para la atenci\u00f3n de las posibles responsabilidades nacidas del tratamiento y siempre que estas cesiones est\u00e9n amparadas en la ley.<\/p>\n<p>Sus datos pueden tambi\u00e9n ser cedidos a empresas que nos prestan alg\u00fan tipo de servicios de asesoramiento, mantenimiento inform\u00e1tico, marketing, formaci\u00f3n o auditor\u00eda. Estas entidades solo tienen acceso a la informaci\u00f3n personal que sea necesaria para llevar a cabo dichos servicios, exigi\u00e9ndoselo mediante un contrato de \u201cencargo de tratamiento de datos\u201d que mantengan la confidencialidad, que no puedan usar la informaci\u00f3n para otros fines y que adopten las medidas que garanticen la integridad y la disponibilidad de la misma.<\/p>\n<p>No est\u00e1n previstas transferencias internacionales de datos fuera del espacio de la Uni\u00f3n europea o a entidades que no cumplan los est\u00e1ndares en cuanto a protecci\u00f3n de datos establecidos por el reglamento UE 679\/2016.<\/p>\n<p><strong>\u00bfCu\u00e1l es la procedencia de sus datos?<\/strong><\/p>\n<p>Los datos personales que trata IRAURGI LANTZEN SA son proporcionados por la persona interesada, por otra entidad o persona, o bien obtenidos de fuentes accesibles al p\u00fablico<\/p>\n<p><strong>\u00bfQu\u00e9 categor\u00edas de datos trata IRAURGI LANTZEN SA?<\/strong><\/p>\n<p>IRAURGI LANTZEN SA tratar\u00e1 los datos que nos suministre, que pueden ser de las siguientes categor\u00edas:<\/p>\n<ul>\n<li>Datos de car\u00e1cter identificativo y de contacto;<\/li>\n<li>Datos acad\u00e9micos y profesionales<\/li>\n<li>Datos de detalle del empleo<\/li>\n<li>Datos econ\u00f3micos, financieros y de seguros<\/li>\n<li>Informaci\u00f3n comercial<\/li>\n<\/ul>\n<p><strong>\u00bfCu\u00e1les son sus derechos?<\/strong><\/p>\n<p>Cualquier persona tiene derecho a obtener confirmaci\u00f3n sobre si IRAURGI LANTZEN SA trata datos personales que le conciernen, o no.<\/p>\n<p>Las personas interesadas tienen derecho a acceder a sus datos personales y a obtener una copia de los datos personales objeto del tratamiento, a actualizarlos, as\u00ed como a solicitar la rectificaci\u00f3n de los datos inexactos o, en su caso, solicitar su supresi\u00f3n cuando, entre otros motivos, los datos ya no sean necesarios para los fines para los que fueron recogidos.<\/p>\n<p>En determinadas circunstancias y por motivos relacionados con su situaci\u00f3n particular, los interesados podr\u00e1n oponerse al tratamiento de sus datos. IRAURGI LANTZEN SA dejar\u00e1 de tratar los datos, salvo por motivos leg\u00edtimos imperiosos, o el ejercicio o la defensa de posibles reclamaciones.<\/p>\n<p>Tambi\u00e9n en determinadas circunstancias, previstas en el art\u00edculo 18 RGPD, los interesados podr\u00e1n solicitar la limitaci\u00f3n del tratamiento de sus datos, en cuyo caso IRAURGI LANTZEN SA los tratar\u00e1, con excepci\u00f3n de su conservaci\u00f3n, con el consentimiento del interesado o para la formulaci\u00f3n, el ejercicio o la defensa de reclamaciones, o con miras a la protecci\u00f3n de los derechos de otra persona f\u00edsica o jur\u00eddica o por razones de inter\u00e9s p\u00fablico importante de la Uni\u00f3n o de un determinado Estado miembro.<\/p>\n<p>En el caso de que fuera aplicable el derecho a la supresi\u00f3n u oposici\u00f3n al tratamiento de datos personales en el entorno on-line los interesados tienen derecho al olvido seg\u00fan la jurisprudencia del Tribunal de Justicia de la UE.<\/p>\n<p>En virtud del derecho a la portabilidad, los interesados tienen derecho a obtener los datos personales que les incumben en un formato estructurado de uso com\u00fan y lectura mec\u00e1nica y a transmitirlos a otro responsable.<\/p>\n<p>Toda persona interesada tiene derecho a no ser objeto de una decisi\u00f3n basada \u00fanicamente en el tratamiento automatizado, incluida la elaboraci\u00f3n de perfiles, que produzca efectos jur\u00eddicos en \u00e9l o le afecte significativamente de modo similar, salvo las excepciones previstas en el art\u00edculo 22.1 RGPD.<\/p>\n<p>La persona interesada tiene el derecho a la supresi\u00f3n de sus datos, por la desaparici\u00f3n de la finalidad que motiv\u00f3 el tratamiento o la recogida, por revocaci\u00f3n del consentimiento cuando sea \u00e9ste el que legitime el tratamiento, o por el resto de motivos contenidos en el art\u00edculo 17 RGPD. La supresi\u00f3n se realizar\u00e1, procediendo al borrado de alto nivel de los datos contenidos en soportes automatizados y a la destrucci\u00f3n f\u00edsica de los soportes no automatizados<\/p>\n<p><strong>\u00bfC\u00f3mo se pueden ejercer los derechos?<\/strong><\/p>\n<p>Mediante un escrito acompa\u00f1ado siempre de copia del DNI u otro documento que acredite la identidad de la persona interesada dirigido a las direcciones indicadas en el encabezamiento.<\/p>\n<p><strong>\u00bfQu\u00e9 v\u00edas de reclamaci\u00f3n existen?<\/strong><\/p>\n<p>Si considera que sus derechos no se han atendido debidamente, tiene derecho a presentar una reclamaci\u00f3n ante la Agencia Espa\u00f1ola de Protecci\u00f3n de Datos, cuyos datos de contacto son: Tel\u00e9fonos: 901 100 099 \/ 912 663 517. Direcci\u00f3n Postal: C\/ Jorge Juan, 6 Madrid.<\/p>\n","protected":false},"excerpt":{"rendered":"<p>\u00bfQUI\u00c9N ES EL RESPONSABLE DEL TRATAMIENTO DE SUS DATOS? Denominaci\u00f3n: IRAURGI LANTZEN SA C.I.F.\/N.I.F.: A20180485 Domicilio Social: Insausti Jauregia, Julio Urkijo Etorbidea 25, 20720 Azkoitia (Gipuzkoa) Inscrita en el Registro mercantil de Gipuzkoa, Hoja -SS 5208, Tomo -1260, Secci\u00f3n -8. Tel\u00e9fono: 943851100 Correo electr\u00f3nico: info@iraurgiberritzen.eus \u00bfCON QU\u00c9 FINALIDAD TRATAMOS SUS DATOS PERSONALES? Conforme con lo [&hellip;]<\/p>\n","protected":false},"author":1,"featured_media":0,"parent":0,"menu_order":0,"comment_status":"closed","ping_status":"closed","template":"","meta":{"_acf_changed":false,"footnotes":""},"class_list":["post-1898","page","type-page","status-publish","hentry"],"acf":[],"yoast_head":"<!-- This site is optimized with the Yoast SEO plugin v26.7 - https:\/\/yoast.com\/wordpress\/plugins\/seo\/ -->\n<title>Declaraci\u00f3n de privacidad | Urola Turismoa<\/title>\n<meta name=\"robots\" content=\"noindex, nofollow\" \/>\n<meta property=\"og:locale\" content=\"es_ES\" \/>\n<meta property=\"og:type\" content=\"article\" \/>\n<meta property=\"og:title\" content=\"Declaraci\u00f3n de privacidad | Urola Turismoa\" \/>\n<meta property=\"og:description\" content=\"\u00bfQUI\u00c9N ES EL RESPONSABLE DEL TRATAMIENTO DE SUS DATOS? Denominaci\u00f3n: IRAURGI LANTZEN SA C.I.F.\/N.I.F.: A20180485 Domicilio Social: Insausti Jauregia, Julio Urkijo Etorbidea 25, 20720 Azkoitia (Gipuzkoa) Inscrita en el Registro mercantil de Gipuzkoa, Hoja -SS 5208, Tomo -1260, Secci\u00f3n -8. Tel\u00e9fono: 943851100 Correo electr\u00f3nico: info@iraurgiberritzen.eus \u00bfCON QU\u00c9 FINALIDAD TRATAMOS SUS DATOS PERSONALES? Conforme con lo [&hellip;]\" \/>\n<meta property=\"og:url\" content=\"https:\/\/urolaturismoa.eus\/es\/politica-de-privacidad\/\" \/>\n<meta property=\"og:site_name\" content=\"Urola Turismoa\" \/>\n<meta property=\"article:modified_time\" content=\"2024-03-05T12:11:17+00:00\" \/>\n<meta name=\"twitter:card\" content=\"summary_large_image\" \/>\n<meta name=\"twitter:label1\" content=\"Tiempo de lectura\" \/>\n\t<meta name=\"twitter:data1\" content=\"8 minutos\" \/>\n<script type=\"application\/ld+json\" class=\"yoast-schema-graph\">{\"@context\":\"https:\/\/schema.org\",\"@graph\":[{\"@type\":\"WebPage\",\"@id\":\"https:\/\/urolaturismoa.eus\/es\/politica-de-privacidad\/\",\"url\":\"https:\/\/urolaturismoa.eus\/es\/politica-de-privacidad\/\",\"name\":\"Declaraci\u00f3n de privacidad | Urola Turismoa\",\"isPartOf\":{\"@id\":\"https:\/\/urolaturismoa.eus\/es\/#website\"},\"datePublished\":\"2021-03-23T11:36:14+00:00\",\"dateModified\":\"2024-03-05T12:11:17+00:00\",\"breadcrumb\":{\"@id\":\"https:\/\/urolaturismoa.eus\/es\/politica-de-privacidad\/#breadcrumb\"},\"inLanguage\":\"es\",\"potentialAction\":[{\"@type\":\"ReadAction\",\"target\":[\"https:\/\/urolaturismoa.eus\/es\/politica-de-privacidad\/\"]}]},{\"@type\":\"BreadcrumbList\",\"@id\":\"https:\/\/urolaturismoa.eus\/es\/politica-de-privacidad\/#breadcrumb\",\"itemListElement\":[{\"@type\":\"ListItem\",\"position\":1,\"name\":\"Home\",\"item\":\"https:\/\/urolaturismoa.eus\/es\/\"},{\"@type\":\"ListItem\",\"position\":2,\"name\":\"Declaraci\u00f3n de privacidad\"}]},{\"@type\":\"WebSite\",\"@id\":\"https:\/\/urolaturismoa.eus\/es\/#website\",\"url\":\"https:\/\/urolaturismoa.eus\/es\/\",\"name\":\"Urola Turismoa\",\"description\":\"Basque Country\",\"potentialAction\":[{\"@type\":\"SearchAction\",\"target\":{\"@type\":\"EntryPoint\",\"urlTemplate\":\"https:\/\/urolaturismoa.eus\/es\/?s={search_term_string}\"},\"query-input\":{\"@type\":\"PropertyValueSpecification\",\"valueRequired\":true,\"valueName\":\"search_term_string\"}}],\"inLanguage\":\"es\"}]}<\/script>\n<!-- \/ Yoast SEO plugin. -->","yoast_head_json":{"title":"Declaraci\u00f3n de privacidad | Urola Turismoa","robots":{"index":"noindex","follow":"nofollow"},"og_locale":"es_ES","og_type":"article","og_title":"Declaraci\u00f3n de privacidad | Urola Turismoa","og_description":"\u00bfQUI\u00c9N ES EL RESPONSABLE DEL TRATAMIENTO DE SUS DATOS? Denominaci\u00f3n: IRAURGI LANTZEN SA C.I.F.\/N.I.F.: A20180485 Domicilio Social: Insausti Jauregia, Julio Urkijo Etorbidea 25, 20720 Azkoitia (Gipuzkoa) Inscrita en el Registro mercantil de Gipuzkoa, Hoja -SS 5208, Tomo -1260, Secci\u00f3n -8. Tel\u00e9fono: 943851100 Correo electr\u00f3nico: info@iraurgiberritzen.eus \u00bfCON QU\u00c9 FINALIDAD TRATAMOS SUS DATOS PERSONALES? Conforme con lo [&hellip;]","og_url":"https:\/\/urolaturismoa.eus\/es\/politica-de-privacidad\/","og_site_name":"Urola Turismoa","article_modified_time":"2024-03-05T12:11:17+00:00","twitter_card":"summary_large_image","twitter_misc":{"Tiempo de lectura":"8 minutos"},"schema":{"@context":"https:\/\/schema.org","@graph":[{"@type":"WebPage","@id":"https:\/\/urolaturismoa.eus\/es\/politica-de-privacidad\/","url":"https:\/\/urolaturismoa.eus\/es\/politica-de-privacidad\/","name":"Declaraci\u00f3n de privacidad | Urola Turismoa","isPartOf":{"@id":"https:\/\/urolaturismoa.eus\/es\/#website"},"datePublished":"2021-03-23T11:36:14+00:00","dateModified":"2024-03-05T12:11:17+00:00","breadcrumb":{"@id":"https:\/\/urolaturismoa.eus\/es\/politica-de-privacidad\/#breadcrumb"},"inLanguage":"es","potentialAction":[{"@type":"ReadAction","target":["https:\/\/urolaturismoa.eus\/es\/politica-de-privacidad\/"]}]},{"@type":"BreadcrumbList","@id":"https:\/\/urolaturismoa.eus\/es\/politica-de-privacidad\/#breadcrumb","itemListElement":[{"@type":"ListItem","position":1,"name":"Home","item":"https:\/\/urolaturismoa.eus\/es\/"},{"@type":"ListItem","position":2,"name":"Declaraci\u00f3n de privacidad"}]},{"@type":"WebSite","@id":"https:\/\/urolaturismoa.eus\/es\/#website","url":"https:\/\/urolaturismoa.eus\/es\/","name":"Urola Turismoa","description":"Basque Country","potentialAction":[{"@type":"SearchAction","target":{"@type":"EntryPoint","urlTemplate":"https:\/\/urolaturismoa.eus\/es\/?s={search_term_string}"},"query-input":{"@type":"PropertyValueSpecification","valueRequired":true,"valueName":"search_term_string"}}],"inLanguage":"es"}]}},"_links":{"self":[{"href":"https:\/\/urolaturismoa.eus\/es\/wp-json\/wp\/v2\/pages\/1898","targetHints":{"allow":["GET"]}}],"collection":[{"href":"https:\/\/urolaturismoa.eus\/es\/wp-json\/wp\/v2\/pages"}],"about":[{"href":"https:\/\/urolaturismoa.eus\/es\/wp-json\/wp\/v2\/types\/page"}],"author":[{"embeddable":true,"href":"https:\/\/urolaturismoa.eus\/es\/wp-json\/wp\/v2\/users\/1"}],"replies":[{"embeddable":true,"href":"https:\/\/urolaturismoa.eus\/es\/wp-json\/wp\/v2\/comments?post=1898"}],"version-history":[{"count":3,"href":"https:\/\/urolaturismoa.eus\/es\/wp-json\/wp\/v2\/pages\/1898\/revisions"}],"predecessor-version":[{"id":3846,"href":"https:\/\/urolaturismoa.eus\/es\/wp-json\/wp\/v2\/pages\/1898\/revisions\/3846"}],"wp:attachment":[{"href":"https:\/\/urolaturismoa.eus\/es\/wp-json\/wp\/v2\/media?parent=1898"}],"curies":[{"name":"wp","href":"https:\/\/api.w.org\/{rel}","templated":true}]}}