{"id":1873,"date":"2021-06-15T11:44:40","date_gmt":"2021-06-15T11:44:40","guid":{"rendered":"https:\/\/urolaturismoa.eus\/cultura\/algorri-interpretazio-zentroa\/"},"modified":"2021-07-06T08:42:33","modified_gmt":"2021-07-06T08:42:33","slug":"centro-de-interpretacion-algorri","status":"publish","type":"page","link":"https:\/\/urolaturismoa.eus\/es\/cultura\/centro-de-interpretacion-algorri\/","title":{"rendered":"Centro de interpretaci\u00f3n Algorri"},"content":{"rendered":"<p>Texto general: en el centro de interpretaci\u00f3n Algorri podr\u00e1s conocer todos los secretos que guarda el flysh. La importancia de la historia geol\u00f3gica se combina con la informaci\u00f3n de la exposici\u00f3n permanente local, conociendo las caracter\u00edsticas de otros ecosistemas.<\/p>\n<p>Se ofrece la posibilidad de realizar visitas guiadas tanto a pie como en barco a trav\u00e9s de salidas.<\/p>\n<blockquote><p>Centro de interpretaci\u00f3n Algorri<\/p>\n<ul>\n<li><a href=\"https:\/\/www.algorri.eus\/\" rel=\"noopener\" target=\"_blank\">www.algorri.eus<\/a><\/li>\n<li>+34 943 143 100<\/li>\n<li>info@algorri.eus<\/li>\n<\/ul>\n<\/blockquote>\n<p><img loading=\"lazy\" decoding=\"async\" src=\"https:\/\/urolaturismoa.eus\/wp-content\/uploads\/2021\/06\/Algorri-interpretazio-zentroa-urolaturismoa.jpg\" alt=\"Algorri interpretazio zentroa - urolaturismoa\" width=\"1024\" height=\"768\" class=\"alignnone size-full wp-image-1425\" srcset=\"https:\/\/urolaturismoa.eus\/wp-content\/uploads\/2021\/06\/Algorri-interpretazio-zentroa-urolaturismoa.jpg 1024w, https:\/\/urolaturismoa.eus\/wp-content\/uploads\/2021\/06\/Algorri-interpretazio-zentroa-urolaturismoa-300x225.jpg 300w, https:\/\/urolaturismoa.eus\/wp-content\/uploads\/2021\/06\/Algorri-interpretazio-zentroa-urolaturismoa-768x576.jpg 768w\" sizes=\"auto, (max-width: 1024px) 100vw, 1024px\" \/><\/p>\n","protected":false},"excerpt":{"rendered":"<p>Texto general: en el centro de interpretaci\u00f3n Algorri podr\u00e1s conocer todos los secretos que guarda el flysh. La importancia de la historia geol\u00f3gica se combina con la informaci\u00f3n de la exposici\u00f3n permanente local, conociendo las caracter\u00edsticas de otros ecosistemas. Se ofrece la posibilidad de realizar visitas guiadas tanto a pie como en barco a trav\u00e9s [&hellip;]<\/p>\n","protected":false},"author":1,"featured_media":509,"parent":1854,"menu_order":6,"comment_status":"closed","ping_status":"closed","template":"template-gurasoa.php","meta":{"_acf_changed":false,"footnotes":""},"class_list":["post-1873","page","type-page","status-publish","has-post-thumbnail","hentry"],"acf":[],"yoast_head":"<!-- This site is optimized with the Yoast SEO plugin v26.7 - https:\/\/yoast.com\/wordpress\/plugins\/seo\/ -->\n<title>Centro de interpretaci\u00f3n Algorri - Flysch | Urola Turismoa<\/title>\n<meta name=\"robots\" content=\"index, follow, max-snippet:-1, max-image-preview:large, max-video-preview:-1\" \/>\n<link rel=\"canonical\" href=\"https:\/\/urolaturismoa.eus\/es\/cultura\/centro-de-interpretacion-algorri\/\" \/>\n<meta property=\"og:locale\" content=\"es_ES\" \/>\n<meta property=\"og:type\" content=\"article\" \/>\n<meta property=\"og:title\" content=\"Centro de interpretaci\u00f3n Algorri - Flysch | Urola Turismoa\" \/>\n<meta property=\"og:description\" content=\"Texto general: en el centro de interpretaci\u00f3n Algorri podr\u00e1s conocer todos los secretos que guarda el flysh. La importancia de la historia geol\u00f3gica se combina con la informaci\u00f3n de la exposici\u00f3n permanente local, conociendo las caracter\u00edsticas de otros ecosistemas. Se ofrece la posibilidad de realizar visitas guiadas tanto a pie como en barco a trav\u00e9s [&hellip;]\" \/>\n<meta property=\"og:url\" content=\"https:\/\/urolaturismoa.eus\/es\/cultura\/centro-de-interpretacion-algorri\/\" \/>\n<meta property=\"og:site_name\" content=\"Urola Turismoa\" \/>\n<meta property=\"article:modified_time\" content=\"2021-07-06T08:42:33+00:00\" \/>\n<meta property=\"og:image\" content=\"https:\/\/urolaturismoa.eus\/wp-content\/uploads\/2021\/06\/Zumaia-herriko-argazkia-2-urolaturismoa.jpg\" \/>\n\t<meta property=\"og:image:width\" content=\"2000\" \/>\n\t<meta property=\"og:image:height\" content=\"1333\" \/>\n\t<meta property=\"og:image:type\" content=\"image\/jpeg\" \/>\n<meta name=\"twitter:card\" content=\"summary_large_image\" \/>\n<script type=\"application\/ld+json\" class=\"yoast-schema-graph\">{\"@context\":\"https:\/\/schema.org\",\"@graph\":[{\"@type\":\"WebPage\",\"@id\":\"https:\/\/urolaturismoa.eus\/es\/cultura\/centro-de-interpretacion-algorri\/\",\"url\":\"https:\/\/urolaturismoa.eus\/es\/cultura\/centro-de-interpretacion-algorri\/\",\"name\":\"Centro de interpretaci\u00f3n Algorri - Flysch | Urola Turismoa\",\"isPartOf\":{\"@id\":\"https:\/\/urolaturismoa.eus\/es\/#website\"},\"primaryImageOfPage\":{\"@id\":\"https:\/\/urolaturismoa.eus\/es\/cultura\/centro-de-interpretacion-algorri\/#primaryimage\"},\"image\":{\"@id\":\"https:\/\/urolaturismoa.eus\/es\/cultura\/centro-de-interpretacion-algorri\/#primaryimage\"},\"thumbnailUrl\":\"https:\/\/urolaturismoa.eus\/wp-content\/uploads\/2021\/06\/Zumaia-herriko-argazkia-2-urolaturismoa.jpg\",\"datePublished\":\"2021-06-15T11:44:40+00:00\",\"dateModified\":\"2021-07-06T08:42:33+00:00\",\"breadcrumb\":{\"@id\":\"https:\/\/urolaturismoa.eus\/es\/cultura\/centro-de-interpretacion-algorri\/#breadcrumb\"},\"inLanguage\":\"es\",\"potentialAction\":[{\"@type\":\"ReadAction\",\"target\":[\"https:\/\/urolaturismoa.eus\/es\/cultura\/centro-de-interpretacion-algorri\/\"]}]},{\"@type\":\"ImageObject\",\"inLanguage\":\"es\",\"@id\":\"https:\/\/urolaturismoa.eus\/es\/cultura\/centro-de-interpretacion-algorri\/#primaryimage\",\"url\":\"https:\/\/urolaturismoa.eus\/wp-content\/uploads\/2021\/06\/Zumaia-herriko-argazkia-2-urolaturismoa.jpg\",\"contentUrl\":\"https:\/\/urolaturismoa.eus\/wp-content\/uploads\/2021\/06\/Zumaia-herriko-argazkia-2-urolaturismoa.jpg\",\"width\":2000,\"height\":1333,\"caption\":\"Zumaia herriko argazkia 2 - urolaturismoa\"},{\"@type\":\"BreadcrumbList\",\"@id\":\"https:\/\/urolaturismoa.eus\/es\/cultura\/centro-de-interpretacion-algorri\/#breadcrumb\",\"itemListElement\":[{\"@type\":\"ListItem\",\"position\":1,\"name\":\"Home\",\"item\":\"https:\/\/urolaturismoa.eus\/es\/\"},{\"@type\":\"ListItem\",\"position\":2,\"name\":\"Cultura\",\"item\":\"https:\/\/urolaturismoa.eus\/es\/cultura\/\"},{\"@type\":\"ListItem\",\"position\":3,\"name\":\"Centro de interpretaci\u00f3n Algorri\"}]},{\"@type\":\"WebSite\",\"@id\":\"https:\/\/urolaturismoa.eus\/es\/#website\",\"url\":\"https:\/\/urolaturismoa.eus\/es\/\",\"name\":\"Urola Turismoa\",\"description\":\"Basque Country\",\"potentialAction\":[{\"@type\":\"SearchAction\",\"target\":{\"@type\":\"EntryPoint\",\"urlTemplate\":\"https:\/\/urolaturismoa.eus\/es\/?s={search_term_string}\"},\"query-input\":{\"@type\":\"PropertyValueSpecification\",\"valueRequired\":true,\"valueName\":\"search_term_string\"}}],\"inLanguage\":\"es\"}]}<\/script>\n<!-- \/ Yoast SEO plugin. -->","yoast_head_json":{"title":"Centro de interpretaci\u00f3n Algorri - Flysch | Urola Turismoa","robots":{"index":"index","follow":"follow","max-snippet":"max-snippet:-1","max-image-preview":"max-image-preview:large","max-video-preview":"max-video-preview:-1"},"canonical":"https:\/\/urolaturismoa.eus\/es\/cultura\/centro-de-interpretacion-algorri\/","og_locale":"es_ES","og_type":"article","og_title":"Centro de interpretaci\u00f3n Algorri - Flysch | Urola Turismoa","og_description":"Texto general: en el centro de interpretaci\u00f3n Algorri podr\u00e1s conocer todos los secretos que guarda el flysh. La importancia de la historia geol\u00f3gica se combina con la informaci\u00f3n de la exposici\u00f3n permanente local, conociendo las caracter\u00edsticas de otros ecosistemas. Se ofrece la posibilidad de realizar visitas guiadas tanto a pie como en barco a trav\u00e9s [&hellip;]","og_url":"https:\/\/urolaturismoa.eus\/es\/cultura\/centro-de-interpretacion-algorri\/","og_site_name":"Urola Turismoa","article_modified_time":"2021-07-06T08:42:33+00:00","og_image":[{"width":2000,"height":1333,"url":"https:\/\/urolaturismoa.eus\/wp-content\/uploads\/2021\/06\/Zumaia-herriko-argazkia-2-urolaturismoa.jpg","type":"image\/jpeg"}],"twitter_card":"summary_large_image","schema":{"@context":"https:\/\/schema.org","@graph":[{"@type":"WebPage","@id":"https:\/\/urolaturismoa.eus\/es\/cultura\/centro-de-interpretacion-algorri\/","url":"https:\/\/urolaturismoa.eus\/es\/cultura\/centro-de-interpretacion-algorri\/","name":"Centro de interpretaci\u00f3n Algorri - Flysch | Urola Turismoa","isPartOf":{"@id":"https:\/\/urolaturismoa.eus\/es\/#website"},"primaryImageOfPage":{"@id":"https:\/\/urolaturismoa.eus\/es\/cultura\/centro-de-interpretacion-algorri\/#primaryimage"},"image":{"@id":"https:\/\/urolaturismoa.eus\/es\/cultura\/centro-de-interpretacion-algorri\/#primaryimage"},"thumbnailUrl":"https:\/\/urolaturismoa.eus\/wp-content\/uploads\/2021\/06\/Zumaia-herriko-argazkia-2-urolaturismoa.jpg","datePublished":"2021-06-15T11:44:40+00:00","dateModified":"2021-07-06T08:42:33+00:00","breadcrumb":{"@id":"https:\/\/urolaturismoa.eus\/es\/cultura\/centro-de-interpretacion-algorri\/#breadcrumb"},"inLanguage":"es","potentialAction":[{"@type":"ReadAction","target":["https:\/\/urolaturismoa.eus\/es\/cultura\/centro-de-interpretacion-algorri\/"]}]},{"@type":"ImageObject","inLanguage":"es","@id":"https:\/\/urolaturismoa.eus\/es\/cultura\/centro-de-interpretacion-algorri\/#primaryimage","url":"https:\/\/urolaturismoa.eus\/wp-content\/uploads\/2021\/06\/Zumaia-herriko-argazkia-2-urolaturismoa.jpg","contentUrl":"https:\/\/urolaturismoa.eus\/wp-content\/uploads\/2021\/06\/Zumaia-herriko-argazkia-2-urolaturismoa.jpg","width":2000,"height":1333,"caption":"Zumaia herriko argazkia 2 - urolaturismoa"},{"@type":"BreadcrumbList","@id":"https:\/\/urolaturismoa.eus\/es\/cultura\/centro-de-interpretacion-algorri\/#breadcrumb","itemListElement":[{"@type":"ListItem","position":1,"name":"Home","item":"https:\/\/urolaturismoa.eus\/es\/"},{"@type":"ListItem","position":2,"name":"Cultura","item":"https:\/\/urolaturismoa.eus\/es\/cultura\/"},{"@type":"ListItem","position":3,"name":"Centro de interpretaci\u00f3n Algorri"}]},{"@type":"WebSite","@id":"https:\/\/urolaturismoa.eus\/es\/#website","url":"https:\/\/urolaturismoa.eus\/es\/","name":"Urola Turismoa","description":"Basque Country","potentialAction":[{"@type":"SearchAction","target":{"@type":"EntryPoint","urlTemplate":"https:\/\/urolaturismoa.eus\/es\/?s={search_term_string}"},"query-input":{"@type":"PropertyValueSpecification","valueRequired":true,"valueName":"search_term_string"}}],"inLanguage":"es"}]}},"_links":{"self":[{"href":"https:\/\/urolaturismoa.eus\/es\/wp-json\/wp\/v2\/pages\/1873","targetHints":{"allow":["GET"]}}],"collection":[{"href":"https:\/\/urolaturismoa.eus\/es\/wp-json\/wp\/v2\/pages"}],"about":[{"href":"https:\/\/urolaturismoa.eus\/es\/wp-json\/wp\/v2\/types\/page"}],"author":[{"embeddable":true,"href":"https:\/\/urolaturismoa.eus\/es\/wp-json\/wp\/v2\/users\/1"}],"replies":[{"embeddable":true,"href":"https:\/\/urolaturismoa.eus\/es\/wp-json\/wp\/v2\/comments?post=1873"}],"version-history":[{"count":1,"href":"https:\/\/urolaturismoa.eus\/es\/wp-json\/wp\/v2\/pages\/1873\/revisions"}],"predecessor-version":[{"id":1874,"href":"https:\/\/urolaturismoa.eus\/es\/wp-json\/wp\/v2\/pages\/1873\/revisions\/1874"}],"up":[{"embeddable":true,"href":"https:\/\/urolaturismoa.eus\/es\/wp-json\/wp\/v2\/pages\/1854"}],"wp:featuredmedia":[{"embeddable":true,"href":"https:\/\/urolaturismoa.eus\/es\/wp-json\/wp\/v2\/media\/509"}],"wp:attachment":[{"href":"https:\/\/urolaturismoa.eus\/es\/wp-json\/wp\/v2\/media?parent=1873"}],"curies":[{"name":"wp","href":"https:\/\/api.w.org\/{rel}","templated":true}]}}