{"id":1871,"date":"2021-06-15T11:43:03","date_gmt":"2021-06-15T11:43:03","guid":{"rendered":"https:\/\/urolaturismoa.eus\/cultura\/ekoetxea\/"},"modified":"2021-07-06T08:38:47","modified_gmt":"2021-07-06T08:38:47","slug":"ekoetxea","status":"publish","type":"page","link":"https:\/\/urolaturismoa.eus\/es\/cultura\/ekoetxea\/","title":{"rendered":"Ekoetxea"},"content":{"rendered":"<p>Ekoetxea Azpeitia es un centro pionero en educaci\u00f3n ambiental, ya que fue el primer equipamiento del Pa\u00eds Vasco dedicado a tal fin. <\/p>\n<p>Se encuentra situada cerca de los jardines de la bas\u00edlica de Loiola, y tiene como objetivo dar a conocer y valorar los recursos naturales, as\u00ed como sensibilizar, educar y mover a la acci\u00f3n a la ciudadan\u00eda en tem\u00e1tica ambiental.<\/p>\n<p>Ekoetxea Azpeitia alberga adem\u00e1s el parque natural urbano Xaguxatar, ubicado en una extensi\u00f3n de 1.800 m\u00b2 y 6 secciones que informan, desde una visi\u00f3n l\u00fadica e interactiva, sobre los h\u00e1bitos, caracter\u00edsticas y h\u00e1bitats de los murci\u00e9lagos.<\/p>\n<p><img loading=\"lazy\" decoding=\"async\" src=\"https:\/\/urolaturismoa.eus\/wp-content\/uploads\/2021\/06\/Ekoetxea-Azpeitia-1-irudia-urolaturismoa-kultura.jpg\" alt=\"Ekoetxea Azpeitia 1 irudia - urolaturismoa kultura\" width=\"1080\" height=\"715\" class=\"alignnone size-full wp-image-1418\" srcset=\"https:\/\/urolaturismoa.eus\/wp-content\/uploads\/2021\/06\/Ekoetxea-Azpeitia-1-irudia-urolaturismoa-kultura.jpg 1080w, https:\/\/urolaturismoa.eus\/wp-content\/uploads\/2021\/06\/Ekoetxea-Azpeitia-1-irudia-urolaturismoa-kultura-300x199.jpg 300w, https:\/\/urolaturismoa.eus\/wp-content\/uploads\/2021\/06\/Ekoetxea-Azpeitia-1-irudia-urolaturismoa-kultura-1024x678.jpg 1024w, https:\/\/urolaturismoa.eus\/wp-content\/uploads\/2021\/06\/Ekoetxea-Azpeitia-1-irudia-urolaturismoa-kultura-768x508.jpg 768w\" sizes=\"auto, (max-width: 1080px) 100vw, 1080px\" \/><\/p>\n","protected":false},"excerpt":{"rendered":"<p>Ekoetxea Azpeitia es un centro pionero en educaci\u00f3n ambiental, ya que fue el primer equipamiento del Pa\u00eds Vasco dedicado a tal fin. Se encuentra situada cerca de los jardines de la bas\u00edlica de Loiola, y tiene como objetivo dar a conocer y valorar los recursos naturales, as\u00ed como sensibilizar, educar y mover a la acci\u00f3n [&hellip;]<\/p>\n","protected":false},"author":1,"featured_media":1423,"parent":1854,"menu_order":5,"comment_status":"closed","ping_status":"closed","template":"template-gurasoa.php","meta":{"_acf_changed":false,"footnotes":""},"class_list":["post-1871","page","type-page","status-publish","has-post-thumbnail","hentry"],"acf":[],"yoast_head":"<!-- This site is optimized with the Yoast SEO plugin v26.7 - https:\/\/yoast.com\/wordpress\/plugins\/seo\/ -->\n<title>Ekoetxea, depositario e impulsor de la naturaleza | Urola Turismoa<\/title>\n<meta name=\"robots\" content=\"index, follow, max-snippet:-1, max-image-preview:large, max-video-preview:-1\" \/>\n<link rel=\"canonical\" href=\"https:\/\/urolaturismoa.eus\/es\/cultura\/ekoetxea\/\" \/>\n<meta property=\"og:locale\" content=\"es_ES\" \/>\n<meta property=\"og:type\" content=\"article\" \/>\n<meta property=\"og:title\" content=\"Ekoetxea, depositario e impulsor de la naturaleza | Urola Turismoa\" \/>\n<meta property=\"og:description\" content=\"Ekoetxea Azpeitia es un centro pionero en educaci\u00f3n ambiental, ya que fue el primer equipamiento del Pa\u00eds Vasco dedicado a tal fin. Se encuentra situada cerca de los jardines de la bas\u00edlica de Loiola, y tiene como objetivo dar a conocer y valorar los recursos naturales, as\u00ed como sensibilizar, educar y mover a la acci\u00f3n [&hellip;]\" \/>\n<meta property=\"og:url\" content=\"https:\/\/urolaturismoa.eus\/es\/cultura\/ekoetxea\/\" \/>\n<meta property=\"og:site_name\" content=\"Urola Turismoa\" \/>\n<meta property=\"article:modified_time\" content=\"2021-07-06T08:38:47+00:00\" \/>\n<meta property=\"og:image\" content=\"https:\/\/urolaturismoa.eus\/wp-content\/uploads\/2021\/06\/eko-etxea-eta-xaguxatar-ibilbidea-plana-haurrekin-irudia-5-urolaturismoa-1.jpg\" \/>\n\t<meta property=\"og:image:width\" content=\"1500\" \/>\n\t<meta property=\"og:image:height\" content=\"844\" \/>\n\t<meta property=\"og:image:type\" content=\"image\/jpeg\" \/>\n<meta name=\"twitter:card\" content=\"summary_large_image\" \/>\n<meta name=\"twitter:label1\" content=\"Tiempo de lectura\" \/>\n\t<meta name=\"twitter:data1\" content=\"1 minuto\" \/>\n<script type=\"application\/ld+json\" class=\"yoast-schema-graph\">{\"@context\":\"https:\/\/schema.org\",\"@graph\":[{\"@type\":\"WebPage\",\"@id\":\"https:\/\/urolaturismoa.eus\/es\/cultura\/ekoetxea\/\",\"url\":\"https:\/\/urolaturismoa.eus\/es\/cultura\/ekoetxea\/\",\"name\":\"Ekoetxea, depositario e impulsor de la naturaleza | Urola Turismoa\",\"isPartOf\":{\"@id\":\"https:\/\/urolaturismoa.eus\/es\/#website\"},\"primaryImageOfPage\":{\"@id\":\"https:\/\/urolaturismoa.eus\/es\/cultura\/ekoetxea\/#primaryimage\"},\"image\":{\"@id\":\"https:\/\/urolaturismoa.eus\/es\/cultura\/ekoetxea\/#primaryimage\"},\"thumbnailUrl\":\"https:\/\/urolaturismoa.eus\/wp-content\/uploads\/2021\/06\/eko-etxea-eta-xaguxatar-ibilbidea-plana-haurrekin-irudia-5-urolaturismoa-1.jpg\",\"datePublished\":\"2021-06-15T11:43:03+00:00\",\"dateModified\":\"2021-07-06T08:38:47+00:00\",\"breadcrumb\":{\"@id\":\"https:\/\/urolaturismoa.eus\/es\/cultura\/ekoetxea\/#breadcrumb\"},\"inLanguage\":\"es\",\"potentialAction\":[{\"@type\":\"ReadAction\",\"target\":[\"https:\/\/urolaturismoa.eus\/es\/cultura\/ekoetxea\/\"]}]},{\"@type\":\"ImageObject\",\"inLanguage\":\"es\",\"@id\":\"https:\/\/urolaturismoa.eus\/es\/cultura\/ekoetxea\/#primaryimage\",\"url\":\"https:\/\/urolaturismoa.eus\/wp-content\/uploads\/2021\/06\/eko-etxea-eta-xaguxatar-ibilbidea-plana-haurrekin-irudia-5-urolaturismoa-1.jpg\",\"contentUrl\":\"https:\/\/urolaturismoa.eus\/wp-content\/uploads\/2021\/06\/eko-etxea-eta-xaguxatar-ibilbidea-plana-haurrekin-irudia-5-urolaturismoa-1.jpg\",\"width\":1500,\"height\":844,\"caption\":\"eko etxea eta xaguxatar ibilbidea plana haurrekin irudia 5 - urolaturismoa\"},{\"@type\":\"BreadcrumbList\",\"@id\":\"https:\/\/urolaturismoa.eus\/es\/cultura\/ekoetxea\/#breadcrumb\",\"itemListElement\":[{\"@type\":\"ListItem\",\"position\":1,\"name\":\"Home\",\"item\":\"https:\/\/urolaturismoa.eus\/es\/\"},{\"@type\":\"ListItem\",\"position\":2,\"name\":\"Cultura\",\"item\":\"https:\/\/urolaturismoa.eus\/es\/cultura\/\"},{\"@type\":\"ListItem\",\"position\":3,\"name\":\"Ekoetxea\"}]},{\"@type\":\"WebSite\",\"@id\":\"https:\/\/urolaturismoa.eus\/es\/#website\",\"url\":\"https:\/\/urolaturismoa.eus\/es\/\",\"name\":\"Urola Turismoa\",\"description\":\"Basque Country\",\"potentialAction\":[{\"@type\":\"SearchAction\",\"target\":{\"@type\":\"EntryPoint\",\"urlTemplate\":\"https:\/\/urolaturismoa.eus\/es\/?s={search_term_string}\"},\"query-input\":{\"@type\":\"PropertyValueSpecification\",\"valueRequired\":true,\"valueName\":\"search_term_string\"}}],\"inLanguage\":\"es\"}]}<\/script>\n<!-- \/ Yoast SEO plugin. -->","yoast_head_json":{"title":"Ekoetxea, depositario e impulsor de la naturaleza | Urola Turismoa","robots":{"index":"index","follow":"follow","max-snippet":"max-snippet:-1","max-image-preview":"max-image-preview:large","max-video-preview":"max-video-preview:-1"},"canonical":"https:\/\/urolaturismoa.eus\/es\/cultura\/ekoetxea\/","og_locale":"es_ES","og_type":"article","og_title":"Ekoetxea, depositario e impulsor de la naturaleza | Urola Turismoa","og_description":"Ekoetxea Azpeitia es un centro pionero en educaci\u00f3n ambiental, ya que fue el primer equipamiento del Pa\u00eds Vasco dedicado a tal fin. Se encuentra situada cerca de los jardines de la bas\u00edlica de Loiola, y tiene como objetivo dar a conocer y valorar los recursos naturales, as\u00ed como sensibilizar, educar y mover a la acci\u00f3n [&hellip;]","og_url":"https:\/\/urolaturismoa.eus\/es\/cultura\/ekoetxea\/","og_site_name":"Urola Turismoa","article_modified_time":"2021-07-06T08:38:47+00:00","og_image":[{"width":1500,"height":844,"url":"https:\/\/urolaturismoa.eus\/wp-content\/uploads\/2021\/06\/eko-etxea-eta-xaguxatar-ibilbidea-plana-haurrekin-irudia-5-urolaturismoa-1.jpg","type":"image\/jpeg"}],"twitter_card":"summary_large_image","twitter_misc":{"Tiempo de lectura":"1 minuto"},"schema":{"@context":"https:\/\/schema.org","@graph":[{"@type":"WebPage","@id":"https:\/\/urolaturismoa.eus\/es\/cultura\/ekoetxea\/","url":"https:\/\/urolaturismoa.eus\/es\/cultura\/ekoetxea\/","name":"Ekoetxea, depositario e impulsor de la naturaleza | Urola Turismoa","isPartOf":{"@id":"https:\/\/urolaturismoa.eus\/es\/#website"},"primaryImageOfPage":{"@id":"https:\/\/urolaturismoa.eus\/es\/cultura\/ekoetxea\/#primaryimage"},"image":{"@id":"https:\/\/urolaturismoa.eus\/es\/cultura\/ekoetxea\/#primaryimage"},"thumbnailUrl":"https:\/\/urolaturismoa.eus\/wp-content\/uploads\/2021\/06\/eko-etxea-eta-xaguxatar-ibilbidea-plana-haurrekin-irudia-5-urolaturismoa-1.jpg","datePublished":"2021-06-15T11:43:03+00:00","dateModified":"2021-07-06T08:38:47+00:00","breadcrumb":{"@id":"https:\/\/urolaturismoa.eus\/es\/cultura\/ekoetxea\/#breadcrumb"},"inLanguage":"es","potentialAction":[{"@type":"ReadAction","target":["https:\/\/urolaturismoa.eus\/es\/cultura\/ekoetxea\/"]}]},{"@type":"ImageObject","inLanguage":"es","@id":"https:\/\/urolaturismoa.eus\/es\/cultura\/ekoetxea\/#primaryimage","url":"https:\/\/urolaturismoa.eus\/wp-content\/uploads\/2021\/06\/eko-etxea-eta-xaguxatar-ibilbidea-plana-haurrekin-irudia-5-urolaturismoa-1.jpg","contentUrl":"https:\/\/urolaturismoa.eus\/wp-content\/uploads\/2021\/06\/eko-etxea-eta-xaguxatar-ibilbidea-plana-haurrekin-irudia-5-urolaturismoa-1.jpg","width":1500,"height":844,"caption":"eko etxea eta xaguxatar ibilbidea plana haurrekin irudia 5 - urolaturismoa"},{"@type":"BreadcrumbList","@id":"https:\/\/urolaturismoa.eus\/es\/cultura\/ekoetxea\/#breadcrumb","itemListElement":[{"@type":"ListItem","position":1,"name":"Home","item":"https:\/\/urolaturismoa.eus\/es\/"},{"@type":"ListItem","position":2,"name":"Cultura","item":"https:\/\/urolaturismoa.eus\/es\/cultura\/"},{"@type":"ListItem","position":3,"name":"Ekoetxea"}]},{"@type":"WebSite","@id":"https:\/\/urolaturismoa.eus\/es\/#website","url":"https:\/\/urolaturismoa.eus\/es\/","name":"Urola Turismoa","description":"Basque Country","potentialAction":[{"@type":"SearchAction","target":{"@type":"EntryPoint","urlTemplate":"https:\/\/urolaturismoa.eus\/es\/?s={search_term_string}"},"query-input":{"@type":"PropertyValueSpecification","valueRequired":true,"valueName":"search_term_string"}}],"inLanguage":"es"}]}},"_links":{"self":[{"href":"https:\/\/urolaturismoa.eus\/es\/wp-json\/wp\/v2\/pages\/1871","targetHints":{"allow":["GET"]}}],"collection":[{"href":"https:\/\/urolaturismoa.eus\/es\/wp-json\/wp\/v2\/pages"}],"about":[{"href":"https:\/\/urolaturismoa.eus\/es\/wp-json\/wp\/v2\/types\/page"}],"author":[{"embeddable":true,"href":"https:\/\/urolaturismoa.eus\/es\/wp-json\/wp\/v2\/users\/1"}],"replies":[{"embeddable":true,"href":"https:\/\/urolaturismoa.eus\/es\/wp-json\/wp\/v2\/comments?post=1871"}],"version-history":[{"count":1,"href":"https:\/\/urolaturismoa.eus\/es\/wp-json\/wp\/v2\/pages\/1871\/revisions"}],"predecessor-version":[{"id":1872,"href":"https:\/\/urolaturismoa.eus\/es\/wp-json\/wp\/v2\/pages\/1871\/revisions\/1872"}],"up":[{"embeddable":true,"href":"https:\/\/urolaturismoa.eus\/es\/wp-json\/wp\/v2\/pages\/1854"}],"wp:featuredmedia":[{"embeddable":true,"href":"https:\/\/urolaturismoa.eus\/es\/wp-json\/wp\/v2\/media\/1423"}],"wp:attachment":[{"href":"https:\/\/urolaturismoa.eus\/es\/wp-json\/wp\/v2\/media?parent=1871"}],"curies":[{"name":"wp","href":"https:\/\/api.w.org\/{rel}","templated":true}]}}