{"id":1862,"date":"2021-06-15T11:41:45","date_gmt":"2021-06-15T11:41:45","guid":{"rendered":"https:\/\/urolaturismoa.eus\/cultura\/ekainberri\/"},"modified":"2021-06-24T10:13:07","modified_gmt":"2021-06-24T10:13:07","slug":"ekainberri","status":"publish","type":"page","link":"https:\/\/urolaturismoa.eus\/es\/cultura\/ekainberri\/","title":{"rendered":"Ekainberri"},"content":{"rendered":"<p>Ekainberri es la r\u00e9plica de la cueva de Ekain, situada a escasos metros , declarada Patrimonio de la Humanidad por la UNESCO por la excepcional obra de arte rupestre la \u00e9poca paleol\u00edtica que alberga en su interior. Ekainberri es un viaje a trav\u00e9s de los sentidos hasta los or\u00edgenes de la cultura de esta tierra. <\/p>\n<p>Adem\u00e1s se puede completar la visita sintiendo c\u00f3mo viv\u00edan, c\u00f3mo cazaban o c\u00f3mo hac\u00edan fuego las personas que habitaron este lugar hace 15.000 a\u00f1os.<\/p>\n<p><img loading=\"lazy\" decoding=\"async\" src=\"https:\/\/urolaturismoa.eus\/wp-content\/uploads\/2021\/06\/Ekainberri-irudia-3-urolaturismoa-kultura.jpg\" alt=\"Ekainberri irudia 3 - urolaturismoa kultura\" width=\"1351\" height=\"900\" class=\"alignnone size-full wp-image-1396\" srcset=\"https:\/\/urolaturismoa.eus\/wp-content\/uploads\/2021\/06\/Ekainberri-irudia-3-urolaturismoa-kultura.jpg 1351w, https:\/\/urolaturismoa.eus\/wp-content\/uploads\/2021\/06\/Ekainberri-irudia-3-urolaturismoa-kultura-300x200.jpg 300w, https:\/\/urolaturismoa.eus\/wp-content\/uploads\/2021\/06\/Ekainberri-irudia-3-urolaturismoa-kultura-1024x682.jpg 1024w, https:\/\/urolaturismoa.eus\/wp-content\/uploads\/2021\/06\/Ekainberri-irudia-3-urolaturismoa-kultura-768x512.jpg 768w\" sizes=\"auto, (max-width: 1351px) 100vw, 1351px\" \/><\/p>\n","protected":false},"excerpt":{"rendered":"<p>Ekainberri es la r\u00e9plica de la cueva de Ekain, situada a escasos metros , declarada Patrimonio de la Humanidad por la UNESCO por la excepcional obra de arte rupestre la \u00e9poca paleol\u00edtica que alberga en su interior. Ekainberri es un viaje a trav\u00e9s de los sentidos hasta los or\u00edgenes de la cultura de esta tierra. [&hellip;]<\/p>\n","protected":false},"author":1,"featured_media":1394,"parent":1854,"menu_order":3,"comment_status":"closed","ping_status":"closed","template":"template-gurasoa.php","meta":{"_acf_changed":false,"footnotes":""},"class_list":["post-1862","page","type-page","status-publish","has-post-thumbnail","hentry"],"acf":[],"yoast_head":"<!-- This site is optimized with the Yoast SEO plugin v27.4 - https:\/\/yoast.com\/product\/yoast-seo-wordpress\/ -->\n<title>Ekainberri | Urola Turismoa<\/title>\n<meta name=\"robots\" content=\"index, follow, max-snippet:-1, max-image-preview:large, max-video-preview:-1\" \/>\n<link rel=\"canonical\" href=\"https:\/\/urolaturismoa.eus\/es\/cultura\/ekainberri\/\" \/>\n<meta property=\"og:locale\" content=\"es_ES\" \/>\n<meta property=\"og:type\" content=\"article\" \/>\n<meta property=\"og:title\" content=\"Ekainberri | Urola Turismoa\" \/>\n<meta property=\"og:description\" content=\"Ekainberri es la r\u00e9plica de la cueva de Ekain, situada a escasos metros , declarada Patrimonio de la Humanidad por la UNESCO por la excepcional obra de arte rupestre la \u00e9poca paleol\u00edtica que alberga en su interior. Ekainberri es un viaje a trav\u00e9s de los sentidos hasta los or\u00edgenes de la cultura de esta tierra. [&hellip;]\" \/>\n<meta property=\"og:url\" content=\"https:\/\/urolaturismoa.eus\/es\/cultura\/ekainberri\/\" \/>\n<meta property=\"og:site_name\" content=\"Urola Turismoa\" \/>\n<meta property=\"article:modified_time\" content=\"2021-06-24T10:13:07+00:00\" \/>\n<meta property=\"og:image\" content=\"https:\/\/urolaturismoa.eus\/wp-content\/uploads\/2021\/06\/Ekainberri-irudia-5-urolaturismoa-kultura.jpg\" \/>\n\t<meta property=\"og:image:width\" content=\"1359\" \/>\n\t<meta property=\"og:image:height\" content=\"900\" \/>\n\t<meta property=\"og:image:type\" content=\"image\/jpeg\" \/>\n<meta name=\"twitter:card\" content=\"summary_large_image\" \/>\n<script type=\"application\/ld+json\" class=\"yoast-schema-graph\">{\"@context\":\"https:\\\/\\\/schema.org\",\"@graph\":[{\"@type\":\"WebPage\",\"@id\":\"https:\\\/\\\/urolaturismoa.eus\\\/es\\\/cultura\\\/ekainberri\\\/\",\"url\":\"https:\\\/\\\/urolaturismoa.eus\\\/es\\\/cultura\\\/ekainberri\\\/\",\"name\":\"Ekainberri | Urola Turismoa\",\"isPartOf\":{\"@id\":\"https:\\\/\\\/urolaturismoa.eus\\\/es\\\/#website\"},\"primaryImageOfPage\":{\"@id\":\"https:\\\/\\\/urolaturismoa.eus\\\/es\\\/cultura\\\/ekainberri\\\/#primaryimage\"},\"image\":{\"@id\":\"https:\\\/\\\/urolaturismoa.eus\\\/es\\\/cultura\\\/ekainberri\\\/#primaryimage\"},\"thumbnailUrl\":\"https:\\\/\\\/urolaturismoa.eus\\\/wp-content\\\/uploads\\\/2021\\\/06\\\/Ekainberri-irudia-5-urolaturismoa-kultura.jpg\",\"datePublished\":\"2021-06-15T11:41:45+00:00\",\"dateModified\":\"2021-06-24T10:13:07+00:00\",\"breadcrumb\":{\"@id\":\"https:\\\/\\\/urolaturismoa.eus\\\/es\\\/cultura\\\/ekainberri\\\/#breadcrumb\"},\"inLanguage\":\"es\",\"potentialAction\":[{\"@type\":\"ReadAction\",\"target\":[\"https:\\\/\\\/urolaturismoa.eus\\\/es\\\/cultura\\\/ekainberri\\\/\"]}]},{\"@type\":\"ImageObject\",\"inLanguage\":\"es\",\"@id\":\"https:\\\/\\\/urolaturismoa.eus\\\/es\\\/cultura\\\/ekainberri\\\/#primaryimage\",\"url\":\"https:\\\/\\\/urolaturismoa.eus\\\/wp-content\\\/uploads\\\/2021\\\/06\\\/Ekainberri-irudia-5-urolaturismoa-kultura.jpg\",\"contentUrl\":\"https:\\\/\\\/urolaturismoa.eus\\\/wp-content\\\/uploads\\\/2021\\\/06\\\/Ekainberri-irudia-5-urolaturismoa-kultura.jpg\",\"width\":1359,\"height\":900},{\"@type\":\"BreadcrumbList\",\"@id\":\"https:\\\/\\\/urolaturismoa.eus\\\/es\\\/cultura\\\/ekainberri\\\/#breadcrumb\",\"itemListElement\":[{\"@type\":\"ListItem\",\"position\":1,\"name\":\"Home\",\"item\":\"https:\\\/\\\/urolaturismoa.eus\\\/es\\\/\"},{\"@type\":\"ListItem\",\"position\":2,\"name\":\"Cultura\",\"item\":\"https:\\\/\\\/urolaturismoa.eus\\\/es\\\/cultura\\\/\"},{\"@type\":\"ListItem\",\"position\":3,\"name\":\"Ekainberri\"}]},{\"@type\":\"WebSite\",\"@id\":\"https:\\\/\\\/urolaturismoa.eus\\\/es\\\/#website\",\"url\":\"https:\\\/\\\/urolaturismoa.eus\\\/es\\\/\",\"name\":\"Urola Turismoa\",\"description\":\"Basque Country\",\"potentialAction\":[{\"@type\":\"SearchAction\",\"target\":{\"@type\":\"EntryPoint\",\"urlTemplate\":\"https:\\\/\\\/urolaturismoa.eus\\\/es\\\/?s={search_term_string}\"},\"query-input\":{\"@type\":\"PropertyValueSpecification\",\"valueRequired\":true,\"valueName\":\"search_term_string\"}}],\"inLanguage\":\"es\"}]}<\/script>\n<!-- \/ Yoast SEO plugin. -->","yoast_head_json":{"title":"Ekainberri | Urola Turismoa","robots":{"index":"index","follow":"follow","max-snippet":"max-snippet:-1","max-image-preview":"max-image-preview:large","max-video-preview":"max-video-preview:-1"},"canonical":"https:\/\/urolaturismoa.eus\/es\/cultura\/ekainberri\/","og_locale":"es_ES","og_type":"article","og_title":"Ekainberri | Urola Turismoa","og_description":"Ekainberri es la r\u00e9plica de la cueva de Ekain, situada a escasos metros , declarada Patrimonio de la Humanidad por la UNESCO por la excepcional obra de arte rupestre la \u00e9poca paleol\u00edtica que alberga en su interior. Ekainberri es un viaje a trav\u00e9s de los sentidos hasta los or\u00edgenes de la cultura de esta tierra. [&hellip;]","og_url":"https:\/\/urolaturismoa.eus\/es\/cultura\/ekainberri\/","og_site_name":"Urola Turismoa","article_modified_time":"2021-06-24T10:13:07+00:00","og_image":[{"width":1359,"height":900,"url":"https:\/\/urolaturismoa.eus\/wp-content\/uploads\/2021\/06\/Ekainberri-irudia-5-urolaturismoa-kultura.jpg","type":"image\/jpeg"}],"twitter_card":"summary_large_image","schema":{"@context":"https:\/\/schema.org","@graph":[{"@type":"WebPage","@id":"https:\/\/urolaturismoa.eus\/es\/cultura\/ekainberri\/","url":"https:\/\/urolaturismoa.eus\/es\/cultura\/ekainberri\/","name":"Ekainberri | Urola Turismoa","isPartOf":{"@id":"https:\/\/urolaturismoa.eus\/es\/#website"},"primaryImageOfPage":{"@id":"https:\/\/urolaturismoa.eus\/es\/cultura\/ekainberri\/#primaryimage"},"image":{"@id":"https:\/\/urolaturismoa.eus\/es\/cultura\/ekainberri\/#primaryimage"},"thumbnailUrl":"https:\/\/urolaturismoa.eus\/wp-content\/uploads\/2021\/06\/Ekainberri-irudia-5-urolaturismoa-kultura.jpg","datePublished":"2021-06-15T11:41:45+00:00","dateModified":"2021-06-24T10:13:07+00:00","breadcrumb":{"@id":"https:\/\/urolaturismoa.eus\/es\/cultura\/ekainberri\/#breadcrumb"},"inLanguage":"es","potentialAction":[{"@type":"ReadAction","target":["https:\/\/urolaturismoa.eus\/es\/cultura\/ekainberri\/"]}]},{"@type":"ImageObject","inLanguage":"es","@id":"https:\/\/urolaturismoa.eus\/es\/cultura\/ekainberri\/#primaryimage","url":"https:\/\/urolaturismoa.eus\/wp-content\/uploads\/2021\/06\/Ekainberri-irudia-5-urolaturismoa-kultura.jpg","contentUrl":"https:\/\/urolaturismoa.eus\/wp-content\/uploads\/2021\/06\/Ekainberri-irudia-5-urolaturismoa-kultura.jpg","width":1359,"height":900},{"@type":"BreadcrumbList","@id":"https:\/\/urolaturismoa.eus\/es\/cultura\/ekainberri\/#breadcrumb","itemListElement":[{"@type":"ListItem","position":1,"name":"Home","item":"https:\/\/urolaturismoa.eus\/es\/"},{"@type":"ListItem","position":2,"name":"Cultura","item":"https:\/\/urolaturismoa.eus\/es\/cultura\/"},{"@type":"ListItem","position":3,"name":"Ekainberri"}]},{"@type":"WebSite","@id":"https:\/\/urolaturismoa.eus\/es\/#website","url":"https:\/\/urolaturismoa.eus\/es\/","name":"Urola Turismoa","description":"Basque Country","potentialAction":[{"@type":"SearchAction","target":{"@type":"EntryPoint","urlTemplate":"https:\/\/urolaturismoa.eus\/es\/?s={search_term_string}"},"query-input":{"@type":"PropertyValueSpecification","valueRequired":true,"valueName":"search_term_string"}}],"inLanguage":"es"}]}},"_links":{"self":[{"href":"https:\/\/urolaturismoa.eus\/es\/wp-json\/wp\/v2\/pages\/1862","targetHints":{"allow":["GET"]}}],"collection":[{"href":"https:\/\/urolaturismoa.eus\/es\/wp-json\/wp\/v2\/pages"}],"about":[{"href":"https:\/\/urolaturismoa.eus\/es\/wp-json\/wp\/v2\/types\/page"}],"author":[{"embeddable":true,"href":"https:\/\/urolaturismoa.eus\/es\/wp-json\/wp\/v2\/users\/1"}],"replies":[{"embeddable":true,"href":"https:\/\/urolaturismoa.eus\/es\/wp-json\/wp\/v2\/comments?post=1862"}],"version-history":[{"count":1,"href":"https:\/\/urolaturismoa.eus\/es\/wp-json\/wp\/v2\/pages\/1862\/revisions"}],"predecessor-version":[{"id":1863,"href":"https:\/\/urolaturismoa.eus\/es\/wp-json\/wp\/v2\/pages\/1862\/revisions\/1863"}],"up":[{"embeddable":true,"href":"https:\/\/urolaturismoa.eus\/es\/wp-json\/wp\/v2\/pages\/1854"}],"wp:featuredmedia":[{"embeddable":true,"href":"https:\/\/urolaturismoa.eus\/es\/wp-json\/wp\/v2\/media\/1394"}],"wp:attachment":[{"href":"https:\/\/urolaturismoa.eus\/es\/wp-json\/wp\/v2\/media?parent=1862"}],"curies":[{"name":"wp","href":"https:\/\/api.w.org\/{rel}","templated":true}]}}