{"id":1860,"date":"2021-06-15T11:40:22","date_gmt":"2021-06-15T11:40:22","guid":{"rendered":"https:\/\/urolaturismoa.eus\/cultura\/burdinbidearen-euskal-museoa\/"},"modified":"2021-06-24T10:12:06","modified_gmt":"2021-06-24T10:12:06","slug":"el-museo-vasco-del-ferrocarril","status":"publish","type":"page","link":"https:\/\/urolaturismoa.eus\/es\/cultura\/el-museo-vasco-del-ferrocarril\/","title":{"rendered":"El Museo Vasco del Ferrocarril"},"content":{"rendered":"<p>El Museo Vasco del Ferrocarril est\u00e1 situado en Azpeitia en las instalaciones de la Antigua estaci\u00f3n de tren del Urola. presenta una de las mejores colecciones ferroviarias de Europa, con veh\u00edculos de todo tipo: locomotoras de vapor, diesel y el\u00e9ctricas; automotores y diversas clases de vagones. Adem\u00e1s de ello, ofrece la posibilidad de realizar un viaje en tren tirado por una locomotora de vapor de finales del S. XIX, toda una experiencia!<\/p>\n<p><img loading=\"lazy\" decoding=\"async\" src=\"https:\/\/urolaturismoa.eus\/wp-content\/uploads\/2021\/06\/Burnibidearen-Museoa-2-urolaturismoa-kultura.jpg\" alt=\"Burnibidearen Museoa 2 - urolaturismoa kultura\" width=\"1000\" height=\"750\" class=\"alignnone size-full wp-image-1388\" srcset=\"https:\/\/urolaturismoa.eus\/wp-content\/uploads\/2021\/06\/Burnibidearen-Museoa-2-urolaturismoa-kultura.jpg 1000w, https:\/\/urolaturismoa.eus\/wp-content\/uploads\/2021\/06\/Burnibidearen-Museoa-2-urolaturismoa-kultura-300x225.jpg 300w, https:\/\/urolaturismoa.eus\/wp-content\/uploads\/2021\/06\/Burnibidearen-Museoa-2-urolaturismoa-kultura-768x576.jpg 768w\" sizes=\"auto, (max-width: 1000px) 100vw, 1000px\" \/><\/p>\n","protected":false},"excerpt":{"rendered":"<p>El Museo Vasco del Ferrocarril est\u00e1 situado en Azpeitia en las instalaciones de la Antigua estaci\u00f3n de tren del Urola. presenta una de las mejores colecciones ferroviarias de Europa, con veh\u00edculos de todo tipo: locomotoras de vapor, diesel y el\u00e9ctricas; automotores y diversas clases de vagones. Adem\u00e1s de ello, ofrece la posibilidad de realizar un [&hellip;]<\/p>\n","protected":false},"author":1,"featured_media":1387,"parent":1854,"menu_order":2,"comment_status":"closed","ping_status":"closed","template":"template-gurasoa.php","meta":{"_acf_changed":false,"footnotes":""},"class_list":["post-1860","page","type-page","status-publish","has-post-thumbnail","hentry"],"acf":[],"yoast_head":"<!-- This site is optimized with the Yoast SEO plugin v26.7 - https:\/\/yoast.com\/wordpress\/plugins\/seo\/ -->\n<title>El Museo Vasco del Ferrocarril | Urola Turismoa<\/title>\n<meta name=\"robots\" content=\"index, follow, max-snippet:-1, max-image-preview:large, max-video-preview:-1\" \/>\n<link rel=\"canonical\" href=\"https:\/\/urolaturismoa.eus\/es\/cultura\/el-museo-vasco-del-ferrocarril\/\" \/>\n<meta property=\"og:locale\" content=\"es_ES\" \/>\n<meta property=\"og:type\" content=\"article\" \/>\n<meta property=\"og:title\" content=\"El Museo Vasco del Ferrocarril | Urola Turismoa\" \/>\n<meta property=\"og:description\" content=\"El Museo Vasco del Ferrocarril est\u00e1 situado en Azpeitia en las instalaciones de la Antigua estaci\u00f3n de tren del Urola. presenta una de las mejores colecciones ferroviarias de Europa, con veh\u00edculos de todo tipo: locomotoras de vapor, diesel y el\u00e9ctricas; automotores y diversas clases de vagones. Adem\u00e1s de ello, ofrece la posibilidad de realizar un [&hellip;]\" \/>\n<meta property=\"og:url\" content=\"https:\/\/urolaturismoa.eus\/es\/cultura\/el-museo-vasco-del-ferrocarril\/\" \/>\n<meta property=\"og:site_name\" content=\"Urola Turismoa\" \/>\n<meta property=\"article:modified_time\" content=\"2021-06-24T10:12:06+00:00\" \/>\n<meta property=\"og:image\" content=\"https:\/\/urolaturismoa.eus\/wp-content\/uploads\/2021\/06\/Burnibidearen-Museoa-1-urolaturismoa-kultura.jpg\" \/>\n\t<meta property=\"og:image:width\" content=\"2048\" \/>\n\t<meta property=\"og:image:height\" content=\"1152\" \/>\n\t<meta property=\"og:image:type\" content=\"image\/jpeg\" \/>\n<meta name=\"twitter:card\" content=\"summary_large_image\" \/>\n<script type=\"application\/ld+json\" class=\"yoast-schema-graph\">{\"@context\":\"https:\/\/schema.org\",\"@graph\":[{\"@type\":\"WebPage\",\"@id\":\"https:\/\/urolaturismoa.eus\/es\/cultura\/el-museo-vasco-del-ferrocarril\/\",\"url\":\"https:\/\/urolaturismoa.eus\/es\/cultura\/el-museo-vasco-del-ferrocarril\/\",\"name\":\"El Museo Vasco del Ferrocarril | Urola Turismoa\",\"isPartOf\":{\"@id\":\"https:\/\/urolaturismoa.eus\/es\/#website\"},\"primaryImageOfPage\":{\"@id\":\"https:\/\/urolaturismoa.eus\/es\/cultura\/el-museo-vasco-del-ferrocarril\/#primaryimage\"},\"image\":{\"@id\":\"https:\/\/urolaturismoa.eus\/es\/cultura\/el-museo-vasco-del-ferrocarril\/#primaryimage\"},\"thumbnailUrl\":\"https:\/\/urolaturismoa.eus\/wp-content\/uploads\/2021\/06\/Burnibidearen-Museoa-1-urolaturismoa-kultura.jpg\",\"datePublished\":\"2021-06-15T11:40:22+00:00\",\"dateModified\":\"2021-06-24T10:12:06+00:00\",\"breadcrumb\":{\"@id\":\"https:\/\/urolaturismoa.eus\/es\/cultura\/el-museo-vasco-del-ferrocarril\/#breadcrumb\"},\"inLanguage\":\"es\",\"potentialAction\":[{\"@type\":\"ReadAction\",\"target\":[\"https:\/\/urolaturismoa.eus\/es\/cultura\/el-museo-vasco-del-ferrocarril\/\"]}]},{\"@type\":\"ImageObject\",\"inLanguage\":\"es\",\"@id\":\"https:\/\/urolaturismoa.eus\/es\/cultura\/el-museo-vasco-del-ferrocarril\/#primaryimage\",\"url\":\"https:\/\/urolaturismoa.eus\/wp-content\/uploads\/2021\/06\/Burnibidearen-Museoa-1-urolaturismoa-kultura.jpg\",\"contentUrl\":\"https:\/\/urolaturismoa.eus\/wp-content\/uploads\/2021\/06\/Burnibidearen-Museoa-1-urolaturismoa-kultura.jpg\",\"width\":2048,\"height\":1152,\"caption\":\"Burnibidearen Museoa 1 - urolaturismoa kultura\"},{\"@type\":\"BreadcrumbList\",\"@id\":\"https:\/\/urolaturismoa.eus\/es\/cultura\/el-museo-vasco-del-ferrocarril\/#breadcrumb\",\"itemListElement\":[{\"@type\":\"ListItem\",\"position\":1,\"name\":\"Home\",\"item\":\"https:\/\/urolaturismoa.eus\/es\/\"},{\"@type\":\"ListItem\",\"position\":2,\"name\":\"Cultura\",\"item\":\"https:\/\/urolaturismoa.eus\/es\/cultura\/\"},{\"@type\":\"ListItem\",\"position\":3,\"name\":\"El Museo Vasco del Ferrocarril\"}]},{\"@type\":\"WebSite\",\"@id\":\"https:\/\/urolaturismoa.eus\/es\/#website\",\"url\":\"https:\/\/urolaturismoa.eus\/es\/\",\"name\":\"Urola Turismoa\",\"description\":\"Basque Country\",\"potentialAction\":[{\"@type\":\"SearchAction\",\"target\":{\"@type\":\"EntryPoint\",\"urlTemplate\":\"https:\/\/urolaturismoa.eus\/es\/?s={search_term_string}\"},\"query-input\":{\"@type\":\"PropertyValueSpecification\",\"valueRequired\":true,\"valueName\":\"search_term_string\"}}],\"inLanguage\":\"es\"}]}<\/script>\n<!-- \/ Yoast SEO plugin. -->","yoast_head_json":{"title":"El Museo Vasco del Ferrocarril | Urola Turismoa","robots":{"index":"index","follow":"follow","max-snippet":"max-snippet:-1","max-image-preview":"max-image-preview:large","max-video-preview":"max-video-preview:-1"},"canonical":"https:\/\/urolaturismoa.eus\/es\/cultura\/el-museo-vasco-del-ferrocarril\/","og_locale":"es_ES","og_type":"article","og_title":"El Museo Vasco del Ferrocarril | Urola Turismoa","og_description":"El Museo Vasco del Ferrocarril est\u00e1 situado en Azpeitia en las instalaciones de la Antigua estaci\u00f3n de tren del Urola. presenta una de las mejores colecciones ferroviarias de Europa, con veh\u00edculos de todo tipo: locomotoras de vapor, diesel y el\u00e9ctricas; automotores y diversas clases de vagones. Adem\u00e1s de ello, ofrece la posibilidad de realizar un [&hellip;]","og_url":"https:\/\/urolaturismoa.eus\/es\/cultura\/el-museo-vasco-del-ferrocarril\/","og_site_name":"Urola Turismoa","article_modified_time":"2021-06-24T10:12:06+00:00","og_image":[{"width":2048,"height":1152,"url":"https:\/\/urolaturismoa.eus\/wp-content\/uploads\/2021\/06\/Burnibidearen-Museoa-1-urolaturismoa-kultura.jpg","type":"image\/jpeg"}],"twitter_card":"summary_large_image","schema":{"@context":"https:\/\/schema.org","@graph":[{"@type":"WebPage","@id":"https:\/\/urolaturismoa.eus\/es\/cultura\/el-museo-vasco-del-ferrocarril\/","url":"https:\/\/urolaturismoa.eus\/es\/cultura\/el-museo-vasco-del-ferrocarril\/","name":"El Museo Vasco del Ferrocarril | Urola Turismoa","isPartOf":{"@id":"https:\/\/urolaturismoa.eus\/es\/#website"},"primaryImageOfPage":{"@id":"https:\/\/urolaturismoa.eus\/es\/cultura\/el-museo-vasco-del-ferrocarril\/#primaryimage"},"image":{"@id":"https:\/\/urolaturismoa.eus\/es\/cultura\/el-museo-vasco-del-ferrocarril\/#primaryimage"},"thumbnailUrl":"https:\/\/urolaturismoa.eus\/wp-content\/uploads\/2021\/06\/Burnibidearen-Museoa-1-urolaturismoa-kultura.jpg","datePublished":"2021-06-15T11:40:22+00:00","dateModified":"2021-06-24T10:12:06+00:00","breadcrumb":{"@id":"https:\/\/urolaturismoa.eus\/es\/cultura\/el-museo-vasco-del-ferrocarril\/#breadcrumb"},"inLanguage":"es","potentialAction":[{"@type":"ReadAction","target":["https:\/\/urolaturismoa.eus\/es\/cultura\/el-museo-vasco-del-ferrocarril\/"]}]},{"@type":"ImageObject","inLanguage":"es","@id":"https:\/\/urolaturismoa.eus\/es\/cultura\/el-museo-vasco-del-ferrocarril\/#primaryimage","url":"https:\/\/urolaturismoa.eus\/wp-content\/uploads\/2021\/06\/Burnibidearen-Museoa-1-urolaturismoa-kultura.jpg","contentUrl":"https:\/\/urolaturismoa.eus\/wp-content\/uploads\/2021\/06\/Burnibidearen-Museoa-1-urolaturismoa-kultura.jpg","width":2048,"height":1152,"caption":"Burnibidearen Museoa 1 - urolaturismoa kultura"},{"@type":"BreadcrumbList","@id":"https:\/\/urolaturismoa.eus\/es\/cultura\/el-museo-vasco-del-ferrocarril\/#breadcrumb","itemListElement":[{"@type":"ListItem","position":1,"name":"Home","item":"https:\/\/urolaturismoa.eus\/es\/"},{"@type":"ListItem","position":2,"name":"Cultura","item":"https:\/\/urolaturismoa.eus\/es\/cultura\/"},{"@type":"ListItem","position":3,"name":"El Museo Vasco del Ferrocarril"}]},{"@type":"WebSite","@id":"https:\/\/urolaturismoa.eus\/es\/#website","url":"https:\/\/urolaturismoa.eus\/es\/","name":"Urola Turismoa","description":"Basque Country","potentialAction":[{"@type":"SearchAction","target":{"@type":"EntryPoint","urlTemplate":"https:\/\/urolaturismoa.eus\/es\/?s={search_term_string}"},"query-input":{"@type":"PropertyValueSpecification","valueRequired":true,"valueName":"search_term_string"}}],"inLanguage":"es"}]}},"_links":{"self":[{"href":"https:\/\/urolaturismoa.eus\/es\/wp-json\/wp\/v2\/pages\/1860","targetHints":{"allow":["GET"]}}],"collection":[{"href":"https:\/\/urolaturismoa.eus\/es\/wp-json\/wp\/v2\/pages"}],"about":[{"href":"https:\/\/urolaturismoa.eus\/es\/wp-json\/wp\/v2\/types\/page"}],"author":[{"embeddable":true,"href":"https:\/\/urolaturismoa.eus\/es\/wp-json\/wp\/v2\/users\/1"}],"replies":[{"embeddable":true,"href":"https:\/\/urolaturismoa.eus\/es\/wp-json\/wp\/v2\/comments?post=1860"}],"version-history":[{"count":1,"href":"https:\/\/urolaturismoa.eus\/es\/wp-json\/wp\/v2\/pages\/1860\/revisions"}],"predecessor-version":[{"id":1861,"href":"https:\/\/urolaturismoa.eus\/es\/wp-json\/wp\/v2\/pages\/1860\/revisions\/1861"}],"up":[{"embeddable":true,"href":"https:\/\/urolaturismoa.eus\/es\/wp-json\/wp\/v2\/pages\/1854"}],"wp:featuredmedia":[{"embeddable":true,"href":"https:\/\/urolaturismoa.eus\/es\/wp-json\/wp\/v2\/media\/1387"}],"wp:attachment":[{"href":"https:\/\/urolaturismoa.eus\/es\/wp-json\/wp\/v2\/media?parent=1860"}],"curies":[{"name":"wp","href":"https:\/\/api.w.org\/{rel}","templated":true}]}}