{"id":1857,"date":"2021-06-14T12:23:46","date_gmt":"2021-06-14T12:23:46","guid":{"rendered":"https:\/\/urolaturismoa.eus\/cultura\/loiola\/"},"modified":"2021-07-07T10:59:49","modified_gmt":"2021-07-07T10:59:49","slug":"loyola","status":"publish","type":"page","link":"https:\/\/urolaturismoa.eus\/es\/cultura\/loyola\/","title":{"rendered":"Loyola"},"content":{"rendered":"<p>En la parte central del verde valle del Urola, se encuentra uno de los complejos monumentales m\u00e1s importantes de la Provincia. A\u00fana monumentos religiosos y civiles, por ser lugar de nacimiento del insigne San Ignacio de Loyola, y noble solar de la belicosa familia o\u00f1acina a la que pertenec\u00eda. La fuerte torre medieval, se ve rodeada, cual delicado relicario por la barroca bas\u00edlica y Santuario de estilo Romano.<\/p>\n<p><strong>CASA NATAL DE SAN IGNACIO<\/strong><\/p>\n<p>En la casa torre, tambi\u00e9n conocida como Santa Casa, naci\u00f3 en 1491 San Ignacio, fundador de la Compa\u00f1\u00eda de Jes\u00fas. Pas\u00f3 su infancia en la misma, como benjam\u00edn de la noble familia de los Loyola. Joven soldado, cay\u00f3 herido en la guerra, y fue trasladado a su casa natal en 1521. Durante su convalecencia, ley\u00f3 libros piadosos, y decidi\u00f3 imitar a los santos. En ese momento, se da su conversi\u00f3n, la decisi\u00f3n de entregarse a Dios y servirle como buen cristiano. Todav\u00eda hoy, se conserva la alcoba donde tom\u00f3 tal trascendental decisi\u00f3n, convertida en Capilla de la Conversi\u00f3n. El resto de la torre, guarda en su haber la estructura medieval, s\u00edmbolo del poder\u00edo de los Loyola en la lejana Edad Media.<\/p>\n<p><strong>BAS\u00cdLICA<\/strong><\/p>\n<p>En el centro del Santuario, se encuentra la bell\u00edsima Bas\u00edlica, cuya fundaci\u00f3n se remonta a 1681, cuando la reina madre de Espa\u00f1a, do\u00f1a Mariana de Austria mostr\u00f3 su voluntad de crear un Colegio y Bas\u00edlica junto a la casa natal de San Ignacio. Para ello, insinu\u00f3 a los marqueses de Oropesa, due\u00f1os a la saz\u00f3n de la casa torre, que le donaran la propiedad, que fue transferida a la Compa\u00f1\u00eda de Jes\u00fas.<\/p>\n<p>Una vez tomaron posesi\u00f3n de los bienes de los Loyola, comenz\u00f3 la b\u00fasqueda de un arquitecto acorde a la nueva obra. El elegido para dise\u00f1ar la grandiosa obra, fue el romano Carlo Fontana (1638-1714), fiel disc\u00edpulo de Bernini.<\/p>\n<p>Un grupo de jesuitas se instal\u00f3 en la casa natal en 1682 y en 1688, se comenzaron las obras de explanada y cimentaci\u00f3n dirigidas por el maestro cantero Mart\u00edn de Zaldua. La influencia italiana, destaca ante todo en la espectacular c\u00fapula, realizada con piedra de las canteras de Izarraitz y finalizada en 1735 bajo la direcci\u00f3n de Ignacio de Ibero.<\/p>\n<p>El p\u00f3rtico, est\u00e1 inspirado en el estilo de los hermanos Churriguera, autores, entre otras obras, de la Plaza Mayor de Salamanca. Con su forma ovalada, rompe la rectitud de ambas fachadas. Est\u00e1 coronado por el escudo de armas de Felipe V, tallado en m\u00e1rmol de Carrara. Tras su finalizaci\u00f3n, el a\u00f1o 1738, qued\u00f3 consagrada la Bas\u00edlica.<\/p>\n<p>El \u00faltimo gran elemento de la iglesia, es su magn\u00edfico retablo mayor, obra cumbre de Ignacio de Ibero. Fue construido en la d\u00e9cada de 1750 destacando ante todo sus columnas salom\u00f3nicas y los adornos de vivos m\u00e1rmoles y \u00e1gatas. La estatua del santo, fue colocada sobre el retablo en 1758. Realizada en plata y adornada de \u00e1gatas, fue donaci\u00f3n de la Real Compa\u00f1\u00eda Guipuzcoana de Caracas, siendo tasada en 4.000 pesos. Tras la finalizaci\u00f3n del retablo, Ibero dise\u00f1\u00f3 los retablos menores y los p\u00falpitos dorados.<\/p>\n<p><a class=\"pdf\" href=\"https:\/\/urolaturismoa.eus\/wp-content\/uploads\/2021\/06\/Loiola_Sanctuary.pdf\" target=\"_blank\" rel=\"noopener\">Descargar folleto<\/a><\/p>\n<p><a href=\"https:\/\/loyola.global\/eu\/\" target=\"_blank\" rel=\"noopener\">Web del Santuario de Loyola<\/a><\/p>\n<p><img loading=\"lazy\" decoding=\"async\" src=\"https:\/\/urolaturismoa.eus\/wp-content\/uploads\/2021\/06\/Loiola-irudia-4-urolaturismoa-kultura.jpg\" alt=\"Loiola irudia 4 - urolaturismoa kultura\" width=\"1000\" height=\"1000\" class=\"alignnone size-full wp-image-1381\" srcset=\"https:\/\/urolaturismoa.eus\/wp-content\/uploads\/2021\/06\/Loiola-irudia-4-urolaturismoa-kultura.jpg 1000w, https:\/\/urolaturismoa.eus\/wp-content\/uploads\/2021\/06\/Loiola-irudia-4-urolaturismoa-kultura-300x300.jpg 300w, https:\/\/urolaturismoa.eus\/wp-content\/uploads\/2021\/06\/Loiola-irudia-4-urolaturismoa-kultura-150x150.jpg 150w, https:\/\/urolaturismoa.eus\/wp-content\/uploads\/2021\/06\/Loiola-irudia-4-urolaturismoa-kultura-768x768.jpg 768w, https:\/\/urolaturismoa.eus\/wp-content\/uploads\/2021\/06\/Loiola-irudia-4-urolaturismoa-kultura-800x800.jpg 800w\" sizes=\"auto, (max-width: 1000px) 100vw, 1000px\" \/><\/p>\n","protected":false},"excerpt":{"rendered":"<p>En la parte central del verde valle del Urola, se encuentra uno de los complejos monumentales m\u00e1s importantes de la Provincia. A\u00fana monumentos religiosos y civiles, por ser lugar de nacimiento del insigne San Ignacio de Loyola, y noble solar de la belicosa familia o\u00f1acina a la que pertenec\u00eda. La fuerte torre medieval, se ve [&hellip;]<\/p>\n","protected":false},"author":1,"featured_media":1374,"parent":1854,"menu_order":1,"comment_status":"closed","ping_status":"closed","template":"template-gurasoa.php","meta":{"_acf_changed":false,"footnotes":""},"class_list":["post-1857","page","type-page","status-publish","has-post-thumbnail","hentry"],"acf":[],"yoast_head":"<!-- This site is optimized with the Yoast SEO plugin v26.7 - https:\/\/yoast.com\/wordpress\/plugins\/seo\/ -->\n<title>Conoce la casa natal de San Ignacio en Loyola | Urola Turismoa<\/title>\n<meta name=\"description\" content=\"La casa natal de San Ignacio de Loyola, fuerte torre medieval, se ve rodeada, por la impresionante bas\u00edlica barroca y el Santuario romano\" \/>\n<meta name=\"robots\" content=\"index, follow, max-snippet:-1, max-image-preview:large, max-video-preview:-1\" \/>\n<link rel=\"canonical\" href=\"https:\/\/urolaturismoa.eus\/es\/cultura\/loyola\/\" \/>\n<meta property=\"og:locale\" content=\"es_ES\" \/>\n<meta property=\"og:type\" content=\"article\" \/>\n<meta property=\"og:title\" content=\"Conoce la casa natal de San Ignacio en Loyola | Urola Turismoa\" \/>\n<meta property=\"og:description\" content=\"La casa natal de San Ignacio de Loyola, fuerte torre medieval, se ve rodeada, por la impresionante bas\u00edlica barroca y el Santuario romano\" \/>\n<meta property=\"og:url\" content=\"https:\/\/urolaturismoa.eus\/es\/cultura\/loyola\/\" \/>\n<meta property=\"og:site_name\" content=\"Urola Turismoa\" \/>\n<meta property=\"article:modified_time\" content=\"2021-07-07T10:59:49+00:00\" \/>\n<meta property=\"og:image\" content=\"https:\/\/urolaturismoa.eus\/wp-content\/uploads\/2021\/06\/Loiola-irudia-urolaturismoa-kultura-1024x719.jpg\" \/>\n\t<meta property=\"og:image:width\" content=\"1024\" \/>\n\t<meta property=\"og:image:height\" content=\"719\" \/>\n\t<meta property=\"og:image:type\" content=\"image\/jpeg\" \/>\n<meta name=\"twitter:card\" content=\"summary_large_image\" \/>\n<meta name=\"twitter:label1\" content=\"Tiempo de lectura\" \/>\n\t<meta name=\"twitter:data1\" content=\"2 minutos\" \/>\n<script type=\"application\/ld+json\" class=\"yoast-schema-graph\">{\"@context\":\"https:\/\/schema.org\",\"@graph\":[{\"@type\":\"WebPage\",\"@id\":\"https:\/\/urolaturismoa.eus\/es\/cultura\/loyola\/\",\"url\":\"https:\/\/urolaturismoa.eus\/es\/cultura\/loyola\/\",\"name\":\"Conoce la casa natal de San Ignacio en Loyola | Urola Turismoa\",\"isPartOf\":{\"@id\":\"https:\/\/urolaturismoa.eus\/es\/#website\"},\"primaryImageOfPage\":{\"@id\":\"https:\/\/urolaturismoa.eus\/es\/cultura\/loyola\/#primaryimage\"},\"image\":{\"@id\":\"https:\/\/urolaturismoa.eus\/es\/cultura\/loyola\/#primaryimage\"},\"thumbnailUrl\":\"https:\/\/urolaturismoa.eus\/wp-content\/uploads\/2021\/06\/Loiola-irudia-urolaturismoa-kultura.jpg\",\"datePublished\":\"2021-06-14T12:23:46+00:00\",\"dateModified\":\"2021-07-07T10:59:49+00:00\",\"description\":\"La casa natal de San Ignacio de Loyola, fuerte torre medieval, se ve rodeada, por la impresionante bas\u00edlica barroca y el Santuario romano\",\"breadcrumb\":{\"@id\":\"https:\/\/urolaturismoa.eus\/es\/cultura\/loyola\/#breadcrumb\"},\"inLanguage\":\"es\",\"potentialAction\":[{\"@type\":\"ReadAction\",\"target\":[\"https:\/\/urolaturismoa.eus\/es\/cultura\/loyola\/\"]}]},{\"@type\":\"ImageObject\",\"inLanguage\":\"es\",\"@id\":\"https:\/\/urolaturismoa.eus\/es\/cultura\/loyola\/#primaryimage\",\"url\":\"https:\/\/urolaturismoa.eus\/wp-content\/uploads\/2021\/06\/Loiola-irudia-urolaturismoa-kultura.jpg\",\"contentUrl\":\"https:\/\/urolaturismoa.eus\/wp-content\/uploads\/2021\/06\/Loiola-irudia-urolaturismoa-kultura.jpg\",\"width\":2000,\"height\":1404},{\"@type\":\"BreadcrumbList\",\"@id\":\"https:\/\/urolaturismoa.eus\/es\/cultura\/loyola\/#breadcrumb\",\"itemListElement\":[{\"@type\":\"ListItem\",\"position\":1,\"name\":\"Home\",\"item\":\"https:\/\/urolaturismoa.eus\/es\/\"},{\"@type\":\"ListItem\",\"position\":2,\"name\":\"Cultura\",\"item\":\"https:\/\/urolaturismoa.eus\/es\/cultura\/\"},{\"@type\":\"ListItem\",\"position\":3,\"name\":\"Loyola\"}]},{\"@type\":\"WebSite\",\"@id\":\"https:\/\/urolaturismoa.eus\/es\/#website\",\"url\":\"https:\/\/urolaturismoa.eus\/es\/\",\"name\":\"Urola Turismoa\",\"description\":\"Basque Country\",\"potentialAction\":[{\"@type\":\"SearchAction\",\"target\":{\"@type\":\"EntryPoint\",\"urlTemplate\":\"https:\/\/urolaturismoa.eus\/es\/?s={search_term_string}\"},\"query-input\":{\"@type\":\"PropertyValueSpecification\",\"valueRequired\":true,\"valueName\":\"search_term_string\"}}],\"inLanguage\":\"es\"}]}<\/script>\n<!-- \/ Yoast SEO plugin. -->","yoast_head_json":{"title":"Conoce la casa natal de San Ignacio en Loyola | Urola Turismoa","description":"La casa natal de San Ignacio de Loyola, fuerte torre medieval, se ve rodeada, por la impresionante bas\u00edlica barroca y el Santuario romano","robots":{"index":"index","follow":"follow","max-snippet":"max-snippet:-1","max-image-preview":"max-image-preview:large","max-video-preview":"max-video-preview:-1"},"canonical":"https:\/\/urolaturismoa.eus\/es\/cultura\/loyola\/","og_locale":"es_ES","og_type":"article","og_title":"Conoce la casa natal de San Ignacio en Loyola | Urola Turismoa","og_description":"La casa natal de San Ignacio de Loyola, fuerte torre medieval, se ve rodeada, por la impresionante bas\u00edlica barroca y el Santuario romano","og_url":"https:\/\/urolaturismoa.eus\/es\/cultura\/loyola\/","og_site_name":"Urola Turismoa","article_modified_time":"2021-07-07T10:59:49+00:00","og_image":[{"width":1024,"height":719,"url":"https:\/\/urolaturismoa.eus\/wp-content\/uploads\/2021\/06\/Loiola-irudia-urolaturismoa-kultura-1024x719.jpg","type":"image\/jpeg"}],"twitter_card":"summary_large_image","twitter_misc":{"Tiempo de lectura":"2 minutos"},"schema":{"@context":"https:\/\/schema.org","@graph":[{"@type":"WebPage","@id":"https:\/\/urolaturismoa.eus\/es\/cultura\/loyola\/","url":"https:\/\/urolaturismoa.eus\/es\/cultura\/loyola\/","name":"Conoce la casa natal de San Ignacio en Loyola | Urola Turismoa","isPartOf":{"@id":"https:\/\/urolaturismoa.eus\/es\/#website"},"primaryImageOfPage":{"@id":"https:\/\/urolaturismoa.eus\/es\/cultura\/loyola\/#primaryimage"},"image":{"@id":"https:\/\/urolaturismoa.eus\/es\/cultura\/loyola\/#primaryimage"},"thumbnailUrl":"https:\/\/urolaturismoa.eus\/wp-content\/uploads\/2021\/06\/Loiola-irudia-urolaturismoa-kultura.jpg","datePublished":"2021-06-14T12:23:46+00:00","dateModified":"2021-07-07T10:59:49+00:00","description":"La casa natal de San Ignacio de Loyola, fuerte torre medieval, se ve rodeada, por la impresionante bas\u00edlica barroca y el Santuario romano","breadcrumb":{"@id":"https:\/\/urolaturismoa.eus\/es\/cultura\/loyola\/#breadcrumb"},"inLanguage":"es","potentialAction":[{"@type":"ReadAction","target":["https:\/\/urolaturismoa.eus\/es\/cultura\/loyola\/"]}]},{"@type":"ImageObject","inLanguage":"es","@id":"https:\/\/urolaturismoa.eus\/es\/cultura\/loyola\/#primaryimage","url":"https:\/\/urolaturismoa.eus\/wp-content\/uploads\/2021\/06\/Loiola-irudia-urolaturismoa-kultura.jpg","contentUrl":"https:\/\/urolaturismoa.eus\/wp-content\/uploads\/2021\/06\/Loiola-irudia-urolaturismoa-kultura.jpg","width":2000,"height":1404},{"@type":"BreadcrumbList","@id":"https:\/\/urolaturismoa.eus\/es\/cultura\/loyola\/#breadcrumb","itemListElement":[{"@type":"ListItem","position":1,"name":"Home","item":"https:\/\/urolaturismoa.eus\/es\/"},{"@type":"ListItem","position":2,"name":"Cultura","item":"https:\/\/urolaturismoa.eus\/es\/cultura\/"},{"@type":"ListItem","position":3,"name":"Loyola"}]},{"@type":"WebSite","@id":"https:\/\/urolaturismoa.eus\/es\/#website","url":"https:\/\/urolaturismoa.eus\/es\/","name":"Urola Turismoa","description":"Basque Country","potentialAction":[{"@type":"SearchAction","target":{"@type":"EntryPoint","urlTemplate":"https:\/\/urolaturismoa.eus\/es\/?s={search_term_string}"},"query-input":{"@type":"PropertyValueSpecification","valueRequired":true,"valueName":"search_term_string"}}],"inLanguage":"es"}]}},"_links":{"self":[{"href":"https:\/\/urolaturismoa.eus\/es\/wp-json\/wp\/v2\/pages\/1857","targetHints":{"allow":["GET"]}}],"collection":[{"href":"https:\/\/urolaturismoa.eus\/es\/wp-json\/wp\/v2\/pages"}],"about":[{"href":"https:\/\/urolaturismoa.eus\/es\/wp-json\/wp\/v2\/types\/page"}],"author":[{"embeddable":true,"href":"https:\/\/urolaturismoa.eus\/es\/wp-json\/wp\/v2\/users\/1"}],"replies":[{"embeddable":true,"href":"https:\/\/urolaturismoa.eus\/es\/wp-json\/wp\/v2\/comments?post=1857"}],"version-history":[{"count":5,"href":"https:\/\/urolaturismoa.eus\/es\/wp-json\/wp\/v2\/pages\/1857\/revisions"}],"predecessor-version":[{"id":2615,"href":"https:\/\/urolaturismoa.eus\/es\/wp-json\/wp\/v2\/pages\/1857\/revisions\/2615"}],"up":[{"embeddable":true,"href":"https:\/\/urolaturismoa.eus\/es\/wp-json\/wp\/v2\/pages\/1854"}],"wp:featuredmedia":[{"embeddable":true,"href":"https:\/\/urolaturismoa.eus\/es\/wp-json\/wp\/v2\/media\/1374"}],"wp:attachment":[{"href":"https:\/\/urolaturismoa.eus\/es\/wp-json\/wp\/v2\/media?parent=1857"}],"curies":[{"name":"wp","href":"https:\/\/api.w.org\/{rel}","templated":true}]}}