{"id":1854,"date":"2021-06-14T12:21:25","date_gmt":"2021-06-14T12:21:25","guid":{"rendered":"https:\/\/urolaturismoa.eus\/kultura\/"},"modified":"2021-06-24T10:07:36","modified_gmt":"2021-06-24T10:07:36","slug":"cultura","status":"publish","type":"page","link":"https:\/\/urolaturismoa.eus\/es\/cultura\/","title":{"rendered":"Cultura"},"content":{"rendered":"<p>Si decimos que el valle del Urola es un valle de patrimonio cultural e hist\u00f3rico no nos quedamos cortos. En los acantilados de Zumaia, en las paredes de la cueva de Ekainberri, donde los primeros habitantes del valle dejaron su rastro, en el Santuario de Loyola, en honor a Ignacio de Loyola, el vasco m\u00e1s universal, o en el Museo Vasco del Ferrocarril, donde est\u00e1 reflejada la era de la industrializaci\u00f3n de principios del siglo XX, encontrar\u00e1s siempre un relato que te dejar\u00e1 asombrado.<\/p>\n","protected":false},"excerpt":{"rendered":"<p>Si decimos que el valle del Urola es un valle de patrimonio cultural e hist\u00f3rico no nos quedamos cortos. En los acantilados de Zumaia, en las paredes de la cueva de Ekainberri, donde los primeros habitantes del valle dejaron su rastro, en el Santuario de Loyola, en honor a Ignacio de Loyola, el vasco m\u00e1s [&hellip;]<\/p>\n","protected":false},"author":1,"featured_media":1371,"parent":0,"menu_order":0,"comment_status":"closed","ping_status":"closed","template":"template-gurasoa.php","meta":{"_acf_changed":false,"footnotes":""},"class_list":["post-1854","page","type-page","status-publish","has-post-thumbnail","hentry"],"acf":[],"yoast_head":"<!-- This site is optimized with the Yoast SEO plugin v27.4 - https:\/\/yoast.com\/product\/yoast-seo-wordpress\/ -->\n<title>Cultura | Urola Turismoa<\/title>\n<meta name=\"robots\" content=\"index, follow, max-snippet:-1, max-image-preview:large, max-video-preview:-1\" \/>\n<link rel=\"canonical\" href=\"https:\/\/urolaturismoa.eus\/es\/cultura\/\" \/>\n<meta property=\"og:locale\" content=\"es_ES\" \/>\n<meta property=\"og:type\" content=\"article\" \/>\n<meta property=\"og:title\" content=\"Cultura | Urola Turismoa\" \/>\n<meta property=\"og:description\" content=\"Si decimos que el valle del Urola es un valle de patrimonio cultural e hist\u00f3rico no nos quedamos cortos. En los acantilados de Zumaia, en las paredes de la cueva de Ekainberri, donde los primeros habitantes del valle dejaron su rastro, en el Santuario de Loyola, en honor a Ignacio de Loyola, el vasco m\u00e1s [&hellip;]\" \/>\n<meta property=\"og:url\" content=\"https:\/\/urolaturismoa.eus\/es\/cultura\/\" \/>\n<meta property=\"og:site_name\" content=\"Urola Turismoa\" \/>\n<meta property=\"article:modified_time\" content=\"2021-06-24T10:07:36+00:00\" \/>\n<meta property=\"og:image\" content=\"https:\/\/urolaturismoa.eus\/wp-content\/uploads\/2021\/06\/Ekainberri-irudia-urolaturismoa-kultura-1024x785.jpg\" \/>\n\t<meta property=\"og:image:width\" content=\"1024\" \/>\n\t<meta property=\"og:image:height\" content=\"785\" \/>\n\t<meta property=\"og:image:type\" content=\"image\/jpeg\" \/>\n<meta name=\"twitter:card\" content=\"summary_large_image\" \/>\n<script type=\"application\/ld+json\" class=\"yoast-schema-graph\">{\"@context\":\"https:\\\/\\\/schema.org\",\"@graph\":[{\"@type\":\"WebPage\",\"@id\":\"https:\\\/\\\/urolaturismoa.eus\\\/es\\\/cultura\\\/\",\"url\":\"https:\\\/\\\/urolaturismoa.eus\\\/es\\\/cultura\\\/\",\"name\":\"Cultura | Urola Turismoa\",\"isPartOf\":{\"@id\":\"https:\\\/\\\/urolaturismoa.eus\\\/es\\\/#website\"},\"primaryImageOfPage\":{\"@id\":\"https:\\\/\\\/urolaturismoa.eus\\\/es\\\/cultura\\\/#primaryimage\"},\"image\":{\"@id\":\"https:\\\/\\\/urolaturismoa.eus\\\/es\\\/cultura\\\/#primaryimage\"},\"thumbnailUrl\":\"https:\\\/\\\/urolaturismoa.eus\\\/wp-content\\\/uploads\\\/2021\\\/06\\\/Ekainberri-irudia-urolaturismoa-kultura.jpg\",\"datePublished\":\"2021-06-14T12:21:25+00:00\",\"dateModified\":\"2021-06-24T10:07:36+00:00\",\"breadcrumb\":{\"@id\":\"https:\\\/\\\/urolaturismoa.eus\\\/es\\\/cultura\\\/#breadcrumb\"},\"inLanguage\":\"es\",\"potentialAction\":[{\"@type\":\"ReadAction\",\"target\":[\"https:\\\/\\\/urolaturismoa.eus\\\/es\\\/cultura\\\/\"]}]},{\"@type\":\"ImageObject\",\"inLanguage\":\"es\",\"@id\":\"https:\\\/\\\/urolaturismoa.eus\\\/es\\\/cultura\\\/#primaryimage\",\"url\":\"https:\\\/\\\/urolaturismoa.eus\\\/wp-content\\\/uploads\\\/2021\\\/06\\\/Ekainberri-irudia-urolaturismoa-kultura.jpg\",\"contentUrl\":\"https:\\\/\\\/urolaturismoa.eus\\\/wp-content\\\/uploads\\\/2021\\\/06\\\/Ekainberri-irudia-urolaturismoa-kultura.jpg\",\"width\":2560,\"height\":1962,\"caption\":\"Ekainberri irudia - urolaturismoa kultura\"},{\"@type\":\"BreadcrumbList\",\"@id\":\"https:\\\/\\\/urolaturismoa.eus\\\/es\\\/cultura\\\/#breadcrumb\",\"itemListElement\":[{\"@type\":\"ListItem\",\"position\":1,\"name\":\"Home\",\"item\":\"https:\\\/\\\/urolaturismoa.eus\\\/es\\\/\"},{\"@type\":\"ListItem\",\"position\":2,\"name\":\"Cultura\"}]},{\"@type\":\"WebSite\",\"@id\":\"https:\\\/\\\/urolaturismoa.eus\\\/es\\\/#website\",\"url\":\"https:\\\/\\\/urolaturismoa.eus\\\/es\\\/\",\"name\":\"Urola Turismoa\",\"description\":\"Basque Country\",\"potentialAction\":[{\"@type\":\"SearchAction\",\"target\":{\"@type\":\"EntryPoint\",\"urlTemplate\":\"https:\\\/\\\/urolaturismoa.eus\\\/es\\\/?s={search_term_string}\"},\"query-input\":{\"@type\":\"PropertyValueSpecification\",\"valueRequired\":true,\"valueName\":\"search_term_string\"}}],\"inLanguage\":\"es\"}]}<\/script>\n<!-- \/ Yoast SEO plugin. -->","yoast_head_json":{"title":"Cultura | Urola Turismoa","robots":{"index":"index","follow":"follow","max-snippet":"max-snippet:-1","max-image-preview":"max-image-preview:large","max-video-preview":"max-video-preview:-1"},"canonical":"https:\/\/urolaturismoa.eus\/es\/cultura\/","og_locale":"es_ES","og_type":"article","og_title":"Cultura | Urola Turismoa","og_description":"Si decimos que el valle del Urola es un valle de patrimonio cultural e hist\u00f3rico no nos quedamos cortos. En los acantilados de Zumaia, en las paredes de la cueva de Ekainberri, donde los primeros habitantes del valle dejaron su rastro, en el Santuario de Loyola, en honor a Ignacio de Loyola, el vasco m\u00e1s [&hellip;]","og_url":"https:\/\/urolaturismoa.eus\/es\/cultura\/","og_site_name":"Urola Turismoa","article_modified_time":"2021-06-24T10:07:36+00:00","og_image":[{"width":1024,"height":785,"url":"https:\/\/urolaturismoa.eus\/wp-content\/uploads\/2021\/06\/Ekainberri-irudia-urolaturismoa-kultura-1024x785.jpg","type":"image\/jpeg"}],"twitter_card":"summary_large_image","schema":{"@context":"https:\/\/schema.org","@graph":[{"@type":"WebPage","@id":"https:\/\/urolaturismoa.eus\/es\/cultura\/","url":"https:\/\/urolaturismoa.eus\/es\/cultura\/","name":"Cultura | Urola Turismoa","isPartOf":{"@id":"https:\/\/urolaturismoa.eus\/es\/#website"},"primaryImageOfPage":{"@id":"https:\/\/urolaturismoa.eus\/es\/cultura\/#primaryimage"},"image":{"@id":"https:\/\/urolaturismoa.eus\/es\/cultura\/#primaryimage"},"thumbnailUrl":"https:\/\/urolaturismoa.eus\/wp-content\/uploads\/2021\/06\/Ekainberri-irudia-urolaturismoa-kultura.jpg","datePublished":"2021-06-14T12:21:25+00:00","dateModified":"2021-06-24T10:07:36+00:00","breadcrumb":{"@id":"https:\/\/urolaturismoa.eus\/es\/cultura\/#breadcrumb"},"inLanguage":"es","potentialAction":[{"@type":"ReadAction","target":["https:\/\/urolaturismoa.eus\/es\/cultura\/"]}]},{"@type":"ImageObject","inLanguage":"es","@id":"https:\/\/urolaturismoa.eus\/es\/cultura\/#primaryimage","url":"https:\/\/urolaturismoa.eus\/wp-content\/uploads\/2021\/06\/Ekainberri-irudia-urolaturismoa-kultura.jpg","contentUrl":"https:\/\/urolaturismoa.eus\/wp-content\/uploads\/2021\/06\/Ekainberri-irudia-urolaturismoa-kultura.jpg","width":2560,"height":1962,"caption":"Ekainberri irudia - urolaturismoa kultura"},{"@type":"BreadcrumbList","@id":"https:\/\/urolaturismoa.eus\/es\/cultura\/#breadcrumb","itemListElement":[{"@type":"ListItem","position":1,"name":"Home","item":"https:\/\/urolaturismoa.eus\/es\/"},{"@type":"ListItem","position":2,"name":"Cultura"}]},{"@type":"WebSite","@id":"https:\/\/urolaturismoa.eus\/es\/#website","url":"https:\/\/urolaturismoa.eus\/es\/","name":"Urola Turismoa","description":"Basque Country","potentialAction":[{"@type":"SearchAction","target":{"@type":"EntryPoint","urlTemplate":"https:\/\/urolaturismoa.eus\/es\/?s={search_term_string}"},"query-input":{"@type":"PropertyValueSpecification","valueRequired":true,"valueName":"search_term_string"}}],"inLanguage":"es"}]}},"_links":{"self":[{"href":"https:\/\/urolaturismoa.eus\/es\/wp-json\/wp\/v2\/pages\/1854","targetHints":{"allow":["GET"]}}],"collection":[{"href":"https:\/\/urolaturismoa.eus\/es\/wp-json\/wp\/v2\/pages"}],"about":[{"href":"https:\/\/urolaturismoa.eus\/es\/wp-json\/wp\/v2\/types\/page"}],"author":[{"embeddable":true,"href":"https:\/\/urolaturismoa.eus\/es\/wp-json\/wp\/v2\/users\/1"}],"replies":[{"embeddable":true,"href":"https:\/\/urolaturismoa.eus\/es\/wp-json\/wp\/v2\/comments?post=1854"}],"version-history":[{"count":2,"href":"https:\/\/urolaturismoa.eus\/es\/wp-json\/wp\/v2\/pages\/1854\/revisions"}],"predecessor-version":[{"id":1856,"href":"https:\/\/urolaturismoa.eus\/es\/wp-json\/wp\/v2\/pages\/1854\/revisions\/1856"}],"wp:featuredmedia":[{"embeddable":true,"href":"https:\/\/urolaturismoa.eus\/es\/wp-json\/wp\/v2\/media\/1371"}],"wp:attachment":[{"href":"https:\/\/urolaturismoa.eus\/es\/wp-json\/wp\/v2\/media?parent=1854"}],"curies":[{"name":"wp","href":"https:\/\/api.w.org\/{rel}","templated":true}]}}