{"id":1776,"date":"2021-06-10T12:56:51","date_gmt":"2021-06-10T12:56:51","guid":{"rendered":"https:\/\/urolaturismoa.eus\/naturaleza\/urolako-bide-berdea\/"},"modified":"2021-07-06T09:11:17","modified_gmt":"2021-07-06T09:11:17","slug":"via-verde-de-urola","status":"publish","type":"page","link":"https:\/\/urolaturismoa.eus\/es\/naturaleza\/via-verde-de-urola\/","title":{"rendered":"V\u00eda Verde de Urola"},"content":{"rendered":"<p>Se trata de un atractivo recorrido apto tanto para peatones como para ciclistas. Comienza en la ladera de Aizkorri y llega casi hasta el Cant\u00e1brico. Se inicia en el parque Mirandaola de Legazpi y a lo largo de 37,5 kil\u00f3metros se intercalan bidegorri y v\u00eda verde, realizando un recorrido con numerosos t\u00faneles y puentes. El camino llega sin interrupci\u00f3n hasta el barrio de Iraeta, en Zestoa. A partir de este punto, durante 4 kil\u00f3metros, el recorrido s\u00f3lo se puede realizar por carretera hasta el barrio de Narrondo, en Zumaia, donde est\u00e1 acondicionado de nuevo para peatones y ciclistas. Los \u00faltimos kil\u00f3metros nos acercan al antiguo muelle de carga y descarga de Zumaia donde se marca el final de este recorrido tur\u00edstico. Es un recurso excelente tanto en el plano de la movilidad como del turismo.  <\/p>\n<p><a class=\"pdf\" target=\"_blank\" href=\"https:\/\/urolaturismoa.eus\/wp-content\/uploads\/2021\/06\/VV_UROLA_EUES_2019v2_Web_1.pdf\" rel=\"noopener\">Descargar folleto<\/a><\/p>\n","protected":false},"excerpt":{"rendered":"<p>Se trata de un atractivo recorrido apto tanto para peatones como para ciclistas. Comienza en la ladera de Aizkorri y llega casi hasta el Cant\u00e1brico. Se inicia en el parque Mirandaola de Legazpi y a lo largo de 37,5 kil\u00f3metros se intercalan bidegorri y v\u00eda verde, realizando un recorrido con numerosos t\u00faneles y puentes. El [&hellip;]<\/p>\n","protected":false},"author":1,"featured_media":1064,"parent":1752,"menu_order":6,"comment_status":"closed","ping_status":"closed","template":"template-gurasoa.php","meta":{"_acf_changed":false,"footnotes":""},"class_list":["post-1776","page","type-page","status-publish","has-post-thumbnail","hentry"],"acf":[],"yoast_head":"<!-- This site is optimized with the Yoast SEO plugin v26.7 - https:\/\/yoast.com\/wordpress\/plugins\/seo\/ -->\n<title>V\u00eda Verde de Urola, en bici o a pie | Urola Turismoa<\/title>\n<meta name=\"robots\" content=\"index, follow, max-snippet:-1, max-image-preview:large, max-video-preview:-1\" \/>\n<link rel=\"canonical\" href=\"https:\/\/urolaturismoa.eus\/es\/naturaleza\/via-verde-de-urola\/\" \/>\n<meta property=\"og:locale\" content=\"es_ES\" \/>\n<meta property=\"og:type\" content=\"article\" \/>\n<meta property=\"og:title\" content=\"V\u00eda Verde de Urola, en bici o a pie | Urola Turismoa\" \/>\n<meta property=\"og:description\" content=\"Se trata de un atractivo recorrido apto tanto para peatones como para ciclistas. Comienza en la ladera de Aizkorri y llega casi hasta el Cant\u00e1brico. Se inicia en el parque Mirandaola de Legazpi y a lo largo de 37,5 kil\u00f3metros se intercalan bidegorri y v\u00eda verde, realizando un recorrido con numerosos t\u00faneles y puentes. El [&hellip;]\" \/>\n<meta property=\"og:url\" content=\"https:\/\/urolaturismoa.eus\/es\/naturaleza\/via-verde-de-urola\/\" \/>\n<meta property=\"og:site_name\" content=\"Urola Turismoa\" \/>\n<meta property=\"article:modified_time\" content=\"2021-07-06T09:11:17+00:00\" \/>\n<meta property=\"og:image\" content=\"https:\/\/urolaturismoa.eus\/wp-content\/uploads\/2021\/06\/Via-Verde-del-urola-irudia-urolaturismoa.jpg\" \/>\n\t<meta property=\"og:image:width\" content=\"2047\" \/>\n\t<meta property=\"og:image:height\" content=\"1198\" \/>\n\t<meta property=\"og:image:type\" content=\"image\/jpeg\" \/>\n<meta name=\"twitter:card\" content=\"summary_large_image\" \/>\n<meta name=\"twitter:label1\" content=\"Tiempo de lectura\" \/>\n\t<meta name=\"twitter:data1\" content=\"1 minuto\" \/>\n<script type=\"application\/ld+json\" class=\"yoast-schema-graph\">{\"@context\":\"https:\/\/schema.org\",\"@graph\":[{\"@type\":\"WebPage\",\"@id\":\"https:\/\/urolaturismoa.eus\/es\/naturaleza\/via-verde-de-urola\/\",\"url\":\"https:\/\/urolaturismoa.eus\/es\/naturaleza\/via-verde-de-urola\/\",\"name\":\"V\u00eda Verde de Urola, en bici o a pie | Urola Turismoa\",\"isPartOf\":{\"@id\":\"https:\/\/urolaturismoa.eus\/es\/#website\"},\"primaryImageOfPage\":{\"@id\":\"https:\/\/urolaturismoa.eus\/es\/naturaleza\/via-verde-de-urola\/#primaryimage\"},\"image\":{\"@id\":\"https:\/\/urolaturismoa.eus\/es\/naturaleza\/via-verde-de-urola\/#primaryimage\"},\"thumbnailUrl\":\"https:\/\/urolaturismoa.eus\/wp-content\/uploads\/2021\/06\/Via-Verde-del-urola-irudia-urolaturismoa.jpg\",\"datePublished\":\"2021-06-10T12:56:51+00:00\",\"dateModified\":\"2021-07-06T09:11:17+00:00\",\"breadcrumb\":{\"@id\":\"https:\/\/urolaturismoa.eus\/es\/naturaleza\/via-verde-de-urola\/#breadcrumb\"},\"inLanguage\":\"es\",\"potentialAction\":[{\"@type\":\"ReadAction\",\"target\":[\"https:\/\/urolaturismoa.eus\/es\/naturaleza\/via-verde-de-urola\/\"]}]},{\"@type\":\"ImageObject\",\"inLanguage\":\"es\",\"@id\":\"https:\/\/urolaturismoa.eus\/es\/naturaleza\/via-verde-de-urola\/#primaryimage\",\"url\":\"https:\/\/urolaturismoa.eus\/wp-content\/uploads\/2021\/06\/Via-Verde-del-urola-irudia-urolaturismoa.jpg\",\"contentUrl\":\"https:\/\/urolaturismoa.eus\/wp-content\/uploads\/2021\/06\/Via-Verde-del-urola-irudia-urolaturismoa.jpg\",\"width\":2047,\"height\":1198,\"caption\":\"Via Verde del urola irudia - urolaturismoa\"},{\"@type\":\"BreadcrumbList\",\"@id\":\"https:\/\/urolaturismoa.eus\/es\/naturaleza\/via-verde-de-urola\/#breadcrumb\",\"itemListElement\":[{\"@type\":\"ListItem\",\"position\":1,\"name\":\"Home\",\"item\":\"https:\/\/urolaturismoa.eus\/es\/\"},{\"@type\":\"ListItem\",\"position\":2,\"name\":\"Naturaleza\",\"item\":\"https:\/\/urolaturismoa.eus\/es\/naturaleza\/\"},{\"@type\":\"ListItem\",\"position\":3,\"name\":\"V\u00eda Verde de Urola\"}]},{\"@type\":\"WebSite\",\"@id\":\"https:\/\/urolaturismoa.eus\/es\/#website\",\"url\":\"https:\/\/urolaturismoa.eus\/es\/\",\"name\":\"Urola Turismoa\",\"description\":\"Basque Country\",\"potentialAction\":[{\"@type\":\"SearchAction\",\"target\":{\"@type\":\"EntryPoint\",\"urlTemplate\":\"https:\/\/urolaturismoa.eus\/es\/?s={search_term_string}\"},\"query-input\":{\"@type\":\"PropertyValueSpecification\",\"valueRequired\":true,\"valueName\":\"search_term_string\"}}],\"inLanguage\":\"es\"}]}<\/script>\n<!-- \/ Yoast SEO plugin. -->","yoast_head_json":{"title":"V\u00eda Verde de Urola, en bici o a pie | Urola Turismoa","robots":{"index":"index","follow":"follow","max-snippet":"max-snippet:-1","max-image-preview":"max-image-preview:large","max-video-preview":"max-video-preview:-1"},"canonical":"https:\/\/urolaturismoa.eus\/es\/naturaleza\/via-verde-de-urola\/","og_locale":"es_ES","og_type":"article","og_title":"V\u00eda Verde de Urola, en bici o a pie | Urola Turismoa","og_description":"Se trata de un atractivo recorrido apto tanto para peatones como para ciclistas. Comienza en la ladera de Aizkorri y llega casi hasta el Cant\u00e1brico. Se inicia en el parque Mirandaola de Legazpi y a lo largo de 37,5 kil\u00f3metros se intercalan bidegorri y v\u00eda verde, realizando un recorrido con numerosos t\u00faneles y puentes. El [&hellip;]","og_url":"https:\/\/urolaturismoa.eus\/es\/naturaleza\/via-verde-de-urola\/","og_site_name":"Urola Turismoa","article_modified_time":"2021-07-06T09:11:17+00:00","og_image":[{"width":2047,"height":1198,"url":"https:\/\/urolaturismoa.eus\/wp-content\/uploads\/2021\/06\/Via-Verde-del-urola-irudia-urolaturismoa.jpg","type":"image\/jpeg"}],"twitter_card":"summary_large_image","twitter_misc":{"Tiempo de lectura":"1 minuto"},"schema":{"@context":"https:\/\/schema.org","@graph":[{"@type":"WebPage","@id":"https:\/\/urolaturismoa.eus\/es\/naturaleza\/via-verde-de-urola\/","url":"https:\/\/urolaturismoa.eus\/es\/naturaleza\/via-verde-de-urola\/","name":"V\u00eda Verde de Urola, en bici o a pie | Urola Turismoa","isPartOf":{"@id":"https:\/\/urolaturismoa.eus\/es\/#website"},"primaryImageOfPage":{"@id":"https:\/\/urolaturismoa.eus\/es\/naturaleza\/via-verde-de-urola\/#primaryimage"},"image":{"@id":"https:\/\/urolaturismoa.eus\/es\/naturaleza\/via-verde-de-urola\/#primaryimage"},"thumbnailUrl":"https:\/\/urolaturismoa.eus\/wp-content\/uploads\/2021\/06\/Via-Verde-del-urola-irudia-urolaturismoa.jpg","datePublished":"2021-06-10T12:56:51+00:00","dateModified":"2021-07-06T09:11:17+00:00","breadcrumb":{"@id":"https:\/\/urolaturismoa.eus\/es\/naturaleza\/via-verde-de-urola\/#breadcrumb"},"inLanguage":"es","potentialAction":[{"@type":"ReadAction","target":["https:\/\/urolaturismoa.eus\/es\/naturaleza\/via-verde-de-urola\/"]}]},{"@type":"ImageObject","inLanguage":"es","@id":"https:\/\/urolaturismoa.eus\/es\/naturaleza\/via-verde-de-urola\/#primaryimage","url":"https:\/\/urolaturismoa.eus\/wp-content\/uploads\/2021\/06\/Via-Verde-del-urola-irudia-urolaturismoa.jpg","contentUrl":"https:\/\/urolaturismoa.eus\/wp-content\/uploads\/2021\/06\/Via-Verde-del-urola-irudia-urolaturismoa.jpg","width":2047,"height":1198,"caption":"Via Verde del urola irudia - urolaturismoa"},{"@type":"BreadcrumbList","@id":"https:\/\/urolaturismoa.eus\/es\/naturaleza\/via-verde-de-urola\/#breadcrumb","itemListElement":[{"@type":"ListItem","position":1,"name":"Home","item":"https:\/\/urolaturismoa.eus\/es\/"},{"@type":"ListItem","position":2,"name":"Naturaleza","item":"https:\/\/urolaturismoa.eus\/es\/naturaleza\/"},{"@type":"ListItem","position":3,"name":"V\u00eda Verde de Urola"}]},{"@type":"WebSite","@id":"https:\/\/urolaturismoa.eus\/es\/#website","url":"https:\/\/urolaturismoa.eus\/es\/","name":"Urola Turismoa","description":"Basque Country","potentialAction":[{"@type":"SearchAction","target":{"@type":"EntryPoint","urlTemplate":"https:\/\/urolaturismoa.eus\/es\/?s={search_term_string}"},"query-input":{"@type":"PropertyValueSpecification","valueRequired":true,"valueName":"search_term_string"}}],"inLanguage":"es"}]}},"_links":{"self":[{"href":"https:\/\/urolaturismoa.eus\/es\/wp-json\/wp\/v2\/pages\/1776","targetHints":{"allow":["GET"]}}],"collection":[{"href":"https:\/\/urolaturismoa.eus\/es\/wp-json\/wp\/v2\/pages"}],"about":[{"href":"https:\/\/urolaturismoa.eus\/es\/wp-json\/wp\/v2\/types\/page"}],"author":[{"embeddable":true,"href":"https:\/\/urolaturismoa.eus\/es\/wp-json\/wp\/v2\/users\/1"}],"replies":[{"embeddable":true,"href":"https:\/\/urolaturismoa.eus\/es\/wp-json\/wp\/v2\/comments?post=1776"}],"version-history":[{"count":3,"href":"https:\/\/urolaturismoa.eus\/es\/wp-json\/wp\/v2\/pages\/1776\/revisions"}],"predecessor-version":[{"id":1780,"href":"https:\/\/urolaturismoa.eus\/es\/wp-json\/wp\/v2\/pages\/1776\/revisions\/1780"}],"up":[{"embeddable":true,"href":"https:\/\/urolaturismoa.eus\/es\/wp-json\/wp\/v2\/pages\/1752"}],"wp:featuredmedia":[{"embeddable":true,"href":"https:\/\/urolaturismoa.eus\/es\/wp-json\/wp\/v2\/media\/1064"}],"wp:attachment":[{"href":"https:\/\/urolaturismoa.eus\/es\/wp-json\/wp\/v2\/media?parent=1776"}],"curies":[{"name":"wp","href":"https:\/\/api.w.org\/{rel}","templated":true}]}}