{"id":1770,"date":"2021-06-10T12:50:39","date_gmt":"2021-06-10T12:50:39","guid":{"rendered":"https:\/\/urolaturismoa.eus\/naturaleza\/ibarbi-sagarraren-ibilbidea\/"},"modified":"2021-07-06T09:07:51","modified_gmt":"2021-07-06T09:07:51","slug":"el-recorrido-de-la-manzana-de-ibarbi","status":"publish","type":"page","link":"https:\/\/urolaturismoa.eus\/es\/naturaleza\/el-recorrido-de-la-manzana-de-ibarbi\/","title":{"rendered":"El recorrido de la manzana de Ibarbi"},"content":{"rendered":"<p>Errezil cuenta con un producto local que le da fama como municipio, la variedad hom\u00f3nima o la manzana que en el propio Errezil conocemos como Ibarbia. Producido en los manzanos de los caser\u00edos de este valle, se trata de una variedad creada con el paso de los a\u00f1os, de gran calidad para la mesa, para comer cruda o asada. En este recorrido conoceremos los secretos de este producto tan especial.<\/p>\n<blockquote>\n<ul>\n<li>Distancia: 3,5km<\/li>\n<li>Duraci\u00f3n: 1h 15&#8242;<\/li>\n<li>Dificultad: F\u00e1cil<\/li>\n<\/ul>\n<\/blockquote>\n<p><a class=\"pdf\" target=\"_blank\" href=\"https:\/\/urolaturismoa.eus\/wp-content\/uploads\/2021\/06\/Ibarbi-Sagarraren-ibilbidea-PDF.pdf\" rel=\"noopener\">Descargar folleto<\/a><\/p>\n","protected":false},"excerpt":{"rendered":"<p>Errezil cuenta con un producto local que le da fama como municipio, la variedad hom\u00f3nima o la manzana que en el propio Errezil conocemos como Ibarbia. Producido en los manzanos de los caser\u00edos de este valle, se trata de una variedad creada con el paso de los a\u00f1os, de gran calidad para la mesa, para [&hellip;]<\/p>\n","protected":false},"author":1,"featured_media":643,"parent":1752,"menu_order":5,"comment_status":"closed","ping_status":"closed","template":"template-gurasoa.php","meta":{"_acf_changed":false,"footnotes":""},"class_list":["post-1770","page","type-page","status-publish","has-post-thumbnail","hentry"],"acf":[],"yoast_head":"<!-- This site is optimized with the Yoast SEO plugin v26.7 - https:\/\/yoast.com\/wordpress\/plugins\/seo\/ -->\n<title>El recorrido de la manzana de Ibarbi, Errezil | Urola Turismoa<\/title>\n<meta name=\"robots\" content=\"index, follow, max-snippet:-1, max-image-preview:large, max-video-preview:-1\" \/>\n<link rel=\"canonical\" href=\"https:\/\/urolaturismoa.eus\/es\/naturaleza\/el-recorrido-de-la-manzana-de-ibarbi\/\" \/>\n<meta property=\"og:locale\" content=\"es_ES\" \/>\n<meta property=\"og:type\" content=\"article\" \/>\n<meta property=\"og:title\" content=\"El recorrido de la manzana de Ibarbi, Errezil | Urola Turismoa\" \/>\n<meta property=\"og:description\" content=\"Errezil cuenta con un producto local que le da fama como municipio, la variedad hom\u00f3nima o la manzana que en el propio Errezil conocemos como Ibarbia. Producido en los manzanos de los caser\u00edos de este valle, se trata de una variedad creada con el paso de los a\u00f1os, de gran calidad para la mesa, para [&hellip;]\" \/>\n<meta property=\"og:url\" content=\"https:\/\/urolaturismoa.eus\/es\/naturaleza\/el-recorrido-de-la-manzana-de-ibarbi\/\" \/>\n<meta property=\"og:site_name\" content=\"Urola Turismoa\" \/>\n<meta property=\"article:modified_time\" content=\"2021-07-06T09:07:51+00:00\" \/>\n<meta property=\"og:image\" content=\"https:\/\/urolaturismoa.eus\/wp-content\/uploads\/2021\/06\/ibarbi-sagarraren-ibilbidea-plana-haurrekin-irudia-urolaturismoa.jpg\" \/>\n\t<meta property=\"og:image:width\" content=\"2000\" \/>\n\t<meta property=\"og:image:height\" content=\"1500\" \/>\n\t<meta property=\"og:image:type\" content=\"image\/jpeg\" \/>\n<meta name=\"twitter:card\" content=\"summary_large_image\" \/>\n<script type=\"application\/ld+json\" class=\"yoast-schema-graph\">{\"@context\":\"https:\/\/schema.org\",\"@graph\":[{\"@type\":\"WebPage\",\"@id\":\"https:\/\/urolaturismoa.eus\/es\/naturaleza\/el-recorrido-de-la-manzana-de-ibarbi\/\",\"url\":\"https:\/\/urolaturismoa.eus\/es\/naturaleza\/el-recorrido-de-la-manzana-de-ibarbi\/\",\"name\":\"El recorrido de la manzana de Ibarbi, Errezil | Urola Turismoa\",\"isPartOf\":{\"@id\":\"https:\/\/urolaturismoa.eus\/es\/#website\"},\"primaryImageOfPage\":{\"@id\":\"https:\/\/urolaturismoa.eus\/es\/naturaleza\/el-recorrido-de-la-manzana-de-ibarbi\/#primaryimage\"},\"image\":{\"@id\":\"https:\/\/urolaturismoa.eus\/es\/naturaleza\/el-recorrido-de-la-manzana-de-ibarbi\/#primaryimage\"},\"thumbnailUrl\":\"https:\/\/urolaturismoa.eus\/wp-content\/uploads\/2021\/06\/ibarbi-sagarraren-ibilbidea-plana-haurrekin-irudia-urolaturismoa.jpg\",\"datePublished\":\"2021-06-10T12:50:39+00:00\",\"dateModified\":\"2021-07-06T09:07:51+00:00\",\"breadcrumb\":{\"@id\":\"https:\/\/urolaturismoa.eus\/es\/naturaleza\/el-recorrido-de-la-manzana-de-ibarbi\/#breadcrumb\"},\"inLanguage\":\"es\",\"potentialAction\":[{\"@type\":\"ReadAction\",\"target\":[\"https:\/\/urolaturismoa.eus\/es\/naturaleza\/el-recorrido-de-la-manzana-de-ibarbi\/\"]}]},{\"@type\":\"ImageObject\",\"inLanguage\":\"es\",\"@id\":\"https:\/\/urolaturismoa.eus\/es\/naturaleza\/el-recorrido-de-la-manzana-de-ibarbi\/#primaryimage\",\"url\":\"https:\/\/urolaturismoa.eus\/wp-content\/uploads\/2021\/06\/ibarbi-sagarraren-ibilbidea-plana-haurrekin-irudia-urolaturismoa.jpg\",\"contentUrl\":\"https:\/\/urolaturismoa.eus\/wp-content\/uploads\/2021\/06\/ibarbi-sagarraren-ibilbidea-plana-haurrekin-irudia-urolaturismoa.jpg\",\"width\":2000,\"height\":1500,\"caption\":\"ibarbi sagarraren ibilbidea plana haurrekin irudia - urolaturismoa\"},{\"@type\":\"BreadcrumbList\",\"@id\":\"https:\/\/urolaturismoa.eus\/es\/naturaleza\/el-recorrido-de-la-manzana-de-ibarbi\/#breadcrumb\",\"itemListElement\":[{\"@type\":\"ListItem\",\"position\":1,\"name\":\"Home\",\"item\":\"https:\/\/urolaturismoa.eus\/es\/\"},{\"@type\":\"ListItem\",\"position\":2,\"name\":\"Naturaleza\",\"item\":\"https:\/\/urolaturismoa.eus\/es\/naturaleza\/\"},{\"@type\":\"ListItem\",\"position\":3,\"name\":\"El recorrido de la manzana de Ibarbi\"}]},{\"@type\":\"WebSite\",\"@id\":\"https:\/\/urolaturismoa.eus\/es\/#website\",\"url\":\"https:\/\/urolaturismoa.eus\/es\/\",\"name\":\"Urola Turismoa\",\"description\":\"Basque Country\",\"potentialAction\":[{\"@type\":\"SearchAction\",\"target\":{\"@type\":\"EntryPoint\",\"urlTemplate\":\"https:\/\/urolaturismoa.eus\/es\/?s={search_term_string}\"},\"query-input\":{\"@type\":\"PropertyValueSpecification\",\"valueRequired\":true,\"valueName\":\"search_term_string\"}}],\"inLanguage\":\"es\"}]}<\/script>\n<!-- \/ Yoast SEO plugin. -->","yoast_head_json":{"title":"El recorrido de la manzana de Ibarbi, Errezil | Urola Turismoa","robots":{"index":"index","follow":"follow","max-snippet":"max-snippet:-1","max-image-preview":"max-image-preview:large","max-video-preview":"max-video-preview:-1"},"canonical":"https:\/\/urolaturismoa.eus\/es\/naturaleza\/el-recorrido-de-la-manzana-de-ibarbi\/","og_locale":"es_ES","og_type":"article","og_title":"El recorrido de la manzana de Ibarbi, Errezil | Urola Turismoa","og_description":"Errezil cuenta con un producto local que le da fama como municipio, la variedad hom\u00f3nima o la manzana que en el propio Errezil conocemos como Ibarbia. Producido en los manzanos de los caser\u00edos de este valle, se trata de una variedad creada con el paso de los a\u00f1os, de gran calidad para la mesa, para [&hellip;]","og_url":"https:\/\/urolaturismoa.eus\/es\/naturaleza\/el-recorrido-de-la-manzana-de-ibarbi\/","og_site_name":"Urola Turismoa","article_modified_time":"2021-07-06T09:07:51+00:00","og_image":[{"width":2000,"height":1500,"url":"https:\/\/urolaturismoa.eus\/wp-content\/uploads\/2021\/06\/ibarbi-sagarraren-ibilbidea-plana-haurrekin-irudia-urolaturismoa.jpg","type":"image\/jpeg"}],"twitter_card":"summary_large_image","schema":{"@context":"https:\/\/schema.org","@graph":[{"@type":"WebPage","@id":"https:\/\/urolaturismoa.eus\/es\/naturaleza\/el-recorrido-de-la-manzana-de-ibarbi\/","url":"https:\/\/urolaturismoa.eus\/es\/naturaleza\/el-recorrido-de-la-manzana-de-ibarbi\/","name":"El recorrido de la manzana de Ibarbi, Errezil | Urola Turismoa","isPartOf":{"@id":"https:\/\/urolaturismoa.eus\/es\/#website"},"primaryImageOfPage":{"@id":"https:\/\/urolaturismoa.eus\/es\/naturaleza\/el-recorrido-de-la-manzana-de-ibarbi\/#primaryimage"},"image":{"@id":"https:\/\/urolaturismoa.eus\/es\/naturaleza\/el-recorrido-de-la-manzana-de-ibarbi\/#primaryimage"},"thumbnailUrl":"https:\/\/urolaturismoa.eus\/wp-content\/uploads\/2021\/06\/ibarbi-sagarraren-ibilbidea-plana-haurrekin-irudia-urolaturismoa.jpg","datePublished":"2021-06-10T12:50:39+00:00","dateModified":"2021-07-06T09:07:51+00:00","breadcrumb":{"@id":"https:\/\/urolaturismoa.eus\/es\/naturaleza\/el-recorrido-de-la-manzana-de-ibarbi\/#breadcrumb"},"inLanguage":"es","potentialAction":[{"@type":"ReadAction","target":["https:\/\/urolaturismoa.eus\/es\/naturaleza\/el-recorrido-de-la-manzana-de-ibarbi\/"]}]},{"@type":"ImageObject","inLanguage":"es","@id":"https:\/\/urolaturismoa.eus\/es\/naturaleza\/el-recorrido-de-la-manzana-de-ibarbi\/#primaryimage","url":"https:\/\/urolaturismoa.eus\/wp-content\/uploads\/2021\/06\/ibarbi-sagarraren-ibilbidea-plana-haurrekin-irudia-urolaturismoa.jpg","contentUrl":"https:\/\/urolaturismoa.eus\/wp-content\/uploads\/2021\/06\/ibarbi-sagarraren-ibilbidea-plana-haurrekin-irudia-urolaturismoa.jpg","width":2000,"height":1500,"caption":"ibarbi sagarraren ibilbidea plana haurrekin irudia - urolaturismoa"},{"@type":"BreadcrumbList","@id":"https:\/\/urolaturismoa.eus\/es\/naturaleza\/el-recorrido-de-la-manzana-de-ibarbi\/#breadcrumb","itemListElement":[{"@type":"ListItem","position":1,"name":"Home","item":"https:\/\/urolaturismoa.eus\/es\/"},{"@type":"ListItem","position":2,"name":"Naturaleza","item":"https:\/\/urolaturismoa.eus\/es\/naturaleza\/"},{"@type":"ListItem","position":3,"name":"El recorrido de la manzana de Ibarbi"}]},{"@type":"WebSite","@id":"https:\/\/urolaturismoa.eus\/es\/#website","url":"https:\/\/urolaturismoa.eus\/es\/","name":"Urola Turismoa","description":"Basque Country","potentialAction":[{"@type":"SearchAction","target":{"@type":"EntryPoint","urlTemplate":"https:\/\/urolaturismoa.eus\/es\/?s={search_term_string}"},"query-input":{"@type":"PropertyValueSpecification","valueRequired":true,"valueName":"search_term_string"}}],"inLanguage":"es"}]}},"_links":{"self":[{"href":"https:\/\/urolaturismoa.eus\/es\/wp-json\/wp\/v2\/pages\/1770","targetHints":{"allow":["GET"]}}],"collection":[{"href":"https:\/\/urolaturismoa.eus\/es\/wp-json\/wp\/v2\/pages"}],"about":[{"href":"https:\/\/urolaturismoa.eus\/es\/wp-json\/wp\/v2\/types\/page"}],"author":[{"embeddable":true,"href":"https:\/\/urolaturismoa.eus\/es\/wp-json\/wp\/v2\/users\/1"}],"replies":[{"embeddable":true,"href":"https:\/\/urolaturismoa.eus\/es\/wp-json\/wp\/v2\/comments?post=1770"}],"version-history":[{"count":3,"href":"https:\/\/urolaturismoa.eus\/es\/wp-json\/wp\/v2\/pages\/1770\/revisions"}],"predecessor-version":[{"id":1775,"href":"https:\/\/urolaturismoa.eus\/es\/wp-json\/wp\/v2\/pages\/1770\/revisions\/1775"}],"up":[{"embeddable":true,"href":"https:\/\/urolaturismoa.eus\/es\/wp-json\/wp\/v2\/pages\/1752"}],"wp:featuredmedia":[{"embeddable":true,"href":"https:\/\/urolaturismoa.eus\/es\/wp-json\/wp\/v2\/media\/643"}],"wp:attachment":[{"href":"https:\/\/urolaturismoa.eus\/es\/wp-json\/wp\/v2\/media?parent=1770"}],"curies":[{"name":"wp","href":"https:\/\/api.w.org\/{rel}","templated":true}]}}