{"id":1768,"date":"2021-06-10T12:41:27","date_gmt":"2021-06-10T12:41:27","guid":{"rendered":"https:\/\/urolaturismoa.eus\/naturaleza\/gr120-inaziotar-bidea-euskadin\/"},"modified":"2021-06-23T14:30:53","modified_gmt":"2021-06-23T14:30:53","slug":"gr-120-camino-ignaciano-en-euskadi","status":"publish","type":"page","link":"https:\/\/urolaturismoa.eus\/es\/naturaleza\/gr-120-camino-ignaciano-en-euskadi\/","title":{"rendered":"GR 120 Camino Ignaciano en Euskadi"},"content":{"rendered":"<p>El Camino Ignaciano recrea el itinerario que el caballero Ignacio de Loyola recorri\u00f3 en el a\u00f1o 1522 desde su localidad natal, Azpeitia (Gipuzkoa), hasta la ciudad catalana de Manresa. Una peregrinaci\u00f3n que comenz\u00f3 despu\u00e9s de su conversi\u00f3n espiritual en Loyola, y que tuvo como meta final la ciudad santa de Jerusal\u00e9n.<\/p>\n<p>Actualmente, el camino que se ha trazado a partir de las anotaciones personales del Santo, se inicia en la casa donde naci\u00f3 Ignacio en Loyola (Azpeitia) y nos conduce hasta la conocida como \u201cCova de San Ignacio\u201d, en Manresa (cerca del Monasterio de Montserrat, en Catalunya). Se trata de un recorrido largo y exigente, de aproximadamente 675 kil\u00f3metros, que atraviesa 5 comunidades aut\u00f3nomas, y que se puede realizar en unos 30 d\u00edas.<\/p>\n<p><a class=\"pdf\" href=\"https:\/\/urolaturismoa.eus\/wp-content\/uploads\/2021\/06\/camino_ignaciano_2017_ESEU.pdf\">Descargar folleto<\/a><\/p>\n","protected":false},"excerpt":{"rendered":"<p>El Camino Ignaciano recrea el itinerario que el caballero Ignacio de Loyola recorri\u00f3 en el a\u00f1o 1522 desde su localidad natal, Azpeitia (Gipuzkoa), hasta la ciudad catalana de Manresa. Una peregrinaci\u00f3n que comenz\u00f3 despu\u00e9s de su conversi\u00f3n espiritual en Loyola, y que tuvo como meta final la ciudad santa de Jerusal\u00e9n. Actualmente, el camino que [&hellip;]<\/p>\n","protected":false},"author":1,"featured_media":1443,"parent":1752,"menu_order":4,"comment_status":"closed","ping_status":"closed","template":"template-gurasoa.php","meta":{"_acf_changed":false,"footnotes":""},"class_list":["post-1768","page","type-page","status-publish","has-post-thumbnail","hentry"],"acf":[],"yoast_head":"<!-- This site is optimized with the Yoast SEO plugin v26.7 - https:\/\/yoast.com\/wordpress\/plugins\/seo\/ -->\n<title>GR 120 Camino Ignaciano en Euskadi | Urola Turismoa<\/title>\n<meta name=\"robots\" content=\"index, follow, max-snippet:-1, max-image-preview:large, max-video-preview:-1\" \/>\n<link rel=\"canonical\" href=\"https:\/\/urolaturismoa.eus\/es\/naturaleza\/gr-120-camino-ignaciano-en-euskadi\/\" \/>\n<meta property=\"og:locale\" content=\"es_ES\" \/>\n<meta property=\"og:type\" content=\"article\" \/>\n<meta property=\"og:title\" content=\"GR 120 Camino Ignaciano en Euskadi | Urola Turismoa\" \/>\n<meta property=\"og:description\" content=\"El Camino Ignaciano recrea el itinerario que el caballero Ignacio de Loyola recorri\u00f3 en el a\u00f1o 1522 desde su localidad natal, Azpeitia (Gipuzkoa), hasta la ciudad catalana de Manresa. Una peregrinaci\u00f3n que comenz\u00f3 despu\u00e9s de su conversi\u00f3n espiritual en Loyola, y que tuvo como meta final la ciudad santa de Jerusal\u00e9n. Actualmente, el camino que [&hellip;]\" \/>\n<meta property=\"og:url\" content=\"https:\/\/urolaturismoa.eus\/es\/naturaleza\/gr-120-camino-ignaciano-en-euskadi\/\" \/>\n<meta property=\"og:site_name\" content=\"Urola Turismoa\" \/>\n<meta property=\"article:modified_time\" content=\"2021-06-23T14:30:53+00:00\" \/>\n<meta property=\"og:image\" content=\"https:\/\/urolaturismoa.eus\/wp-content\/uploads\/2021\/06\/GR-286-inaziotar-bidea-urolaturismoa-natura-1024x768.jpg\" \/>\n\t<meta property=\"og:image:width\" content=\"1024\" \/>\n\t<meta property=\"og:image:height\" content=\"768\" \/>\n\t<meta property=\"og:image:type\" content=\"image\/jpeg\" \/>\n<meta name=\"twitter:card\" content=\"summary_large_image\" \/>\n<meta name=\"twitter:label1\" content=\"Tiempo de lectura\" \/>\n\t<meta name=\"twitter:data1\" content=\"1 minuto\" \/>\n<script type=\"application\/ld+json\" class=\"yoast-schema-graph\">{\"@context\":\"https:\/\/schema.org\",\"@graph\":[{\"@type\":\"WebPage\",\"@id\":\"https:\/\/urolaturismoa.eus\/es\/naturaleza\/gr-120-camino-ignaciano-en-euskadi\/\",\"url\":\"https:\/\/urolaturismoa.eus\/es\/naturaleza\/gr-120-camino-ignaciano-en-euskadi\/\",\"name\":\"GR 120 Camino Ignaciano en Euskadi | Urola Turismoa\",\"isPartOf\":{\"@id\":\"https:\/\/urolaturismoa.eus\/es\/#website\"},\"primaryImageOfPage\":{\"@id\":\"https:\/\/urolaturismoa.eus\/es\/naturaleza\/gr-120-camino-ignaciano-en-euskadi\/#primaryimage\"},\"image\":{\"@id\":\"https:\/\/urolaturismoa.eus\/es\/naturaleza\/gr-120-camino-ignaciano-en-euskadi\/#primaryimage\"},\"thumbnailUrl\":\"https:\/\/urolaturismoa.eus\/wp-content\/uploads\/2021\/06\/GR-286-inaziotar-bidea-urolaturismoa-natura.jpg\",\"datePublished\":\"2021-06-10T12:41:27+00:00\",\"dateModified\":\"2021-06-23T14:30:53+00:00\",\"breadcrumb\":{\"@id\":\"https:\/\/urolaturismoa.eus\/es\/naturaleza\/gr-120-camino-ignaciano-en-euskadi\/#breadcrumb\"},\"inLanguage\":\"es\",\"potentialAction\":[{\"@type\":\"ReadAction\",\"target\":[\"https:\/\/urolaturismoa.eus\/es\/naturaleza\/gr-120-camino-ignaciano-en-euskadi\/\"]}]},{\"@type\":\"ImageObject\",\"inLanguage\":\"es\",\"@id\":\"https:\/\/urolaturismoa.eus\/es\/naturaleza\/gr-120-camino-ignaciano-en-euskadi\/#primaryimage\",\"url\":\"https:\/\/urolaturismoa.eus\/wp-content\/uploads\/2021\/06\/GR-286-inaziotar-bidea-urolaturismoa-natura.jpg\",\"contentUrl\":\"https:\/\/urolaturismoa.eus\/wp-content\/uploads\/2021\/06\/GR-286-inaziotar-bidea-urolaturismoa-natura.jpg\",\"width\":1440,\"height\":1080,\"caption\":\"GR 286 inaziotar bidea - urolaturismoa natura\"},{\"@type\":\"BreadcrumbList\",\"@id\":\"https:\/\/urolaturismoa.eus\/es\/naturaleza\/gr-120-camino-ignaciano-en-euskadi\/#breadcrumb\",\"itemListElement\":[{\"@type\":\"ListItem\",\"position\":1,\"name\":\"Home\",\"item\":\"https:\/\/urolaturismoa.eus\/es\/\"},{\"@type\":\"ListItem\",\"position\":2,\"name\":\"Naturaleza\",\"item\":\"https:\/\/urolaturismoa.eus\/es\/naturaleza\/\"},{\"@type\":\"ListItem\",\"position\":3,\"name\":\"GR 120 Camino Ignaciano en Euskadi\"}]},{\"@type\":\"WebSite\",\"@id\":\"https:\/\/urolaturismoa.eus\/es\/#website\",\"url\":\"https:\/\/urolaturismoa.eus\/es\/\",\"name\":\"Urola Turismoa\",\"description\":\"Basque Country\",\"potentialAction\":[{\"@type\":\"SearchAction\",\"target\":{\"@type\":\"EntryPoint\",\"urlTemplate\":\"https:\/\/urolaturismoa.eus\/es\/?s={search_term_string}\"},\"query-input\":{\"@type\":\"PropertyValueSpecification\",\"valueRequired\":true,\"valueName\":\"search_term_string\"}}],\"inLanguage\":\"es\"}]}<\/script>\n<!-- \/ Yoast SEO plugin. -->","yoast_head_json":{"title":"GR 120 Camino Ignaciano en Euskadi | Urola Turismoa","robots":{"index":"index","follow":"follow","max-snippet":"max-snippet:-1","max-image-preview":"max-image-preview:large","max-video-preview":"max-video-preview:-1"},"canonical":"https:\/\/urolaturismoa.eus\/es\/naturaleza\/gr-120-camino-ignaciano-en-euskadi\/","og_locale":"es_ES","og_type":"article","og_title":"GR 120 Camino Ignaciano en Euskadi | Urola Turismoa","og_description":"El Camino Ignaciano recrea el itinerario que el caballero Ignacio de Loyola recorri\u00f3 en el a\u00f1o 1522 desde su localidad natal, Azpeitia (Gipuzkoa), hasta la ciudad catalana de Manresa. Una peregrinaci\u00f3n que comenz\u00f3 despu\u00e9s de su conversi\u00f3n espiritual en Loyola, y que tuvo como meta final la ciudad santa de Jerusal\u00e9n. Actualmente, el camino que [&hellip;]","og_url":"https:\/\/urolaturismoa.eus\/es\/naturaleza\/gr-120-camino-ignaciano-en-euskadi\/","og_site_name":"Urola Turismoa","article_modified_time":"2021-06-23T14:30:53+00:00","og_image":[{"width":1024,"height":768,"url":"https:\/\/urolaturismoa.eus\/wp-content\/uploads\/2021\/06\/GR-286-inaziotar-bidea-urolaturismoa-natura-1024x768.jpg","type":"image\/jpeg"}],"twitter_card":"summary_large_image","twitter_misc":{"Tiempo de lectura":"1 minuto"},"schema":{"@context":"https:\/\/schema.org","@graph":[{"@type":"WebPage","@id":"https:\/\/urolaturismoa.eus\/es\/naturaleza\/gr-120-camino-ignaciano-en-euskadi\/","url":"https:\/\/urolaturismoa.eus\/es\/naturaleza\/gr-120-camino-ignaciano-en-euskadi\/","name":"GR 120 Camino Ignaciano en Euskadi | Urola Turismoa","isPartOf":{"@id":"https:\/\/urolaturismoa.eus\/es\/#website"},"primaryImageOfPage":{"@id":"https:\/\/urolaturismoa.eus\/es\/naturaleza\/gr-120-camino-ignaciano-en-euskadi\/#primaryimage"},"image":{"@id":"https:\/\/urolaturismoa.eus\/es\/naturaleza\/gr-120-camino-ignaciano-en-euskadi\/#primaryimage"},"thumbnailUrl":"https:\/\/urolaturismoa.eus\/wp-content\/uploads\/2021\/06\/GR-286-inaziotar-bidea-urolaturismoa-natura.jpg","datePublished":"2021-06-10T12:41:27+00:00","dateModified":"2021-06-23T14:30:53+00:00","breadcrumb":{"@id":"https:\/\/urolaturismoa.eus\/es\/naturaleza\/gr-120-camino-ignaciano-en-euskadi\/#breadcrumb"},"inLanguage":"es","potentialAction":[{"@type":"ReadAction","target":["https:\/\/urolaturismoa.eus\/es\/naturaleza\/gr-120-camino-ignaciano-en-euskadi\/"]}]},{"@type":"ImageObject","inLanguage":"es","@id":"https:\/\/urolaturismoa.eus\/es\/naturaleza\/gr-120-camino-ignaciano-en-euskadi\/#primaryimage","url":"https:\/\/urolaturismoa.eus\/wp-content\/uploads\/2021\/06\/GR-286-inaziotar-bidea-urolaturismoa-natura.jpg","contentUrl":"https:\/\/urolaturismoa.eus\/wp-content\/uploads\/2021\/06\/GR-286-inaziotar-bidea-urolaturismoa-natura.jpg","width":1440,"height":1080,"caption":"GR 286 inaziotar bidea - urolaturismoa natura"},{"@type":"BreadcrumbList","@id":"https:\/\/urolaturismoa.eus\/es\/naturaleza\/gr-120-camino-ignaciano-en-euskadi\/#breadcrumb","itemListElement":[{"@type":"ListItem","position":1,"name":"Home","item":"https:\/\/urolaturismoa.eus\/es\/"},{"@type":"ListItem","position":2,"name":"Naturaleza","item":"https:\/\/urolaturismoa.eus\/es\/naturaleza\/"},{"@type":"ListItem","position":3,"name":"GR 120 Camino Ignaciano en Euskadi"}]},{"@type":"WebSite","@id":"https:\/\/urolaturismoa.eus\/es\/#website","url":"https:\/\/urolaturismoa.eus\/es\/","name":"Urola Turismoa","description":"Basque Country","potentialAction":[{"@type":"SearchAction","target":{"@type":"EntryPoint","urlTemplate":"https:\/\/urolaturismoa.eus\/es\/?s={search_term_string}"},"query-input":{"@type":"PropertyValueSpecification","valueRequired":true,"valueName":"search_term_string"}}],"inLanguage":"es"}]}},"_links":{"self":[{"href":"https:\/\/urolaturismoa.eus\/es\/wp-json\/wp\/v2\/pages\/1768","targetHints":{"allow":["GET"]}}],"collection":[{"href":"https:\/\/urolaturismoa.eus\/es\/wp-json\/wp\/v2\/pages"}],"about":[{"href":"https:\/\/urolaturismoa.eus\/es\/wp-json\/wp\/v2\/types\/page"}],"author":[{"embeddable":true,"href":"https:\/\/urolaturismoa.eus\/es\/wp-json\/wp\/v2\/users\/1"}],"replies":[{"embeddable":true,"href":"https:\/\/urolaturismoa.eus\/es\/wp-json\/wp\/v2\/comments?post=1768"}],"version-history":[{"count":2,"href":"https:\/\/urolaturismoa.eus\/es\/wp-json\/wp\/v2\/pages\/1768\/revisions"}],"predecessor-version":[{"id":1772,"href":"https:\/\/urolaturismoa.eus\/es\/wp-json\/wp\/v2\/pages\/1768\/revisions\/1772"}],"up":[{"embeddable":true,"href":"https:\/\/urolaturismoa.eus\/es\/wp-json\/wp\/v2\/pages\/1752"}],"wp:featuredmedia":[{"embeddable":true,"href":"https:\/\/urolaturismoa.eus\/es\/wp-json\/wp\/v2\/media\/1443"}],"wp:attachment":[{"href":"https:\/\/urolaturismoa.eus\/es\/wp-json\/wp\/v2\/media?parent=1768"}],"curies":[{"name":"wp","href":"https:\/\/api.w.org\/{rel}","templated":true}]}}