{"id":1763,"date":"2021-06-10T12:38:09","date_gmt":"2021-06-10T12:38:09","guid":{"rendered":"https:\/\/urolaturismoa.eus\/naturaleza\/gr-286-hiru-tenpluen-ibilbidea\/"},"modified":"2021-07-09T09:23:45","modified_gmt":"2021-07-09T09:23:45","slug":"gr-286-el-recorrido-de-los-tres-templos","status":"publish","type":"page","link":"https:\/\/urolaturismoa.eus\/es\/naturaleza\/gr-286-el-recorrido-de-los-tres-templos\/","title":{"rendered":"GR 286 el recorrido de los tres templos"},"content":{"rendered":"<p>La relaci\u00f3n con la piedra y la emoci\u00f3n que generan estas son las caracter\u00edsticas principales de este camino: las piedras del santuario de Loiola, de la ermita de la Antigua y del santuario de Arantzazu, as\u00ed como las piedras de las zonas ferromolineras de Mirandaola y Brinkola, para terminar con el bullicio de la antigua industria.<\/p>\n<p><a class=\"pdf\" target=\"_blank\" href=\"https:\/\/urolaturismoa.eus\/wp-content\/uploads\/2021\/06\/GR-286-CAS.pdf\" rel=\"noopener\">Descargar folleto<\/a><\/p>\n<p><img loading=\"lazy\" decoding=\"async\" src=\"https:\/\/urolaturismoa.eus\/wp-content\/uploads\/2021\/06\/GR-286-4.jpg\" alt=\"GR 286 4 irudia natura - urolaturismoa\" width=\"1440\" height=\"1080\" class=\"alignnone size-full wp-image-1012\" srcset=\"https:\/\/urolaturismoa.eus\/wp-content\/uploads\/2021\/06\/GR-286-4.jpg 1440w, https:\/\/urolaturismoa.eus\/wp-content\/uploads\/2021\/06\/GR-286-4-300x225.jpg 300w, https:\/\/urolaturismoa.eus\/wp-content\/uploads\/2021\/06\/GR-286-4-1024x768.jpg 1024w, https:\/\/urolaturismoa.eus\/wp-content\/uploads\/2021\/06\/GR-286-4-768x576.jpg 768w\" sizes=\"auto, (max-width: 1440px) 100vw, 1440px\" \/><\/p>\n<blockquote><p>M\u00e1s informaci\u00f3n: <a href=\"https:\/\/www.gipuzkoanatura.eus\/es\/gr\/-\/gr\/G07\/gr-286-araindarri-hiru-tenpluen-ibilbidea\" rel=\"noopener\" target=\"_blank\">www.gipuzkoanatura.eus<\/a><\/p><\/blockquote>\n","protected":false},"excerpt":{"rendered":"<p>La relaci\u00f3n con la piedra y la emoci\u00f3n que generan estas son las caracter\u00edsticas principales de este camino: las piedras del santuario de Loiola, de la ermita de la Antigua y del santuario de Arantzazu, as\u00ed como las piedras de las zonas ferromolineras de Mirandaola y Brinkola, para terminar con el bullicio de la antigua [&hellip;]<\/p>\n","protected":false},"author":1,"featured_media":1433,"parent":1752,"menu_order":3,"comment_status":"closed","ping_status":"closed","template":"template-gurasoa.php","meta":{"_acf_changed":false,"footnotes":""},"class_list":["post-1763","page","type-page","status-publish","has-post-thumbnail","hentry"],"acf":[],"yoast_head":"<!-- This site is optimized with the Yoast SEO plugin v27.4 - https:\/\/yoast.com\/product\/yoast-seo-wordpress\/ -->\n<title>GR 286 el recorrido de los tres templos | Urola Turismoa<\/title>\n<meta name=\"robots\" content=\"index, follow, max-snippet:-1, max-image-preview:large, max-video-preview:-1\" \/>\n<link rel=\"canonical\" href=\"https:\/\/urolaturismoa.eus\/es\/naturaleza\/gr-286-el-recorrido-de-los-tres-templos\/\" \/>\n<meta property=\"og:locale\" content=\"es_ES\" \/>\n<meta property=\"og:type\" content=\"article\" \/>\n<meta property=\"og:title\" content=\"GR 286 el recorrido de los tres templos | Urola Turismoa\" \/>\n<meta property=\"og:description\" content=\"La relaci\u00f3n con la piedra y la emoci\u00f3n que generan estas son las caracter\u00edsticas principales de este camino: las piedras del santuario de Loiola, de la ermita de la Antigua y del santuario de Arantzazu, as\u00ed como las piedras de las zonas ferromolineras de Mirandaola y Brinkola, para terminar con el bullicio de la antigua [&hellip;]\" \/>\n<meta property=\"og:url\" content=\"https:\/\/urolaturismoa.eus\/es\/naturaleza\/gr-286-el-recorrido-de-los-tres-templos\/\" \/>\n<meta property=\"og:site_name\" content=\"Urola Turismoa\" \/>\n<meta property=\"article:modified_time\" content=\"2021-07-09T09:23:45+00:00\" \/>\n<meta property=\"og:image\" content=\"https:\/\/urolaturismoa.eus\/wp-content\/uploads\/2021\/06\/GR-286-irudia-2-urolaturismoa.jpg\" \/>\n\t<meta property=\"og:image:width\" content=\"1440\" \/>\n\t<meta property=\"og:image:height\" content=\"1080\" \/>\n\t<meta property=\"og:image:type\" content=\"image\/jpeg\" \/>\n<meta name=\"twitter:card\" content=\"summary_large_image\" \/>\n<script type=\"application\/ld+json\" class=\"yoast-schema-graph\">{\"@context\":\"https:\\\/\\\/schema.org\",\"@graph\":[{\"@type\":\"WebPage\",\"@id\":\"https:\\\/\\\/urolaturismoa.eus\\\/es\\\/naturaleza\\\/gr-286-el-recorrido-de-los-tres-templos\\\/\",\"url\":\"https:\\\/\\\/urolaturismoa.eus\\\/es\\\/naturaleza\\\/gr-286-el-recorrido-de-los-tres-templos\\\/\",\"name\":\"GR 286 el recorrido de los tres templos | Urola Turismoa\",\"isPartOf\":{\"@id\":\"https:\\\/\\\/urolaturismoa.eus\\\/es\\\/#website\"},\"primaryImageOfPage\":{\"@id\":\"https:\\\/\\\/urolaturismoa.eus\\\/es\\\/naturaleza\\\/gr-286-el-recorrido-de-los-tres-templos\\\/#primaryimage\"},\"image\":{\"@id\":\"https:\\\/\\\/urolaturismoa.eus\\\/es\\\/naturaleza\\\/gr-286-el-recorrido-de-los-tres-templos\\\/#primaryimage\"},\"thumbnailUrl\":\"https:\\\/\\\/urolaturismoa.eus\\\/wp-content\\\/uploads\\\/2021\\\/06\\\/GR-286-irudia-2-urolaturismoa.jpg\",\"datePublished\":\"2021-06-10T12:38:09+00:00\",\"dateModified\":\"2021-07-09T09:23:45+00:00\",\"breadcrumb\":{\"@id\":\"https:\\\/\\\/urolaturismoa.eus\\\/es\\\/naturaleza\\\/gr-286-el-recorrido-de-los-tres-templos\\\/#breadcrumb\"},\"inLanguage\":\"es\",\"potentialAction\":[{\"@type\":\"ReadAction\",\"target\":[\"https:\\\/\\\/urolaturismoa.eus\\\/es\\\/naturaleza\\\/gr-286-el-recorrido-de-los-tres-templos\\\/\"]}]},{\"@type\":\"ImageObject\",\"inLanguage\":\"es\",\"@id\":\"https:\\\/\\\/urolaturismoa.eus\\\/es\\\/naturaleza\\\/gr-286-el-recorrido-de-los-tres-templos\\\/#primaryimage\",\"url\":\"https:\\\/\\\/urolaturismoa.eus\\\/wp-content\\\/uploads\\\/2021\\\/06\\\/GR-286-irudia-2-urolaturismoa.jpg\",\"contentUrl\":\"https:\\\/\\\/urolaturismoa.eus\\\/wp-content\\\/uploads\\\/2021\\\/06\\\/GR-286-irudia-2-urolaturismoa.jpg\",\"width\":1440,\"height\":1080,\"caption\":\"GR 286 irudia 2 - urolaturismoa\"},{\"@type\":\"BreadcrumbList\",\"@id\":\"https:\\\/\\\/urolaturismoa.eus\\\/es\\\/naturaleza\\\/gr-286-el-recorrido-de-los-tres-templos\\\/#breadcrumb\",\"itemListElement\":[{\"@type\":\"ListItem\",\"position\":1,\"name\":\"Home\",\"item\":\"https:\\\/\\\/urolaturismoa.eus\\\/es\\\/\"},{\"@type\":\"ListItem\",\"position\":2,\"name\":\"Naturaleza\",\"item\":\"https:\\\/\\\/urolaturismoa.eus\\\/es\\\/naturaleza\\\/\"},{\"@type\":\"ListItem\",\"position\":3,\"name\":\"GR 286 el recorrido de los tres templos\"}]},{\"@type\":\"WebSite\",\"@id\":\"https:\\\/\\\/urolaturismoa.eus\\\/es\\\/#website\",\"url\":\"https:\\\/\\\/urolaturismoa.eus\\\/es\\\/\",\"name\":\"Urola Turismoa\",\"description\":\"Basque Country\",\"potentialAction\":[{\"@type\":\"SearchAction\",\"target\":{\"@type\":\"EntryPoint\",\"urlTemplate\":\"https:\\\/\\\/urolaturismoa.eus\\\/es\\\/?s={search_term_string}\"},\"query-input\":{\"@type\":\"PropertyValueSpecification\",\"valueRequired\":true,\"valueName\":\"search_term_string\"}}],\"inLanguage\":\"es\"}]}<\/script>\n<!-- \/ Yoast SEO plugin. -->","yoast_head_json":{"title":"GR 286 el recorrido de los tres templos | Urola Turismoa","robots":{"index":"index","follow":"follow","max-snippet":"max-snippet:-1","max-image-preview":"max-image-preview:large","max-video-preview":"max-video-preview:-1"},"canonical":"https:\/\/urolaturismoa.eus\/es\/naturaleza\/gr-286-el-recorrido-de-los-tres-templos\/","og_locale":"es_ES","og_type":"article","og_title":"GR 286 el recorrido de los tres templos | Urola Turismoa","og_description":"La relaci\u00f3n con la piedra y la emoci\u00f3n que generan estas son las caracter\u00edsticas principales de este camino: las piedras del santuario de Loiola, de la ermita de la Antigua y del santuario de Arantzazu, as\u00ed como las piedras de las zonas ferromolineras de Mirandaola y Brinkola, para terminar con el bullicio de la antigua [&hellip;]","og_url":"https:\/\/urolaturismoa.eus\/es\/naturaleza\/gr-286-el-recorrido-de-los-tres-templos\/","og_site_name":"Urola Turismoa","article_modified_time":"2021-07-09T09:23:45+00:00","og_image":[{"width":1440,"height":1080,"url":"https:\/\/urolaturismoa.eus\/wp-content\/uploads\/2021\/06\/GR-286-irudia-2-urolaturismoa.jpg","type":"image\/jpeg"}],"twitter_card":"summary_large_image","schema":{"@context":"https:\/\/schema.org","@graph":[{"@type":"WebPage","@id":"https:\/\/urolaturismoa.eus\/es\/naturaleza\/gr-286-el-recorrido-de-los-tres-templos\/","url":"https:\/\/urolaturismoa.eus\/es\/naturaleza\/gr-286-el-recorrido-de-los-tres-templos\/","name":"GR 286 el recorrido de los tres templos | Urola Turismoa","isPartOf":{"@id":"https:\/\/urolaturismoa.eus\/es\/#website"},"primaryImageOfPage":{"@id":"https:\/\/urolaturismoa.eus\/es\/naturaleza\/gr-286-el-recorrido-de-los-tres-templos\/#primaryimage"},"image":{"@id":"https:\/\/urolaturismoa.eus\/es\/naturaleza\/gr-286-el-recorrido-de-los-tres-templos\/#primaryimage"},"thumbnailUrl":"https:\/\/urolaturismoa.eus\/wp-content\/uploads\/2021\/06\/GR-286-irudia-2-urolaturismoa.jpg","datePublished":"2021-06-10T12:38:09+00:00","dateModified":"2021-07-09T09:23:45+00:00","breadcrumb":{"@id":"https:\/\/urolaturismoa.eus\/es\/naturaleza\/gr-286-el-recorrido-de-los-tres-templos\/#breadcrumb"},"inLanguage":"es","potentialAction":[{"@type":"ReadAction","target":["https:\/\/urolaturismoa.eus\/es\/naturaleza\/gr-286-el-recorrido-de-los-tres-templos\/"]}]},{"@type":"ImageObject","inLanguage":"es","@id":"https:\/\/urolaturismoa.eus\/es\/naturaleza\/gr-286-el-recorrido-de-los-tres-templos\/#primaryimage","url":"https:\/\/urolaturismoa.eus\/wp-content\/uploads\/2021\/06\/GR-286-irudia-2-urolaturismoa.jpg","contentUrl":"https:\/\/urolaturismoa.eus\/wp-content\/uploads\/2021\/06\/GR-286-irudia-2-urolaturismoa.jpg","width":1440,"height":1080,"caption":"GR 286 irudia 2 - urolaturismoa"},{"@type":"BreadcrumbList","@id":"https:\/\/urolaturismoa.eus\/es\/naturaleza\/gr-286-el-recorrido-de-los-tres-templos\/#breadcrumb","itemListElement":[{"@type":"ListItem","position":1,"name":"Home","item":"https:\/\/urolaturismoa.eus\/es\/"},{"@type":"ListItem","position":2,"name":"Naturaleza","item":"https:\/\/urolaturismoa.eus\/es\/naturaleza\/"},{"@type":"ListItem","position":3,"name":"GR 286 el recorrido de los tres templos"}]},{"@type":"WebSite","@id":"https:\/\/urolaturismoa.eus\/es\/#website","url":"https:\/\/urolaturismoa.eus\/es\/","name":"Urola Turismoa","description":"Basque Country","potentialAction":[{"@type":"SearchAction","target":{"@type":"EntryPoint","urlTemplate":"https:\/\/urolaturismoa.eus\/es\/?s={search_term_string}"},"query-input":{"@type":"PropertyValueSpecification","valueRequired":true,"valueName":"search_term_string"}}],"inLanguage":"es"}]}},"_links":{"self":[{"href":"https:\/\/urolaturismoa.eus\/es\/wp-json\/wp\/v2\/pages\/1763","targetHints":{"allow":["GET"]}}],"collection":[{"href":"https:\/\/urolaturismoa.eus\/es\/wp-json\/wp\/v2\/pages"}],"about":[{"href":"https:\/\/urolaturismoa.eus\/es\/wp-json\/wp\/v2\/types\/page"}],"author":[{"embeddable":true,"href":"https:\/\/urolaturismoa.eus\/es\/wp-json\/wp\/v2\/users\/1"}],"replies":[{"embeddable":true,"href":"https:\/\/urolaturismoa.eus\/es\/wp-json\/wp\/v2\/comments?post=1763"}],"version-history":[{"count":4,"href":"https:\/\/urolaturismoa.eus\/es\/wp-json\/wp\/v2\/pages\/1763\/revisions"}],"predecessor-version":[{"id":2842,"href":"https:\/\/urolaturismoa.eus\/es\/wp-json\/wp\/v2\/pages\/1763\/revisions\/2842"}],"up":[{"embeddable":true,"href":"https:\/\/urolaturismoa.eus\/es\/wp-json\/wp\/v2\/pages\/1752"}],"wp:featuredmedia":[{"embeddable":true,"href":"https:\/\/urolaturismoa.eus\/es\/wp-json\/wp\/v2\/media\/1433"}],"wp:attachment":[{"href":"https:\/\/urolaturismoa.eus\/es\/wp-json\/wp\/v2\/media?parent=1763"}],"curies":[{"name":"wp","href":"https:\/\/api.w.org\/{rel}","templated":true}]}}