{"id":1758,"date":"2021-06-10T10:10:48","date_gmt":"2021-06-10T10:10:48","guid":{"rendered":"https:\/\/urolaturismoa.eus\/naturaleza\/hernio\/"},"modified":"2021-07-09T12:47:32","modified_gmt":"2021-07-09T12:47:32","slug":"hernio","status":"publish","type":"page","link":"https:\/\/urolaturismoa.eus\/es\/naturaleza\/hernio\/","title":{"rendered":"Hernio"},"content":{"rendered":"<p>El alto de Hernio es uno de los lugares m\u00e1s m\u00edticos y emblem\u00e1ticos de Gipuzkoa, conocido como el balc\u00f3n guipuzcoano. Est\u00e1 declarada Zona Especial de Conservaci\u00f3n e incluida en Red Natura 2000.<\/p>\n<blockquote>\n<p class=\"h4\">Subida desde la trinchera<\/p>\n<p>\nEsta vuelta de monta\u00f1a tiene una longitud de 3,4 km. El punto de inicio se sit\u00faa en el parque de la Trintxera.<\/p>\n<ul>\n<li>Dificultad: F\u00e1cil<\/li>\n<li>Distancia: 3.4km<\/li>\n<li>Desnivel: 310m<\/li>\n<\/ul>\n<\/blockquote>\n<blockquote>\n<p class=\"h4\">Subida Zelatun-Hernio<\/p>\n<p>\nEsta vuelta de monta\u00f1a tiene una longitud de 1,2 km. El punto de inicio se sit\u00faa en las bordas de Zelatun. <\/p>\n<ul>\n<li>Dificultad: Media<\/li>\n<li>Distancia: 3.2km<\/li>\n<li>Desnivel: 223m<\/li>\n<\/ul>\n<\/blockquote>\n<blockquote>\n<p class=\"h4\">Hernio-Zelatun: el lugar de encutro de las tradiciones vascas.<\/p>\n<\/blockquote>\n<p><a class=\"pdf\" target=\"_blank\" href=\"https:\/\/urolaturismoa.eus\/wp-content\/uploads\/2021\/06\/Hernio-EUS-CAS.pdf\" rel=\"noopener\">Descargar folleto<\/a><\/p>\n","protected":false},"excerpt":{"rendered":"<p>El alto de Hernio es uno de los lugares m\u00e1s m\u00edticos y emblem\u00e1ticos de Gipuzkoa, conocido como el balc\u00f3n guipuzcoano. Est\u00e1 declarada Zona Especial de Conservaci\u00f3n e incluida en Red Natura 2000. Subida desde la trinchera Esta vuelta de monta\u00f1a tiene una longitud de 3,4 km. El punto de inicio se sit\u00faa en el parque [&hellip;]<\/p>\n","protected":false},"author":1,"featured_media":1035,"parent":1752,"menu_order":2,"comment_status":"closed","ping_status":"closed","template":"template-gurasoa.php","meta":{"_acf_changed":false,"footnotes":""},"class_list":["post-1758","page","type-page","status-publish","has-post-thumbnail","hentry"],"acf":[],"yoast_head":"<!-- This site is optimized with the Yoast SEO plugin v26.7 - https:\/\/yoast.com\/wordpress\/plugins\/seo\/ -->\n<title>Hernio, el balc\u00f3n de Gipuzkoa, Pa\u00eds Vasco | Urola Turismoa<\/title>\n<meta name=\"robots\" content=\"index, follow, max-snippet:-1, max-image-preview:large, max-video-preview:-1\" \/>\n<link rel=\"canonical\" href=\"https:\/\/urolaturismoa.eus\/es\/naturaleza\/hernio\/\" \/>\n<meta property=\"og:locale\" content=\"es_ES\" \/>\n<meta property=\"og:type\" content=\"article\" \/>\n<meta property=\"og:title\" content=\"Hernio, el balc\u00f3n de Gipuzkoa, Pa\u00eds Vasco | Urola Turismoa\" \/>\n<meta property=\"og:description\" content=\"El alto de Hernio es uno de los lugares m\u00e1s m\u00edticos y emblem\u00e1ticos de Gipuzkoa, conocido como el balc\u00f3n guipuzcoano. Est\u00e1 declarada Zona Especial de Conservaci\u00f3n e incluida en Red Natura 2000. Subida desde la trinchera Esta vuelta de monta\u00f1a tiene una longitud de 3,4 km. El punto de inicio se sit\u00faa en el parque [&hellip;]\" \/>\n<meta property=\"og:url\" content=\"https:\/\/urolaturismoa.eus\/es\/naturaleza\/hernio\/\" \/>\n<meta property=\"og:site_name\" content=\"Urola Turismoa\" \/>\n<meta property=\"article:modified_time\" content=\"2021-07-09T12:47:32+00:00\" \/>\n<meta property=\"og:image\" content=\"https:\/\/urolaturismoa.eus\/wp-content\/uploads\/2021\/06\/Hernio-2-scaled.jpg\" \/>\n\t<meta property=\"og:image:width\" content=\"2560\" \/>\n\t<meta property=\"og:image:height\" content=\"1709\" \/>\n\t<meta property=\"og:image:type\" content=\"image\/jpeg\" \/>\n<meta name=\"twitter:card\" content=\"summary_large_image\" \/>\n<meta name=\"twitter:label1\" content=\"Tiempo de lectura\" \/>\n\t<meta name=\"twitter:data1\" content=\"1 minuto\" \/>\n<script type=\"application\/ld+json\" class=\"yoast-schema-graph\">{\"@context\":\"https:\/\/schema.org\",\"@graph\":[{\"@type\":\"WebPage\",\"@id\":\"https:\/\/urolaturismoa.eus\/es\/naturaleza\/hernio\/\",\"url\":\"https:\/\/urolaturismoa.eus\/es\/naturaleza\/hernio\/\",\"name\":\"Hernio, el balc\u00f3n de Gipuzkoa, Pa\u00eds Vasco | Urola Turismoa\",\"isPartOf\":{\"@id\":\"https:\/\/urolaturismoa.eus\/es\/#website\"},\"primaryImageOfPage\":{\"@id\":\"https:\/\/urolaturismoa.eus\/es\/naturaleza\/hernio\/#primaryimage\"},\"image\":{\"@id\":\"https:\/\/urolaturismoa.eus\/es\/naturaleza\/hernio\/#primaryimage\"},\"thumbnailUrl\":\"https:\/\/urolaturismoa.eus\/wp-content\/uploads\/2021\/06\/Hernio-2-scaled.jpg\",\"datePublished\":\"2021-06-10T10:10:48+00:00\",\"dateModified\":\"2021-07-09T12:47:32+00:00\",\"breadcrumb\":{\"@id\":\"https:\/\/urolaturismoa.eus\/es\/naturaleza\/hernio\/#breadcrumb\"},\"inLanguage\":\"es\",\"potentialAction\":[{\"@type\":\"ReadAction\",\"target\":[\"https:\/\/urolaturismoa.eus\/es\/naturaleza\/hernio\/\"]}]},{\"@type\":\"ImageObject\",\"inLanguage\":\"es\",\"@id\":\"https:\/\/urolaturismoa.eus\/es\/naturaleza\/hernio\/#primaryimage\",\"url\":\"https:\/\/urolaturismoa.eus\/wp-content\/uploads\/2021\/06\/Hernio-2-scaled.jpg\",\"contentUrl\":\"https:\/\/urolaturismoa.eus\/wp-content\/uploads\/2021\/06\/Hernio-2-scaled.jpg\",\"width\":2560,\"height\":1709},{\"@type\":\"BreadcrumbList\",\"@id\":\"https:\/\/urolaturismoa.eus\/es\/naturaleza\/hernio\/#breadcrumb\",\"itemListElement\":[{\"@type\":\"ListItem\",\"position\":1,\"name\":\"Home\",\"item\":\"https:\/\/urolaturismoa.eus\/es\/\"},{\"@type\":\"ListItem\",\"position\":2,\"name\":\"Naturaleza\",\"item\":\"https:\/\/urolaturismoa.eus\/es\/naturaleza\/\"},{\"@type\":\"ListItem\",\"position\":3,\"name\":\"Hernio\"}]},{\"@type\":\"WebSite\",\"@id\":\"https:\/\/urolaturismoa.eus\/es\/#website\",\"url\":\"https:\/\/urolaturismoa.eus\/es\/\",\"name\":\"Urola Turismoa\",\"description\":\"Basque Country\",\"potentialAction\":[{\"@type\":\"SearchAction\",\"target\":{\"@type\":\"EntryPoint\",\"urlTemplate\":\"https:\/\/urolaturismoa.eus\/es\/?s={search_term_string}\"},\"query-input\":{\"@type\":\"PropertyValueSpecification\",\"valueRequired\":true,\"valueName\":\"search_term_string\"}}],\"inLanguage\":\"es\"}]}<\/script>\n<!-- \/ Yoast SEO plugin. -->","yoast_head_json":{"title":"Hernio, el balc\u00f3n de Gipuzkoa, Pa\u00eds Vasco | Urola Turismoa","robots":{"index":"index","follow":"follow","max-snippet":"max-snippet:-1","max-image-preview":"max-image-preview:large","max-video-preview":"max-video-preview:-1"},"canonical":"https:\/\/urolaturismoa.eus\/es\/naturaleza\/hernio\/","og_locale":"es_ES","og_type":"article","og_title":"Hernio, el balc\u00f3n de Gipuzkoa, Pa\u00eds Vasco | Urola Turismoa","og_description":"El alto de Hernio es uno de los lugares m\u00e1s m\u00edticos y emblem\u00e1ticos de Gipuzkoa, conocido como el balc\u00f3n guipuzcoano. Est\u00e1 declarada Zona Especial de Conservaci\u00f3n e incluida en Red Natura 2000. Subida desde la trinchera Esta vuelta de monta\u00f1a tiene una longitud de 3,4 km. El punto de inicio se sit\u00faa en el parque [&hellip;]","og_url":"https:\/\/urolaturismoa.eus\/es\/naturaleza\/hernio\/","og_site_name":"Urola Turismoa","article_modified_time":"2021-07-09T12:47:32+00:00","og_image":[{"width":2560,"height":1709,"url":"https:\/\/urolaturismoa.eus\/wp-content\/uploads\/2021\/06\/Hernio-2-scaled.jpg","type":"image\/jpeg"}],"twitter_card":"summary_large_image","twitter_misc":{"Tiempo de lectura":"1 minuto"},"schema":{"@context":"https:\/\/schema.org","@graph":[{"@type":"WebPage","@id":"https:\/\/urolaturismoa.eus\/es\/naturaleza\/hernio\/","url":"https:\/\/urolaturismoa.eus\/es\/naturaleza\/hernio\/","name":"Hernio, el balc\u00f3n de Gipuzkoa, Pa\u00eds Vasco | Urola Turismoa","isPartOf":{"@id":"https:\/\/urolaturismoa.eus\/es\/#website"},"primaryImageOfPage":{"@id":"https:\/\/urolaturismoa.eus\/es\/naturaleza\/hernio\/#primaryimage"},"image":{"@id":"https:\/\/urolaturismoa.eus\/es\/naturaleza\/hernio\/#primaryimage"},"thumbnailUrl":"https:\/\/urolaturismoa.eus\/wp-content\/uploads\/2021\/06\/Hernio-2-scaled.jpg","datePublished":"2021-06-10T10:10:48+00:00","dateModified":"2021-07-09T12:47:32+00:00","breadcrumb":{"@id":"https:\/\/urolaturismoa.eus\/es\/naturaleza\/hernio\/#breadcrumb"},"inLanguage":"es","potentialAction":[{"@type":"ReadAction","target":["https:\/\/urolaturismoa.eus\/es\/naturaleza\/hernio\/"]}]},{"@type":"ImageObject","inLanguage":"es","@id":"https:\/\/urolaturismoa.eus\/es\/naturaleza\/hernio\/#primaryimage","url":"https:\/\/urolaturismoa.eus\/wp-content\/uploads\/2021\/06\/Hernio-2-scaled.jpg","contentUrl":"https:\/\/urolaturismoa.eus\/wp-content\/uploads\/2021\/06\/Hernio-2-scaled.jpg","width":2560,"height":1709},{"@type":"BreadcrumbList","@id":"https:\/\/urolaturismoa.eus\/es\/naturaleza\/hernio\/#breadcrumb","itemListElement":[{"@type":"ListItem","position":1,"name":"Home","item":"https:\/\/urolaturismoa.eus\/es\/"},{"@type":"ListItem","position":2,"name":"Naturaleza","item":"https:\/\/urolaturismoa.eus\/es\/naturaleza\/"},{"@type":"ListItem","position":3,"name":"Hernio"}]},{"@type":"WebSite","@id":"https:\/\/urolaturismoa.eus\/es\/#website","url":"https:\/\/urolaturismoa.eus\/es\/","name":"Urola Turismoa","description":"Basque Country","potentialAction":[{"@type":"SearchAction","target":{"@type":"EntryPoint","urlTemplate":"https:\/\/urolaturismoa.eus\/es\/?s={search_term_string}"},"query-input":{"@type":"PropertyValueSpecification","valueRequired":true,"valueName":"search_term_string"}}],"inLanguage":"es"}]}},"_links":{"self":[{"href":"https:\/\/urolaturismoa.eus\/es\/wp-json\/wp\/v2\/pages\/1758","targetHints":{"allow":["GET"]}}],"collection":[{"href":"https:\/\/urolaturismoa.eus\/es\/wp-json\/wp\/v2\/pages"}],"about":[{"href":"https:\/\/urolaturismoa.eus\/es\/wp-json\/wp\/v2\/types\/page"}],"author":[{"embeddable":true,"href":"https:\/\/urolaturismoa.eus\/es\/wp-json\/wp\/v2\/users\/1"}],"replies":[{"embeddable":true,"href":"https:\/\/urolaturismoa.eus\/es\/wp-json\/wp\/v2\/comments?post=1758"}],"version-history":[{"count":5,"href":"https:\/\/urolaturismoa.eus\/es\/wp-json\/wp\/v2\/pages\/1758\/revisions"}],"predecessor-version":[{"id":2892,"href":"https:\/\/urolaturismoa.eus\/es\/wp-json\/wp\/v2\/pages\/1758\/revisions\/2892"}],"up":[{"embeddable":true,"href":"https:\/\/urolaturismoa.eus\/es\/wp-json\/wp\/v2\/pages\/1752"}],"wp:featuredmedia":[{"embeddable":true,"href":"https:\/\/urolaturismoa.eus\/es\/wp-json\/wp\/v2\/media\/1035"}],"wp:attachment":[{"href":"https:\/\/urolaturismoa.eus\/es\/wp-json\/wp\/v2\/media?parent=1758"}],"curies":[{"name":"wp","href":"https:\/\/api.w.org\/{rel}","templated":true}]}}