{"id":1752,"date":"2021-05-21T12:05:34","date_gmt":"2021-05-21T12:05:34","guid":{"rendered":"https:\/\/urolaturismoa.eus\/natura\/"},"modified":"2021-07-06T08:46:14","modified_gmt":"2021-07-06T08:46:14","slug":"naturaleza","status":"publish","type":"page","link":"https:\/\/urolaturismoa.eus\/es\/naturaleza\/","title":{"rendered":"Naturaleza"},"content":{"rendered":"<p>Los bosques, prados y montes, cuyos caminos y subidas ofrecen la posibilidad de realizar diversas actividades al amparo de Izarraitz y Hernio, tanto a pie como en bicicleta, convergen en torno al r\u00edo Urola en su particular armon\u00eda. Los m\u00faltiples recursos naturales del lugar te despertar\u00e1n los cinco sentidos, como los aromas especiales de la manzana de Ibarbi o las experiencias en las cuevas de xaguzahar. Siguiendo la direcci\u00f3n del r\u00edo terminar\u00e1s el recorrido en la costa, encontr\u00e1ndote con el geoparque. <\/p>\n","protected":false},"excerpt":{"rendered":"<p>Los bosques, prados y montes, cuyos caminos y subidas ofrecen la posibilidad de realizar diversas actividades al amparo de Izarraitz y Hernio, tanto a pie como en bicicleta, convergen en torno al r\u00edo Urola en su particular armon\u00eda. Los m\u00faltiples recursos naturales del lugar te despertar\u00e1n los cinco sentidos, como los aromas especiales de la [&hellip;]<\/p>\n","protected":false},"author":1,"featured_media":1006,"parent":0,"menu_order":0,"comment_status":"closed","ping_status":"closed","template":"template-gurasoa.php","meta":{"_acf_changed":false,"footnotes":""},"class_list":["post-1752","page","type-page","status-publish","has-post-thumbnail","hentry"],"acf":[],"yoast_head":"<!-- This site is optimized with the Yoast SEO plugin v26.7 - https:\/\/yoast.com\/wordpress\/plugins\/seo\/ -->\n<title>Naturaleza, en torno al r\u00edo Urola, Izarraitz y Hernio | Urola Turismoa<\/title>\n<meta name=\"robots\" content=\"index, follow, max-snippet:-1, max-image-preview:large, max-video-preview:-1\" \/>\n<link rel=\"canonical\" href=\"https:\/\/urolaturismoa.eus\/es\/naturaleza\/\" \/>\n<meta property=\"og:locale\" content=\"es_ES\" \/>\n<meta property=\"og:type\" content=\"article\" \/>\n<meta property=\"og:title\" content=\"Naturaleza, en torno al r\u00edo Urola, Izarraitz y Hernio | Urola Turismoa\" \/>\n<meta property=\"og:description\" content=\"Los bosques, prados y montes, cuyos caminos y subidas ofrecen la posibilidad de realizar diversas actividades al amparo de Izarraitz y Hernio, tanto a pie como en bicicleta, convergen en torno al r\u00edo Urola en su particular armon\u00eda. Los m\u00faltiples recursos naturales del lugar te despertar\u00e1n los cinco sentidos, como los aromas especiales de la [&hellip;]\" \/>\n<meta property=\"og:url\" content=\"https:\/\/urolaturismoa.eus\/es\/naturaleza\/\" \/>\n<meta property=\"og:site_name\" content=\"Urola Turismoa\" \/>\n<meta property=\"article:modified_time\" content=\"2021-07-06T08:46:14+00:00\" \/>\n<meta property=\"og:image\" content=\"https:\/\/urolaturismoa.eus\/wp-content\/uploads\/2021\/06\/GR-286-3.jpg\" \/>\n\t<meta property=\"og:image:width\" content=\"1440\" \/>\n\t<meta property=\"og:image:height\" content=\"1080\" \/>\n\t<meta property=\"og:image:type\" content=\"image\/jpeg\" \/>\n<meta name=\"twitter:card\" content=\"summary_large_image\" \/>\n<script type=\"application\/ld+json\" class=\"yoast-schema-graph\">{\"@context\":\"https:\/\/schema.org\",\"@graph\":[{\"@type\":\"WebPage\",\"@id\":\"https:\/\/urolaturismoa.eus\/es\/naturaleza\/\",\"url\":\"https:\/\/urolaturismoa.eus\/es\/naturaleza\/\",\"name\":\"Naturaleza, en torno al r\u00edo Urola, Izarraitz y Hernio | Urola Turismoa\",\"isPartOf\":{\"@id\":\"https:\/\/urolaturismoa.eus\/es\/#website\"},\"primaryImageOfPage\":{\"@id\":\"https:\/\/urolaturismoa.eus\/es\/naturaleza\/#primaryimage\"},\"image\":{\"@id\":\"https:\/\/urolaturismoa.eus\/es\/naturaleza\/#primaryimage\"},\"thumbnailUrl\":\"https:\/\/urolaturismoa.eus\/wp-content\/uploads\/2021\/06\/GR-286-3.jpg\",\"datePublished\":\"2021-05-21T12:05:34+00:00\",\"dateModified\":\"2021-07-06T08:46:14+00:00\",\"breadcrumb\":{\"@id\":\"https:\/\/urolaturismoa.eus\/es\/naturaleza\/#breadcrumb\"},\"inLanguage\":\"es\",\"potentialAction\":[{\"@type\":\"ReadAction\",\"target\":[\"https:\/\/urolaturismoa.eus\/es\/naturaleza\/\"]}]},{\"@type\":\"ImageObject\",\"inLanguage\":\"es\",\"@id\":\"https:\/\/urolaturismoa.eus\/es\/naturaleza\/#primaryimage\",\"url\":\"https:\/\/urolaturismoa.eus\/wp-content\/uploads\/2021\/06\/GR-286-3.jpg\",\"contentUrl\":\"https:\/\/urolaturismoa.eus\/wp-content\/uploads\/2021\/06\/GR-286-3.jpg\",\"width\":1440,\"height\":1080,\"caption\":\"GR 286 3 - natura urolaturismoa\"},{\"@type\":\"BreadcrumbList\",\"@id\":\"https:\/\/urolaturismoa.eus\/es\/naturaleza\/#breadcrumb\",\"itemListElement\":[{\"@type\":\"ListItem\",\"position\":1,\"name\":\"Home\",\"item\":\"https:\/\/urolaturismoa.eus\/es\/\"},{\"@type\":\"ListItem\",\"position\":2,\"name\":\"Naturaleza\"}]},{\"@type\":\"WebSite\",\"@id\":\"https:\/\/urolaturismoa.eus\/es\/#website\",\"url\":\"https:\/\/urolaturismoa.eus\/es\/\",\"name\":\"Urola Turismoa\",\"description\":\"Basque Country\",\"potentialAction\":[{\"@type\":\"SearchAction\",\"target\":{\"@type\":\"EntryPoint\",\"urlTemplate\":\"https:\/\/urolaturismoa.eus\/es\/?s={search_term_string}\"},\"query-input\":{\"@type\":\"PropertyValueSpecification\",\"valueRequired\":true,\"valueName\":\"search_term_string\"}}],\"inLanguage\":\"es\"}]}<\/script>\n<!-- \/ Yoast SEO plugin. -->","yoast_head_json":{"title":"Naturaleza, en torno al r\u00edo Urola, Izarraitz y Hernio | Urola Turismoa","robots":{"index":"index","follow":"follow","max-snippet":"max-snippet:-1","max-image-preview":"max-image-preview:large","max-video-preview":"max-video-preview:-1"},"canonical":"https:\/\/urolaturismoa.eus\/es\/naturaleza\/","og_locale":"es_ES","og_type":"article","og_title":"Naturaleza, en torno al r\u00edo Urola, Izarraitz y Hernio | Urola Turismoa","og_description":"Los bosques, prados y montes, cuyos caminos y subidas ofrecen la posibilidad de realizar diversas actividades al amparo de Izarraitz y Hernio, tanto a pie como en bicicleta, convergen en torno al r\u00edo Urola en su particular armon\u00eda. Los m\u00faltiples recursos naturales del lugar te despertar\u00e1n los cinco sentidos, como los aromas especiales de la [&hellip;]","og_url":"https:\/\/urolaturismoa.eus\/es\/naturaleza\/","og_site_name":"Urola Turismoa","article_modified_time":"2021-07-06T08:46:14+00:00","og_image":[{"width":1440,"height":1080,"url":"https:\/\/urolaturismoa.eus\/wp-content\/uploads\/2021\/06\/GR-286-3.jpg","type":"image\/jpeg"}],"twitter_card":"summary_large_image","schema":{"@context":"https:\/\/schema.org","@graph":[{"@type":"WebPage","@id":"https:\/\/urolaturismoa.eus\/es\/naturaleza\/","url":"https:\/\/urolaturismoa.eus\/es\/naturaleza\/","name":"Naturaleza, en torno al r\u00edo Urola, Izarraitz y Hernio | Urola Turismoa","isPartOf":{"@id":"https:\/\/urolaturismoa.eus\/es\/#website"},"primaryImageOfPage":{"@id":"https:\/\/urolaturismoa.eus\/es\/naturaleza\/#primaryimage"},"image":{"@id":"https:\/\/urolaturismoa.eus\/es\/naturaleza\/#primaryimage"},"thumbnailUrl":"https:\/\/urolaturismoa.eus\/wp-content\/uploads\/2021\/06\/GR-286-3.jpg","datePublished":"2021-05-21T12:05:34+00:00","dateModified":"2021-07-06T08:46:14+00:00","breadcrumb":{"@id":"https:\/\/urolaturismoa.eus\/es\/naturaleza\/#breadcrumb"},"inLanguage":"es","potentialAction":[{"@type":"ReadAction","target":["https:\/\/urolaturismoa.eus\/es\/naturaleza\/"]}]},{"@type":"ImageObject","inLanguage":"es","@id":"https:\/\/urolaturismoa.eus\/es\/naturaleza\/#primaryimage","url":"https:\/\/urolaturismoa.eus\/wp-content\/uploads\/2021\/06\/GR-286-3.jpg","contentUrl":"https:\/\/urolaturismoa.eus\/wp-content\/uploads\/2021\/06\/GR-286-3.jpg","width":1440,"height":1080,"caption":"GR 286 3 - natura urolaturismoa"},{"@type":"BreadcrumbList","@id":"https:\/\/urolaturismoa.eus\/es\/naturaleza\/#breadcrumb","itemListElement":[{"@type":"ListItem","position":1,"name":"Home","item":"https:\/\/urolaturismoa.eus\/es\/"},{"@type":"ListItem","position":2,"name":"Naturaleza"}]},{"@type":"WebSite","@id":"https:\/\/urolaturismoa.eus\/es\/#website","url":"https:\/\/urolaturismoa.eus\/es\/","name":"Urola Turismoa","description":"Basque Country","potentialAction":[{"@type":"SearchAction","target":{"@type":"EntryPoint","urlTemplate":"https:\/\/urolaturismoa.eus\/es\/?s={search_term_string}"},"query-input":{"@type":"PropertyValueSpecification","valueRequired":true,"valueName":"search_term_string"}}],"inLanguage":"es"}]}},"_links":{"self":[{"href":"https:\/\/urolaturismoa.eus\/es\/wp-json\/wp\/v2\/pages\/1752","targetHints":{"allow":["GET"]}}],"collection":[{"href":"https:\/\/urolaturismoa.eus\/es\/wp-json\/wp\/v2\/pages"}],"about":[{"href":"https:\/\/urolaturismoa.eus\/es\/wp-json\/wp\/v2\/types\/page"}],"author":[{"embeddable":true,"href":"https:\/\/urolaturismoa.eus\/es\/wp-json\/wp\/v2\/users\/1"}],"replies":[{"embeddable":true,"href":"https:\/\/urolaturismoa.eus\/es\/wp-json\/wp\/v2\/comments?post=1752"}],"version-history":[{"count":3,"href":"https:\/\/urolaturismoa.eus\/es\/wp-json\/wp\/v2\/pages\/1752\/revisions"}],"predecessor-version":[{"id":2506,"href":"https:\/\/urolaturismoa.eus\/es\/wp-json\/wp\/v2\/pages\/1752\/revisions\/2506"}],"wp:featuredmedia":[{"embeddable":true,"href":"https:\/\/urolaturismoa.eus\/es\/wp-json\/wp\/v2\/media\/1006"}],"wp:attachment":[{"href":"https:\/\/urolaturismoa.eus\/es\/wp-json\/wp\/v2\/media?parent=1752"}],"curies":[{"name":"wp","href":"https:\/\/api.w.org\/{rel}","templated":true}]}}