{"id":1735,"date":"2021-06-22T14:00:45","date_gmt":"2021-06-22T14:00:45","guid":{"rendered":"https:\/\/urolaturismoa.eus\/?page_id=1735"},"modified":"2021-10-28T09:29:57","modified_gmt":"2021-10-28T09:29:57","slug":"santuario-de-loyola","status":"publish","type":"page","link":"https:\/\/urolaturismoa.eus\/es\/santuario-de-loyola\/","title":{"rendered":"Santuario de Loyola"},"content":{"rendered":"<section class=\"loiola-santutegia\" style=\"background-image: url('https:\/\/urolaturismoa.eus\/wp-content\/uploads\/2021\/06\/loiola-santutegia-bg.jpg')\">\n<h1>Santuario de Loyola<\/h1>\n<div class=\"santutegia-block\">\n<div class=\"sant-info\">\n<h2 class=\"h3\">Loyola es una de las zonas monumentales m\u00e1s importantes de Gipuzkoa<\/h2>\n<div class=\"sant-info-text\">\n<p>La casa natal de San Ignacio, conocida como la Casa Santa, se encuentra al lado de la bas\u00edlica de estilo romano, hoy Santuario. La Santa Casa y la bas\u00edlica con una espectacular c\u00fapula de 60 metros de altura son visitas imprescindibles, enmarcadas dentro del top 10 de Euskadi..<\/p>\n<\/p><\/div>\n<\/p><\/div>\n<div class=\"sant-img\"><img decoding=\"async\" src=\"https:\/\/urolaturismoa.eus\/wp-content\/uploads\/2021\/06\/loiola-kupula.jpg\"><\/div>\n<\/p><\/div>\n<div class=\"santutegia-info-block\">\n<h2>Informaci\u00f3n<\/h2>\n<div class=\"container\">\n<div class=\"santutegia-info-item\">\n<div>\n<h3>Invierno<\/h3>\n<p><strong>Bas\u00edlica:<\/strong> 10:00 &#8211; 13:30 \/ 15:30 &#8211; 18:30 &#8211; <span> GRATIS<\/span><\/p>\n<p><strong>Santa Casa:<\/strong> 10:00 &#8211; 12:30 \/ 15:30 &#8211; 18:15<\/p>\n<\/p><\/div>\n<div>\n<h3>Verano<\/h3>\n<p><strong>Bas\u00edlica:<\/strong> 10:00 &#8211; 13:30 \/ 15:30 &#8211; 19:30 &#8211; <span> GRATIS<\/span><\/p>\n<p><strong>Santa Casa:<\/strong> 10:00 &#8211; 12:30 \/ 15:30 &#8211; 18:15<\/p>\n<\/p><\/div>\n<div class=\"kont text-center\">\n<h3>Contacto<\/h3>\n<p> <a href=\"tel:943025000\"><i class=\"fa fa-phone\"><\/i> <span>943 02 50 00<\/span><\/a><\/p>\n<p> <a href=\"mailto: visitas@loyola.global\"><i class=\"fa fa-envelope\"><\/i> <span>visitas@loyola.global<\/span><\/a><\/p>\n<\/p><\/div>\n<\/p><\/div>\n<\/p><\/div>\n<\/p><\/div>\n<\/section>\n<section class=\"loiola-bailara\" style=\"background-image: url('https:\/\/urolaturismoa.eus\/wp-content\/uploads\/2021\/06\/loiola-bailara-bg.jpg')\">\n<h2>EL VALLE DE LOYOLA<\/h2>\n<div class=\"bailara-block\">\n<a href=\"https:\/\/urolaturismoa.eus\/wp-content\/uploads\/2021\/06\/mapa-loiola-es.pdf\" target=\"_blank\" class=\"deskarga-block\" rel=\"noopener\"><img decoding=\"async\" src=\"https:\/\/urolaturismoa.eus\/wp-content\/uploads\/2021\/06\/loiola-deskarga.png\" alt=\"mapa deskargatu\"><span>Descargar mapa<\/span><\/a><\/p>\n<div class=\"container\">\n<div class=\"row d-flex justify-content-center\">\n<div class=\"col-lg-10\">\n<p>El valle de Loyola re\u00fane las localidades de Azpeitia y Azkoitia, donde se proyecta la imagen de San Ignacio, en la falda del monte Izarraitz y en los laterales del r\u00edo Urola.<br \/>\nSe podr\u00e1 ver, sentir y vivir los lugares que el fundador de la Compa\u00f1\u00eda de Jes\u00fas conoci\u00f3 en su ciudad natal.\n<\/p>\n<\/div>\n<\/div>\n<\/div>\n<\/div>\n<\/section>\n<p><!--\n\n<section class=\"loiola-bailara loiola-inigo\" style=\"background-image: url('https:\/\/urolaturismoa.eus\/wp-content\/uploads\/2021\/06\/loiola-inigo-bg.jpg')\">\n\n\n<h2><span>I\u00d1IGO DE Loyola<\/span><span>su momento hist\u00f3rico y territorio<\/span> \n<span>Verano 2021<\/span><\/h2>\n\n\n\n\n<div class=\"bailara-block\">\n<a href=\"https:\/\/urolaturismoa.eus\/wp-content\/uploads\/2021\/06\/2021_verano_visitas_guiadas.pdf\" target=\"_blank\" class=\"deskarga-block\" rel=\"noopener\"><img decoding=\"async\" src=\"https:\/\/urolaturismoa.eus\/wp-content\/uploads\/2021\/06\/loiola-deskarga.png\" alt=\"mapa deskargatu\"><span>Calendario y programa de visitas pdf<\/span><\/a>\n\n\n<div class=\"container\">\n\n\n<div class=\"row d-flex justify-content-end\">\n\n\n<div class=\"col-lg-6\">\n\n\n<p class=\"left\">La sombra de Loyola se proyecta a todo el valle. A trav\u00e9s de este programa de visitas guiadas que se dise\u00f1ar\u00e1 y llevar\u00e1 a cabo bajo la batuta de un experto, este pr\u00f3ximo verano ponemos a su disposici\u00f3n la posibilidad de conocer las historias de Loyola y alrededores.<\/p>\n\n\n<\/div>\n\n\n<\/div>\n\n<\/div>\n\n\n<\/div>\n\n\n<\/section>\n\n--><\/p>\n<section class=\"loiola-santutegia loiola-lurraldea\" style=\"background-image: url('https:\/\/urolaturismoa.eus\/wp-content\/uploads\/2021\/06\/loiola-lurraldea-bg.jpg')\">\n<h2>TERRITORIO IGNACIANO<\/h2>\n<h3>La figura de San Ignacio une tres comarcas del interior de Gipuzkoa<\/h3>\n<div class=\"lurraldea-block\">\n<div class=\"container\">\n<div class=\"row d-flex justify-content-center\">\n<div class=\"col-lg-10\">\n<p>La figura de San Ignacio une tres comarcas del interior de Gipuzkoa. La Ruta de los Tres Templos (Loyola &#8211; Antiguo- Arantzazu), llevada a cabo por I\u00f1igo en su primera peregrinaci\u00f3n, une Urola Erdia, Urola Garaia y Debagoiena.<\/p>\n<\/div>\n<\/div>\n<\/div>\n<div class=\"linka-block\"><a href=\"https:\/\/urolaturismoa.eus\/es\/experiencias\/tesoros-a-un-paso\/ruta-de-los-tres-templos\/\" class=\"deskarga-block\" rel=\"noopener\"><span>Tesoros a un paso: Ruta de los Tres Templos<\/span><img decoding=\"async\" src=\"https:\/\/urolaturismoa.eus\/wp-content\/uploads\/2021\/06\/loiola-deskarga.png\" alt=\"mapa deskargatu\" style=\"transform:rotate(-90deg);\"><\/a><\/div>\n<\/div>\n<\/div>\n<div class=\"tenpluak-block\">\n<div class=\"tenpluak-item\">\n<img decoding=\"async\" src=\"https:\/\/urolaturismoa.eus\/wp-content\/uploads\/2021\/06\/loiola-tenplua.jpg\"><\/p>\n<p>Loyola<\/p>\n<\/div>\n<div class=\"tenpluak-item\">\n<img decoding=\"async\" src=\"https:\/\/urolaturismoa.eus\/wp-content\/uploads\/2021\/06\/antio-tenplua.jpg\"><\/p>\n<p>La Antigua<\/p>\n<\/div>\n<div class=\"tenpluak-item\">\n<img decoding=\"async\" src=\"https:\/\/urolaturismoa.eus\/wp-content\/uploads\/2021\/06\/arantzazu-tenplua.jpg\"><\/p>\n<p>Arantzazu<\/p>\n<\/div>\n<\/div>\n<\/section>\n<section class=\"loiola-santutegia loiola-bidea\" style=\"background-image: url('https:\/\/urolaturismoa.eus\/wp-content\/uploads\/2021\/06\/loiola-bidea-bg.jpg')\">\n<h2>Camino Ignaciano<\/h2>\n<div class=\"bidea-block\">\n<div class=\"bidea-info\">\n<p>El Camino Ignaciano te ofrece la posibilidad de realizar y vivir un viaje transformador m\u00e1s all\u00e1 del simple peregrinaje, reconectar contigo mismo y buscar un desarrollo personal completo (f\u00edsico, mental y espiritual). <\/p>\n<div class=\"linka-block\"><a href=\"https:\/\/urolaturismoa.eus\/es\/experiencias\/camino-ignaciano\/la-ruta\/\" class=\"deskarga-block\" rel=\"noopener\"><span>Camino Ignaciano: Ruta de peregrinaci\u00f3n<\/span><img decoding=\"async\" src=\"https:\/\/urolaturismoa.eus\/wp-content\/uploads\/2021\/06\/loiola-deskarga.png\" alt=\"mapa deskargatu\" style=\"transform:rotate(-90deg);\"><\/a><\/div>\n<\/div>\n<\/div>\n<\/section>\n","protected":false},"excerpt":{"rendered":"<p>Santuario de Loyola Loyola es una de las zonas monumentales m\u00e1s importantes de Gipuzkoa La casa natal de San Ignacio, conocida como la Casa Santa, se encuentra al lado de la bas\u00edlica de estilo romano, hoy Santuario. La Santa Casa y la bas\u00edlica con una espectacular c\u00fapula de 60 metros de altura son visitas imprescindibles, [&hellip;]<\/p>\n","protected":false},"author":1,"featured_media":1453,"parent":0,"menu_order":0,"comment_status":"closed","ping_status":"closed","template":"template-loiola.php","meta":{"_acf_changed":false,"footnotes":""},"class_list":["post-1735","page","type-page","status-publish","has-post-thumbnail","hentry"],"acf":[],"yoast_head":"<!-- This site is optimized with the Yoast SEO plugin v27.4 - https:\/\/yoast.com\/product\/yoast-seo-wordpress\/ -->\n<title>El entorno y la historia del Santuario de Loyola | Urola Turismoa<\/title>\n<meta name=\"description\" content=\"Loyola es una de las zonas monumentales m\u00e1s importantes de Gipuzkoa y Euskadi. En el valle de Loyola, se proyecta la imagen de San Ignacio.\" \/>\n<meta name=\"robots\" content=\"index, follow, max-snippet:-1, max-image-preview:large, max-video-preview:-1\" \/>\n<link rel=\"canonical\" href=\"https:\/\/urolaturismoa.eus\/es\/santuario-de-loyola\/\" \/>\n<meta property=\"og:locale\" content=\"es_ES\" \/>\n<meta property=\"og:type\" content=\"article\" \/>\n<meta property=\"og:title\" content=\"El entorno y la historia del Santuario de Loyola | Urola Turismoa\" \/>\n<meta property=\"og:description\" content=\"Loyola es una de las zonas monumentales m\u00e1s importantes de Gipuzkoa y Euskadi. En el valle de Loyola, se proyecta la imagen de San Ignacio.\" \/>\n<meta property=\"og:url\" content=\"https:\/\/urolaturismoa.eus\/es\/santuario-de-loyola\/\" \/>\n<meta property=\"og:site_name\" content=\"Urola Turismoa\" \/>\n<meta property=\"article:modified_time\" content=\"2021-10-28T09:29:57+00:00\" \/>\n<meta property=\"og:image\" content=\"https:\/\/urolaturismoa.eus\/wp-content\/uploads\/2021\/06\/loiolako-santutegiaren-argazkia-urolaturismoa-1024x684.jpg\" \/>\n\t<meta property=\"og:image:width\" content=\"1024\" \/>\n\t<meta property=\"og:image:height\" content=\"684\" \/>\n\t<meta property=\"og:image:type\" content=\"image\/jpeg\" \/>\n<meta name=\"twitter:card\" content=\"summary_large_image\" \/>\n<meta name=\"twitter:label1\" content=\"Tiempo de lectura\" \/>\n\t<meta name=\"twitter:data1\" content=\"1 minuto\" \/>\n<script type=\"application\/ld+json\" class=\"yoast-schema-graph\">{\"@context\":\"https:\\\/\\\/schema.org\",\"@graph\":[{\"@type\":\"WebPage\",\"@id\":\"https:\\\/\\\/urolaturismoa.eus\\\/es\\\/santuario-de-loyola\\\/\",\"url\":\"https:\\\/\\\/urolaturismoa.eus\\\/es\\\/santuario-de-loyola\\\/\",\"name\":\"El entorno y la historia del Santuario de Loyola | Urola Turismoa\",\"isPartOf\":{\"@id\":\"https:\\\/\\\/urolaturismoa.eus\\\/es\\\/#website\"},\"primaryImageOfPage\":{\"@id\":\"https:\\\/\\\/urolaturismoa.eus\\\/es\\\/santuario-de-loyola\\\/#primaryimage\"},\"image\":{\"@id\":\"https:\\\/\\\/urolaturismoa.eus\\\/es\\\/santuario-de-loyola\\\/#primaryimage\"},\"thumbnailUrl\":\"https:\\\/\\\/urolaturismoa.eus\\\/wp-content\\\/uploads\\\/2021\\\/06\\\/loiolako-santutegiaren-argazkia-urolaturismoa.jpg\",\"datePublished\":\"2021-06-22T14:00:45+00:00\",\"dateModified\":\"2021-10-28T09:29:57+00:00\",\"description\":\"Loyola es una de las zonas monumentales m\u00e1s importantes de Gipuzkoa y Euskadi. En el valle de Loyola, se proyecta la imagen de San Ignacio.\",\"breadcrumb\":{\"@id\":\"https:\\\/\\\/urolaturismoa.eus\\\/es\\\/santuario-de-loyola\\\/#breadcrumb\"},\"inLanguage\":\"es\",\"potentialAction\":[{\"@type\":\"ReadAction\",\"target\":[\"https:\\\/\\\/urolaturismoa.eus\\\/es\\\/santuario-de-loyola\\\/\"]}]},{\"@type\":\"ImageObject\",\"inLanguage\":\"es\",\"@id\":\"https:\\\/\\\/urolaturismoa.eus\\\/es\\\/santuario-de-loyola\\\/#primaryimage\",\"url\":\"https:\\\/\\\/urolaturismoa.eus\\\/wp-content\\\/uploads\\\/2021\\\/06\\\/loiolako-santutegiaren-argazkia-urolaturismoa.jpg\",\"contentUrl\":\"https:\\\/\\\/urolaturismoa.eus\\\/wp-content\\\/uploads\\\/2021\\\/06\\\/loiolako-santutegiaren-argazkia-urolaturismoa.jpg\",\"width\":2000,\"height\":1335,\"caption\":\"loiolako santutegiaren argazkia - urolaturismoa\"},{\"@type\":\"BreadcrumbList\",\"@id\":\"https:\\\/\\\/urolaturismoa.eus\\\/es\\\/santuario-de-loyola\\\/#breadcrumb\",\"itemListElement\":[{\"@type\":\"ListItem\",\"position\":1,\"name\":\"Home\",\"item\":\"https:\\\/\\\/urolaturismoa.eus\\\/es\\\/\"},{\"@type\":\"ListItem\",\"position\":2,\"name\":\"Santuario de Loyola\"}]},{\"@type\":\"WebSite\",\"@id\":\"https:\\\/\\\/urolaturismoa.eus\\\/es\\\/#website\",\"url\":\"https:\\\/\\\/urolaturismoa.eus\\\/es\\\/\",\"name\":\"Urola Turismoa\",\"description\":\"Basque Country\",\"potentialAction\":[{\"@type\":\"SearchAction\",\"target\":{\"@type\":\"EntryPoint\",\"urlTemplate\":\"https:\\\/\\\/urolaturismoa.eus\\\/es\\\/?s={search_term_string}\"},\"query-input\":{\"@type\":\"PropertyValueSpecification\",\"valueRequired\":true,\"valueName\":\"search_term_string\"}}],\"inLanguage\":\"es\"}]}<\/script>\n<!-- \/ Yoast SEO plugin. -->","yoast_head_json":{"title":"El entorno y la historia del Santuario de Loyola | Urola Turismoa","description":"Loyola es una de las zonas monumentales m\u00e1s importantes de Gipuzkoa y Euskadi. En el valle de Loyola, se proyecta la imagen de San Ignacio.","robots":{"index":"index","follow":"follow","max-snippet":"max-snippet:-1","max-image-preview":"max-image-preview:large","max-video-preview":"max-video-preview:-1"},"canonical":"https:\/\/urolaturismoa.eus\/es\/santuario-de-loyola\/","og_locale":"es_ES","og_type":"article","og_title":"El entorno y la historia del Santuario de Loyola | Urola Turismoa","og_description":"Loyola es una de las zonas monumentales m\u00e1s importantes de Gipuzkoa y Euskadi. En el valle de Loyola, se proyecta la imagen de San Ignacio.","og_url":"https:\/\/urolaturismoa.eus\/es\/santuario-de-loyola\/","og_site_name":"Urola Turismoa","article_modified_time":"2021-10-28T09:29:57+00:00","og_image":[{"width":1024,"height":684,"url":"https:\/\/urolaturismoa.eus\/wp-content\/uploads\/2021\/06\/loiolako-santutegiaren-argazkia-urolaturismoa-1024x684.jpg","type":"image\/jpeg"}],"twitter_card":"summary_large_image","twitter_misc":{"Tiempo de lectura":"1 minuto"},"schema":{"@context":"https:\/\/schema.org","@graph":[{"@type":"WebPage","@id":"https:\/\/urolaturismoa.eus\/es\/santuario-de-loyola\/","url":"https:\/\/urolaturismoa.eus\/es\/santuario-de-loyola\/","name":"El entorno y la historia del Santuario de Loyola | Urola Turismoa","isPartOf":{"@id":"https:\/\/urolaturismoa.eus\/es\/#website"},"primaryImageOfPage":{"@id":"https:\/\/urolaturismoa.eus\/es\/santuario-de-loyola\/#primaryimage"},"image":{"@id":"https:\/\/urolaturismoa.eus\/es\/santuario-de-loyola\/#primaryimage"},"thumbnailUrl":"https:\/\/urolaturismoa.eus\/wp-content\/uploads\/2021\/06\/loiolako-santutegiaren-argazkia-urolaturismoa.jpg","datePublished":"2021-06-22T14:00:45+00:00","dateModified":"2021-10-28T09:29:57+00:00","description":"Loyola es una de las zonas monumentales m\u00e1s importantes de Gipuzkoa y Euskadi. En el valle de Loyola, se proyecta la imagen de San Ignacio.","breadcrumb":{"@id":"https:\/\/urolaturismoa.eus\/es\/santuario-de-loyola\/#breadcrumb"},"inLanguage":"es","potentialAction":[{"@type":"ReadAction","target":["https:\/\/urolaturismoa.eus\/es\/santuario-de-loyola\/"]}]},{"@type":"ImageObject","inLanguage":"es","@id":"https:\/\/urolaturismoa.eus\/es\/santuario-de-loyola\/#primaryimage","url":"https:\/\/urolaturismoa.eus\/wp-content\/uploads\/2021\/06\/loiolako-santutegiaren-argazkia-urolaturismoa.jpg","contentUrl":"https:\/\/urolaturismoa.eus\/wp-content\/uploads\/2021\/06\/loiolako-santutegiaren-argazkia-urolaturismoa.jpg","width":2000,"height":1335,"caption":"loiolako santutegiaren argazkia - urolaturismoa"},{"@type":"BreadcrumbList","@id":"https:\/\/urolaturismoa.eus\/es\/santuario-de-loyola\/#breadcrumb","itemListElement":[{"@type":"ListItem","position":1,"name":"Home","item":"https:\/\/urolaturismoa.eus\/es\/"},{"@type":"ListItem","position":2,"name":"Santuario de Loyola"}]},{"@type":"WebSite","@id":"https:\/\/urolaturismoa.eus\/es\/#website","url":"https:\/\/urolaturismoa.eus\/es\/","name":"Urola Turismoa","description":"Basque Country","potentialAction":[{"@type":"SearchAction","target":{"@type":"EntryPoint","urlTemplate":"https:\/\/urolaturismoa.eus\/es\/?s={search_term_string}"},"query-input":{"@type":"PropertyValueSpecification","valueRequired":true,"valueName":"search_term_string"}}],"inLanguage":"es"}]}},"_links":{"self":[{"href":"https:\/\/urolaturismoa.eus\/es\/wp-json\/wp\/v2\/pages\/1735","targetHints":{"allow":["GET"]}}],"collection":[{"href":"https:\/\/urolaturismoa.eus\/es\/wp-json\/wp\/v2\/pages"}],"about":[{"href":"https:\/\/urolaturismoa.eus\/es\/wp-json\/wp\/v2\/types\/page"}],"author":[{"embeddable":true,"href":"https:\/\/urolaturismoa.eus\/es\/wp-json\/wp\/v2\/users\/1"}],"replies":[{"embeddable":true,"href":"https:\/\/urolaturismoa.eus\/es\/wp-json\/wp\/v2\/comments?post=1735"}],"version-history":[{"count":18,"href":"https:\/\/urolaturismoa.eus\/es\/wp-json\/wp\/v2\/pages\/1735\/revisions"}],"predecessor-version":[{"id":3385,"href":"https:\/\/urolaturismoa.eus\/es\/wp-json\/wp\/v2\/pages\/1735\/revisions\/3385"}],"wp:featuredmedia":[{"embeddable":true,"href":"https:\/\/urolaturismoa.eus\/es\/wp-json\/wp\/v2\/media\/1453"}],"wp:attachment":[{"href":"https:\/\/urolaturismoa.eus\/es\/wp-json\/wp\/v2\/media?parent=1735"}],"curies":[{"name":"wp","href":"https:\/\/api.w.org\/{rel}","templated":true}]}}