{"id":1594,"date":"2021-05-21T10:10:47","date_gmt":"2021-05-21T10:10:47","guid":{"rendered":"https:\/\/urolaturismoa.eus\/ezagutu-urola-bailara\/"},"modified":"2021-06-22T10:14:13","modified_gmt":"2021-06-22T10:14:13","slug":"conoce-el-valle-del-urola","status":"publish","type":"page","link":"https:\/\/urolaturismoa.eus\/es\/conoce-el-valle-del-urola\/","title":{"rendered":"Conoce el Valle del Urola"},"content":{"rendered":"<p>Situado a un paso de las tres capitales vascas, est\u00e1 rodeado de naturaleza, cultura y es el pulm\u00f3n del euskera. Los 7 municipios que la componen guardan muchas sorpresas para los viajeros.<br \/>\nTambi\u00e9n es el lugar de nacimiento de San Ignacio, siendo el Santuario de Loyola uno de los tesoros m\u00e1s preciados que podemos encontrar en \u00e9l.<br \/>\nSum\u00e9rgente en este valle euskaldun y descubre todos sus rincones.<\/p>\n","protected":false},"excerpt":{"rendered":"<p>Situado a un paso de las tres capitales vascas, est\u00e1 rodeado de naturaleza, cultura y es el pulm\u00f3n del euskera. Los 7 municipios que la componen guardan muchas sorpresas para los viajeros. Tambi\u00e9n es el lugar de nacimiento de San Ignacio, siendo el Santuario de Loyola uno de los tesoros m\u00e1s preciados que podemos encontrar [&hellip;]<\/p>\n","protected":false},"author":1,"featured_media":1499,"parent":0,"menu_order":0,"comment_status":"closed","ping_status":"closed","template":"template-herriak.php","meta":{"_acf_changed":false,"footnotes":""},"class_list":["post-1594","page","type-page","status-publish","has-post-thumbnail","hentry"],"acf":[],"yoast_head":"<!-- This site is optimized with the Yoast SEO plugin v26.7 - https:\/\/yoast.com\/wordpress\/plugins\/seo\/ -->\n<title>Conoce el Valle del Urola | Urola Turismoa<\/title>\n<meta name=\"robots\" content=\"index, follow, max-snippet:-1, max-image-preview:large, max-video-preview:-1\" \/>\n<link rel=\"canonical\" href=\"https:\/\/urolaturismoa.eus\/es\/conoce-el-valle-del-urola\/\" \/>\n<meta property=\"og:locale\" content=\"es_ES\" \/>\n<meta property=\"og:type\" content=\"article\" \/>\n<meta property=\"og:title\" content=\"Conoce el Valle del Urola | Urola Turismoa\" \/>\n<meta property=\"og:description\" content=\"Situado a un paso de las tres capitales vascas, est\u00e1 rodeado de naturaleza, cultura y es el pulm\u00f3n del euskera. Los 7 municipios que la componen guardan muchas sorpresas para los viajeros. Tambi\u00e9n es el lugar de nacimiento de San Ignacio, siendo el Santuario de Loyola uno de los tesoros m\u00e1s preciados que podemos encontrar [&hellip;]\" \/>\n<meta property=\"og:url\" content=\"https:\/\/urolaturismoa.eus\/es\/conoce-el-valle-del-urola\/\" \/>\n<meta property=\"og:site_name\" content=\"Urola Turismoa\" \/>\n<meta property=\"article:modified_time\" content=\"2021-06-22T10:14:13+00:00\" \/>\n<meta property=\"og:image\" content=\"https:\/\/urolaturismoa.eus\/wp-content\/uploads\/2021\/06\/mapa-nagusia-1.jpg\" \/>\n\t<meta property=\"og:image:width\" content=\"1857\" \/>\n\t<meta property=\"og:image:height\" content=\"858\" \/>\n\t<meta property=\"og:image:type\" content=\"image\/jpeg\" \/>\n<meta name=\"twitter:card\" content=\"summary_large_image\" \/>\n<meta name=\"twitter:label1\" content=\"Tiempo de lectura\" \/>\n\t<meta name=\"twitter:data1\" content=\"1 minuto\" \/>\n<script type=\"application\/ld+json\" class=\"yoast-schema-graph\">{\"@context\":\"https:\/\/schema.org\",\"@graph\":[{\"@type\":\"WebPage\",\"@id\":\"https:\/\/urolaturismoa.eus\/es\/conoce-el-valle-del-urola\/\",\"url\":\"https:\/\/urolaturismoa.eus\/es\/conoce-el-valle-del-urola\/\",\"name\":\"Conoce el Valle del Urola | Urola Turismoa\",\"isPartOf\":{\"@id\":\"https:\/\/urolaturismoa.eus\/es\/#website\"},\"primaryImageOfPage\":{\"@id\":\"https:\/\/urolaturismoa.eus\/es\/conoce-el-valle-del-urola\/#primaryimage\"},\"image\":{\"@id\":\"https:\/\/urolaturismoa.eus\/es\/conoce-el-valle-del-urola\/#primaryimage\"},\"thumbnailUrl\":\"https:\/\/urolaturismoa.eus\/wp-content\/uploads\/2021\/06\/mapa-nagusia-1.jpg\",\"datePublished\":\"2021-05-21T10:10:47+00:00\",\"dateModified\":\"2021-06-22T10:14:13+00:00\",\"breadcrumb\":{\"@id\":\"https:\/\/urolaturismoa.eus\/es\/conoce-el-valle-del-urola\/#breadcrumb\"},\"inLanguage\":\"es\",\"potentialAction\":[{\"@type\":\"ReadAction\",\"target\":[\"https:\/\/urolaturismoa.eus\/es\/conoce-el-valle-del-urola\/\"]}]},{\"@type\":\"ImageObject\",\"inLanguage\":\"es\",\"@id\":\"https:\/\/urolaturismoa.eus\/es\/conoce-el-valle-del-urola\/#primaryimage\",\"url\":\"https:\/\/urolaturismoa.eus\/wp-content\/uploads\/2021\/06\/mapa-nagusia-1.jpg\",\"contentUrl\":\"https:\/\/urolaturismoa.eus\/wp-content\/uploads\/2021\/06\/mapa-nagusia-1.jpg\",\"width\":1857,\"height\":858,\"caption\":\"urola bailaren kokapenaren mapa - urolaturismoa\"},{\"@type\":\"BreadcrumbList\",\"@id\":\"https:\/\/urolaturismoa.eus\/es\/conoce-el-valle-del-urola\/#breadcrumb\",\"itemListElement\":[{\"@type\":\"ListItem\",\"position\":1,\"name\":\"Home\",\"item\":\"https:\/\/urolaturismoa.eus\/es\/\"},{\"@type\":\"ListItem\",\"position\":2,\"name\":\"Conoce el Valle del Urola\"}]},{\"@type\":\"WebSite\",\"@id\":\"https:\/\/urolaturismoa.eus\/es\/#website\",\"url\":\"https:\/\/urolaturismoa.eus\/es\/\",\"name\":\"Urola Turismoa\",\"description\":\"Basque Country\",\"potentialAction\":[{\"@type\":\"SearchAction\",\"target\":{\"@type\":\"EntryPoint\",\"urlTemplate\":\"https:\/\/urolaturismoa.eus\/es\/?s={search_term_string}\"},\"query-input\":{\"@type\":\"PropertyValueSpecification\",\"valueRequired\":true,\"valueName\":\"search_term_string\"}}],\"inLanguage\":\"es\"}]}<\/script>\n<!-- \/ Yoast SEO plugin. -->","yoast_head_json":{"title":"Conoce el Valle del Urola | Urola Turismoa","robots":{"index":"index","follow":"follow","max-snippet":"max-snippet:-1","max-image-preview":"max-image-preview:large","max-video-preview":"max-video-preview:-1"},"canonical":"https:\/\/urolaturismoa.eus\/es\/conoce-el-valle-del-urola\/","og_locale":"es_ES","og_type":"article","og_title":"Conoce el Valle del Urola | Urola Turismoa","og_description":"Situado a un paso de las tres capitales vascas, est\u00e1 rodeado de naturaleza, cultura y es el pulm\u00f3n del euskera. Los 7 municipios que la componen guardan muchas sorpresas para los viajeros. Tambi\u00e9n es el lugar de nacimiento de San Ignacio, siendo el Santuario de Loyola uno de los tesoros m\u00e1s preciados que podemos encontrar [&hellip;]","og_url":"https:\/\/urolaturismoa.eus\/es\/conoce-el-valle-del-urola\/","og_site_name":"Urola Turismoa","article_modified_time":"2021-06-22T10:14:13+00:00","og_image":[{"width":1857,"height":858,"url":"https:\/\/urolaturismoa.eus\/wp-content\/uploads\/2021\/06\/mapa-nagusia-1.jpg","type":"image\/jpeg"}],"twitter_card":"summary_large_image","twitter_misc":{"Tiempo de lectura":"1 minuto"},"schema":{"@context":"https:\/\/schema.org","@graph":[{"@type":"WebPage","@id":"https:\/\/urolaturismoa.eus\/es\/conoce-el-valle-del-urola\/","url":"https:\/\/urolaturismoa.eus\/es\/conoce-el-valle-del-urola\/","name":"Conoce el Valle del Urola | Urola Turismoa","isPartOf":{"@id":"https:\/\/urolaturismoa.eus\/es\/#website"},"primaryImageOfPage":{"@id":"https:\/\/urolaturismoa.eus\/es\/conoce-el-valle-del-urola\/#primaryimage"},"image":{"@id":"https:\/\/urolaturismoa.eus\/es\/conoce-el-valle-del-urola\/#primaryimage"},"thumbnailUrl":"https:\/\/urolaturismoa.eus\/wp-content\/uploads\/2021\/06\/mapa-nagusia-1.jpg","datePublished":"2021-05-21T10:10:47+00:00","dateModified":"2021-06-22T10:14:13+00:00","breadcrumb":{"@id":"https:\/\/urolaturismoa.eus\/es\/conoce-el-valle-del-urola\/#breadcrumb"},"inLanguage":"es","potentialAction":[{"@type":"ReadAction","target":["https:\/\/urolaturismoa.eus\/es\/conoce-el-valle-del-urola\/"]}]},{"@type":"ImageObject","inLanguage":"es","@id":"https:\/\/urolaturismoa.eus\/es\/conoce-el-valle-del-urola\/#primaryimage","url":"https:\/\/urolaturismoa.eus\/wp-content\/uploads\/2021\/06\/mapa-nagusia-1.jpg","contentUrl":"https:\/\/urolaturismoa.eus\/wp-content\/uploads\/2021\/06\/mapa-nagusia-1.jpg","width":1857,"height":858,"caption":"urola bailaren kokapenaren mapa - urolaturismoa"},{"@type":"BreadcrumbList","@id":"https:\/\/urolaturismoa.eus\/es\/conoce-el-valle-del-urola\/#breadcrumb","itemListElement":[{"@type":"ListItem","position":1,"name":"Home","item":"https:\/\/urolaturismoa.eus\/es\/"},{"@type":"ListItem","position":2,"name":"Conoce el Valle del Urola"}]},{"@type":"WebSite","@id":"https:\/\/urolaturismoa.eus\/es\/#website","url":"https:\/\/urolaturismoa.eus\/es\/","name":"Urola Turismoa","description":"Basque Country","potentialAction":[{"@type":"SearchAction","target":{"@type":"EntryPoint","urlTemplate":"https:\/\/urolaturismoa.eus\/es\/?s={search_term_string}"},"query-input":{"@type":"PropertyValueSpecification","valueRequired":true,"valueName":"search_term_string"}}],"inLanguage":"es"}]}},"_links":{"self":[{"href":"https:\/\/urolaturismoa.eus\/es\/wp-json\/wp\/v2\/pages\/1594","targetHints":{"allow":["GET"]}}],"collection":[{"href":"https:\/\/urolaturismoa.eus\/es\/wp-json\/wp\/v2\/pages"}],"about":[{"href":"https:\/\/urolaturismoa.eus\/es\/wp-json\/wp\/v2\/types\/page"}],"author":[{"embeddable":true,"href":"https:\/\/urolaturismoa.eus\/es\/wp-json\/wp\/v2\/users\/1"}],"replies":[{"embeddable":true,"href":"https:\/\/urolaturismoa.eus\/es\/wp-json\/wp\/v2\/comments?post=1594"}],"version-history":[{"count":2,"href":"https:\/\/urolaturismoa.eus\/es\/wp-json\/wp\/v2\/pages\/1594\/revisions"}],"predecessor-version":[{"id":1596,"href":"https:\/\/urolaturismoa.eus\/es\/wp-json\/wp\/v2\/pages\/1594\/revisions\/1596"}],"wp:featuredmedia":[{"embeddable":true,"href":"https:\/\/urolaturismoa.eus\/es\/wp-json\/wp\/v2\/media\/1499"}],"wp:attachment":[{"href":"https:\/\/urolaturismoa.eus\/es\/wp-json\/wp\/v2\/media?parent=1594"}],"curies":[{"name":"wp","href":"https:\/\/api.w.org\/{rel}","templated":true}]}}